{"id":10315,"date":"2016-10-05T15:08:49","date_gmt":"2016-10-05T15:08:49","guid":{"rendered":"https:\/\/www.siedlungen.eu\/?page_id=10315"},"modified":"2020-12-25T04:33:47","modified_gmt":"2020-12-25T03:33:47","slug":"vereinbarungen-und-programme","status":"publish","type":"page","link":"http:\/\/sdg21.eu\/en\/vereinbarungen-und-programme","title":{"rendered":"Agreements and programmes"},"content":{"rendered":"<table style=\"border-collapse: collapse;\" cellspacing=\"0\" cellpadding=\"2\">\n<tbody>\n<tr>\n<td style=\"width: 100%;\"><\/td>\n<\/tr>\n<\/tbody>\n<\/table>\n<table class=\"Text\" style=\"width: 99.8082%;\" cellspacing=\"0\" cellpadding=\"2\">\n<tbody>\n<tr valign=\"TOP\">\n<td style=\"width: 77.5047%;\"><strong>Title \/ Topic<\/strong><\/td>\n<td style=\"width: 10.0189%;\">\n<div align=\"center\"><strong>Booth<\/strong><\/div>\n<\/td>\n<td style=\"width: 12.4764%;\">\n<div align=\"center\"><strong>Scope<\/strong><\/div>\n<\/td>\n<\/tr>\n<tr>\n<td style=\"width: 77.5047%;\">By a large majority, the city council has instructed the administration to increase the use of wooden building materials in new municipal buildings such as schools and day-care centres. Complete wooden buildings are to be erected wherever possible.<\/p>\n<p>The joint motion initiated by the Greens, the CDU, the Greens, the FDP and the Gut group (<a href=\"https:\/\/ratsinformation.stadt-koeln.de\/getfile.asp?id=725502&amp;type=do&amp;\" target=\"_blank\" rel=\"noopener noreferrer\">https:\/\/ratsinformation.stadt-koeln.de\/getfile.asp?id=725502&amp;type=do&amp;<\/a>) was unanimously approved by the Council on 9\/7\/2019.<\/td>\n<td style=\"width: 10.0189%;\">\n<div style=\"text-align: right;\" align=\"right\">7.2019<\/div>\n<\/td>\n<td style=\"width: 12.4764%;\">\n<div align=\"right\">2 S.<\/div>\n<\/td>\n<\/tr>\n<tr align=\"LEFT\" valign=\"TOP\">\n<td style=\"width: 77.5047%;\">\"Housing in timber construction - Planning and construction of new ecological timber housing estates\".<br \/>\n<a href=\"https:\/\/www.ris-muenchen.de\/RII\/RII\/ris_vorlagen_detail.jsp?risid=5662600\" target=\"_blank\" rel=\"noopener noreferrer\">www.ris-muenchen.de\/RII\/RII\/ris_vorlagen_detail.jsp?risid=5662600<\/a><\/td>\n<td style=\"width: 10.0189%;\" align=\"LEFT\">\n<div style=\"text-align: right;\" align=\"right\">9.2019<\/div>\n<\/td>\n<td style=\"width: 12.4764%;\">\n<div align=\"right\"><\/div>\n<\/td>\n<\/tr>\n<tr align=\"LEFT\" valign=\"TOP\">\n<td style=\"width: 77.5047%;\">Ecological quality agreement of the city of Hamm<br \/>\n<a href=\"https:\/\/www.hamm.de\/bauportal\/\" target=\"_blank\" rel=\"noopener noreferrer\">www.hamm.de\/bauportal<\/a><br \/>\n(Source: City of Hamm. Valid since 2000)<\/td>\n<td style=\"width: 10.0189%;\" align=\"LEFT\">\n<div align=\"right\">2005<\/div>\n<\/td>\n<td style=\"width: 12.4764%;\">\n<div align=\"right\">3 S.<\/div>\n<\/td>\n<\/tr>\n<tr align=\"LEFT\" valign=\"TOP\">\n<td style=\"width: 77.5047%;\">Ecological quality requirements of the city of Hamm<\/td>\n<td style=\"width: 10.0189%;\" align=\"LEFT\">\n<div align=\"right\">2005<\/div>\n<\/td>\n<td style=\"width: 12.4764%;\">\n<div align=\"right\">2 S.<\/div>\n<\/td>\n<\/tr>\n<tr align=\"LEFT\" valign=\"TOP\">\n<td style=\"width: 77.5047%;\">Explanations of the city of Hamm<\/td>\n<td style=\"width: 10.0189%;\" align=\"LEFT\">\n<div align=\"right\">2005<\/div>\n<\/td>\n<td style=\"width: 12.4764%;\">\n<div align=\"right\">9 S.<\/div>\n<\/td>\n<\/tr>\n<tr>\n<td style=\"width: 77.5047%;\">Guideline for the support programme \"Resource-saving building and housing in Schleswig-Holstein\" Joint decree of the Ministries for Women, Youth, Housing and Urban Development, for the Environment, Nature and Forests and for Finance and Energy.<\/td>\n<td style=\"width: 10.0189%;\">\n<div align=\"right\">1997<\/div>\n<\/td>\n<td style=\"width: 12.4764%;\">\n<div align=\"right\">3 S.<\/div>\n<\/td>\n<\/tr>\n<\/tbody>\n<\/table>\n<p>&nbsp;<\/p>","protected":false},"excerpt":{"rendered":"<p>Titel \/ Thema Stand Umfang Der Stadtrat hat mit gro\u00dfer Mehrheit die Verwaltung beauftragt, bei st\u00e4dtischen Neubauten wie Schulen und Kindertagesst\u00e4tten in verst\u00e4rktem Ma\u00dfe Holzbaustoffe einzusetzen. Es sollen m\u00f6glichst komplette Holzh\u00e4user errichtet werden. Der von den Gr\u00fcnen initiierte gemeinsame Antrag von CDU, Gr\u00fcnen, FDP und der Gruppe Gut (https:\/\/ratsinformation.stadt-koeln.de\/getfile.asp?id=725502&amp;type=do&amp;) wurde am 9.7.2019 einstimmig vom Rat [&hellip;]<\/p>\n","protected":false},"author":1,"featured_media":0,"parent":0,"menu_order":0,"comment_status":"closed","ping_status":"closed","template":"","meta":{"footnotes":""},"categories":[],"class_list":{"0":"post-10315","1":"page","2":"type-page","3":"status-publish","5":"gallery-content-unit","6":"czr-hentry"},"aioseo_notices":[],"_links":{"self":[{"href":"http:\/\/sdg21.eu\/en\/wp-json\/wp\/v2\/pages\/10315","targetHints":{"allow":["GET"]}}],"collection":[{"href":"http:\/\/sdg21.eu\/en\/wp-json\/wp\/v2\/pages"}],"about":[{"href":"http:\/\/sdg21.eu\/en\/wp-json\/wp\/v2\/types\/page"}],"author":[{"embeddable":true,"href":"http:\/\/sdg21.eu\/en\/wp-json\/wp\/v2\/users\/1"}],"replies":[{"embeddable":true,"href":"http:\/\/sdg21.eu\/en\/wp-json\/wp\/v2\/comments?post=10315"}],"version-history":[{"count":0,"href":"http:\/\/sdg21.eu\/en\/wp-json\/wp\/v2\/pages\/10315\/revisions"}],"wp:attachment":[{"href":"http:\/\/sdg21.eu\/en\/wp-json\/wp\/v2\/media?parent=10315"}],"wp:term":[{"taxonomy":"category","embeddable":true,"href":"http:\/\/sdg21.eu\/en\/wp-json\/wp\/v2\/categories?post=10315"}],"curies":[{"name":"wp","href":"https:\/\/api.w.org\/{rel}","templated":true}]}}