{"id":11722,"date":"2016-11-01T17:42:55","date_gmt":"2016-11-01T17:42:55","guid":{"rendered":"https:\/\/www.siedlungen.eu\/?page_id=11722"},"modified":"2021-01-18T07:58:18","modified_gmt":"2021-01-18T06:58:18","slug":"404-fehler-meldung","status":"publish","type":"page","link":"http:\/\/sdg21.eu\/en\/404-fehler-meldung","title":{"rendered":"Error message 404"},"content":{"rendered":"<h2 class=\"Siedlungstitel\">The requested page does not exist or no longer exists<\/h2>\n<p><span class=\"Text\" style=\"color: #ff0000;\">Error 404: <\/span><span class=\"Text\">Unfortunately, the URL (Internet address) you entered is invalid. Either it has a new address, new name, has been deleted, or never existed.<\/span><\/p>\n<p>The portal www.oekosiedlungen.de has been running as a database-based \"WordPress\" version since August 2016 and will in future be accessible via the domain <a href=\"http:\/\/sdg21.eu\/\">www.sdg21.eu<\/a> accessible. As far as possible, redirections to the newly created web pages were set up. However, with such a large web project with well over 2,000 html pages, it cannot be ensured that all project pages have been recorded.<\/p>\n<h2 class=\"Text\">Remediation options:<\/h2>\n<ul>\n<li class=\"Text\">Orientate yourself via the navigation<\/li>\n<li class=\"Text\">Navigate via the <a href=\"http:\/\/sdg21.eu\/deutschland\">Germany<\/a>- or <a href=\"http:\/\/sdg21.eu\/europa\">Europe map<\/a><\/li>\n<li class=\"Text\">Use one of the <a href=\"http:\/\/sdg21.eu\/domains-und-subdomains\">Subdomains<\/a><\/li>\n<li class=\"Text\">Use the <a href=\"https:\/\/siedlungen.eu\/schlagwoerter-wolke\">Tags-clouds<\/a> or the <a href=\"https:\/\/www.siedlungen.eu\/sitemap\">SiteMap<\/a><\/li>\n<\/ul>\n<p>Enter your search term in the field and let www.sdg21.eu search:<br \/>\n<br \/>Widget not in any sidebars<br \/>\n<img loading=\"lazy\" decoding=\"async\" class=\"alignleft\" src=\"http:\/\/sdg21.eu\/wp-content\/uploads\/2016\/07\/Europa.jpg?resize=300%2C261\" usemap=\"..\/..\/index.html#FrontPageMap\" ismap=\"ismap\" width=\"369\" height=\"319\" border=\"0\" \/><\/p>\n<map name=\"FrontPageMap\">\n<area coords=\"78,146,85,114,59,127,68,154\" shape=\"POLY\" href=\"http:\/\/sdg21.eu\/db\/schottland\" \/>\n<area title=\"Greece\" alt=\"Griechenland\" coords=\"222,307,218,275,200,262,179,282\" shape=\"POLY\" href=\"http:\/\/sdg21.eu\/db\/griechenland\" \/>\n<area title=\"Austria\" alt=\"\u00d6sterreich\" coords=\"156,220,159,216,159,211,159,209,156,209,153,208,149,208,145,210,141,212,138,216,134,217,128,218,125,216,124,217,125,222,134,223,140,223,146,226,152,\" shape=\"POLY\" href=\"http:\/\/sdg21.eu\/db\/oesterreich\" \/>\n<area title=\"Belgium\" alt=\"Belgien\" coords=\"110,198,107,186,100,185,94,187,101,195\" shape=\"POLY\" href=\"http:\/\/sdg21.eu\/db\/belgien\" \/>\n<area title=\"Switzerland\" alt=\"Schweiz\" coords=\"104,226,114,229,120,228,126,226,124,214,112,215\" shape=\"POLY\" href=\"http:\/\/sdg21.eu\/db\/schweiz\" target=\"_top\" \/>\n<area title=\"Germany\" alt=\"Deutschland\" coords=\"150,188,148,165,139,161,129,160,124,160,125,167,115,170,114,178,110,186,113,199,119,207,118,215,133,216,147,208,139,196\" shape=\"POLY\" href=\"https:\/\/siedlungen.eu\/category\/deutschland\" \/>\n<area title=\"Hungary\" alt=\"Ungarn\" coords=\"149,190,170,200,159,205,150,207,141,197,151,188,151,191\" shape=\"POLY\" href=\"http:\/\/sdg21.eu\/db\/ungarn\" \/>\n<area title=\"Denmark\" alt=\"D\u00e4nemark\" coords=\"120,164,120,144,130,137,134,151\" shape=\"POLY\" href=\"http:\/\/sdg21.eu\/db\/daenemark\" \/>\n<area title=\"France\" alt=\"Frankreich\" coords=\"108,244,108,224,105,217,116,204,89,188,55,199,63,241,89,255,111,243,109,241\" shape=\"POLY\" href=\"http:\/\/sdg21.eu\/db\/frankreich\" \/>\n<area coords=\"88,187,54,188,67,166,71,159,80,149,84,163\" shape=\"POLY\" href=\"http:\/\/sdg21.eu\/db\/england\" \/>\n<area title=\"Sweden\" alt=\"Schweden\" coords=\"158,150,138,156,137,126,142,91,156,61,169,57,179,77,164,100,164,119,166,140\" shape=\"POLY\" href=\"http:\/\/sdg21.eu\/db\/schweden\" \/>\n<area coords=\"327,216,242,222,239,218,270,195,264,177,227,164,207,136,197,119,207,86,187,57,191,44,226,49,278,0,373,130\" shape=\"POLY\" \/>\n<area title=\"Netherlands\" alt=\"Niederlande\" coords=\"109,167,99,181,109,184,112,169\" shape=\"POLY\" href=\"http:\/\/sdg21.eu\/db\/holland\" \/>\n<area title=\"Spain\" alt=\"Spanien\" coords=\"24,244,24,233,62,241,96,261,97,275,28,296,24,281,37,250\" shape=\"POLY\" \/>\n<area coords=\"201,114,175,122,173,98,186,80,181,77,171,58,186,46,204,91\" shape=\"POLY\" href=\"http:\/\/sdg21.eu\/db\/finnland\" \/>\n<area title=\"Hungary\" alt=\"Ungarn\" coords=\"179,224,184,208,160,213,157,222,170,228\" shape=\"POLY\" href=\"http:\/\/sdg21.eu\/db\/ungarn\" \/>\n<area coords=\"133,128,117,140,111,127,110,104,123,90,148,49,187,37,192,43,181,45,152,62\" shape=\"POLY\" href=\"http:\/\/sdg21.eu\/db\/norwegen\" \/>\n<area title=\"Poland\" alt=\"Polen\" coords=\"173,201,184,204,189,188,186,176,183,162,171,164,163,161,149,167,151,189\" shape=\"POLY\" href=\"http:\/\/sdg21.eu\/db\/polen\" \/>\n<area coords=\"223,227,222,238,191,240,179,226,186,210,207,208,216,222\" shape=\"POLY\" \/>\n<area coords=\"53,171,60,154,45,150,35,172\" shape=\"POLY\" \/>\n<area coords=\"288,223,315,220,326,225,313,233,302,232\" shape=\"POLY\" \/>\n<area coords=\"223,223,217,221,223,215,215,201,204,201,186,204,192,182,216,179,226,170,259,183,261,196,244,210,232,213,224,212,223,212\" shape=\"POLY\" \/>\n<area coords=\"171,135,195,132,191,120\" shape=\"POLY\" \/>\n<area coords=\"196,148,192,133,174,136,172,145\" shape=\"POLY\" \/>\n<area coords=\"204,205,212,203,221,214,218,217\" shape=\"POLY\" \/> <\/map>","protected":false},"excerpt":{"rendered":"<p>Die angeforderte Seite existiert nicht oder nicht mehr Fehler 404: Die URL (Internetadresse), die Sie eingegeben haben, ist leider ung\u00fcltig. Entweder hat sie einen neue Adresse, neuen Namen, wurde gel\u00f6scht, oder existiert noch nie. Das Portal www.oekosiedlungen.de l\u00e4uft seit dem August 2016 Datenbank-basiert als &#8222;WordPress&#8220;-Version und ist k\u00fcnftig \u00fcber die Domain www.sdg21.eu abrufbar. Soweit es [&hellip;]<\/p>\n","protected":false},"author":1,"featured_media":0,"parent":0,"menu_order":0,"comment_status":"closed","ping_status":"closed","template":"","meta":{"footnotes":""},"categories":[],"class_list":{"0":"post-11722","1":"page","2":"type-page","3":"status-publish","5":"gallery-content-unit","6":"czr-hentry"},"aioseo_notices":[],"_links":{"self":[{"href":"http:\/\/sdg21.eu\/en\/wp-json\/wp\/v2\/pages\/11722","targetHints":{"allow":["GET"]}}],"collection":[{"href":"http:\/\/sdg21.eu\/en\/wp-json\/wp\/v2\/pages"}],"about":[{"href":"http:\/\/sdg21.eu\/en\/wp-json\/wp\/v2\/types\/page"}],"author":[{"embeddable":true,"href":"http:\/\/sdg21.eu\/en\/wp-json\/wp\/v2\/users\/1"}],"replies":[{"embeddable":true,"href":"http:\/\/sdg21.eu\/en\/wp-json\/wp\/v2\/comments?post=11722"}],"version-history":[{"count":0,"href":"http:\/\/sdg21.eu\/en\/wp-json\/wp\/v2\/pages\/11722\/revisions"}],"wp:attachment":[{"href":"http:\/\/sdg21.eu\/en\/wp-json\/wp\/v2\/media?parent=11722"}],"wp:term":[{"taxonomy":"category","embeddable":true,"href":"http:\/\/sdg21.eu\/en\/wp-json\/wp\/v2\/categories?post=11722"}],"curies":[{"name":"wp","href":"https:\/\/api.w.org\/{rel}","templated":true}]}}