{"id":11759,"date":"2016-11-02T19:42:42","date_gmt":"2016-11-02T19:42:42","guid":{"rendered":"https:\/\/www.siedlungen.eu\/?page_id=11759"},"modified":"2021-01-18T07:49:15","modified_gmt":"2021-01-18T06:49:15","slug":"linktausch-textvorlagen","status":"publish","type":"page","link":"http:\/\/sdg21.eu\/en\/linktausch-textvorlagen","title":{"rendered":"Link exchange \/ Text templates"},"content":{"rendered":"<h2 id=\"sdg21-datenbank-fur-nachhaltige-siedlungen-und-quartiere\">sdg21.web database for sustainable settlements and neighbourhoods<\/h2>\n<p>Here you will find text suggestions and photos that you are welcome to use on your website. Thank you very much for your support! If it fits in terms of content, I'm also happy to set backlinks. Write to me at:<br \/>\n<a href=\"mailto:wolpensinger@sdg21.eu\">wolpensinger@sdg21.eu<\/a><br \/>\n<div class=\"su-spacer\" style=\"height:20px\"><\/div>\n<h3>Text template I<\/h3>\n<p><a href=\"http:\/\/sdg21.eu\/wp-content\/uploads\/2020\/01\/teaserfoto-10-scaled.jpg\"><img loading=\"lazy\" decoding=\"async\" class=\"size-medium wp-image-20824 alignleft\" src=\"http:\/\/sdg21.eu\/wp-content\/uploads\/2020\/01\/teaserfoto-10-300x206.jpg\" alt=\"\" width=\"300\" height=\"206\" srcset=\"https:\/\/sdg21.eu\/wp-content\/uploads\/2020\/01\/teaserfoto-10-300x206.jpg 300w, https:\/\/sdg21.eu\/wp-content\/uploads\/2020\/01\/teaserfoto-10-560x384.jpg 560w, https:\/\/sdg21.eu\/wp-content\/uploads\/2020\/01\/teaserfoto-10-1280x877.jpg 1280w, https:\/\/sdg21.eu\/wp-content\/uploads\/2020\/01\/teaserfoto-10-250x171.jpg 250w, https:\/\/sdg21.eu\/wp-content\/uploads\/2020\/01\/teaserfoto-10-768x526.jpg 768w, https:\/\/sdg21.eu\/wp-content\/uploads\/2020\/01\/teaserfoto-10-1536x1053.jpg 1536w, https:\/\/sdg21.eu\/wp-content\/uploads\/2020\/01\/teaserfoto-10-2048x1403.jpg 2048w, https:\/\/sdg21.eu\/wp-content\/uploads\/2020\/01\/teaserfoto-10-1320x905.jpg 1320w, https:\/\/sdg21.eu\/wp-content\/uploads\/2020\/01\/teaserfoto-10-1024x702.jpg 1024w, https:\/\/sdg21.eu\/wp-content\/uploads\/2020\/01\/teaserfoto-10-160x110.jpg 160w, https:\/\/sdg21.eu\/wp-content\/uploads\/2020\/01\/teaserfoto-10-144x99.jpg 144w\" sizes=\"auto, (max-width: 300px) 100vw, 300px\" \/><\/a>(38 words; 258 characters without, 296 characters including spaces)<br \/>\nThe sdg21.web database for sustainable settlements and neighbourhoods presents 320 settlements and urban neighbourhoods in Germany and neighbouring European countries with a total of 70,000 residential units that have been built over the last 40 years. The website has been online since 2000.<br \/>\n<a href=\"http:\/\/sdg21.eu\" target=\"_blank\" rel=\"noopener noreferrer\">www.sdg21.eu<\/a><\/p>\n<div class=\"su-spacer\" style=\"height:20px\"><\/div>\n<h3>Text template II<\/h3>\n<p>(62 words; 445 characters without, 507 characters including spaces)<br \/>\nThe sdg21.web database for sustainable settlements and neighbourhoods presents 320 settlements and urban neighbourhoods in Germany and neighbouring European countries with a total of 70,000 residential units that have been built over the last 40 years. The website has been online since 2000 and shows the range of sustainable building methods with wood, clay, straw, etc., car-free settlements (Velo- or BikeCities), plus-energy neighbourhoods or project concepts with zero wastewater, earth mound or solar houses.<br \/>\n<a href=\"http:\/\/sdg21.eu\" target=\"_blank\" rel=\"noopener noreferrer\">www.sdg21.eu<\/a><\/p>\n<h3>Text template III<\/h3>\n<p><a href=\"http:\/\/sdg21.eu\/wp-content\/uploads\/2019\/12\/freiburg-21-scaled.jpg\"><img loading=\"lazy\" decoding=\"async\" class=\"alignleft size-medium wp-image-20224\" src=\"http:\/\/sdg21.eu\/wp-content\/uploads\/2019\/12\/freiburg-21-300x264.jpg\" alt=\"\" width=\"300\" height=\"264\" srcset=\"https:\/\/sdg21.eu\/wp-content\/uploads\/2019\/12\/freiburg-21-300x264.jpg 300w, https:\/\/sdg21.eu\/wp-content\/uploads\/2019\/12\/freiburg-21-560x492.jpg 560w, https:\/\/sdg21.eu\/wp-content\/uploads\/2019\/12\/freiburg-21-1280x1125.jpg 1280w, https:\/\/sdg21.eu\/wp-content\/uploads\/2019\/12\/freiburg-21-250x220.jpg 250w, https:\/\/sdg21.eu\/wp-content\/uploads\/2019\/12\/freiburg-21-768x675.jpg 768w, https:\/\/sdg21.eu\/wp-content\/uploads\/2019\/12\/freiburg-21-1536x1350.jpg 1536w, https:\/\/sdg21.eu\/wp-content\/uploads\/2019\/12\/freiburg-21-2048x1800.jpg 2048w, https:\/\/sdg21.eu\/wp-content\/uploads\/2019\/12\/freiburg-21-1320x1160.jpg 1320w, https:\/\/sdg21.eu\/wp-content\/uploads\/2019\/12\/freiburg-21-1024x900.jpg 1024w, https:\/\/sdg21.eu\/wp-content\/uploads\/2019\/12\/freiburg-21-160x141.jpg 160w, https:\/\/sdg21.eu\/wp-content\/uploads\/2019\/12\/freiburg-21-144x127.jpg 144w\" sizes=\"auto, (max-width: 300px) 100vw, 300px\" \/><\/a>(161 words; 1099 without, 1,262 characters including spaces)<br \/>\nThe sdg21.web database for sustainable settlements and neighbourhoods presents 320 settlements and neighbourhoods in Germany and other European countries with a total of 70,000 housing units that have been realised in the last 40 years and 43,000 WE that are currently being built. The website has been online since 2000 and shows the range of sustainable building methods with wood, loam, straw, etc., car-free settlements, plus-energy neighbourhoods or project concepts with zero wastewater, earth mound or solar houses.<\/p>\n<p>The aim of the website is to collect knowledge and experience from the planning and realisation of sustainable settlements and neighbourhoods in order to offer assistance for new projects or redevelopments.<\/p>\n<p>sdg21 explicitly refers to the Sustainable Development Goals 2030, which were adopted by all countries of the world at the UN Sustainable Development Conference in New York in 2015. The projects listed in the sdg21.web database are intended to demonstrate large-scale solution approaches based on practical examples of how the SDG 2030 goals can be implemented at the settlement and neighbourhood level. Users of the website are architecture enthusiasts in general, developers, architects and urban planners. In 2019, 15,000 people used the web portal.<br \/>\n<a href=\"http:\/\/sdg21.eu\" target=\"_blank\" rel=\"noopener noreferrer\">www.sdg21.eu<\/a><\/p>\n<h3>English version<\/h3>\n<p><a href=\"http:\/\/sdg21.eu\/wp-content\/uploads\/2017\/03\/malmoe-2013_74.jpg\"><img loading=\"lazy\" decoding=\"async\" class=\"alignleft size-medium wp-image-13296\" src=\"http:\/\/sdg21.eu\/wp-content\/uploads\/2017\/03\/malmoe-2013_74-300x199.jpg\" alt=\"\" width=\"300\" height=\"199\" srcset=\"https:\/\/sdg21.eu\/wp-content\/uploads\/2017\/03\/malmoe-2013_74-300x199.jpg 300w, https:\/\/sdg21.eu\/wp-content\/uploads\/2017\/03\/malmoe-2013_74-560x372.jpg 560w, https:\/\/sdg21.eu\/wp-content\/uploads\/2017\/03\/malmoe-2013_74-1280x851.jpg 1280w, https:\/\/sdg21.eu\/wp-content\/uploads\/2017\/03\/malmoe-2013_74-250x166.jpg 250w, https:\/\/sdg21.eu\/wp-content\/uploads\/2017\/03\/malmoe-2013_74-768x511.jpg 768w, https:\/\/sdg21.eu\/wp-content\/uploads\/2017\/03\/malmoe-2013_74-1320x878.jpg 1320w, https:\/\/sdg21.eu\/wp-content\/uploads\/2017\/03\/malmoe-2013_74-160x106.jpg 160w, https:\/\/sdg21.eu\/wp-content\/uploads\/2017\/03\/malmoe-2013_74-1024x681.jpg 1024w, https:\/\/sdg21.eu\/wp-content\/uploads\/2017\/03\/malmoe-2013_74-144x96.jpg 144w, https:\/\/sdg21.eu\/wp-content\/uploads\/2017\/03\/malmoe-2013_74.jpg 1504w\" sizes=\"auto, (max-width: 300px) 100vw, 300px\" \/><\/a>(32 words; 167 signs without or 198 signs including blanks)<br \/>\n320 settlements in Europe with a total of 70,000 housing units that were realized over the last 40 years based on ecological and sustainability objectives. The language of the webdatabank is german.<br \/>\n<a href=\"http:\/\/sdg21.eu\" target=\"_blank\" rel=\"noopener noreferrer\">www.sdg21.eu<\/a><\/p>","protected":false},"excerpt":{"rendered":"<p>sdg21.Webdatenbank f\u00fcr nachhaltige Siedlungen und Quartiere Hier finden Sie Textvorschl\u00e4ge und Fotos, die Sie gerne auf Ihrer Webseite nutzen k\u00f6nnen. Herzlichen Dank f\u00fcr Ihre Unterst\u00fctzung! Wenn es inhaltlich passt, setze ich gerne auch Backlinks. Schreiben Sie mich an unter: wolpensinger@sdg21.eu Textvorlage I (38 W\u00f6rter; 258 Zeichen ohne, 296 Zeichen inkl. Leerzeichen) In der sdg21.Webdatenbank f\u00fcr [&hellip;]<\/p>\n","protected":false},"author":1,"featured_media":0,"parent":0,"menu_order":0,"comment_status":"closed","ping_status":"closed","template":"","meta":{"footnotes":""},"categories":[],"class_list":{"0":"post-11759","1":"page","2":"type-page","3":"status-publish","5":"gallery-content-unit","6":"czr-hentry"},"aioseo_notices":[],"_links":{"self":[{"href":"http:\/\/sdg21.eu\/en\/wp-json\/wp\/v2\/pages\/11759","targetHints":{"allow":["GET"]}}],"collection":[{"href":"http:\/\/sdg21.eu\/en\/wp-json\/wp\/v2\/pages"}],"about":[{"href":"http:\/\/sdg21.eu\/en\/wp-json\/wp\/v2\/types\/page"}],"author":[{"embeddable":true,"href":"http:\/\/sdg21.eu\/en\/wp-json\/wp\/v2\/users\/1"}],"replies":[{"embeddable":true,"href":"http:\/\/sdg21.eu\/en\/wp-json\/wp\/v2\/comments?post=11759"}],"version-history":[{"count":0,"href":"http:\/\/sdg21.eu\/en\/wp-json\/wp\/v2\/pages\/11759\/revisions"}],"wp:attachment":[{"href":"http:\/\/sdg21.eu\/en\/wp-json\/wp\/v2\/media?parent=11759"}],"wp:term":[{"taxonomy":"category","embeddable":true,"href":"http:\/\/sdg21.eu\/en\/wp-json\/wp\/v2\/categories?post=11759"}],"curies":[{"name":"wp","href":"https:\/\/api.w.org\/{rel}","templated":true}]}}