{"id":18297,"date":"2019-09-01T18:04:27","date_gmt":"2019-09-01T18:04:27","guid":{"rendered":"https:\/\/siedlungen.eu\/?page_id=18297"},"modified":"2025-12-06T09:54:33","modified_gmt":"2025-12-06T08:54:33","slug":"domains-und-subdomains","status":"publish","type":"page","link":"http:\/\/sdg21.eu\/en\/domains-und-subdomains","title":{"rendered":"sdg21 domains - and subdomains"},"content":{"rendered":"<p>Domains and subdomains provide direct access to specific thematic focuses of Sustainable Settlements and Urban Quarters. This page provides an overview of the domains and subdomains created.<\/p>\n<table style=\"width: 100%; height: 861px;\">\n<tbody>\n<tr style=\"height: 92px;\">\n<td style=\"height: 64px; vertical-align: top; width: 45.9754%;\">The web database can also be accessed via:<br \/>\n<a href=\"http:\/\/sdg21.eu\">www.sdg21.eu<\/a><br \/>\nDE: <a href=\"http:\/\/sdg21.de\">www.sdg21.de<\/a><br \/>\n<div class=\"su-spacer\" style=\"height:20px\"><\/div>\n<a href=\"http:\/\/www.nachhaltige.siedlungen.eu\">www.nachhaltige.siedlungen.eu<\/a><br \/>\nSettlements that call themselves \"ecological settlements\" or \"eco-settlements\" or give ecological concepts prominence in their external presentation:<br \/>\n<a href=\"https:\/\/www.oekosiedlungen.de\">www.oekosiedlungen.de<\/a><br \/>\n<a href=\"http:\/\/www.oekosiedlungen.eu\" target=\"_blank\" rel=\"noopener noreferrer\">www.oekosiedlungen.eu<\/a><br \/>\n<a href=\"http:\/\/www.oeko.siedlungen.eu\">www.oeko.siedlungen.eu<\/a><\/td>\n<td style=\"height: 64px; vertical-align: top; width: 2.18281%;\"><\/td>\n<td style=\"vertical-align: top; height: 64px; width: 49.6589%;\">Sustainable neighbourhoods with mixed use \/ urban production:<br \/>\n<a href=\"http:\/\/www.quartiere.net\">www.quartiere.net<\/a><br \/>\n<div class=\"su-spacer\" style=\"height:20px\"><\/div>\n<a href=\"https:\/\/www.nachhaltige.quartiere.net\">www.nachhaltige.quartiere.net<\/a><br \/>\n<a href=\"https:\/\/www.neue.quartiere.net\">www.neue.quartiere.net<\/a><br \/>\n<a href=\"https:\/\/www.nrw.quartiere.net\">www.nrw.quartiere.net<\/a><br \/>\n<a href=\"https:\/\/www.rlp.quartiere.net\">www.rlp.quartiere.net<\/a><br \/>\n<a href=\"https:\/\/www.gemischte.quartiere.net\">www.gemischte.quartiere.net<\/a><\/td>\n<td style=\"height: 64px; width: 2.18281%;\"><\/td>\n<\/tr>\n<tr style=\"height: 73px;\">\n<td style=\"height: 56px; vertical-align: top; width: 45.9754%;\">Projects in Europe<br \/>\n<a href=\"http:\/\/www.sustainable-settlements.net\">www.sustainable-settlements.net<\/a><br \/>\n<div class=\"su-spacer\" style=\"height:20px\"><\/div>\nSustainable settlements and neighbourhoods that are currently being built or expanded:<br \/>\n<a href=\"http:\/\/www.projektboerse.sdg21.eu\" target=\"_blank\" rel=\"noopener noreferrer\">www.projektboerse.sdg21.eu<\/a><\/td>\n<td style=\"height: 56px; vertical-align: top; width: 2.18281%;\"><\/td>\n<td style=\"height: 56px; vertical-align: top; width: 49.6589%;\">Large projects with more than 1,000 residential units:<br \/>\n<a href=\"http:\/\/www.xxl.siedlungen.eu\">www.xxl.siedlungen.eu<\/a><br \/>\n<div class=\"su-spacer\" style=\"height:20px\"><\/div>\nLarge projects with 500 to 999 residential units:<br \/>\n<a href=\"http:\/\/www.xl.siedlungen.eu\">www.xl.siedlungen.eu<\/a><\/td>\n<td style=\"height: 56px; width: 2.18281%;\"><\/td>\n<\/tr>\n<tr style=\"height: 169px;\">\n<td style=\"height: 10px; vertical-align: top; width: 45.9754%;\">Objects that can be rented (holiday apartments and houses, hotels) or are semi-public (educational institutions) or open to the public (restaurant or cafe, show houses):<br \/>\n<a href=\"http:\/\/anschauen-oder-probewohnen.siedlungen.eu\">www.anschauen-oder-probewohnen.siedlungen.eu<\/a><\/td>\n<td style=\"height: 10px; vertical-align: top; width: 2.18281%;\"><\/td>\n<td style=\"height: 10px; vertical-align: top; width: 49.6589%;\">Settlements and urban quarters with housing project(s):<br \/>\n<a href=\"http:\/\/www.wohnprojekte.siedlungen.eu\" target=\"_blank\" rel=\"noopener noreferrer\">www.wohnprojekte.siedlungen.eu<\/a><br \/>\n<div class=\"su-spacer\" style=\"height:20px\"><\/div>\nProjects with residential yard or yards:<br \/>\n<a href=\"http:\/\/www.wohnhof.siedlungen.eu\">www.wohnhof.siedlungen.eu<\/a><div class=\"su-spacer\" style=\"height:20px\"><\/div>\n<a href=\"http:\/\/www.genossenschaftliche.siedlungen.eu\">www.genossenschaftliche.siedlungen.eu<\/a><br \/>\nProjects that have been developed with a high proportion of own work:<br \/>\n<a href=\"http:\/\/www.selbstbau.siedlungen.eu\">www.selbstbau.siedlungen.eu<\/a><\/td>\n<td style=\"height: 10px; width: 2.18281%;\"><\/td>\n<\/tr>\n<tr style=\"height: 73px;\">\n<td style=\"height: 73px; vertical-align: top; width: 45.9754%;\">Projects realized within the framework of building exhibitions:<br \/>\n<a href=\"http:\/\/www.expo.siedlungen.eu\">www.expo.siedlungen.eu<\/a><\/td>\n<td style=\"height: 73px; vertical-align: top; width: 2.18281%;\"><\/td>\n<td style=\"height: 73px; vertical-align: top; width: 49.6589%;\">Historically important settlements and neighbourhoods<br \/>\n<a href=\"http:\/\/www.historische.siedlungen.eu\">www.historische.siedlungen.eu<\/a><\/td>\n<td style=\"height: 73px; width: 2.18281%;\"><\/td>\n<\/tr>\n<tr style=\"height: 112px;\">\n<td style=\"height: 27px; vertical-align: top; width: 45.9754%;\">Climate protection settlements and neighbourhoods<br \/>\n<a href=\"http:\/\/klimaschutz.siedlungen.eu\">www.klimaschutz.siedlungen.eu<\/a><br \/>\n<a href=\"https:\/\/www.klimaschutz.quartiere.net\">www.klimaschutz.quartiere.net<\/a><br \/>\nProjects with plus energy balance (active plus house, energy efficiency plus, plus energy house):<br \/>\n<a href=\"http:\/\/www.plusenergie.siedlungen.eu\">www.plusenergie.siedlungen.eu<\/a><br \/>\n<a href=\"https:\/\/www.plusenergie.quartiere.net\">www.plusenergie.quartiere.net<\/a><br \/>\nProjects with active and\/or passive solar energy use:<br \/>\n<a href=\"http:\/\/www.solar.siedlungen.eu\">www.solar.siedlungen.eu<\/a><br \/>\nSolar local heating settlements and quarters<br \/>\n<a href=\"http:\/\/www.solare-nahwaerme.siedlungen.eu\">www.solare-nahwaerme.siedlungen.eu<\/a><\/td>\n<td style=\"height: 27px; vertical-align: top; width: 2.18281%;\"><\/td>\n<td style=\"height: 27px; vertical-align: top; width: 49.6589%;\">Settlements and neighbourhoods with sustainable and especially bicycle-, pedestrian- and public transport-friendly mobility concepts (= living without own car, car-free settlements, car-free neighbourhoods:<br \/>\n<a href=\"https:\/\/www.autofreie.quartiere.net\" rel=\"noopener\">www.autofreie.quartiere.net<\/a><br \/>\n<a href=\"http:\/\/www.autofreie.siedlungen.eu\">www.autofreie.siedlungen.eu\u00a0<\/a><br \/>\n<a href=\"http:\/\/www.fahrradfreundliche.siedlungen.eu\">www.fahrradfreundliche.siedlungen.eu<\/a><div class=\"su-spacer\" style=\"height:20px\"><\/div>\nSettlements and quarters with eMobility concepts:<br \/>\n<a href=\"http:\/\/www.emobile.siedlungen.eu\">www.emobile.siedlungen.eu<\/a><\/td>\n<td style=\"height: 27px; width: 2.18281%;\"><\/td>\n<\/tr>\n<tr style=\"height: 73px;\">\n<td style=\"height: 10px; vertical-align: top; width: 45.9754%;\">Resource-efficient settlement and neighbourhood concepts:<br \/>\n<a href=\"http:\/\/www.ressourceneffiziente.siedlungen.eu\">www.ressourceneffiziente.siedlungen.eu<\/a><\/td>\n<td style=\"height: 10px; vertical-align: top; width: 2.18281%;\"><\/td>\n<td style=\"height: 10px; vertical-align: top; width: 49.6589%;\"><\/td>\n<td style=\"height: 10px; width: 2.18281%;\"><\/td>\n<\/tr>\n<tr style=\"height: 73px;\">\n<td style=\"vertical-align: top; width: 45.9754%; height: 73px;\"><a href=\"http:\/\/www.faktor-x.siedlungen.eu\">www.faktor-x.siedlungen.eu<\/a><\/td>\n<td style=\"vertical-align: top; width: 2.18281%; height: 73px;\"><\/td>\n<td style=\"vertical-align: top; width: 49.6589%; height: 73px;\"><\/td>\n<td style=\"width: 2.18281%; height: 73px;\"><\/td>\n<\/tr>\n<tr>\n<td style=\"width: 45.9754%;\">Climate-adapted settlements<br \/>\n<a href=\"http:\/\/klimaangepasste.siedlungen.eu\">www.klimaangepasste.siedlungen.eu<\/a><br \/>\nGarden City Estates<br \/>\n<a href=\"http:\/\/www.gartenstadt.siedlungen.eu\">www.gartenstadt.siedlungen.eu<\/a><br \/>\nProjects with hill houses:<br \/>\n<a href=\"http:\/\/www.erdhuegelhaus.siedlungen.eu\">www.erdhuegelhaus.siedlungen.eu<\/a><\/td>\n<td style=\"height: 54px; vertical-align: top; width: 2.18281%;\"><\/td>\n<td style=\"height: 54px; vertical-align: top; width: 49.6589%;\">Projects with a sustainable water concept:<br \/>\n<a href=\"http:\/\/www.abwasserfreie.siedlungen.eu\">www.abwasserfreie.siedlungen.eu<\/a><\/td>\n<td style=\"height: 54px; width: 2.18281%;\"><\/td>\n<\/tr>\n<tr style=\"height: 90px;\">\n<td style=\"height: 90px; vertical-align: top; width: 45.9754%;\">Settlements in timber construction and urban timber architecture:<br \/>\n<a href=\"http:\/\/www.holzbau.siedlungen.eu\">www.holzbau.siedlungen.eu\u00a0<\/a><br \/>\n<a href=\"https:\/\/www.holzbau.quartiere.net\" target=\"_blank\" rel=\"noopener\">www.holzbau.quartiere.net<\/a><\/td>\n<td style=\"height: 90px; vertical-align: top; width: 2.18281%;\"><\/td>\n<td style=\"height: 90px; vertical-align: top; width: 49.6589%;\">projects, on former barracks sites:<br \/>\n<a href=\"http:\/\/www.kasernenkonversions.siedlungen.eu\" target=\"_blank\" rel=\"noopener noreferrer\">www.kasernenkonversions.siedlungen.eu<\/a><br \/>\nHousing estates and neighbourhoods with additional storeys<br \/>\n<a href=\"http:\/\/www.aufgestockte.siedlungen.eu\">www.aufgestockte.siedlungen.eu<\/a><\/td>\n<td style=\"height: 90px; width: 2.18281%;\"><\/td>\n<\/tr>\n<tr style=\"height: 54px;\">\n<td style=\"height: 54px; vertical-align: top; width: 45.9754%;\">Settlements with earthen building materials:<br \/>\n<a href=\"http:\/\/www.lehmbau.siedlungen.eu\">www.lehmbau.siedlungen.eu<\/a><br \/>\nBuilding biology, healthy living:<br \/>\n<a href=\"http:\/\/www.baubiologische.siedlungen.eu\">www.baubiologische.siedlungen.eu<\/a><\/td>\n<td style=\"height: 54px; vertical-align: top; width: 2.18281%;\"><\/td>\n<td style=\"height: 54px; vertical-align: top; width: 49.6589%;\">Settlements with larger grass roofs:<br \/>\n<a href=\"http:\/\/www.grasdach.siedlungen.eu\">www.grasdach.siedlungen.eu<\/a><br \/>\nPermaculture, organic gardening:<a href=\"http:\/\/www.permakultur.siedlungen.eu\"><br \/>\nwww.permakultur.siedlungen.eu<\/a><\/td>\n<td style=\"height: 54px; width: 2.18281%;\"><\/td>\n<\/tr>\n<tr style=\"height: 73px;\">\n<td style=\"height: 73px; vertical-align: top; width: 45.9754%;\">Summary of the best practice measures of sdg21.eu in a draft (status 2001):<br \/>\n<a href=\"http:\/\/www.nancystrasse.siedlungen.eu\">www.nancystrasse.siedlungen.eu<\/a><\/td>\n<td style=\"height: 73px; vertical-align: top; width: 2.18281%;\"><\/td>\n<td style=\"height: 73px; vertical-align: top; width: 49.6589%;\">best practice Projekte:<br \/>\n<a href=\"http:\/\/best-practice.siedlungen.eu\">www.best-practice.siedlungen.eu<\/a><br \/>\nRanking<br \/>\n<a href=\"http:\/\/www.ranking.sdg21.eu\" target=\"_blank\" rel=\"noopener noreferrer\">www.ranking.sdg21.eu<\/a><\/td>\n<td style=\"height: 73px; width: 2.18281%;\"><\/td>\n<\/tr>\n<tr style=\"height: 54px;\">\n<td style=\"height: 54px; vertical-align: top; width: 45.9754%;\">Presentation of all photo galleries on siedlungen.eu:<br \/>\n<a href=\"http:\/\/galerien.sdg21.eu\/\">http:\/\/galerien.sdg21.eu<\/a><br \/>\n<a href=\"http:\/\/galerien.quartiere.net\/\">http:\/\/galerien.quartiere.net<\/a><br \/>\n<a href=\"http:\/\/www.fotogalerien.siedlungen.eu\">www.fotogalerien.siedlungen.eu<\/a><\/td>\n<td style=\"height: 54px; vertical-align: top; width: 2.18281%;\"><\/td>\n<td style=\"height: 54px; vertical-align: top; width: 49.6589%;\">Videos about Sustainable Settlements:<br \/>\n<a href=\"http:\/\/www.videos.siedlungen.eu\">www.videos.siedlungen.eu<\/a><\/td>\n<td style=\"height: 54px; width: 2.18281%;\"><\/td>\n<\/tr>\n<tr style=\"height: 73px;\">\n<td style=\"height: 48px; vertical-align: top; width: 45.9754%;\">Statistische Daten der sdg21.eu-Projektdatenbank:<br \/>\n<a href=\"http:\/\/www.statistiken.siedlungen.eu\" target=\"_blank\" rel=\"noopener noreferrer\">www.statistiken.siedlungen.eu<\/a><\/td>\n<td style=\"height: 48px; vertical-align: top; width: 2.18281%;\"><\/td>\n<td style=\"height: 48px; vertical-align: top; width: 49.6589%;\"><\/td>\n<td style=\"height: 48px; width: 2.18281%;\"><\/td>\n<\/tr>\n<tr style=\"height: 92px;\">\n<td style=\"height: 13px; vertical-align: top; width: 45.9754%;\"><\/td>\n<td style=\"height: 13px; vertical-align: top; width: 2.18281%;\"><\/td>\n<td style=\"height: 13px; vertical-align: top; width: 49.6589%;\"><\/td>\n<td style=\"height: 13px; width: 2.18281%;\"><\/td>\n<\/tr>\n<tr style=\"height: 35px;\">\n<td style=\"height: 35px; width: 45.9754%;\">URL to this website:<br \/>\n<a href=\"http:\/\/www.subdomains.siedlungen.eu\">www.subdomains.siedlungen.eu<\/a><\/td>\n<td style=\"height: 35px; width: 2.18281%;\"><\/td>\n<td style=\"height: 35px; width: 49.6589%;\"><\/td>\n<td style=\"height: 35px; width: 2.18281%;\"><\/td>\n<\/tr>\n<\/tbody>\n<\/table>","protected":false},"excerpt":{"rendered":"<p>Domains und Subdomains bieten direkten Zugang zu bestimmten Themenschwerpunkten von Nachhaltigen Siedlungen und Stadtquartieren. Diese Seite bietet eine \u00dcbersicht der angelegten Domains und Subdomains. Die Webdatenbank ist auch abrufbar \u00fcber: www.sdg21.eu DE: www.sdg21.de www.nachhaltige.siedlungen.eu Siedlungen, die sich als &#8222;\u00d6kologische Siedlung&#8220; oder &#8222;\u00d6kosiedlung&#8220; bezeichnen oder \u00f6kologische Konzepte in der Au\u00dfendarstellung in den Vordergrund stellen: www.oekosiedlungen.de www.oekosiedlungen.eu [&hellip;]<\/p>\n","protected":false},"author":1,"featured_media":0,"parent":0,"menu_order":0,"comment_status":"closed","ping_status":"closed","template":"","meta":{"footnotes":""},"categories":[],"class_list":{"0":"post-18297","1":"page","2":"type-page","3":"status-publish","5":"gallery-content-unit","6":"czr-hentry"},"aioseo_notices":[],"_links":{"self":[{"href":"http:\/\/sdg21.eu\/en\/wp-json\/wp\/v2\/pages\/18297","targetHints":{"allow":["GET"]}}],"collection":[{"href":"http:\/\/sdg21.eu\/en\/wp-json\/wp\/v2\/pages"}],"about":[{"href":"http:\/\/sdg21.eu\/en\/wp-json\/wp\/v2\/types\/page"}],"author":[{"embeddable":true,"href":"http:\/\/sdg21.eu\/en\/wp-json\/wp\/v2\/users\/1"}],"replies":[{"embeddable":true,"href":"http:\/\/sdg21.eu\/en\/wp-json\/wp\/v2\/comments?post=18297"}],"version-history":[{"count":3,"href":"http:\/\/sdg21.eu\/en\/wp-json\/wp\/v2\/pages\/18297\/revisions"}],"predecessor-version":[{"id":29568,"href":"http:\/\/sdg21.eu\/en\/wp-json\/wp\/v2\/pages\/18297\/revisions\/29568"}],"wp:attachment":[{"href":"http:\/\/sdg21.eu\/en\/wp-json\/wp\/v2\/media?parent=18297"}],"wp:term":[{"taxonomy":"category","embeddable":true,"href":"http:\/\/sdg21.eu\/en\/wp-json\/wp\/v2\/categories?post=18297"}],"curies":[{"name":"wp","href":"https:\/\/api.w.org\/{rel}","templated":true}]}}