{"id":21002,"date":"2020-01-31T12:49:38","date_gmt":"2020-01-31T11:49:38","guid":{"rendered":"https:\/\/siedlungen.eu\/?page_id=21002"},"modified":"2020-11-18T12:39:51","modified_gmt":"2020-11-18T11:39:51","slug":"solararchitekt-rolf-disch","status":"publish","type":"page","link":"http:\/\/sdg21.eu\/en\/planungsbueros\/solararchitekt-rolf-disch","title":{"rendered":"Solar architect Rolf Disch"},"content":{"rendered":"<p style=\"text-align: left;\"><em>\"Building must be led from the fossil-atomic to the solar age - the goals are clear: houses that are 100% powered by regenerative energies. Houses with optimized envelopes that do not require additional energy for heating and cooling. Houses as power plants that generate more energy than they consume. All of this is possible today.\"<\/em><br \/>\nRolf Disch, solar architect from Freiburg<\/p>\n<p>The projects are displayed in descending order by completion date in the standard view.<\/p>\n<form autocomplete=\"off\" name=\"wpv-filter-21000\" action=\"\/en\/wp-json\/wp\/v2\/pages\/21002?wpv_view_count=21000\" method=\"get\" class=\"wpv-filter-form js-wpv-filter-form js-wpv-filter-form-21000 js-wpv-form-full js-wpv-ajax-results-enabled\" data-viewnumber=\"21000\" data-viewid=\"21000\" data-viewhash=\"eyJuYW1lIjoicm9sZi1kaXNjaCJ9\" data-viewwidgetid=\"0\" data-orderby=\"\" data-order=\"\" data-orderbyas=\"\" data-orderbysecond=\"\" data-ordersecond=\"\" data-parametric=\"{&quot;query&quot;:&quot;normal&quot;,&quot;id&quot;:&quot;21000&quot;,&quot;view_id&quot;:&quot;21000&quot;,&quot;widget_id&quot;:0,&quot;view_hash&quot;:&quot;21000&quot;,&quot;action&quot;:&quot;\\\/en\\\/wp-json\\\/wp\\\/v2\\\/pages\\\/21002?wpv_view_count=21000&quot;,&quot;sort&quot;:{&quot;orderby&quot;:&quot;&quot;,&quot;order&quot;:&quot;&quot;,&quot;orderby_as&quot;:&quot;&quot;,&quot;orderby_second&quot;:&quot;&quot;,&quot;order_second&quot;:&quot;&quot;},&quot;orderby&quot;:&quot;&quot;,&quot;order&quot;:&quot;&quot;,&quot;orderby_as&quot;:&quot;&quot;,&quot;orderby_second&quot;:&quot;&quot;,&quot;order_second&quot;:&quot;&quot;,&quot;ajax_form&quot;:&quot;&quot;,&quot;ajax_results&quot;:&quot;&quot;,&quot;effect&quot;:&quot;fade&quot;,&quot;prebefore&quot;:&quot;&quot;,&quot;before&quot;:&quot;&quot;,&quot;after&quot;:&quot;&quot;,&quot;attributes&quot;:[],&quot;environment&quot;:{&quot;current_post_id&quot;:21002,&quot;parent_post_id&quot;:21002,&quot;parent_term_id&quot;:0,&quot;parent_user_id&quot;:0,&quot;archive&quot;:{&quot;type&quot;:&quot;&quot;,&quot;name&quot;:&quot;&quot;,&quot;data&quot;:[]}},&quot;loop&quot;:{&quot;type&quot;:&quot;&quot;,&quot;name&quot;:&quot;&quot;,&quot;data&quot;:[],&quot;id&quot;:0}}\" data-attributes=\"[]\" data-environment=\"{&quot;current_post_id&quot;:21002,&quot;parent_post_id&quot;:21002,&quot;parent_term_id&quot;:0,&quot;parent_user_id&quot;:0,&quot;archive&quot;:{&quot;type&quot;:&quot;&quot;,&quot;name&quot;:&quot;&quot;,&quot;data&quot;:[]}}\" data-trp-original-action=\"\/en\/wp-json\/wp\/v2\/pages\/21002?wpv_view_count=21000\"><input type=\"hidden\" class=\"js-wpv-dps-filter-data js-wpv-filter-data-for-this-form\" data-action=\"\/en\/wp-json\/wp\/v2\/pages\/21002?wpv_view_count=21000\" data-page=\"1\" data-ajax=\"enable\" data-effect=\"fade\" data-maxpages=\"1\" data-ajaxprebefore=\"\" data-ajaxbefore=\"\" data-ajaxafter=\"\" \/><input class=\"wpv_view_count wpv_view_count-21000\" type=\"hidden\" name=\"wpv_view_count\" value=\"21000\" \/>\n\n<div class=\"su-spacer\" style=\"height:20px\"><\/div>  \n<span class=\"wpv-sort-list-dropdown wpv-sort-list-orderby-dropdown wpv-sort-list-dropdown-style-default js-wpv-sort-list-dropdown js-wpv-sort-list-orderby-dropdown\" style=\"width:18em;\" data-viewnumber=\"21000\"><span class=\"wpv-sort-list js-wpv-sort-list\"><span class=\"wpv-sort-list-item wpv-sort-list-orderby-item wpv-sort-list-current js-wpv-sort-list-item\" style=\"width:18em;\"><a href=\"#\" class=\"wpv-sort-list-anchor js-wpv-sort-list-orderby\" data-orderby=\"field-wpcf-fertigstellung\" data-orderbyas=\"numeric\" data-forceorder=\"asc\" data-viewnumber=\"21000\"><span>Completion Year<\/span><\/a><\/span><span class=\"wpv-sort-list-item wpv-sort-list-orderby-item js-wpv-sort-list-item\" style=\"width:18em;\"><a href=\"#\" class=\"wpv-sort-list-anchor js-wpv-sort-list-orderby\" data-orderby=\"post_date\" data-orderbyas=\"\" data-forceorder=\"desc\" data-viewnumber=\"21000\"><span>Contribution date<\/span><\/a><\/span><span class=\"wpv-sort-list-item wpv-sort-list-orderby-item js-wpv-sort-list-item\" style=\"width:18em;\"><a href=\"#\" class=\"wpv-sort-list-anchor js-wpv-sort-list-orderby\" data-orderby=\"field-name\" data-orderbyas=\"\" data-forceorder=\"asc\" data-viewnumber=\"21000\"><span>Name<\/span><\/a><\/span><span class=\"wpv-sort-list-item wpv-sort-list-orderby-item js-wpv-sort-list-item\" style=\"width:18em;\"><a href=\"#\" class=\"wpv-sort-list-anchor js-wpv-sort-list-orderby\" data-orderby=\"field-wpcf-plz\" data-orderbyas=\"numeric\" data-forceorder=\"asc\" data-viewnumber=\"21000\"><span>POSTCODE<\/span><\/a><\/span><span class=\"wpv-sort-list-item wpv-sort-list-orderby-item js-wpv-sort-list-item\" style=\"width:18em;\"><a href=\"#\" class=\"wpv-sort-list-anchor js-wpv-sort-list-orderby\" data-orderby=\"field-wpcf-wohneinheiten\" data-orderbyas=\"numeric\" data-forceorder=\"asc\" data-viewnumber=\"21000\"><span>Residential units<\/span><\/a><\/span><span class=\"wpv-sort-list-item wpv-sort-list-orderby-item js-wpv-sort-list-item\" style=\"width:18em;\"><a href=\"#\" class=\"wpv-sort-list-anchor js-wpv-sort-list-orderby\" data-orderby=\"field-wpcf-stadt\" data-orderbyas=\"\" data-forceorder=\"asc\" data-viewnumber=\"21000\"><span>City \/ town name<\/span><\/a><\/span><\/span><\/span><select name=\"wpv_sort_order\" class=\"wpv-sort-control-select wpv-sort-control-order js-wpv-sort-control-order\" data-viewnumber=\"21000\" data-labels=\"{&quot;default&quot;:{&quot;asc&quot;:&quot;Aufsteigend&quot;,&quot;desc&quot;:&quot;Absteigend&quot;},&quot;post_date&quot;:{&quot;asc&quot;:&quot;Alte Beitr\\u00e4ge zuerst&quot;,&quot;desc&quot;:&quot;Neue Beitr\\u00e4ge zuerst&quot;},&quot;field-name&quot;:{&quot;asc&quot;:&quot;Aufsteigend&quot;,&quot;desc&quot;:&quot;Absteigend&quot;},&quot;field-wpcf-fertigstellung&quot;:{&quot;asc&quot;:&quot;Aufsteigend&quot;,&quot;desc&quot;:&quot;Absteigend&quot;},&quot;field-wpcf-plz&quot;:{&quot;asc&quot;:&quot;Aufsteigend&quot;,&quot;desc&quot;:&quot;Absteigend&quot;},&quot;field-wpcf-wohneinheiten&quot;:{&quot;asc&quot;:&quot;Aufsteigend&quot;,&quot;desc&quot;:&quot;Absteigend&quot;},&quot;field-wpcf-stadt&quot;:{&quot;asc&quot;:&quot;Aufsteigend&quot;,&quot;desc&quot;:&quot;Absteigend&quot;}}\" autocomplete=\"off\"><option value=\"desc\"  selected='selected'>Descending<\/option><option value=\"asc\" >Ascending<\/option><\/select>\n<input type=\"button\" class=\"wpv-reset-trigger js-wpv-reset-trigger\" name=\"wpv_filter_reset\" value=\"Reset filter\" \/>\n\n<input type=\"hidden\" name=\"trp-form-language\" value=\"en\"\/><\/form>\n<div id=\"wpv-view-layout-21000\" class=\"js-wpv-view-layout js-wpv-layout-responsive js-wpv-view-layout-21000\" data-viewnumber=\"21000\" data-pagination=\"{&quot;id&quot;:&quot;21000&quot;,&quot;query&quot;:&quot;normal&quot;,&quot;type&quot;:&quot;disabled&quot;,&quot;effect&quot;:&quot;fade&quot;,&quot;duration&quot;:500,&quot;speed&quot;:5,&quot;pause_on_hover&quot;:&quot;disabled&quot;,&quot;stop_rollover&quot;:&quot;false&quot;,&quot;cache_pages&quot;:&quot;enabled&quot;,&quot;preload_images&quot;:&quot;enabled&quot;,&quot;preload_pages&quot;:&quot;enabled&quot;,&quot;preload_reach&quot;:1,&quot;spinner&quot;:&quot;builtin&quot;,&quot;spinner_image&quot;:&quot;http:\/\/sdg21.eu\/wp-content\/plugins\/wp-views\/embedded\/res\/img\/ajax-loader.gif&quot;,&quot;callback_next&quot;:&quot;&quot;,&quot;manage_history&quot;:&quot;disabled&quot;,&quot;has_controls_in_form&quot;:&quot;disabled&quot;,&quot;infinite_tolerance&quot;:&quot;0&quot;,&quot;max_pages&quot;:1,&quot;page&quot;:1,&quot;base_permalink&quot;:&quot;\/en\/wp-json\/wp\/v2\/pages\/21002?wpv_view_count=21000&amp;wpv_paged=WPV_PAGE_NUM&quot;,&quot;loop&quot;:{&quot;type&quot;:&quot;&quot;,&quot;name&quot;:&quot;&quot;,&quot;data&quot;:[],&quot;id&quot;:0}}\" data-permalink=\"\/en\/wp-json\/wp\/v2\/pages\/21002?wpv_view_count=21000\">\n\n\t\n\t\n\t<ul class=\"wpv-loop js-wpv-loop\">\n\t\t\n\t\t\t<h2><a href=\"http:\/\/sdg21.eu\/en\/db\/moeckernkiez-eg-berlin\">M\u00f6ckernkiez eG Berlin<\/a><\/h2> \n<span style=\"font-size: 8pt;\"><\/span>\n<div class=\"su-spacer\" style=\"height:20px\"><\/div>\n<p><strong><a href=\"#gallery-7696\"><img loading=\"lazy\" decoding=\"async\" class=\"alignleft wp-image-7697 size-medium\" src=\"http:\/\/sdg21.eu\/wp-content\/uploads\/2016\/08\/MoeckernKiez-1-300x225.jpg\" alt=\"MoeckernKiez-1\" width=\"300\" height=\"225\" srcset=\"https:\/\/sdg21.eu\/wp-content\/uploads\/2016\/08\/MoeckernKiez-1-300x225.jpg 300w, https:\/\/sdg21.eu\/wp-content\/uploads\/2016\/08\/MoeckernKiez-1-560x420.jpg 560w, https:\/\/sdg21.eu\/wp-content\/uploads\/2016\/08\/MoeckernKiez-1-250x188.jpg 250w, https:\/\/sdg21.eu\/wp-content\/uploads\/2016\/08\/MoeckernKiez-1-768x576.jpg 768w, https:\/\/sdg21.eu\/wp-content\/uploads\/2016\/08\/MoeckernKiez-1-160x120.jpg 160w, https:\/\/sdg21.eu\/wp-content\/uploads\/2016\/08\/MoeckernKiez-1-144x108.jpg 144w, https:\/\/sdg21.eu\/wp-content\/uploads\/2016\/08\/MoeckernKiez-1-100x75.jpg 100w, https:\/\/sdg21.eu\/wp-content\/uploads\/2016\/08\/MoeckernKiez-1.jpg 960w\" sizes=\"auto, (max-width: 300px) 100vw, 300px\" \/><\/a>10965 Berlin:<\/strong> Cooperative for self-managed, social and ecological living eG. In the M\u00f6ckernkiez model project, 471 residential units were created in 14 residential buildings. They were built according to the passive house standard and ecological building criteria. 0.21 parking spaces per unit. Property size: 30,000 m\u00b2. It is barrier-free throughout and designed to be free of car traffic at the neighbourhood level. The M\u00f6ckernkiez is located directly adjacent to the southeastern entrances of the Park am Gleisdreieck. Completion: 2018<\/p>\n\n<br class=\"clear\" \/>\n<br \/>\n<a href=\"http:\/\/sdg21.eu\/en\/db\/moeckernkiez-eg-berlin\">Show more &gt;&gt; <\/a>\n<div class=\"su-spacer\" style=\"height:20px\"><\/div>\n<span>&#8211; &#8211; &#8211; &#8211; &#8211; &#8211; &#8211; &#8211; &#8211; &#8211; &#8211; &#8211; &#8211; &#8211; &#8211; &#8211; &#8211; &#8211;<\/span>\n\t\t\n\t\t\t<h2><a href=\"http:\/\/sdg21.eu\/en\/db\/solarsiedlung-am-schlierberg\">Solar settlement \"Am Schlierberg<\/a><\/h2> \n<span style=\"font-size: 8pt;\"><\/span>\n<div class=\"su-spacer\" style=\"height:20px\"><\/div>\n<p><a href=\"http:\/\/sdg21.eu\/wp-content\/uploads\/2016\/08\/Schlierberg.jpg\"><br \/>\n<\/a><a href=\"http:\/\/sdg21.eu\/wp-content\/uploads\/2019\/12\/freiburg-86-scaled.jpg\"><img loading=\"lazy\" decoding=\"async\" class=\"alignleft size-medium wp-image-20183\" src=\"http:\/\/sdg21.eu\/wp-content\/uploads\/2019\/12\/freiburg-86-300x175.jpg\" alt=\"\" width=\"300\" height=\"175\" srcset=\"https:\/\/sdg21.eu\/wp-content\/uploads\/2019\/12\/freiburg-86-300x175.jpg 300w, https:\/\/sdg21.eu\/wp-content\/uploads\/2019\/12\/freiburg-86-560x328.jpg 560w, https:\/\/sdg21.eu\/wp-content\/uploads\/2019\/12\/freiburg-86-1280x749.jpg 1280w, https:\/\/sdg21.eu\/wp-content\/uploads\/2019\/12\/freiburg-86-250x146.jpg 250w, https:\/\/sdg21.eu\/wp-content\/uploads\/2019\/12\/freiburg-86-768x449.jpg 768w, https:\/\/sdg21.eu\/wp-content\/uploads\/2019\/12\/freiburg-86-1536x899.jpg 1536w, https:\/\/sdg21.eu\/wp-content\/uploads\/2019\/12\/freiburg-86-2048x1198.jpg 2048w, https:\/\/sdg21.eu\/wp-content\/uploads\/2019\/12\/freiburg-86-1320x772.jpg 1320w, https:\/\/sdg21.eu\/wp-content\/uploads\/2019\/12\/freiburg-86-1024x599.jpg 1024w, https:\/\/sdg21.eu\/wp-content\/uploads\/2019\/12\/freiburg-86-160x94.jpg 160w, https:\/\/sdg21.eu\/wp-content\/uploads\/2019\/12\/freiburg-86-144x84.jpg 144w\" sizes=\"auto, (max-width: 300px) 100vw, 300px\" \/><\/a><strong>79100 Freiburg-Vauban<\/strong>59 UNITS. Architecture: Rolf Disch; plus energy houses with 81 to 210 m<sup>2<\/sup> and variable floor plan design; cost savings during construction due to pre-assembly of building services systems and wooden elements; south-facing orientation; main fa\u00e7ade glazing total k-value o.5; CHP for energy supply; Expo 2000 project. Completion: 2006<\/p>\n\n<br class=\"clear\" \/>\n<br \/>\n<a href=\"http:\/\/sdg21.eu\/en\/db\/solarsiedlung-am-schlierberg\">Show more &gt;&gt; <\/a>\n<div class=\"su-spacer\" style=\"height:20px\"><\/div>\n<span>&#8211; &#8211; &#8211; &#8211; &#8211; &#8211; &#8211; &#8211; &#8211; &#8211; &#8211; &#8211; &#8211; &#8211; &#8211; &#8211; &#8211; &#8211;<\/span>\n\t\t\n\t\t\t<h2><a href=\"http:\/\/sdg21.eu\/en\/db\/solargarten-munzingen\">Munzingen solar garden<\/a><\/h2> \n<span style=\"font-size: 8pt;\"><\/span>\n<div class=\"su-spacer\" style=\"height:20px\"><\/div>\n<p><a href=\"http:\/\/sdg21.eu\/wp-content\/uploads\/2016\/08\/791_5_Munz.jpg\"><img loading=\"lazy\" decoding=\"async\" class=\"alignleft wp-image-6879 size-medium\" src=\"http:\/\/sdg21.eu\/wp-content\/uploads\/2016\/08\/791_5_Munz-300x201.jpg\" alt=\"791_5_Munz\" width=\"300\" height=\"201\" srcset=\"https:\/\/sdg21.eu\/wp-content\/uploads\/2016\/08\/791_5_Munz-300x201.jpg 300w, https:\/\/sdg21.eu\/wp-content\/uploads\/2016\/08\/791_5_Munz-250x168.jpg 250w, https:\/\/sdg21.eu\/wp-content\/uploads\/2016\/08\/791_5_Munz-144x97.jpg 144w, https:\/\/sdg21.eu\/wp-content\/uploads\/2016\/08\/791_5_Munz.jpg 425w\" sizes=\"auto, (max-width: 300px) 100vw, 300px\" \/><\/a><strong>79112 Freiburg-Munzingen:<\/strong> Solar garden, 8 units. Rolf Disch (Freiburg), Year of construction: 1993-1994<\/p>\n\n<br class=\"clear\" \/>\n<br \/>\n<a href=\"http:\/\/sdg21.eu\/en\/db\/solargarten-munzingen\">Show more &gt;&gt; <\/a>\n<div class=\"su-spacer\" style=\"height:20px\"><\/div>\n<span>&#8211; &#8211; &#8211; &#8211; &#8211; &#8211; &#8211; &#8211; &#8211; &#8211; &#8211; &#8211; &#8211; &#8211; &#8211; &#8211; &#8211; &#8211;<\/span>\n\t\t\n\t\t\t<h2><a href=\"http:\/\/sdg21.eu\/en\/db\/plusenergiehaus-heliotrop\">Plus energy house \"Heliotrope<\/a><\/h2> \n<span style=\"font-size: 8pt;\"><\/span>\n<div class=\"su-spacer\" style=\"height:20px\"><\/div>\n<p><strong><a href=\"http:\/\/sdg21.eu\/wp-content\/uploads\/2016\/08\/heliotrop_freiburg.jpg\"><img loading=\"lazy\" decoding=\"async\" class=\"alignleft wp-image-7584 size-medium\" title=\"Photo: H. Wolpensinger\" src=\"http:\/\/sdg21.eu\/wp-content\/uploads\/2016\/08\/heliotrop_freiburg-209x300.jpg\" alt=\"heliotrop_freiburg\" width=\"209\" height=\"300\" srcset=\"https:\/\/sdg21.eu\/wp-content\/uploads\/2016\/08\/heliotrop_freiburg-209x300.jpg 209w, https:\/\/sdg21.eu\/wp-content\/uploads\/2016\/08\/heliotrop_freiburg-390x560.jpg 390w, https:\/\/sdg21.eu\/wp-content\/uploads\/2016\/08\/heliotrop_freiburg-174x250.jpg 174w, https:\/\/sdg21.eu\/wp-content\/uploads\/2016\/08\/heliotrop_freiburg-768x1102.jpg 768w, https:\/\/sdg21.eu\/wp-content\/uploads\/2016\/08\/heliotrop_freiburg-112x160.jpg 112w, https:\/\/sdg21.eu\/wp-content\/uploads\/2016\/08\/heliotrop_freiburg-714x1024.jpg 714w, https:\/\/sdg21.eu\/wp-content\/uploads\/2016\/08\/heliotrop_freiburg-100x144.jpg 100w, https:\/\/sdg21.eu\/wp-content\/uploads\/2016\/08\/heliotrop_freiburg-70x100.jpg 70w, https:\/\/sdg21.eu\/wp-content\/uploads\/2016\/08\/heliotrop_freiburg.jpg 833w\" sizes=\"auto, (max-width: 209px) 100vw, 209px\" \/><\/a>79100 Freiburg:<\/strong> the house turns to the sun and produces more solar energy than it consumes on average over the year. The house of the architect Rolf Disch, a pioneer of solar architecture, is probably one of the first and best-known plus-energy houses in the world. The Heliotrope is one of the few residential buildings in Europe to have a building-integrated biaxial tracking PV system. Completion: 1994<\/p>\n\n<br class=\"clear\" \/>\n<br \/>\n<a href=\"http:\/\/sdg21.eu\/en\/db\/plusenergiehaus-heliotrop\">Show more &gt;&gt; <\/a>\n<div class=\"su-spacer\" style=\"height:20px\"><\/div>\n<span>&#8211; &#8211; &#8211; &#8211; &#8211; &#8211; &#8211; &#8211; &#8211; &#8211; &#8211; &#8211; &#8211; &#8211; &#8211; &#8211; &#8211; &#8211;<\/span>\n\t\t\n\t\t\t<h2><a href=\"http:\/\/sdg21.eu\/en\/db\/siedlung-lindenwaeldle\">Settlement \"Lindenw\u00e4ldle<\/a><\/h2> \n<span style=\"font-size: 8pt;\"><\/span>\n<div class=\"su-spacer\" style=\"height:20px\"><\/div>\n<p><a href=\"http:\/\/sdg21.eu\/wp-content\/uploads\/2019\/12\/freiburg-18-scaled.jpg\"><img loading=\"lazy\" decoding=\"async\" class=\"alignleft wp-image-20273 size-medium\" src=\"http:\/\/sdg21.eu\/wp-content\/uploads\/2019\/12\/freiburg-18-300x169.jpg\" alt=\"\" width=\"300\" height=\"169\" srcset=\"https:\/\/sdg21.eu\/wp-content\/uploads\/2019\/12\/freiburg-18-300x169.jpg 300w, https:\/\/sdg21.eu\/wp-content\/uploads\/2019\/12\/freiburg-18-560x315.jpg 560w, https:\/\/sdg21.eu\/wp-content\/uploads\/2019\/12\/freiburg-18-1280x721.jpg 1280w, https:\/\/sdg21.eu\/wp-content\/uploads\/2019\/12\/freiburg-18-250x141.jpg 250w, https:\/\/sdg21.eu\/wp-content\/uploads\/2019\/12\/freiburg-18-768x432.jpg 768w, https:\/\/sdg21.eu\/wp-content\/uploads\/2019\/12\/freiburg-18-1536x865.jpg 1536w, https:\/\/sdg21.eu\/wp-content\/uploads\/2019\/12\/freiburg-18-2048x1153.jpg 2048w, https:\/\/sdg21.eu\/wp-content\/uploads\/2019\/12\/freiburg-18-1320x743.jpg 1320w, https:\/\/sdg21.eu\/wp-content\/uploads\/2019\/12\/freiburg-18-1024x576.jpg 1024w, https:\/\/sdg21.eu\/wp-content\/uploads\/2019\/12\/freiburg-18-160x90.jpg 160w, https:\/\/sdg21.eu\/wp-content\/uploads\/2019\/12\/freiburg-18-144x81.jpg 144w\" sizes=\"auto, (max-width: 300px) 100vw, 300px\" \/><\/a><strong>79098 Freiburg:<\/strong> 18 WE. Rolf Disch\/G. Kamps, \"social housing\", completion: 1985<\/p>\n\n<br class=\"clear\" \/>\n<br \/>\n<a href=\"http:\/\/sdg21.eu\/en\/db\/siedlung-lindenwaeldle\">Show more &gt;&gt; <\/a>\n<div class=\"su-spacer\" style=\"height:20px\"><\/div>\n<span>&#8211; &#8211; &#8211; &#8211; &#8211; &#8211; &#8211; &#8211; &#8211; &#8211; &#8211; &#8211; &#8211; &#8211; &#8211; &#8211; &#8211; &#8211;<\/span>\n\t\t\n\t\t\t<h2><a href=\"http:\/\/sdg21.eu\/en\/db\/wohnhof-ziegelei\">Residential yard \"Brickyard<\/a><\/h2> \n<span style=\"font-size: 8pt;\"><\/span>\n<div class=\"su-spacer\" style=\"height:20px\"><\/div>\n<p><strong><a href=\"http:\/\/sdg21.eu\/wp-content\/uploads\/2020\/12\/Ziegelei-5.jpg\"><img loading=\"lazy\" decoding=\"async\" class=\"alignleft  wp-image-27182\" src=\"http:\/\/sdg21.eu\/wp-content\/uploads\/2020\/12\/Ziegelei-5-560x378.jpg\" alt=\"\" width=\"300\" height=\"203\" srcset=\"https:\/\/sdg21.eu\/wp-content\/uploads\/2020\/12\/Ziegelei-5-560x378.jpg 560w, https:\/\/sdg21.eu\/wp-content\/uploads\/2020\/12\/Ziegelei-5-250x169.jpg 250w, https:\/\/sdg21.eu\/wp-content\/uploads\/2020\/12\/Ziegelei-5-768x518.jpg 768w, https:\/\/sdg21.eu\/wp-content\/uploads\/2020\/12\/Ziegelei-5.jpg 1130w\" sizes=\"auto, (max-width: 300px) 100vw, 300px\" \/><\/a>79249 Merzhausen:<\/strong> 20 units, architecture: Rolf Disch. Flexible, \"organic\" floor plans, social concept, family-friendly residential courtyard typologies, cost-effective, completion: 1980.<\/p>\n\n<br class=\"clear\" \/>\n<br \/>\n<a href=\"http:\/\/sdg21.eu\/en\/db\/wohnhof-ziegelei\">Show more &gt;&gt; <\/a>\n<div class=\"su-spacer\" style=\"height:20px\"><\/div>\n<span>&#8211; &#8211; &#8211; &#8211; &#8211; &#8211; &#8211; &#8211; &#8211; &#8211; &#8211; &#8211; &#8211; &#8211; &#8211; &#8211; &#8211; &#8211;<\/span>\n\t\t\n\t<\/ul>\n\t\n\t\n\t\n<\/div>\n\n<p><strong>sdg21.blog posts<\/strong><\/p>\n\n\n\n<div id=\"wpv-view-layout-24394-TCPID21002\" class=\"js-wpv-view-layout js-wpv-layout-responsive js-wpv-view-layout-24394-TCPID21002\" data-viewnumber=\"24394-TCPID21002\" data-pagination=\"{&quot;id&quot;:&quot;24394&quot;,&quot;query&quot;:&quot;normal&quot;,&quot;type&quot;:&quot;disabled&quot;,&quot;effect&quot;:&quot;fade&quot;,&quot;duration&quot;:500,&quot;speed&quot;:5,&quot;pause_on_hover&quot;:&quot;disabled&quot;,&quot;stop_rollover&quot;:&quot;false&quot;,&quot;cache_pages&quot;:&quot;enabled&quot;,&quot;preload_images&quot;:&quot;enabled&quot;,&quot;preload_pages&quot;:&quot;enabled&quot;,&quot;preload_reach&quot;:1,&quot;spinner&quot;:&quot;builtin&quot;,&quot;spinner_image&quot;:&quot;http:\/\/sdg21.eu\/wp-content\/plugins\/wp-views\/embedded\/res\/img\/ajax-loader.gif&quot;,&quot;callback_next&quot;:&quot;&quot;,&quot;manage_history&quot;:&quot;disabled&quot;,&quot;has_controls_in_form&quot;:&quot;disabled&quot;,&quot;infinite_tolerance&quot;:&quot;0&quot;,&quot;max_pages&quot;:0,&quot;page&quot;:1,&quot;base_permalink&quot;:&quot;\/en\/wp-json\/wp\/v2\/pages\/21002?wpv_view_count=24394-TCPID21002&amp;wpv_paged=WPV_PAGE_NUM&quot;,&quot;loop&quot;:{&quot;type&quot;:&quot;&quot;,&quot;name&quot;:&quot;&quot;,&quot;data&quot;:[],&quot;id&quot;:0}}\" data-permalink=\"\/en\/wp-json\/wp\/v2\/pages\/21002?wpv_view_count=24394-TCPID21002\">\n\n\t\n\t\n\t\t\n\t\t<div class=\"su-spacer\" style=\"height:20px\"><\/div>\n<h3><a href=\"http:\/\/sdg21.eu\/en\/blog\/video-rolf-disch-wird-70-2014\">Video (2014) \"Rolf Disch turns 70\".<\/a><\/h3> \n<span style=\"font-size: 9pt;\"><\/span>\n<p><iframe loading=\"lazy\" src=\"\/\/www.youtube.com\/embed\/ISQ-mRW9t38\" width=\"560\" height=\"314\" allowfullscreen=\"allowfullscreen\"><\/iframe><\/p>\n\n<div class=\"su-spacer\" style=\"height:20px\"><\/div>\n<a href=\"http:\/\/sdg21.eu\/en\/blog\/video-rolf-disch-wird-70-2014\">Show more &gt;&gt;<\/a>\n<div class=\"su-spacer\" style=\"height:20px\"><\/div>\n<div class=\"su-spacer\" style=\"height:20px\"><\/div>\n\t\t\n\t\t<div class=\"su-spacer\" style=\"height:20px\"><\/div>\n<h3><a href=\"http:\/\/sdg21.eu\/en\/blog\/video-ueber-die-solarsiedlung-schlierberg-2009\">Two videos (2009) about the \"Solar Settlement Schlierberg<\/a><\/h3> \n<span style=\"font-size: 9pt;\"><\/span>\n<p><iframe loading=\"lazy\" src=\"\/\/www.youtube.com\/embed\/Ke6ZLXQs4ho\" width=\"560\" height=\"314\" allowfullscreen=\"allowfullscreen\"><\/iframe><\/p>\n\n<div class=\"su-spacer\" style=\"height:20px\"><\/div>\n<a href=\"http:\/\/sdg21.eu\/en\/blog\/video-ueber-die-solarsiedlung-schlierberg-2009\">Show more &gt;&gt;<\/a>\n<div class=\"su-spacer\" style=\"height:20px\"><\/div>\n<div class=\"su-spacer\" style=\"height:20px\"><\/div>\n\t\t\n\t\n\t\n\t\n<\/div>\n\n<p><strong>Further information about Rolf Disch<\/strong><\/p>\n<p>Website:<br \/>\n<a class=\"external text\" href=\"http:\/\/rolf-disch.de\/\" rel=\"nofollow\">Architect's office Rolf Disch<\/a><\/p>\n<p>Lecture by Rolf Disch on \"Solar Architecture. Energy efficient construction with wood\" at the IHF International Timber Construction Forum 2011:<br \/>\n<a href=\"http:\/\/www.forum-holzbau.com\/pdf\/ebh11_disch.pdf\" target=\"_blank\" rel=\"noopener noreferrer\">www.forum-holzbau.com\/pdf\/ebh11_disch.pdf<\/a><\/p>\n<p>Portrait of Rolf Disch in Die Zeit (1997):<br \/>\n<a href=\"https:\/\/www.zeit.de\/zustimmung?url=https%3A%2F%2Fwww.zeit.de%2F1997%2F31%2FDer_Sonne_zugewandt\" target=\"_blank\" rel=\"noopener noreferrer\">www.zeit.de\/1997\/31\/Der_Sonne_zugewandt<\/a><\/p>","protected":false},"excerpt":{"rendered":"<p>&#8222;Das Bauen muss vom fossil-atomaren ins solare Zeitalter gef\u00fchrt werden \u2013 die Ziele sind klar: H\u00e4user, die zu 100% mit regenerativen Energien betrieben werden. H\u00e4user mit optimierter H\u00fclle, die keine zus\u00e4tzliche Energie f\u00fcr Heizung und K\u00fchlung ben\u00f6tigen. H\u00e4user als Kraftwerke, die mehr Energie generieren als verbrauchen. All das ist heute m\u00f6glich.&#8220; Rolf Disch, Solararchitekt aus [&hellip;]<\/p>\n","protected":false},"author":1,"featured_media":0,"parent":8686,"menu_order":0,"comment_status":"closed","ping_status":"closed","template":"","meta":{"footnotes":""},"categories":[],"class_list":{"0":"post-21002","1":"page","2":"type-page","3":"status-publish","5":"gallery-content-unit","6":"czr-hentry"},"aioseo_notices":[],"_links":{"self":[{"href":"http:\/\/sdg21.eu\/en\/wp-json\/wp\/v2\/pages\/21002","targetHints":{"allow":["GET"]}}],"collection":[{"href":"http:\/\/sdg21.eu\/en\/wp-json\/wp\/v2\/pages"}],"about":[{"href":"http:\/\/sdg21.eu\/en\/wp-json\/wp\/v2\/types\/page"}],"author":[{"embeddable":true,"href":"http:\/\/sdg21.eu\/en\/wp-json\/wp\/v2\/users\/1"}],"replies":[{"embeddable":true,"href":"http:\/\/sdg21.eu\/en\/wp-json\/wp\/v2\/comments?post=21002"}],"version-history":[{"count":0,"href":"http:\/\/sdg21.eu\/en\/wp-json\/wp\/v2\/pages\/21002\/revisions"}],"up":[{"embeddable":true,"href":"http:\/\/sdg21.eu\/en\/wp-json\/wp\/v2\/pages\/8686"}],"wp:attachment":[{"href":"http:\/\/sdg21.eu\/en\/wp-json\/wp\/v2\/media?parent=21002"}],"wp:term":[{"taxonomy":"category","embeddable":true,"href":"http:\/\/sdg21.eu\/en\/wp-json\/wp\/v2\/categories?post=21002"}],"curies":[{"name":"wp","href":"https:\/\/api.w.org\/{rel}","templated":true}]}}