{"id":21607,"date":"2020-04-02T09:31:41","date_gmt":"2020-04-02T08:31:41","guid":{"rendered":"http:\/\/sdg21.eu\/?page_id=21607"},"modified":"2021-01-28T10:44:04","modified_gmt":"2021-01-28T09:44:04","slug":"architektur-und-holzbaupreise","status":"publish","type":"page","link":"http:\/\/sdg21.eu\/en\/architektur-und-holzbaupreise","title":{"rendered":"Architecture and timber construction awards"},"content":{"rendered":"<h3><em><strong>Germany<\/strong><\/em><\/h3>\n<p><em><br \/>\nStates<\/em><\/p>\n<p>Bavarian Wood Construction Award<br \/>\n<a class=\"external text\" href=\"http:\/\/www.landesbeiratholz-bayern.de\/\" target=\"_blank\" rel=\"nofollow noopener noreferrer\">Bavarian Timber Construction Award<\/a><\/p>\n<p>Berlin Wood Construction Award<br \/>\n<a href=\"https:\/\/www.stadtentwicklung.berlin.de\/staedtebau\/baukultur\/berliner_holzbaupreis\/index.shtml\" target=\"_blank\" rel=\"noopener noreferrer\">www.stadtentwicklung.berlin.de\/...berliner_holzbaupreis<\/a><\/p>\n<p>Bremen Building Owner Award<br \/>\n<a href=\"http:\/\/www.bremer-wohnbaupreis.de\/\" target=\"_blank\" rel=\"noopener noreferrer\">www.bremer-wohnbaupreis.de<\/a><\/p>\n<p>Wood construction award Baden-W\u00fcrttemberg<br \/>\n<a href=\"http:\/\/www.holzbaupreis-bw.de\/\" target=\"_blank\" rel=\"noopener noreferrer\">www.holzbaupreis-bw.de<\/a><\/p>\n<p>Wood Construction Award Hesse<br \/>\n<a title=\"https:\/\/service.hessen.de\/html\/Der-Hessische-Holzbaupreis-2015-3224.htm\" href=\"https:\/\/service.hessen.de\/html\/Der-Hessische-Holzbaupreis-2015-3224.htm\" target=\"_blank\" rel=\"noopener noreferrer\">https:\/\/service.hessen.de\/...Der-Hessische-Holzbaupreis-2015...<\/a><\/p>\n<p>Wood Construction Award Lower Saxony<br \/>\n<a href=\"https:\/\/www.3-n.info\/projekte\/laufende-projekte\/holzbaupreis-niedersachsen-2020.html\" target=\"_blank\" rel=\"noopener noreferrer\">www.3-n.info\/...holzbaupreis-niedersachsen-2020.html<\/a><\/p>\n<p>Wood Construction Award NRW<br \/>\n<a href=\"http:\/\/www.holzbaupreis-nrw.de\/\" target=\"_blank\" rel=\"noopener noreferrer\">www.holzbaupreis-nrw.de<\/a><\/p>\n<p>Timber construction award Eifel<br \/>\n<a href=\"https:\/\/hkzr.de\/projekte\/der-holzbaupreis-eifel\/\" target=\"_blank\" rel=\"noopener\">https:\/\/hkzr.de\/projekte\/der-holzbaupreis-eifel\/<\/a><\/p>\n<p>Wood construction award Bergisches Land<br \/>\n<a href=\"https:\/\/www.wald-und-holz.nrw.de\/aktuelle-meldungen\/moderne-langlebige-architektur-in-holzbauweise\/\" target=\"_blank\" rel=\"noopener noreferrer\">www.wald-und-holz.nrw.de\/...moderne-langlebige-architektur-in-holzbauweise<\/a><\/p>\n<p><em>Nationwide <\/em><\/p>\n<p>German Urban Design Award<br \/>\nAwarded every two years by the German Academy for Urban Development and Regional Planning and sponsored by the W\u00fcstenrot Foundation<br \/>\n<a href=\"http:\/\/www.staedtebaupreis.de\" target=\"_blank\" rel=\"noopener noreferrer\">www.staedtebaupreis.de<\/a><\/p>\n<p>DETAIL Prize<br \/>\nPrize money: a total of 5,000 euros has been awarded for the four prize categories.<br \/>\n<a href=\"http:\/\/www.detail.de\/veranstaltungen\/detail-preis\/\" target=\"_blank\" rel=\"noopener noreferrer\">www.detail.de\/veranstaltungen\/detail-preis<\/a><\/p>\n<p>German Building Award (since 1986)<br \/>\nCooperation of GdW Bundesverband deutscher Wohnungs- und Immobilienunternehmen (Federal Association of German Housing and Real Estate Companies), Bund Deutscher Architekten BDA (Association of German Architects) and Deutscher St\u00e4dtetag (German Association of Cities) (DST)<br \/>\n<a href=\"http:\/\/www.deutscherbauherrenpreis.de\/ergebnisse\/\" target=\"_blank\" rel=\"noopener noreferrer\">www.deutscherbauherrenpreis.de\/ergebnisse<\/a><\/p>\n<p>Schweighofer Prize (timber construction)<br \/>\nTotal amount of \u20ac 300.000<br \/>\n<a href=\"https:\/\/www.schweighofer-prize.org\/\" target=\"_blank\" rel=\"noopener noreferrer\">www.schweighofer-prize.org<\/a><\/p>\n<p>The German Timber Construction Award<br \/>\nEvery two years<br \/>\n<a href=\"http:\/\/www.deutscher-holzbaupreis.de\/\" target=\"_blank\" rel=\"noopener noreferrer\">www.deutscher-holzbaupreis.de<\/a><\/p>\n<p>&nbsp;<\/p>\n<p>HolzbauPlus<br \/>\nFederal competition - Building with renewable raw materials<br \/>\nEvery two years<br \/>\n<a href=\"http:\/\/www.holzbauplus-wettbewerb.info\/\" target=\"_blank\" rel=\"noopener noreferrer\">www.holzbauplus-wettbewerb.info<\/a><\/p>\n<p>Redevelopment Award<br \/>\n<a href=\"http:\/\/www.sanierungspreis.de\" target=\"_blank\" rel=\"noopener noreferrer\">www.sanierungspreis.de<\/a><\/p>\n<p>Solar Prize EUROSOLAR<br \/>\n<a href=\"https:\/\/www.eurosolar.de\/de\/index.php\/solarpreise\/deutscher-solarpreis\/1995-zu-den-deutschen-solarpreisen\" target=\"_blank\" rel=\"noopener noreferrer\">www.eurosolar.de\/...<\/a><\/p>\n<p>German Environmental Award (DBU)<br \/>\n<a class=\"external-link-new-window\" title=\"Opens external link in new window\" href=\"https:\/\/www.dbu.de\/2418.html\" target=\"_blank\" rel=\"noopener noreferrer\">www.dbu.de\/2418.html<\/a><\/p>\n<h3><strong>Austria<\/strong><\/h3>\n<p>Upper Austrian Timber Construction Award<br \/>\n<a class=\"external text\" href=\"http:\/\/www.holzbaupreis-ooe.at\/\" rel=\"nofollow\">Upper Austrian Timber Construction Award<\/a><\/p>\n<p>Vorarlberg Wood Construction Award<br \/>\n<a href=\"https:\/\/www.holzbaukunst.at\/events-aktivitaeten\/holzbaupreis-2019\/\" target=\"_blank\" rel=\"noopener noreferrer\">www.holzbaukunst.at\/...<\/a><\/p>\n<p>Lower Austrian Timber Construction Award<br \/>\n<a href=\"http:\/\/www.holzbaupreis-noe.at\/\" target=\"_blank\" rel=\"noopener noreferrer\">www.holzbaupreis-noe.at<\/a><\/p>\n<p>&nbsp;<\/p>\n<hr \/>\n<p>Overview of awards and competitions in architecture and urban planning<br \/>\n<a href=\"https:\/\/www.bundesstiftung-baukultur.de\/netzwerk\/preise\" target=\"_blank\" rel=\"noopener noreferrer\">www.bundesstiftung-baukultur.de\/netzwerk\/preise<\/a><\/p>","protected":false},"excerpt":{"rendered":"<p>Deutschland Bundesl\u00e4nder Bayrischer Holzbaupreis Bayerischer Holzbaupreis Berliner Holzbaupreis www.stadtentwicklung.berlin.de\/\u2026berliner_holzbaupreis Bremer Bauherrenpreis www.bremer-wohnbaupreis.de Holzbaupreis Baden-W\u00fcrttemberg www.holzbaupreis-bw.de Holzbaupreis Hessen https:\/\/service.hessen.de\/\u2026Der-Hessische-Holzbaupreis-2015\u2026 Holzbaupreis Niedersachsen www.3-n.info\/\u2026holzbaupreis-niedersachsen-2020.html Holzbaupreis NRW www.holzbaupreis-nrw.de Holzbaupreis Eifel https:\/\/hkzr.de\/projekte\/der-holzbaupreis-eifel\/ Holzbaupreis Bergisches Land www.wald-und-holz.nrw.de\/\u2026moderne-langlebige-architektur-in-holzbauweise Bundesweit Deutscher St\u00e4dtebaupreis Alle zwei Jahre von der Deutschen Akademie f\u00fcr St\u00e4dtebau und Landesplanung ausgelobt und von der W\u00fcstenrot Stiftung gef\u00f6rdert www.staedtebaupreis.de DETAIL-Preis Preisgeld: [&hellip;]<\/p>\n","protected":false},"author":1,"featured_media":0,"parent":0,"menu_order":0,"comment_status":"closed","ping_status":"closed","template":"","meta":{"footnotes":""},"categories":[],"class_list":{"0":"post-21607","1":"page","2":"type-page","3":"status-publish","5":"gallery-content-unit","6":"czr-hentry"},"aioseo_notices":[],"_links":{"self":[{"href":"http:\/\/sdg21.eu\/en\/wp-json\/wp\/v2\/pages\/21607","targetHints":{"allow":["GET"]}}],"collection":[{"href":"http:\/\/sdg21.eu\/en\/wp-json\/wp\/v2\/pages"}],"about":[{"href":"http:\/\/sdg21.eu\/en\/wp-json\/wp\/v2\/types\/page"}],"author":[{"embeddable":true,"href":"http:\/\/sdg21.eu\/en\/wp-json\/wp\/v2\/users\/1"}],"replies":[{"embeddable":true,"href":"http:\/\/sdg21.eu\/en\/wp-json\/wp\/v2\/comments?post=21607"}],"version-history":[{"count":0,"href":"http:\/\/sdg21.eu\/en\/wp-json\/wp\/v2\/pages\/21607\/revisions"}],"wp:attachment":[{"href":"http:\/\/sdg21.eu\/en\/wp-json\/wp\/v2\/media?parent=21607"}],"wp:term":[{"taxonomy":"category","embeddable":true,"href":"http:\/\/sdg21.eu\/en\/wp-json\/wp\/v2\/categories?post=21607"}],"curies":[{"name":"wp","href":"https:\/\/api.w.org\/{rel}","templated":true}]}}