{"id":21950,"date":"2020-04-30T18:58:01","date_gmt":"2020-04-30T17:58:01","guid":{"rendered":"http:\/\/sdg21.eu\/?page_id=21950"},"modified":"2020-05-01T23:14:42","modified_gmt":"2020-05-01T22:14:42","slug":"friedensreich-hundertwasser","status":"publish","type":"page","link":"http:\/\/sdg21.eu\/en\/friedensreich-hundertwasser","title":{"rendered":"Settlements and quarters by Hundertwasser"},"content":{"rendered":"<p>Der Maler Friedensreich Hundertwasser hatte zu Lebzeiten mehrere Siedlungen und Quartiere entworfen, in denen sehr fr\u00fch schon weitergehende \u00f6kologische und soziale Aspekte ber\u00fccksichtigt wurden. Hier finden Sie einen \u00dcberblick der von Hundertwasser realisierten Projekte. Hundertwasser geh\u00f6rt zu den prominentesten Impulsgebern f\u00fcr das \u00f6kologische Bauen in den 80er Jahren. Insbesondere seine intensiven Dachbegr\u00fcnungen u.a. mit B\u00e4umen und sogenannte \u201eBaummieter\u201c sind wegweisende Beitr\u00e4ge zur Verbesserung des Wohnumfelds.<\/p>\n<p><em>\u201eDachbegr\u00fcnungen sind die Dachabdeckungen der Zukunft. [\u2026] Man wird sich schwer vorstellen k\u00f6nnen, dass es einmal eine Zeit gab, in der die D\u00e4cher tot waren \u2013 ohne Leben und ohne Vegetation.\u201c<\/em><br \/>\nFriedensreich Hundertwasser<br \/>\nin: Stifter, Roland (1988): Dachg\u00e4rten: Gr\u00fcne Inseln in der Stadt. Stuttgart<\/p>\n<p><strong>Drei Manifeste<\/strong> mit Bezug zur Architektur hat Hundertwasser verfasst:<br \/>\n1999 Manifest zur GR\u00dcNEN ZITADELLE VON MAGDEBURG<strong><br \/>\n<\/strong><a href=\"http:\/\/www.gruene-zitadelle.de\/de\/hundertwasser\/manifest\" target=\"_blank\" rel=\"noopener noreferrer\">www.gruene-zitadelle.de\/de\/hundertwasser\/manifest<\/a><br \/>\n1958 Verschimmelungs-Manifest GEGEN DEN RATIONALISMUS IN DER ARCHITEKTUR<br \/>\n<a href=\"http:\/\/www.hundertwasser.de\/deutsch\/texte\/philo_verschimmelungsmanifest.php\" target=\"_blank\" rel=\"noopener noreferrer\">www.hundertwasser.de\/&#8230;verschimmelungsmanifest.php<\/a><br \/>\n1979 Manifest \u201eDIE HEILIGE SCHEI\u00dfE\u201c<br \/>\n<a href=\"https:\/\/agrarinfo.ch\/heilige_scheisse\/\" target=\"_blank\" rel=\"noopener noreferrer\">https:\/\/agrarinfo.ch\/heilige_scheisse<\/a><\/p>\n<p>Und nat\u00fcrlich durch seine Bauten, wovon einige der Gr\u00f6\u00dferen auf dieser Webseite vorgestellt werden.<\/p>\n<p>Die verzeichneten Projekte werden absteigend nach Gr\u00f6\u00dfe (m\u00b2 Nutzfl\u00e4che) sortiert angezeigt.<br \/>\nDas gr\u00f6\u00dfte Projekt ist also oben.<br \/>\n<form autocomplete=\"off\" name=\"wpv-filter-21951\" action=\"\/en\/wp-json\/wp\/v2\/pages\/21950?wpv_view_count=21951\" method=\"get\" class=\"wpv-filter-form js-wpv-filter-form js-wpv-filter-form-21951 js-wpv-form-full js-wpv-dps-enabled js-wpv-ajax-results-enabled\" data-viewnumber=\"21951\" data-viewid=\"21951\" data-viewhash=\"eyJuYW1lIjoiaHVuZGVydHdhc3NlciJ9\" data-viewwidgetid=\"0\" data-orderby=\"\" data-order=\"\" data-orderbyas=\"\" data-orderbysecond=\"\" data-ordersecond=\"\" data-parametric=\"{&quot;query&quot;:&quot;normal&quot;,&quot;id&quot;:&quot;21951&quot;,&quot;view_id&quot;:&quot;21951&quot;,&quot;widget_id&quot;:0,&quot;view_hash&quot;:&quot;21951&quot;,&quot;action&quot;:&quot;\\\/en\\\/wp-json\\\/wp\\\/v2\\\/pages\\\/21950?wpv_view_count=21951&quot;,&quot;sort&quot;:{&quot;orderby&quot;:&quot;&quot;,&quot;order&quot;:&quot;&quot;,&quot;orderby_as&quot;:&quot;&quot;,&quot;orderby_second&quot;:&quot;&quot;,&quot;order_second&quot;:&quot;&quot;},&quot;orderby&quot;:&quot;&quot;,&quot;order&quot;:&quot;&quot;,&quot;orderby_as&quot;:&quot;&quot;,&quot;orderby_second&quot;:&quot;&quot;,&quot;order_second&quot;:&quot;&quot;,&quot;ajax_form&quot;:&quot;&quot;,&quot;ajax_results&quot;:&quot;&quot;,&quot;effect&quot;:&quot;fade&quot;,&quot;prebefore&quot;:&quot;&quot;,&quot;before&quot;:&quot;&quot;,&quot;after&quot;:&quot;&quot;,&quot;attributes&quot;:[],&quot;environment&quot;:{&quot;current_post_id&quot;:21950,&quot;parent_post_id&quot;:21950,&quot;parent_term_id&quot;:0,&quot;parent_user_id&quot;:0,&quot;archive&quot;:{&quot;type&quot;:&quot;&quot;,&quot;name&quot;:&quot;&quot;,&quot;data&quot;:[]}},&quot;loop&quot;:{&quot;type&quot;:&quot;&quot;,&quot;name&quot;:&quot;&quot;,&quot;data&quot;:[],&quot;id&quot;:0}}\" data-attributes=\"[]\" data-environment=\"{&quot;current_post_id&quot;:21950,&quot;parent_post_id&quot;:21950,&quot;parent_term_id&quot;:0,&quot;parent_user_id&quot;:0,&quot;archive&quot;:{&quot;type&quot;:&quot;&quot;,&quot;name&quot;:&quot;&quot;,&quot;data&quot;:[]}}\"><input type=\"hidden\" class=\"js-wpv-dps-filter-data js-wpv-filter-data-for-this-form\" data-action=\"\/en\/wp-json\/wp\/v2\/pages\/21950?wpv_view_count=21951\" data-page=\"1\" data-ajax=\"enable\" data-effect=\"fade\" data-maxpages=\"0\" data-ajaxprebefore=\"\" data-ajaxbefore=\"\" data-ajaxafter=\"\" \/><input class=\"wpv_view_count wpv_view_count-21951\" type=\"hidden\" name=\"wpv_view_count\" value=\"21951\" \/>\n\n<div class=\"su-spacer\" style=\"height:20px\"><\/div>  \n<div class=\"form-group\">\n\t<label>Bundesl\u00e4nder<\/label>\n\t<ul class=\"categorychecklist form-no-clear\"><li id=\"bundesland-293\" class=\"popular-category\"><label for=\"in-bundesland-293\" class=\"selectit\"><input type=\"checkbox\" id=\"in-bundesland-293\" class=\"js-wpv-filter-trigger\" name=\"wpv-bundesland[]\" value=\"bawue\" \/> Baden-W\u00fcrttemberg<\/label><\/li>\n<li id=\"bundesland-299\" class=\"popular-category\"><label for=\"in-bundesland-299\" class=\"selectit\"><input type=\"checkbox\" id=\"in-bundesland-299\" class=\"js-wpv-filter-trigger\" name=\"wpv-bundesland[]\" value=\"hessen\" \/> Hessen<\/label><\/li>\n<li id=\"bundesland-301\" class=\"popular-category\"><label for=\"in-bundesland-301\" class=\"selectit\"><input type=\"checkbox\" id=\"in-bundesland-301\" class=\"js-wpv-filter-trigger\" name=\"wpv-bundesland[]\" value=\"niedersachsen\" \/> Niedersachsen<\/label><\/li>\n<li id=\"bundesland-306\"><label for=\"in-bundesland-306\" class=\"selectit\"><input type=\"checkbox\" id=\"in-bundesland-306\" class=\"js-wpv-filter-trigger\" name=\"wpv-bundesland[]\" value=\"st\" \/> Sachsen-Anhalt<\/label><\/li>\n<\/ul>\n<\/div><div class=\"form-group\">\n\t<label>Land w\u00e4hlen<\/label>\n\t<ul class=\"categorychecklist form-no-clear\"><li id=\"nation-406\" class=\"popular-category\"><label for=\"in-nation-406\" class=\"selectit\"><input type=\"checkbox\" id=\"in-nation-406\" class=\"js-wpv-filter-trigger\" name=\"wpv-nation[]\" value=\"de\" \/> Deutschland<\/label><\/li>\n<li id=\"nation-618\" class=\"popular-category\"><label for=\"in-nation-618\" class=\"selectit\"><input type=\"checkbox\" id=\"in-nation-618\" class=\"js-wpv-filter-trigger\" name=\"wpv-nation[]\" value=\"at\" \/> \u00d6sterreich<\/label><\/li>\n<\/ul>\n<\/div><span class=\"wpv-sort-list-dropdown wpv-sort-list-orderby-dropdown wpv-sort-list-dropdown-style-default js-wpv-sort-list-dropdown js-wpv-sort-list-orderby-dropdown\" style=\"width:18em;\" data-viewnumber=\"21951\"><span class=\"wpv-sort-list js-wpv-sort-list\"><span class=\"wpv-sort-list-item wpv-sort-list-orderby-item wpv-sort-list-current js-wpv-sort-list-item\" style=\"width:18em;\"><a href=\"#\" class=\"wpv-sort-list-anchor js-wpv-sort-list-orderby\" data-orderby=\"field-wpcf-wohneinheiten\" data-orderbyas=\"numeric\" data-forceorder=\"asc\" data-viewnumber=\"21951\"><span>Wohneinheiten<\/span><\/a><\/span><span class=\"wpv-sort-list-item wpv-sort-list-orderby-item js-wpv-sort-list-item\" style=\"width:18em;\"><a href=\"#\" class=\"wpv-sort-list-anchor js-wpv-sort-list-orderby\" data-orderby=\"post_date\" data-orderbyas=\"\" data-forceorder=\"desc\" data-viewnumber=\"21951\"><span>Beitragsdatum<\/span><\/a><\/span><span class=\"wpv-sort-list-item wpv-sort-list-orderby-item js-wpv-sort-list-item\" style=\"width:18em;\"><a href=\"#\" class=\"wpv-sort-list-anchor js-wpv-sort-list-orderby\" data-orderby=\"field-name\" data-orderbyas=\"\" data-forceorder=\"asc\" data-viewnumber=\"21951\"><span>Name<\/span><\/a><\/span><span class=\"wpv-sort-list-item wpv-sort-list-orderby-item js-wpv-sort-list-item\" style=\"width:18em;\"><a href=\"#\" class=\"wpv-sort-list-anchor js-wpv-sort-list-orderby\" data-orderby=\"field-wpcf-fertigstellung\" data-orderbyas=\"numeric\" data-forceorder=\"asc\" data-viewnumber=\"21951\"><span>Fertigstellungs-Jahr<\/span><\/a><\/span><span class=\"wpv-sort-list-item wpv-sort-list-orderby-item js-wpv-sort-list-item\" style=\"width:18em;\"><a href=\"#\" class=\"wpv-sort-list-anchor js-wpv-sort-list-orderby\" data-orderby=\"field-wpcf-plz\" data-orderbyas=\"numeric\" data-forceorder=\"asc\" data-viewnumber=\"21951\"><span>PLZ<\/span><\/a><\/span><span class=\"wpv-sort-list-item wpv-sort-list-orderby-item js-wpv-sort-list-item\" style=\"width:18em;\"><a href=\"#\" class=\"wpv-sort-list-anchor js-wpv-sort-list-orderby\" data-orderby=\"field-wpcf-stadt\" data-orderbyas=\"\" data-forceorder=\"asc\" data-viewnumber=\"21951\"><span>Stadt-\/Ortsname<\/span><\/a><\/span><\/span><\/span><select name=\"wpv_sort_order\" class=\"wpv-sort-control-select wpv-sort-control-order js-wpv-sort-control-order\" data-viewnumber=\"21951\" data-labels=\"{&quot;default&quot;:{&quot;asc&quot;:&quot;Aufsteigend&quot;,&quot;desc&quot;:&quot;Absteigend&quot;},&quot;post_date&quot;:{&quot;asc&quot;:&quot;Alte Beitr\\u00e4ge zuerst&quot;,&quot;desc&quot;:&quot;Neue Beitr\\u00e4ge zuerst&quot;},&quot;field-name&quot;:{&quot;asc&quot;:&quot;Aufsteigend&quot;,&quot;desc&quot;:&quot;Absteigend&quot;},&quot;field-wpcf-fertigstellung&quot;:{&quot;asc&quot;:&quot;Aufsteigend&quot;,&quot;desc&quot;:&quot;Absteigend&quot;},&quot;field-wpcf-plz&quot;:{&quot;asc&quot;:&quot;Aufsteigend&quot;,&quot;desc&quot;:&quot;Absteigend&quot;},&quot;field-wpcf-wohneinheiten&quot;:{&quot;asc&quot;:&quot;Aufsteigend&quot;,&quot;desc&quot;:&quot;Absteigend&quot;},&quot;field-wpcf-stadt&quot;:{&quot;asc&quot;:&quot;Aufsteigend&quot;,&quot;desc&quot;:&quot;Absteigend&quot;}}\" autocomplete=\"off\"><option value=\"desc\"  selected='selected'>Absteigend<\/option><option value=\"asc\" >Aufsteigend<\/option><\/select>\n<input type=\"button\" class=\"wpv-reset-trigger js-wpv-reset-trigger\" name=\"wpv_filter_reset\" value=\"Filter zur\u00fccksetzen\" \/>\n<div class=\"su-spacer\" style=\"height:20px\"><\/div>  \nAnzahl der angezeigten Projekte: 6 \n<div class=\"su-spacer\" style=\"height:20px\"><\/div>\n\n<\/form>\n<div id=\"wpv-view-layout-21951\" class=\"js-wpv-view-layout js-wpv-layout-responsive js-wpv-view-layout-21951\" data-viewnumber=\"21951\" data-pagination=\"{&quot;id&quot;:&quot;21951&quot;,&quot;query&quot;:&quot;normal&quot;,&quot;type&quot;:&quot;disabled&quot;,&quot;effect&quot;:&quot;fade&quot;,&quot;duration&quot;:500,&quot;speed&quot;:5,&quot;pause_on_hover&quot;:&quot;disabled&quot;,&quot;stop_rollover&quot;:&quot;false&quot;,&quot;cache_pages&quot;:&quot;enabled&quot;,&quot;preload_images&quot;:&quot;enabled&quot;,&quot;preload_pages&quot;:&quot;enabled&quot;,&quot;preload_reach&quot;:1,&quot;spinner&quot;:&quot;builtin&quot;,&quot;spinner_image&quot;:&quot;http:\/\/sdg21.eu\/wp-content\/plugins\/wp-views\/embedded\/res\/img\/ajax-loader.gif&quot;,&quot;callback_next&quot;:&quot;&quot;,&quot;manage_history&quot;:&quot;disabled&quot;,&quot;has_controls_in_form&quot;:&quot;disabled&quot;,&quot;infinite_tolerance&quot;:&quot;0&quot;,&quot;max_pages&quot;:0,&quot;page&quot;:1,&quot;base_permalink&quot;:&quot;\/en\/wp-json\/wp\/v2\/pages\/21950?wpv_view_count=21951&amp;wpv_paged=WPV_PAGE_NUM&quot;,&quot;loop&quot;:{&quot;type&quot;:&quot;&quot;,&quot;name&quot;:&quot;&quot;,&quot;data&quot;:[],&quot;id&quot;:0}}\" data-permalink=\"\/en\/wp-json\/wp\/v2\/pages\/21950?wpv_view_count=21951\">\n\n\t\n\t\n\t<ul class=\"wpv-loop js-wpv-loop\">\n\t\t\n\t\t\t<H2><a href=\"http:\/\/sdg21.eu\/en\/db\/huegelwiesenland-und-therme-in-bad-blumau\">H\u00fcgelwiesenland und Therme in Bad Blumau<\/a><\/H2> \n<span style=\"font-size: 8pt;\"><\/span>\n<div class=\"su-spacer\" style=\"height:20px\"><\/div>\n<p><a href=\"http:\/\/sdg21.eu\/wp-content\/uploads\/2020\/04\/IMG_5825_1280x720.jpg\"><img loading=\"lazy\" decoding=\"async\" class=\"alignleft wp-image-21805 size-medium\" title=\"\u00a9 Foto: Thomas Meier, radundfuss.net\" src=\"http:\/\/sdg21.eu\/wp-content\/uploads\/2020\/04\/IMG_5825_1280x720-300x169.jpg\" alt=\"\u00a9 Foto: Thomas Meier, radundfuss.net\" width=\"300\" height=\"169\" srcset=\"https:\/\/sdg21.eu\/wp-content\/uploads\/2020\/04\/IMG_5825_1280x720-300x169.jpg 300w, https:\/\/sdg21.eu\/wp-content\/uploads\/2020\/04\/IMG_5825_1280x720-560x315.jpg 560w, https:\/\/sdg21.eu\/wp-content\/uploads\/2020\/04\/IMG_5825_1280x720-250x141.jpg 250w, https:\/\/sdg21.eu\/wp-content\/uploads\/2020\/04\/IMG_5825_1280x720-768x432.jpg 768w, https:\/\/sdg21.eu\/wp-content\/uploads\/2020\/04\/IMG_5825_1280x720-1024x576.jpg 1024w, https:\/\/sdg21.eu\/wp-content\/uploads\/2020\/04\/IMG_5825_1280x720-160x90.jpg 160w, https:\/\/sdg21.eu\/wp-content\/uploads\/2020\/04\/IMG_5825_1280x720-144x81.jpg 144w, https:\/\/sdg21.eu\/wp-content\/uploads\/2020\/04\/IMG_5825_1280x720.jpg 1280w\" sizes=\"auto, (max-width: 300px) 100vw, 300px\" \/><\/a><strong>AT &#8211; 8283 Bad Blumau:<\/strong> die Geb\u00e4ude sind teilweise mit Recyclingbaustoffen realisiert, das ganze Resort wird emissionsfrei mit Strom und W\u00e4rme versorgt, die in einer Geothermieanlage erzeugt wird. Der Entwurf der Anlage stammt von Friedensreich Hundertwasser. Fertigstellung: 1997<\/p>\n\n<br class=\"clear\" \/>\n<br \/>\n<a href=\"http:\/\/sdg21.eu\/en\/db\/huegelwiesenland-und-therme-in-bad-blumau\">Mehr anzeigen >> <\/a>\n<div class=\"su-spacer\" style=\"height:20px\"><\/div>\n<span>&#8211; &#8211; &#8211; &#8211; &#8211; &#8211; &#8211; &#8211; &#8211; &#8211; &#8211; &#8211; &#8211; &#8211; &#8211; &#8211; &#8211; &#8211;<\/span>\n\t\t\n\t\t\t<H2><a href=\"http:\/\/sdg21.eu\/en\/db\/hundertwasser-haus-waldspirale\">Hundertwasser-Haus &#8222;Waldspirale&#8220;<\/a><\/H2> \n<span style=\"font-size: 8pt;\"><\/span>\n<div class=\"su-spacer\" style=\"height:20px\"><\/div>\n<p><a href=\"#gallery-9035\"><img loading=\"lazy\" decoding=\"async\" class=\"alignleft wp-image-8976 size-medium\" src=\"http:\/\/sdg21.eu\/wp-content\/uploads\/2016\/08\/CS-10-2006-NSE-100wasser-06-300x225.jpg\" alt=\"CS-10-2006-NSE-100wasser-06\" width=\"300\" height=\"225\" srcset=\"https:\/\/sdg21.eu\/wp-content\/uploads\/2016\/08\/CS-10-2006-NSE-100wasser-06-300x225.jpg 300w, https:\/\/sdg21.eu\/wp-content\/uploads\/2016\/08\/CS-10-2006-NSE-100wasser-06-560x420.jpg 560w, https:\/\/sdg21.eu\/wp-content\/uploads\/2016\/08\/CS-10-2006-NSE-100wasser-06-250x188.jpg 250w, https:\/\/sdg21.eu\/wp-content\/uploads\/2016\/08\/CS-10-2006-NSE-100wasser-06-768x576.jpg 768w, https:\/\/sdg21.eu\/wp-content\/uploads\/2016\/08\/CS-10-2006-NSE-100wasser-06-160x120.jpg 160w, https:\/\/sdg21.eu\/wp-content\/uploads\/2016\/08\/CS-10-2006-NSE-100wasser-06-144x108.jpg 144w, https:\/\/sdg21.eu\/wp-content\/uploads\/2016\/08\/CS-10-2006-NSE-100wasser-06-100x75.jpg 100w, https:\/\/sdg21.eu\/wp-content\/uploads\/2016\/08\/CS-10-2006-NSE-100wasser-06.jpg 850w\" sizes=\"auto, (max-width: 300px) 100vw, 300px\" \/><\/a><strong>6<span class=\"postal-code\">4289<\/span> Darmstadt: <\/strong>Waldspirale, Entwurf von Friedensreich Hundertwasser. Modellprojekt f\u00fcr den Einsatz von Recyclingbeton.<\/p>\n<p><em>&#8222;Dachbegr\u00fcnungen sind die Dachabdeckungen der Zukunft. [&#8230;] Man wird sich schwer vorstellen k\u00f6nnen, dass es einmal eien Zeit gab, in der die D\u00e4cher tot waren &#8211; ohne Leben und Ohne Vegetation.&#8220;<\/em><br \/>\nFriedensreich Hundertwasser in: Stifter, Roland (1988): Dachg\u00e4rten: Gr\u00fcne Inseln in der Stadt. Stuttgart<\/p>\n\n<br class=\"clear\" \/>\n<br \/>\n<a href=\"http:\/\/sdg21.eu\/en\/db\/hundertwasser-haus-waldspirale\">Mehr anzeigen >> <\/a>\n<div class=\"su-spacer\" style=\"height:20px\"><\/div>\n<span>&#8211; &#8211; &#8211; &#8211; &#8211; &#8211; &#8211; &#8211; &#8211; &#8211; &#8211; &#8211; &#8211; &#8211; &#8211; &#8211; &#8211; &#8211;<\/span>\n\t\t\n\t\t\t<H2><a href=\"http:\/\/sdg21.eu\/en\/db\/hundertwassersiedlung-wohnen-unterm-regenturm\">Hundertwasser-Siedlung &#8222;Wohnen unterm Regenturm&#8220;<\/a><\/H2> \n<span style=\"font-size: 8pt;\"><\/span>\n<div class=\"su-spacer\" style=\"height:20px\"><\/div>\n<p><strong><a href=\"http:\/\/sdg21.eu\/wp-content\/uploads\/2016\/08\/hunterwasser-plochingen.jpg\"><img loading=\"lazy\" decoding=\"async\" class=\"alignleft wp-image-7931 size-medium\" src=\"http:\/\/sdg21.eu\/wp-content\/uploads\/2016\/08\/hunterwasser-plochingen-300x204.jpg\" alt=\"hunterwasser-plochingen\" width=\"300\" height=\"204\" srcset=\"https:\/\/sdg21.eu\/wp-content\/uploads\/2016\/08\/hunterwasser-plochingen-300x204.jpg 300w, https:\/\/sdg21.eu\/wp-content\/uploads\/2016\/08\/hunterwasser-plochingen-560x381.jpg 560w, https:\/\/sdg21.eu\/wp-content\/uploads\/2016\/08\/hunterwasser-plochingen-250x170.jpg 250w, https:\/\/sdg21.eu\/wp-content\/uploads\/2016\/08\/hunterwasser-plochingen-768x522.jpg 768w, https:\/\/sdg21.eu\/wp-content\/uploads\/2016\/08\/hunterwasser-plochingen-160x109.jpg 160w, https:\/\/sdg21.eu\/wp-content\/uploads\/2016\/08\/hunterwasser-plochingen-1024x696.jpg 1024w, https:\/\/sdg21.eu\/wp-content\/uploads\/2016\/08\/hunterwasser-plochingen-144x98.jpg 144w, https:\/\/sdg21.eu\/wp-content\/uploads\/2016\/08\/hunterwasser-plochingen-100x68.jpg 100w, https:\/\/sdg21.eu\/wp-content\/uploads\/2016\/08\/hunterwasser-plochingen.jpg 1196w\" sizes=\"auto, (max-width: 300px) 100vw, 300px\" \/><\/a>73207 Plochingen:<\/strong> nach Hundertwasser gestaltetes Wohnanlage, Dachbegr\u00fcnung, Wasserspiele, Wohnhof, viele Touristen. 62 Wohnungen, 16 gewerbliche Einheiten, 2.300 qm Fl\u00e4che f\u00fcr einen Einkaufsmarkt. 1,5 ha Grundst\u00fccksfl\u00e4che. Bauzeit: 1991-1994<\/p>\n\n<br class=\"clear\" \/>\n<br \/>\n<a href=\"http:\/\/sdg21.eu\/en\/db\/hundertwassersiedlung-wohnen-unterm-regenturm\">Mehr anzeigen >> <\/a>\n<div class=\"su-spacer\" style=\"height:20px\"><\/div>\n<span>&#8211; &#8211; &#8211; &#8211; &#8211; &#8211; &#8211; &#8211; &#8211; &#8211; &#8211; &#8211; &#8211; &#8211; &#8211; &#8211; &#8211; &#8211;<\/span>\n\t\t\n\t\t\t<H2><a href=\"http:\/\/sdg21.eu\/en\/db\/gruene-zitadelle-in-magdeburg\">Gr\u00fcne Zitadelle in Magdeburg von Friedensreich Hundertwasser<\/a><\/H2> \n<span style=\"font-size: 8pt;\"><\/span>\n<div class=\"su-spacer\" style=\"height:20px\"><\/div>\n<p><strong><a href=\"http:\/\/sdg21.eu\/wp-content\/uploads\/2020\/01\/gr\u00fcne-zitadelle-magdeburg-34.jpg\"><img loading=\"lazy\" decoding=\"async\" class=\"alignleft wp-image-20410 size-medium\" src=\"http:\/\/sdg21.eu\/wp-content\/uploads\/2020\/01\/gr\u00fcne-zitadelle-magdeburg-34-300x200.jpg\" alt=\"Foto: Juri Czabanowski, Kunst- &amp; Architekturhistoriker\" width=\"300\" height=\"200\" srcset=\"https:\/\/sdg21.eu\/wp-content\/uploads\/2020\/01\/gr\u00fcne-zitadelle-magdeburg-34-300x200.jpg 300w, https:\/\/sdg21.eu\/wp-content\/uploads\/2020\/01\/gr\u00fcne-zitadelle-magdeburg-34-560x373.jpg 560w, https:\/\/sdg21.eu\/wp-content\/uploads\/2020\/01\/gr\u00fcne-zitadelle-magdeburg-34-1280x853.jpg 1280w, https:\/\/sdg21.eu\/wp-content\/uploads\/2020\/01\/gr\u00fcne-zitadelle-magdeburg-34-250x167.jpg 250w, https:\/\/sdg21.eu\/wp-content\/uploads\/2020\/01\/gr\u00fcne-zitadelle-magdeburg-34-768x512.jpg 768w, https:\/\/sdg21.eu\/wp-content\/uploads\/2020\/01\/gr\u00fcne-zitadelle-magdeburg-34-1320x880.jpg 1320w, https:\/\/sdg21.eu\/wp-content\/uploads\/2020\/01\/gr\u00fcne-zitadelle-magdeburg-34-1024x683.jpg 1024w, https:\/\/sdg21.eu\/wp-content\/uploads\/2020\/01\/gr\u00fcne-zitadelle-magdeburg-34-160x107.jpg 160w, https:\/\/sdg21.eu\/wp-content\/uploads\/2020\/01\/gr\u00fcne-zitadelle-magdeburg-34-144x96.jpg 144w, https:\/\/sdg21.eu\/wp-content\/uploads\/2020\/01\/gr\u00fcne-zitadelle-magdeburg-34.jpg 1368w\" sizes=\"auto, (max-width: 300px) 100vw, 300px\" \/><\/a>39104 Magdeburg:<\/strong> Nutzungsgemischtes Wohn- und Gesch\u00e4ftshaus mit Ladenlokalen, Eventr\u00e4umen, Hotel mit 42 Zimmern, Theater, B\u00fcros, Arztpraxen und einem Kindergarten. Nutzfl\u00e4che 11.300 m\u00b2, 55 Wohnungen, 33-Meter hoher Turm, &#8222;Fensterrecht&#8220; und &#8222;Baumpflicht&#8220;. Fertigstellung: 2005<\/p>\n\n<br class=\"clear\" \/>\n<br \/>\n<a href=\"http:\/\/sdg21.eu\/en\/db\/gruene-zitadelle-in-magdeburg\">Mehr anzeigen >> <\/a>\n<div class=\"su-spacer\" style=\"height:20px\"><\/div>\n<span>&#8211; &#8211; &#8211; &#8211; &#8211; &#8211; &#8211; &#8211; &#8211; &#8211; &#8211; &#8211; &#8211; &#8211; &#8211; &#8211; &#8211; &#8211;<\/span>\n\t\t\n\t\t\t<H2><a href=\"http:\/\/sdg21.eu\/en\/db\/hundertwasserhaus-in-wien\">Hundertwasserhaus in Wien<\/a><\/H2> \n<span style=\"font-size: 8pt;\"><\/span>\n<div class=\"su-spacer\" style=\"height:20px\"><\/div>\n<p><strong><a href=\"http:\/\/sdg21.eu\/wp-content\/uploads\/2020\/05\/Hundertwasserhaus-2.jpg\"><img loading=\"lazy\" decoding=\"async\" class=\"wp-image-21971 size-medium alignleft\" src=\"http:\/\/sdg21.eu\/wp-content\/uploads\/2020\/05\/Hundertwasserhaus-2-300x265.jpg\" alt=\"\u00a9 Foto: Thomas Meier\" width=\"300\" height=\"265\" srcset=\"https:\/\/sdg21.eu\/wp-content\/uploads\/2020\/05\/Hundertwasserhaus-2-300x265.jpg 300w, https:\/\/sdg21.eu\/wp-content\/uploads\/2020\/05\/Hundertwasserhaus-2-560x495.jpg 560w, https:\/\/sdg21.eu\/wp-content\/uploads\/2020\/05\/Hundertwasserhaus-2-250x221.jpg 250w, https:\/\/sdg21.eu\/wp-content\/uploads\/2020\/05\/Hundertwasserhaus-2-768x679.jpg 768w, https:\/\/sdg21.eu\/wp-content\/uploads\/2020\/05\/Hundertwasserhaus-2-160x141.jpg 160w, https:\/\/sdg21.eu\/wp-content\/uploads\/2020\/05\/Hundertwasserhaus-2-144x127.jpg 144w, https:\/\/sdg21.eu\/wp-content\/uploads\/2020\/05\/Hundertwasserhaus-2.jpg 938w\" sizes=\"auto, (max-width: 300px) 100vw, 300px\" \/><\/a>AT &#8211; 1030 Wien:<\/strong> es ist das erste Haus, das nach Ideen und Entw\u00fcrfen des Malers Friedensreich Hundertwasser entstanden ist. Im Haus befinden sich 50 Wohnungen, vier Gesch\u00e4ftslokale und eine Arztpraxis. Auf den den 16 privaten und drei gemeinschaftlichen Dachterrassen und den D\u00e4chern wurden etwa 250 B\u00e4ume und Str\u00e4ucher gepflanzt. Fertigstellung: 1986<\/p>\n\n<br class=\"clear\" \/>\n<br \/>\n<a href=\"http:\/\/sdg21.eu\/en\/db\/hundertwasserhaus-in-wien\">Mehr anzeigen >> <\/a>\n<div class=\"su-spacer\" style=\"height:20px\"><\/div>\n<span>&#8211; &#8211; &#8211; &#8211; &#8211; &#8211; &#8211; &#8211; &#8211; &#8211; &#8211; &#8211; &#8211; &#8211; &#8211; &#8211; &#8211; &#8211;<\/span>\n\t\t\n\t\t\t<H2><a href=\"http:\/\/sdg21.eu\/en\/db\/umwelt-und-kulturbahnhof-uelzen\">Umwelt- und Kulturbahnhof Uelzen<\/a><\/H2> \n<span style=\"font-size: 8pt;\"><\/span>\n<div class=\"su-spacer\" style=\"height:20px\"><\/div>\n<p><a href=\"http:\/\/sdg21.eu\/wp-content\/uploads\/2020\/04\/Hundertwasserbahnhof-1.jpg\"><img loading=\"lazy\" decoding=\"async\" class=\"alignleft wp-image-21861 size-medium\" title=\"Foto: Thomas Meier, www.radundfuss.net\" src=\"http:\/\/sdg21.eu\/wp-content\/uploads\/2020\/04\/Hundertwasserbahnhof-1-300x225.jpg\" alt=\"Foto: Thomas Meier, www.radundfuss.net\" width=\"300\" height=\"225\" srcset=\"https:\/\/sdg21.eu\/wp-content\/uploads\/2020\/04\/Hundertwasserbahnhof-1-300x225.jpg 300w, https:\/\/sdg21.eu\/wp-content\/uploads\/2020\/04\/Hundertwasserbahnhof-1-560x420.jpg 560w, https:\/\/sdg21.eu\/wp-content\/uploads\/2020\/04\/Hundertwasserbahnhof-1-1280x960.jpg 1280w, https:\/\/sdg21.eu\/wp-content\/uploads\/2020\/04\/Hundertwasserbahnhof-1-250x188.jpg 250w, https:\/\/sdg21.eu\/wp-content\/uploads\/2020\/04\/Hundertwasserbahnhof-1-768x576.jpg 768w, https:\/\/sdg21.eu\/wp-content\/uploads\/2020\/04\/Hundertwasserbahnhof-1-1536x1152.jpg 1536w, https:\/\/sdg21.eu\/wp-content\/uploads\/2020\/04\/Hundertwasserbahnhof-1-1320x990.jpg 1320w, https:\/\/sdg21.eu\/wp-content\/uploads\/2020\/04\/Hundertwasserbahnhof-1-1024x768.jpg 1024w, https:\/\/sdg21.eu\/wp-content\/uploads\/2020\/04\/Hundertwasserbahnhof-1-160x120.jpg 160w, https:\/\/sdg21.eu\/wp-content\/uploads\/2020\/04\/Hundertwasserbahnhof-1-144x108.jpg 144w, https:\/\/sdg21.eu\/wp-content\/uploads\/2020\/04\/Hundertwasserbahnhof-1.jpg 1784w\" sizes=\"auto, (max-width: 300px) 100vw, 300px\" \/><\/a><strong>29525 Uelzen:<\/strong> Nach den Pl\u00e4nen des Malers und Architekten Friedensreich Hundertwasser wurde der alte Backsteinbau im Rahmen der EXPO 2000 zu einem farbenpr\u00e4chtigen Kunstwerk umgestaltet. Fertigstellung: 2000<\/p>\n\n<br class=\"clear\" \/>\n<br \/>\n<a href=\"http:\/\/sdg21.eu\/en\/db\/umwelt-und-kulturbahnhof-uelzen\">Mehr anzeigen >> <\/a>\n<div class=\"su-spacer\" style=\"height:20px\"><\/div>\n<span>&#8211; &#8211; &#8211; &#8211; &#8211; &#8211; &#8211; &#8211; &#8211; &#8211; &#8211; &#8211; &#8211; &#8211; &#8211; &#8211; &#8211; &#8211;<\/span>\n\t\t\n\t<\/ul>\n\t\n\t\n\t\n<\/div>\n\n","protected":false},"excerpt":{"rendered":"<p>Der Maler Friedensreich Hundertwasser hatte zu Lebzeiten mehrere Siedlungen und Quartiere entworfen, in denen sehr fr\u00fch schon weitergehende \u00f6kologische und soziale Aspekte ber\u00fccksichtigt wurden. Hier finden Sie einen \u00dcberblick der von Hundertwasser realisierten Projekte. Hundertwasser geh\u00f6rt zu den prominentesten Impulsgebern f\u00fcr das \u00f6kologische Bauen in den 80er Jahren. Insbesondere seine intensiven Dachbegr\u00fcnungen u.a. mit B\u00e4umen [&hellip;]<\/p>\n","protected":false},"author":1,"featured_media":0,"parent":0,"menu_order":0,"comment_status":"closed","ping_status":"closed","template":"","meta":{"footnotes":""},"categories":[],"class_list":{"0":"post-21950","1":"page","2":"type-page","3":"status-publish","5":"gallery-content-unit","6":"czr-hentry"},"aioseo_notices":[],"_links":{"self":[{"href":"http:\/\/sdg21.eu\/en\/wp-json\/wp\/v2\/pages\/21950","targetHints":{"allow":["GET"]}}],"collection":[{"href":"http:\/\/sdg21.eu\/en\/wp-json\/wp\/v2\/pages"}],"about":[{"href":"http:\/\/sdg21.eu\/en\/wp-json\/wp\/v2\/types\/page"}],"author":[{"embeddable":true,"href":"http:\/\/sdg21.eu\/en\/wp-json\/wp\/v2\/users\/1"}],"replies":[{"embeddable":true,"href":"http:\/\/sdg21.eu\/en\/wp-json\/wp\/v2\/comments?post=21950"}],"version-history":[{"count":0,"href":"http:\/\/sdg21.eu\/en\/wp-json\/wp\/v2\/pages\/21950\/revisions"}],"wp:attachment":[{"href":"http:\/\/sdg21.eu\/en\/wp-json\/wp\/v2\/media?parent=21950"}],"wp:term":[{"taxonomy":"category","embeddable":true,"href":"http:\/\/sdg21.eu\/en\/wp-json\/wp\/v2\/categories?post=21950"}],"curies":[{"name":"wp","href":"https:\/\/api.w.org\/{rel}","templated":true}]}}