{"id":22289,"date":"2020-05-08T08:34:04","date_gmt":"2020-05-08T07:34:04","guid":{"rendered":"http:\/\/sdg21.eu\/?page_id=22289"},"modified":"2020-11-25T21:21:23","modified_gmt":"2020-11-25T20:21:23","slug":"vier-regio-netzwerke","status":"publish","type":"page","link":"http:\/\/sdg21.eu\/en\/deutschland\/vier-regio-netzwerke","title":{"rendered":"Regions North - South - West and East"},"content":{"rendered":"<table style=\"width: 100%; height: 172px;\">\n<tbody>\n<tr style=\"height: 76px;\">\n<td style=\"width: 24.3024%; height: 10px;\">\n<h2><a href=\"http:\/\/sdg21.eu\/deutschland\/region-nord\"><strong>Northern Region<\/strong><\/a><\/h2>\n<\/td>\n<td style=\"width: 49.5575%; height: 10px;\">Link: <a href=\"http:\/\/sdg21.eu\/deutschland\/region-nord\">www.sdg21.eu\/deutschland\/region-nord<\/a><\/td>\n<td style=\"width: 87.9867%; height: 172px;\" rowspan=\"5\"><!-- Image Map Generated by http:\/\/www.image-map.net\/ --> <img decoding=\"async\" src=\"http:\/\/sdg21.eu\/wp-content\/uploads\/2020\/05\/4-Regionen-DE-207x300.png\" usemap=\"#image-map\" \/> <\/p>\n<map name=\"image-map\">\n<area title=\"Northern Region\" alt=\"Region Nord\" coords=\"62,25,152,45,181,77,129,83,111,121,85,143,52,122,31,114,31,77,64,61\" shape=\"poly\" href=\"http:\/\/sdg21.eu\/deutschland\/region-nord\" target=\"\" \/>\n<area title=\"Eastern region\" alt=\"Region Ost\" coords=\"154,178,112,179,92,159,108,126,133,86,179,79,193,160\" shape=\"poly\" href=\"http:\/\/sdg21.eu\/deutschland\/region-ost\" target=\"\" \/>\n<area title=\"Western Region\" alt=\"Region West\" coords=\"27,123,11,134,12,184,26,216,50,220,86,184,88,152,51,125,38,123\" shape=\"poly\" href=\"http:\/\/sdg21.eu\/deutschland\/region-west\" target=\"\" \/>\n<area title=\"South region\" alt=\"Region S\u00fcd\" coords=\"42,264,99,275,153,259,168,226,137,185,99,177,69,208,49,231\" shape=\"poly\" href=\"http:\/\/sdg21.eu\/deutschland\/region-sued\" target=\"\" \/> <\/map>\n<map name=\"image-map\">\n<area title=\"Northern Region\" alt=\"Region Nord\" coords=\"62,25,152,45,181,77,129,83,111,121,85,143,52,122,31,114,31,77,64,61\" shape=\"poly\" href=\"http:\/\/sdg21.eu\/deutschland\/region-nord\" target=\"\" \/> <\/map>\n<\/td>\n<\/tr>\n<tr style=\"height: 56px;\">\n<td style=\"width: 24.3024%; height: 50px;\">Entries sdg21 database:<\/td>\n<td style=\"width: 49.5575%; height: 50px;\">59 projects<\/td>\n<\/tr>\n<tr style=\"height: 56px;\">\n<td style=\"width: 24.3024%; height: 56px;\">Federal Lands:<\/td>\n<td style=\"width: 49.5575%; height: 56px;\"><a href=\"http:\/\/sdg21.eu\/projekte\/bremen\">Bremen<\/a>, <a href=\"http:\/\/sdg21.eu\/projekte\/hamburg\">Hamburg<\/a>, <a href=\"http:\/\/sdg21.eu\/projekte\/mecklenburg-vorpommern\">Mecklenburg-Western Pomerania<\/a>, <a href=\"http:\/\/sdg21.eu\/projekte\/niedersachsen\">Lower Saxony<\/a> and <a href=\"http:\/\/sdg21.eu\/projekte\/schleswig-holstein\">Schleswig-Holstein<\/a><\/td>\n<\/tr>\n<tr style=\"height: 28px;\">\n<td style=\"width: 24.3024%; height: 28px;\">Total area of the federal states:<\/td>\n<td style=\"width: 49.5575%; height: 28px;\">87,983 km\u00b2<\/td>\n<\/tr>\n<tr style=\"height: 28px;\">\n<td style=\"width: 24.3024%; height: 28px;\">Inhabitants together:<\/td>\n<td style=\"width: 49.5575%; height: 28px;\">approx. 15.0 million (i.e. all five federal states of the so-called \"Northern Region\")<\/td>\n<\/tr>\n<\/tbody>\n<\/table>\n<table style=\"width: 100%;\">\n<tbody>\n<tr>\n<td style=\"width: 24.4485%;\">\n<h2><a href=\"http:\/\/sdg21.eu\/deutschland\/region-sued\"><strong>South region<\/strong><\/a><\/h2>\n<\/td>\n<td style=\"width: 49.3567%;\">Link: <a href=\"http:\/\/sdg21.eu\/deutschland\/region-sued\">www.sdg21.eu\/deutschland\/region-sued<\/a><\/td>\n<td style=\"width: 26.1029%;\" rowspan=\"5\"><a href=\"http:\/\/sdg21.eu\/deutschland\/region-sued\"><img loading=\"lazy\" decoding=\"async\" class=\"alignnone size-medium wp-image-24809\" src=\"http:\/\/sdg21.eu\/wp-content\/uploads\/2020\/11\/sdg21-sued.png\" alt=\"\" width=\"331\" height=\"479\" srcset=\"https:\/\/sdg21.eu\/wp-content\/uploads\/2020\/11\/sdg21-sued.png 331w, https:\/\/sdg21.eu\/wp-content\/uploads\/2020\/11\/sdg21-sued-173x250.png 173w\" sizes=\"auto, (max-width: 331px) 100vw, 331px\" \/><\/a><\/td>\n<\/tr>\n<tr>\n<td style=\"width: 24.4485%;\">Entries sdg21 database:<\/td>\n<td style=\"width: 49.3567%;\">135<\/td>\n<\/tr>\n<tr>\n<td style=\"width: 24.4485%;\">Federal Lands:<\/td>\n<td style=\"width: 49.3567%;\"><a href=\"http:\/\/sdg21.eu\/projekte\/bayern\">Bavaria<\/a> and <a href=\"http:\/\/sdg21.eu\/projekte\/baden-wuerttemberg\">Baden-W\u00fcrttemberg<\/a><\/td>\n<\/tr>\n<tr>\n<td style=\"width: 24.4485%;\">Total area of the federal states:<\/td>\n<td style=\"width: 49.3567%;\">106,290 km\u00b2<\/td>\n<\/tr>\n<tr>\n<td style=\"width: 24.4485%;\">Inhabitants together:<\/td>\n<td style=\"width: 49.3567%;\">approx. 24.1 million (i.e. the two federal states of the so-called \"southern region\")<\/td>\n<\/tr>\n<\/tbody>\n<\/table>\n<table style=\"width: 100%;\">\n<tbody>\n<tr>\n<td style=\"width: 24.5404%;\">\n<h2><a href=\"http:\/\/sdg21.eu\/deutschland\/region-west\/\"><strong>Western Region<\/strong><\/a><\/h2>\n<\/td>\n<td style=\"width: 49.4486%;\">Link: <a href=\"http:\/\/sdg21.eu\/deutschland\/region-west\/\">www.sdg21.eu\/deutschland\/region-west<\/a><\/td>\n<td style=\"width: 25.9191%;\" rowspan=\"5\"><a href=\"http:\/\/sdg21.eu\/deutschland\/region-west\/\"><img loading=\"lazy\" decoding=\"async\" class=\"alignnone size-medium wp-image-24810\" src=\"http:\/\/sdg21.eu\/wp-content\/uploads\/2020\/11\/sdg21-west.png\" alt=\"\" width=\"331\" height=\"479\" srcset=\"https:\/\/sdg21.eu\/wp-content\/uploads\/2020\/11\/sdg21-west.png 331w, https:\/\/sdg21.eu\/wp-content\/uploads\/2020\/11\/sdg21-west-173x250.png 173w\" sizes=\"auto, (max-width: 331px) 100vw, 331px\" \/><\/a><\/td>\n<\/tr>\n<tr>\n<td style=\"width: 24.5404%;\">Entries sdg21 database:<\/td>\n<td style=\"width: 49.4486%;\">135<\/td>\n<\/tr>\n<tr>\n<td style=\"width: 24.5404%;\">Federal Lands:<\/td>\n<td style=\"width: 49.4486%;\"><a href=\"http:\/\/sdg21.eu\/projekte\/nrw\">NRW<\/a>, <a href=\"http:\/\/sdg21.eu\/projekte\/hessen\">Hesse<\/a>, <a href=\"http:\/\/sdg21.eu\/projekte\/rheinland-pfalz\">RLP<\/a> and that <a href=\"http:\/\/sdg21.eu\/projekte\/saarland\">Saarland<\/a><\/td>\n<\/tr>\n<tr>\n<td style=\"width: 24.5404%;\">Total area of the federal states:<\/td>\n<td style=\"width: 49.4486%;\">77,657 km\u00b2<\/td>\n<\/tr>\n<tr>\n<td style=\"width: 24.5404%;\">Inhabitants together:<\/td>\n<td style=\"width: 49.4486%;\">approx. 29.3 million (i.e. the four federal states of the so-called \"Region West\")<\/td>\n<\/tr>\n<\/tbody>\n<\/table>\n<table style=\"width: 100%;\">\n<tbody>\n<tr>\n<td style=\"width: 24.67%;\">\n<h2><a href=\"http:\/\/sdg21.eu\/deutschland\/region-ost\"><strong>Eastern region<\/strong><\/a><\/h2>\n<\/td>\n<td style=\"width: 49.1899%;\">Link: <a href=\"http:\/\/sdg21.eu\/deutschland\/region-ost\">www.sdg21.eu\/deutschland\/region-ost<\/a><\/td>\n<td style=\"width: 26.029%;\" rowspan=\"5\">\u00a0<a href=\"http:\/\/sdg21.eu\/deutschland\/region-ost\"><img loading=\"lazy\" decoding=\"async\" class=\"alignnone size-medium wp-image-24808\" src=\"http:\/\/sdg21.eu\/wp-content\/uploads\/2020\/11\/sdg21-ost.png\" alt=\"\" width=\"331\" height=\"479\" srcset=\"https:\/\/sdg21.eu\/wp-content\/uploads\/2020\/11\/sdg21-ost.png 331w, https:\/\/sdg21.eu\/wp-content\/uploads\/2020\/11\/sdg21-ost-173x250.png 173w\" sizes=\"auto, (max-width: 331px) 100vw, 331px\" \/><\/a><\/td>\n<\/tr>\n<tr>\n<td style=\"width: 24.67%;\">Entries sdg21 database:<\/td>\n<td style=\"width: 49.1899%;\">50<\/td>\n<\/tr>\n<tr>\n<td style=\"width: 24.67%;\">Federal Lands:<\/td>\n<td style=\"width: 49.1899%;\"><a href=\"http:\/\/sdg21.eu\/projekte\/brandenburg\">Brandenburg<\/a>, <a href=\"http:\/\/sdg21.eu\/projekte\/berlin\">Berlin<\/a>, <a href=\"http:\/\/sdg21.eu\/projekte\/sachsen\">Saxony<\/a>, <a href=\"http:\/\/sdg21.eu\/projekte\/sachsen-anhalt\">Saxony-Anhalt<\/a> and <a href=\"http:\/\/sdg21.eu\/projekte\/thueringen\">Thuringia<\/a><\/td>\n<\/tr>\n<tr>\n<td style=\"width: 24.67%;\">Total area of the federal states:<\/td>\n<td style=\"width: 49.1899%;\">85,652 km\u00b2<\/td>\n<\/tr>\n<tr>\n<td style=\"width: 24.67%;\">Inhabitants together:<\/td>\n<td style=\"width: 49.1899%;\">approx. 15.0 million (i.e. all five federal states of the so-called \"Region East\")<\/td>\n<\/tr>\n<\/tbody>\n<\/table>\n<p> <div class=\"su-spacer\" style=\"height:20px\"><\/div> (Breakdown according to the systematics of: <a href=\"https:\/\/www.renn-netzwerk.de\/\" target=\"_blank\" rel=\"noopener noreferrer\">www.renn-netzwerk.de<\/a>) Population\/area data: Federal Statistical Office (Destatis), 2019<\/p>","protected":false},"excerpt":{"rendered":"<p>Region Nord Link: www.sdg21.eu\/deutschland\/region-nord Eintr\u00e4ge sdg21-Datenbank: Projekte Bundesl\u00e4nder: Bremen, Hamburg, Mecklenburg-Vorpommern, Niedersachsen und Schleswig-Holstein Gesamtfl\u00e4che der Bundesl\u00e4nder: 87.983 km\u00b2 Einwohner zusammen: ca. 15,0 Mio. (also alle f\u00fcnf Bundesl\u00e4nder der sog. &#8222;Region Nord&#8220;) Region S\u00fcd Link: www.sdg21.eu\/deutschland\/region-sued Eintr\u00e4ge sdg21-Datenbank: Bundesl\u00e4nder: Bayern und Baden-W\u00fcrttemberg Gesamtfl\u00e4che der Bundesl\u00e4nder: 106.290 km\u00b2 Einwohner zusammen: ca. 24,1 Mio. (also die beiden [&hellip;]<\/p>\n","protected":false},"author":1,"featured_media":0,"parent":16788,"menu_order":0,"comment_status":"closed","ping_status":"closed","template":"","meta":{"footnotes":""},"categories":[],"class_list":{"0":"post-22289","1":"page","2":"type-page","3":"status-publish","5":"gallery-content-unit","6":"czr-hentry"},"aioseo_notices":[],"_links":{"self":[{"href":"http:\/\/sdg21.eu\/en\/wp-json\/wp\/v2\/pages\/22289","targetHints":{"allow":["GET"]}}],"collection":[{"href":"http:\/\/sdg21.eu\/en\/wp-json\/wp\/v2\/pages"}],"about":[{"href":"http:\/\/sdg21.eu\/en\/wp-json\/wp\/v2\/types\/page"}],"author":[{"embeddable":true,"href":"http:\/\/sdg21.eu\/en\/wp-json\/wp\/v2\/users\/1"}],"replies":[{"embeddable":true,"href":"http:\/\/sdg21.eu\/en\/wp-json\/wp\/v2\/comments?post=22289"}],"version-history":[{"count":0,"href":"http:\/\/sdg21.eu\/en\/wp-json\/wp\/v2\/pages\/22289\/revisions"}],"up":[{"embeddable":true,"href":"http:\/\/sdg21.eu\/en\/wp-json\/wp\/v2\/pages\/16788"}],"wp:attachment":[{"href":"http:\/\/sdg21.eu\/en\/wp-json\/wp\/v2\/media?parent=22289"}],"wp:term":[{"taxonomy":"category","embeddable":true,"href":"http:\/\/sdg21.eu\/en\/wp-json\/wp\/v2\/categories?post=22289"}],"curies":[{"name":"wp","href":"https:\/\/api.w.org\/{rel}","templated":true}]}}