{"id":10312,"date":"2016-10-05T15:06:50","date_gmt":"2016-10-05T15:06:50","guid":{"rendered":"https:\/\/www.siedlungen.eu\/?page_id=10312"},"modified":"2021-01-24T16:49:47","modified_gmt":"2021-01-24T15:49:47","slug":"mustersatzungen-und-vertraege","status":"publish","type":"page","link":"https:\/\/sdg21.eu\/en\/mustersatzungen-und-vertraege","title":{"rendered":"Model statutes and contracts"},"content":{"rendered":"<p><strong>Contract sample free building owner community<\/strong><br \/>\nIn: Friedrich Heinzmann (2015): Die freie Bauherrengemeinschaft. Practical considerations from a legal perspective and sample contracts. 72 pages, 5th edition, T\u00fcbingen.<\/p>\n<p><strong>Sample partition agreement<\/strong> for building communities or housing projects. In: D\u00f6rte Fuchs\/Jutta Orth (2000): Bauen in der Gruppe. Cost-effective, innovative, ecological. Munich, p.120-125<\/p>\n<p><strong>Model contract of a planning company<\/strong><br \/>\nIn: D\u00f6rte Fuchs\/Jutta Orth (2000): Bauen in der Gruppe. Cost-effective, innovative, ecological. Munich, p.118-120<\/p>\n<p><strong>model statutes of a supporting association<\/strong> for the initiation of an ecological settlement, 1998; 4 p. (on request)<\/p>\n<p><strong>model statutes for a housing cooperative<\/strong><br \/>\nCooperative Union (2017): <a href=\"https:\/\/www.genossenschaftsverband.de\/site\/assets\/files\/30787\/wohnungsgenossenschaft.pdf\">Model statutes for housing cooperatives<\/a><\/p>\n<p>Guide to the establishment of a cooperative<br \/>\n<a href=\"https:\/\/www.genossenschaftsverband.de\/genossenschaft-gruenden\/informationen-fuer-gruender\/so-gruende-ich-eine-genossenschaft\/\" target=\"_blank\" rel=\"noopener\">www.genossenschaftsverband.de\/...so-gruende-ich-eine-genossenschaft<\/a><\/p>","protected":false},"excerpt":{"rendered":"<p>Vertragsmuster freie Bauherrengemeinschaft In: Friedrich Heinzmann (2015): Die freie Bauherrengemeinschaft. Praktische \u00dcberlegungen aus juristischer Sicht und Vertragsmuster. 72 Seiten, 5. Auflage, T\u00fcbingen. Muster eines Teilungsvertrags f\u00fcr Baugmeinschaften oder Wohnprojekte. In: D\u00f6rte Fuchs\/Jutta Orth (2000): Bauen in der Gruppe. Kosteng\u00fcnstig, innovativ, \u00f6kologisch. M\u00fcnchen, S.120-125 Mustervertrag einer Planungsgesellschaft In: D\u00f6rte Fuchs\/Jutta Orth (2000): Bauen in der Gruppe. [&hellip;]<\/p>\n","protected":false},"author":1,"featured_media":0,"parent":0,"menu_order":0,"comment_status":"closed","ping_status":"closed","template":"","meta":{"footnotes":""},"categories":[],"class_list":{"0":"post-10312","1":"page","2":"type-page","3":"status-publish","5":"gallery-content-unit","6":"czr-hentry"},"aioseo_notices":[],"_links":{"self":[{"href":"https:\/\/sdg21.eu\/en\/wp-json\/wp\/v2\/pages\/10312","targetHints":{"allow":["GET"]}}],"collection":[{"href":"https:\/\/sdg21.eu\/en\/wp-json\/wp\/v2\/pages"}],"about":[{"href":"https:\/\/sdg21.eu\/en\/wp-json\/wp\/v2\/types\/page"}],"author":[{"embeddable":true,"href":"https:\/\/sdg21.eu\/en\/wp-json\/wp\/v2\/users\/1"}],"replies":[{"embeddable":true,"href":"https:\/\/sdg21.eu\/en\/wp-json\/wp\/v2\/comments?post=10312"}],"version-history":[{"count":0,"href":"https:\/\/sdg21.eu\/en\/wp-json\/wp\/v2\/pages\/10312\/revisions"}],"wp:attachment":[{"href":"https:\/\/sdg21.eu\/en\/wp-json\/wp\/v2\/media?parent=10312"}],"wp:term":[{"taxonomy":"category","embeddable":true,"href":"https:\/\/sdg21.eu\/en\/wp-json\/wp\/v2\/categories?post=10312"}],"curies":[{"name":"wp","href":"https:\/\/api.w.org\/{rel}","templated":true}]}}