{"id":10321,"date":"2016-10-05T15:10:28","date_gmt":"2016-10-05T15:10:28","guid":{"rendered":"https:\/\/www.siedlungen.eu\/?page_id=10321"},"modified":"2020-12-25T04:34:22","modified_gmt":"2020-12-25T03:34:22","slug":"fachbeitraege","status":"publish","type":"page","link":"https:\/\/sdg21.eu\/en\/fachbeitraege","title":{"rendered":"Specialist articles"},"content":{"rendered":"<table class=\"Text\" border=\"\" cellspacing=\"0\" cellpadding=\"\">\n<tbody>\n<tr valign=\"TOP\">\n<td><strong>Title \/ Topic<br \/>\n<\/strong><\/td>\n<td>\n<div align=\"center\"><strong>Booth<\/strong><\/div>\n<\/td>\n<td>\n<div align=\"center\"><strong>Scope<\/strong><\/div>\n<\/td>\n<td>\n<div align=\"center\"><strong>File-<\/strong><br \/>\n<strong> size<\/strong><\/div>\n<\/td>\n<td>\n<div align=\"center\"><strong>File-<\/strong><br \/>\n<strong> Type<\/strong><\/div>\n<\/td>\n<\/tr>\n<tr valign=\"TOP\">\n<td>Conference documentation \"\u00d6kologische Siedlungsentwicklung im Spiegel aktueller Trends und Praxiserfahrungen\" Conference 09.\/10.03.2005 in Osnabr\u00fcck. Organised by the Institute for Development Planning and Structural Research GmbH at the University of Hanover. <a href=\"https:\/\/oekosiedlungen.de\/tagung-siedlungsentwicklung-2005\/\" target=\"_top\" rel=\"noopener noreferrer\">To the download overview<\/a><\/td>\n<td>\n<div align=\"right\">2005<\/div>\n<\/td>\n<td>\n<div align=\"right\">30 pdfs<\/div>\n<\/td>\n<td>\n<div align=\"right\">(49 MB)<\/div>\n<\/td>\n<td>\n<div align=\"center\"><img loading=\"lazy\" decoding=\"async\" src=\"https:\/\/oekosiedlungen.de\/_nav\/pdf.gif\" width=\"16\" height=\"16\" border=\"0\" \/><\/div>\n<\/td>\n<\/tr>\n<tr valign=\"TOP\">\n<td>Proceedings of the 1st Darmstadt Sustainability Symposium, 17-18 July 2003<\/td>\n<td>\n<div align=\"right\">2003<\/div>\n<\/td>\n<td>\n<div align=\"right\">248 S.<\/div>\n<\/td>\n<td><\/td>\n<td><\/td>\n<\/tr>\n<tr valign=\"TOP\">\n<td>Article \"Settlement models and cooperative planning strategies\" by Armin Jung, urban and settlement planner, Osnabr\u00fcck<\/td>\n<td>\n<div align=\"right\">2001<\/div>\n<\/td>\n<td>\n<div align=\"right\">4 S.<\/div>\n<\/td>\n<td>\n<div align=\"right\">610 kB<\/div>\n<\/td>\n<td>\n<div align=\"center\"><img loading=\"lazy\" decoding=\"async\" src=\"https:\/\/oekosiedlungen.de\/_nav\/pdf.gif\" width=\"16\" height=\"16\" border=\"0\" \/><\/div>\n<\/td>\n<\/tr>\n<tr valign=\"TOP\">\n<td>Expert Discussion \"Models and Strategies on the Way to a Solar Settlement\" Summary of the Conference Proceedings of 19.9.2000 Wissenschaftspark Gelsenkirchen. Compilation Armin Jung.<\/td>\n<td>\n<div align=\"right\">2000<\/div>\n<\/td>\n<td>\n<div align=\"right\">7 S.<\/div>\n<\/td>\n<td>\n<div align=\"right\">520 kB<\/div>\n<\/td>\n<td>\n<div align=\"center\"><a href=\"https:\/\/oekosiedlungen.de\/downloads\/dokumente\/tagungsergebnis.pdf\"><img loading=\"lazy\" decoding=\"async\" src=\"https:\/\/oekosiedlungen.de\/_nav\/pdf.gif\" width=\"16\" height=\"16\" border=\"0\" \/><\/a><\/div>\n<\/td>\n<\/tr>\n<\/tbody>\n<\/table>\n<p>&nbsp;<\/p>","protected":false},"excerpt":{"rendered":"<p>Titel \/ Thema Stand Umfang Datei- gr\u00f6\u00dfe Datei- Typ Tagungsdokumentation \u201e\u00d6kologische Siedlungsentwicklung im Spiegel aktueller Trends und Praxiserfahrungen\u201c Tagung 09.\/10.03.2005 in Osnabr\u00fcck. Organisisert vom Institut f\u00fcr Entwicklungsplanung und Strukturforschung GmbH an der Universit\u00e4t Hannover. Zur Download-\u00dcbersicht 2005 30 pdfs (49 MB) Tagungsband zum 1. Darmst\u00e4dter Nachhaltigkeitssymposium vom 17.-18. Juli 2003 2003 248 S. Artikel \u201eSiedlungsmodelle [&hellip;]<\/p>\n","protected":false},"author":1,"featured_media":0,"parent":0,"menu_order":0,"comment_status":"closed","ping_status":"closed","template":"","meta":{"footnotes":""},"categories":[],"class_list":{"0":"post-10321","1":"page","2":"type-page","3":"status-publish","5":"gallery-content-unit","6":"czr-hentry"},"aioseo_notices":[],"_links":{"self":[{"href":"https:\/\/sdg21.eu\/en\/wp-json\/wp\/v2\/pages\/10321","targetHints":{"allow":["GET"]}}],"collection":[{"href":"https:\/\/sdg21.eu\/en\/wp-json\/wp\/v2\/pages"}],"about":[{"href":"https:\/\/sdg21.eu\/en\/wp-json\/wp\/v2\/types\/page"}],"author":[{"embeddable":true,"href":"https:\/\/sdg21.eu\/en\/wp-json\/wp\/v2\/users\/1"}],"replies":[{"embeddable":true,"href":"https:\/\/sdg21.eu\/en\/wp-json\/wp\/v2\/comments?post=10321"}],"version-history":[{"count":0,"href":"https:\/\/sdg21.eu\/en\/wp-json\/wp\/v2\/pages\/10321\/revisions"}],"wp:attachment":[{"href":"https:\/\/sdg21.eu\/en\/wp-json\/wp\/v2\/media?parent=10321"}],"wp:term":[{"taxonomy":"category","embeddable":true,"href":"https:\/\/sdg21.eu\/en\/wp-json\/wp\/v2\/categories?post=10321"}],"curies":[{"name":"wp","href":"https:\/\/api.w.org\/{rel}","templated":true}]}}