{"id":10798,"date":"2016-10-12T10:22:46","date_gmt":"2016-10-12T10:22:46","guid":{"rendered":"https:\/\/www.siedlungen.eu\/?page_id=10798"},"modified":"2020-12-25T04:37:01","modified_gmt":"2020-12-25T03:37:01","slug":"zero-emission-projekte","status":"publish","type":"page","link":"https:\/\/sdg21.eu\/en\/zero-emission-projekte","title":{"rendered":"Zero-emission projects"},"content":{"rendered":"<h2><span style=\"font-family: verdana,arial,helvetica,sans-serif;\"><span class=\"Text\">Zero-emission settlements and villages in Germany<\/span><\/span><\/h2>\n<p><strong>02899 Ostritz. <\/strong>2,990 PE. Calculated 100% renewable energies (biomass, solar, water, wind). Kick-off: shutdown of old GDR power plants.<br \/>\n<a href=\"http:\/\/www.ostritz.de\" target=\"_blank\" rel=\"noopener noreferrer\">www.ostritz.de<\/a> and <a href=\"https:\/\/www.ibz-marienthal.de\/\" target=\"_blank\" rel=\"noopener noreferrer\">www.ibz-marienthal.de<\/a><\/p>\n<p><strong>29465 District of L\u00fcchow\/Dannenberg<\/strong>. 52.000 P.E. Multiplication of the renewable energy share from 2 to approx. 20%.<br \/>\n<a href=\"https:\/\/www.luechow-dannenberg.de\" target=\"_blank\" rel=\"noopener noreferrer\">www.luechow-dannenberg.de<\/a><\/p>\n<p><strong>37127 Bioenergy Village J\u00fchnde<\/strong><strong>.<\/strong> 775 PE (inhabitants). One village generates its required energy (electricity and heat) itself on the basis of biogas (based on plant silage &amp; manure) as well as wood chips as a supplement with its own local heating network since winter 2005\/06. Planning of four further villages in the G\u00f6ttingen surrounding area.<br \/>\n<a href=\"http:\/\/www.bioenergiedorf.de\/\" target=\"_blank\" rel=\"noopener noreferrer\">www.bioenergiedorf.de<\/a> and <a href=\"https:\/\/www.bioenergiedorf.info\" target=\"_blank\" rel=\"noopener noreferrer\">www.bioenergiedorf.info<\/a><\/p>\n<p><strong>67685 Weilerbach. Zero-Emis<\/strong><strong>sion Village.<\/strong> A study has determined that, based on the reference year 1999, almost 100% of the consumption of electricity and heat could be covered by regional, renewable resources. The scenarios identified form the basis for the development of a long-term strategy to achieve a CO2-neutral energy supply and the planning of its implementation:<br \/>\n<a href=\"http:\/\/sdg21.eu\/db\/zero-emission-village-weilerbach\" target=\"_blank\" rel=\"noopener noreferrer\">http:\/\/sdg21.eu\/db\/zero-emission-village-weilerbach <\/a><\/p>\n<p class=\"Text\"><b>73760 Ostfildern <\/b>(near Stuttgart): <b>Scharnhauser Park.<\/b> The energy concept generally prescribes low-energy construction. The basis of the energy supply is a central combined heat and power plant, which is mainly operated with waste wood and supplies all buildings in the park with district heating. Link: <a href=\"http:\/\/sdg21.eu\/db\/scharnhauser-park\" target=\"_blank\" rel=\"noopener noreferrer\">http:\/\/sdg21.eu\/db\/scharnhauser-park<\/a><\/p>\n<p><b class=\"Text\">74549 Wolpertshausen.<\/b><span class=\"Text\"> 1,800 PE. Approx. 50% renewable energies. Complete residential area has been converted.<br \/>\nEcological residential area Wolpertshausen with local heat supply from biogas community plant (commissioning: 1996).<br \/>\n<a href=\"https:\/\/www.wolpertshausen.de\/gemeinde-wolpertshausen\/frueher-heute\/umweltschutz\" target=\"_blank\" rel=\"noopener noreferrer\">www.wolpertshausen.de\/...<\/a> respectively <a href=\"http:\/\/www.novatechgmbh.com\/themen\/biogas\/anlagen\/wolpertshausen.htm\" target=\"_blank\" rel=\"noopener noreferrer\">www.novatechgmbh.com\/themen\/biogas\/anlagen\/wolpertshausen.htm<\/a><br \/>\n<\/span><\/p>\n<p><strong>82178 F\u00fcrstenfeldbruck.<\/strong> 198,380 P.E. Approx. 600 solar thermal systems, public PV systems with 1.1 MW, municipal wood chip plant. 50% Energy savings to enable full conversion.<br \/>\n<a href=\"https:\/\/www.lra-ffb.de\/\" target=\"_blank\" rel=\"noopener noreferrer\">www.lra-ffb.de<\/a><\/p>\n<p><b><span class=\"Text\">84095 Furth.<\/span><\/b> 3,000 P.E. Share of renewable energies: 70% heat, 15% electricity. EU funding through the \"100 Municipalities in Europe with 100 Percent Renewable Energy\" programme.<br \/>\n<a href=\"https:\/\/www.furth-bei-landshut.de\/index.php\" target=\"_blank\" rel=\"noopener noreferrer\">www.furth-bei-landshut.de\/energie<\/a><\/p>\n<p><b><span class=\"Text\">FNR Guide (2008): Pathways to the Bioenergy Village. G\u00fclzow<br \/>\n<\/span><\/b><span class=\"Text\">Published by the Agency of Renewable Resources (Fachagentur Nachwachsende Rohstoffe e.V.). (FNR) funded by the Federal Ministry of Food, Agriculture and Consumer Protection (BMELV) 2008: Wege zum Bioenergiedorf - Leitfaden f\u00fcr eine eigenst\u00e4ndige W\u00e4rme- und Stromversorgung auf Basis von Biomasse im l\u00e4ndlichen Raum. G\u00fclzow<br \/>\nDownload (pdf 4,1 MB)<\/span><\/p>\n<p class=\"Text\"><strong>Zero-emission settlements and villages in Austria<\/strong><\/p>\n<p class=\"Text\"><strong> Energy self-sufficient community G\u00fcssing <\/strong><br \/>\n4400 inhabitants. Rapeseed methyl ester plant for the production of biodiesel, a district heating plant with wood firing and a state-of-the-art biomass power plant with a capacity of 2 MW electricity and 4.5 MW heat. The energy model has created 475 new jobs in 42 companies to date.<\/p>\n<p class=\"Text\"><b>District heating Weiz GmbH<\/b> 8160 Weiz, Styria<br \/>\nIn the eighties the construction of a district heating network for the municipality of Weiz was started, in the meantime a total capacity of 16 MW has been reached. At present, about 40% of this is provided by biomass, but in 2006 the network is not only to be expanded, but the biomass share is then to be between 75 and 80% in the coming winter.<br \/>\nAlthough Weiz is connected to the gas grid, the citizens and the city are committed to renewable energy, which made the construction of the district heating possible in the first place. The operators of the plants are VA-Tech, Weitzer Parkett and Fernw\u00e4rme Weiz GmbH. By 2008, about 50% of the entire city area should be connected to the district heating pipeline. The special thing about the energy supplier is that the company emerged from a housing cooperative.<br \/>\n<a href=\"http:\/\/www.energieregion.at\/?seitenName=solarausstellungDetail&amp;schauplaetzeId=13\" target=\"_blank\" rel=\"noopener noreferrer\">www.energieregion.at\/...<\/a><\/p>\n<hr align=\"center\" size=\"1\" width=\"100%\" \/>\n<h2 class=\"Text\">Zero-emission city \/ bio-energy regions<\/h2>\n<p class=\"Text\">Project \"Zero Emission City\" of the IWU<br \/>\n<a href=\"https:\/\/www.iwu.de\/research\/handlungslogiken\/zero-emission-city\/\" target=\"_blank\" rel=\"noopener noreferrer\">www.iwu.de\/research\/handlungslogiken\/zero-emission-city<\/a><\/p>\n<hr align=\"center\" size=\"1\" width=\"100%\" \/>\n<p><b>Zero-emissions building<br \/>\n<\/b>&#8211; <a href=\"http:\/\/sdg21.eu\/db\/energieautarkes-solarhaus\" target=\"_blank\" rel=\"noopener noreferrer\">Energy self-sufficient solar house Freiburg<\/a><br \/>\n- plus energy house <a href=\"http:\/\/sdg21.eu\/db\/plusenergiehaus-heliotrop\" target=\"_blank\" rel=\"noopener noreferrer\">Heliotrope<\/a> <span style=\"font-family: verdana,arial,helvetica,sans-serif;\"><br \/>\n<\/span><\/p>","protected":false},"excerpt":{"rendered":"<p>Null-Emissions-Siedlungen und -D\u00f6rfer in Deutschland 02899 Ostritz. 2.990 EW. Rechnerisch 100% Erneuerbare Energien (Biomasse, Solar, Wasser, Wind). Ansto\u00df: Abschaltung alter DDR-Kraftwerke. www.ostritz.de und www.ibz-marienthal.de 29465 Landkreis L\u00fcchow\/Dannenberg. 52.000 EW. Vervielfachung des Erneuerbare Energieanteils von 2 auf ca. 20%. www.luechow-dannenberg.de 37127 Bioenergiedorf J\u00fchnde. 775 EW (Einwohner). Ein Dorf erzeugt seine ben\u00f6tigte Energie (Strom und W\u00e4rme) selbst [&hellip;]<\/p>\n","protected":false},"author":1,"featured_media":0,"parent":0,"menu_order":0,"comment_status":"closed","ping_status":"closed","template":"","meta":{"footnotes":""},"categories":[],"class_list":{"0":"post-10798","1":"page","2":"type-page","3":"status-publish","5":"gallery-content-unit","6":"czr-hentry"},"aioseo_notices":[],"_links":{"self":[{"href":"https:\/\/sdg21.eu\/en\/wp-json\/wp\/v2\/pages\/10798","targetHints":{"allow":["GET"]}}],"collection":[{"href":"https:\/\/sdg21.eu\/en\/wp-json\/wp\/v2\/pages"}],"about":[{"href":"https:\/\/sdg21.eu\/en\/wp-json\/wp\/v2\/types\/page"}],"author":[{"embeddable":true,"href":"https:\/\/sdg21.eu\/en\/wp-json\/wp\/v2\/users\/1"}],"replies":[{"embeddable":true,"href":"https:\/\/sdg21.eu\/en\/wp-json\/wp\/v2\/comments?post=10798"}],"version-history":[{"count":0,"href":"https:\/\/sdg21.eu\/en\/wp-json\/wp\/v2\/pages\/10798\/revisions"}],"wp:attachment":[{"href":"https:\/\/sdg21.eu\/en\/wp-json\/wp\/v2\/media?parent=10798"}],"wp:term":[{"taxonomy":"category","embeddable":true,"href":"https:\/\/sdg21.eu\/en\/wp-json\/wp\/v2\/categories?post=10798"}],"curies":[{"name":"wp","href":"https:\/\/api.w.org\/{rel}","templated":true}]}}