{"id":11156,"date":"2016-10-22T15:08:08","date_gmt":"2016-10-22T15:08:08","guid":{"rendered":"https:\/\/www.siedlungen.eu\/?page_id=11156"},"modified":"2019-12-03T09:37:46","modified_gmt":"2019-12-03T09:37:46","slug":"weiterfuehrendes","status":"publish","type":"page","link":"https:\/\/sdg21.eu\/en\/weiterfuehrendes","title":{"rendered":"Further information"},"content":{"rendered":"\n\n<div class=\"su-posts su-posts-default-loop \">\n\n\t\n\t\t\t\t\t\n\t\t\t\n\t\t\t<div id=\"su-post-25792\" class=\"su-post \">\n\n\t\t\t\t\n\t\t\t\t<h2 class=\"su-post-title\"><a href=\"https:\/\/sdg21.eu\/en\/weitere-infos\/nachhaltiges-bauen-an-deutschsprachigen-hochschulen\">Nachhaltiges Bauen an Hochschulen und Bildungseinrichtungen<\/a><\/h2>\n\n\t\t\t\t<div class=\"su-post-meta\">\n\t\t\t\t\tPosted: 5. December 2020\t\t\t\t<\/div>\n\n\t\t\t\t<div class=\"su-post-excerpt\">\n\t\t\t\t\t<p>Die Grundlagen zum Nachhaltigen Bauen werden mittlerweile in fast allen raumwissenschaftlichen Hochschul-Fakult\u00e4ten gelehrt. Hier werden Professuren an Hochschulen und Bildungseinrichtungen gelistet, die sich durch ihr Engagement zum nachhaltigen Bauen hervorgetan haben. Die Liste hat keinen Anspruch auf Vollst\u00e4ndigkeit. Neue Hinweise werden gerne entgegen genommen. \u00dcber R\u00fcckverlinkungen freuen wir uns. Letzte Aktualisierung dieser Seite: Direkt zu: [&hellip;]<\/p>\n\t\t\t\t<\/div>\n\n\t\t\t\t\n\t\t\t<\/div>\n\n\t\t\t\t\t\n\t\t\t\n\t\t\t<div id=\"su-post-18037\" class=\"su-post \">\n\n\t\t\t\t\n\t\t\t\t<h2 class=\"su-post-title\"><a href=\"https:\/\/sdg21.eu\/en\/weitere-infos\/fuer-berlin\">Weiterf\u00fchrendes f\u00fcr Berlin<\/a><\/h2>\n\n\t\t\t\t<div class=\"su-post-meta\">\n\t\t\t\t\tPosted: 28. August 2019\t\t\t\t<\/div>\n\n\t\t\t\t<div class=\"su-post-excerpt\">\n\t\t\t\t\t<p>Holzbau Atlas Berlin https:\/\/holzbauatlas.berlin\/uebersicht-wohnen https:\/\/holzbauatlas.berlin Berliner Holzbaupreis www.stadtentwicklung.berlin.de\/&#8230;berliner_holzbaupreis Ver\u00f6ffentlichungen &nbsp; Stattbau Berlin, Stadt Berlin, Wohnbund e.V. (2019): Gemeinschaftliches Wohnen im Cluster. Ein praktischer leitfaden zum Planen, Bauen und Wohnen. Berlin LaFond, Michael und wohnbund e.V. (2014): Stadtlabor Berlin. Wohnbund Informationen. Anl\u00e4sslich der 30 Jahre wohnbund e.V. und 10 Jahre Experiment Days, Berlin Kristien Ring \/ [&hellip;]<\/p>\n\t\t\t\t<\/div>\n\n\t\t\t\t\n\t\t\t<\/div>\n\n\t\t\t\t\t\n\t\t\t\n\t\t\t<div id=\"su-post-18035\" class=\"su-post \">\n\n\t\t\t\t\n\t\t\t\t<h2 class=\"su-post-title\"><a href=\"https:\/\/sdg21.eu\/en\/weitere-infos\/fuer-thueringen\">Weiterf\u00fchrendes f\u00fcr Th\u00fcringen<\/a><\/h2>\n\n\t\t\t\t<div class=\"su-post-meta\">\n\t\t\t\t\tPosted: 28. August 2019\t\t\t\t<\/div>\n\n\t\t\t\t<div class=\"su-post-excerpt\">\n\t\t\t\t\t<p>Th\u00fcringer Wohnprojekte-Portal www.wohnstrategen.de\/wohnprojekte<\/p>\n\t\t\t\t<\/div>\n\n\t\t\t\t\n\t\t\t<\/div>\n\n\t\t\t\t\t\n\t\t\t\n\t\t\t<div id=\"su-post-18034\" class=\"su-post \">\n\n\t\t\t\t\n\t\t\t\t<h2 class=\"su-post-title\"><a href=\"https:\/\/sdg21.eu\/en\/weitere-infos\/fuer-sachsen\">Weiterf\u00fchrendes f\u00fcr Sachsen<\/a><\/h2>\n\n\t\t\t\t<div class=\"su-post-meta\">\n\t\t\t\t\tPosted: 28. August 2019\t\t\t\t<\/div>\n\n\t\t\t\t<div class=\"su-post-excerpt\">\n\t\t\t\t\t<p>Brosch\u00fcre der Stadt Dresden (2008): In der Stadt zuhaus &#8211; Neue Wohnformen in Dresden. pdf-Download<\/p>\n\t\t\t\t<\/div>\n\n\t\t\t\t\n\t\t\t<\/div>\n\n\t\t\t\t\t\n\t\t\t\n\t\t\t<div id=\"su-post-18033\" class=\"su-post \">\n\n\t\t\t\t\n\t\t\t\t<h2 class=\"su-post-title\"><a href=\"https:\/\/sdg21.eu\/en\/weitere-infos\/fuer-hessen\">Weiterf\u00fchrendes f\u00fcr Hessen<\/a><\/h2>\n\n\t\t\t\t<div class=\"su-post-meta\">\n\t\t\t\t\tPosted: 28. August 2019\t\t\t\t<\/div>\n\n\t\t\t\t<div class=\"su-post-excerpt\">\n\t\t\t\t\t<p>Holzbaupreis Hessen https:\/\/service.hessen.de\/&#8230;Der-Hessische-Holzbaupreis-2015&#8230; Ver\u00f6ffentlichungen Hessisches Sozialministerium, Referat \u00d6ffentlichkeitsarbeit (2012): Gemeinschaftliches Wohnen in Hessen. Neue Wohnprojekte f\u00fcr Jung und Alt. Wiesbaden Kornelia M\u00fcller \/ Birgit Kaspar (2007): Wohnprojekte und nachbarschaftliches Wohnen in Hessen. Wohnbund Informationen II \/ 07 Hessisches Sozialministerium, Referat \u00d6ffentlichkeitsarbeit (2007): Gemeinschaftliche Wohnen in Hessen. Verzeichnis der Projekte und Initiativen. Informations- und Anlaufstellen Servicestelle [&hellip;]<\/p>\n\t\t\t\t<\/div>\n\n\t\t\t\t\n\t\t\t<\/div>\n\n\t\t\t\t\t\n\t\t\t\n\t\t\t<div id=\"su-post-18032\" class=\"su-post \">\n\n\t\t\t\t\n\t\t\t\t<h2 class=\"su-post-title\"><a href=\"https:\/\/sdg21.eu\/en\/weitere-infos\/fuer-schleswig-holstein\">Weiterf\u00fchrendes f\u00fcr Schleswig-Holstein<\/a><\/h2>\n\n\t\t\t\t<div class=\"su-post-meta\">\n\t\t\t\t\tPosted: 28. August 2019\t\t\t\t<\/div>\n\n\t\t\t\t<div class=\"su-post-excerpt\">\n\t\t\t\t\t<p>Arbeitsgemeinschaft f\u00fcr zeitgem\u00e4\u00dfes Bauen (ARGE) e.V. (2012): Genossenschaftliche und gemeinschaftliche Wohnprojekte in Schleswig-Holstein. Dokumentation der Fachtagung 130 Jahr Genossenschaften -20 Jahre neue Wohnprojekte- Ein Gewinn f\u00fcr alle! (im Auftrag des Innenministerium des Landes Schleswig-Holstein) www.schleswig-holstein.de\/&#8230;pdf&#8230; Einige weitere (kostenpflichtige) Ver\u00f6ffentlichungen zum Nachhaltigen Bauen https:\/\/arge-ev.de\/arge-ev\/publikationen\/mitteilungsblaetter\/ \u00dcberblicksvortrag von Britta Tornow und Dau-Schmidt Wulf: &#8222;20 Jahre neue und kleine [&hellip;]<\/p>\n\t\t\t\t<\/div>\n\n\t\t\t\t\n\t\t\t<\/div>\n\n\t\t\t\t\t\n\t\t\t\n\t\t\t<div id=\"su-post-18031\" class=\"su-post \">\n\n\t\t\t\t\n\t\t\t\t<h2 class=\"su-post-title\"><a href=\"https:\/\/sdg21.eu\/en\/weitere-infos\/fuer-nrw\">Weiterf\u00fchrendes f\u00fcr NRW<\/a><\/h2>\n\n\t\t\t\t<div class=\"su-post-meta\">\n\t\t\t\t\tPosted: 28. August 2019\t\t\t\t<\/div>\n\n\t\t\t\t<div class=\"su-post-excerpt\">\n\t\t\t\t\t<p>Holzbaupreis NRW www.holzbaupreis-nrw.de Holzbaupreis Eifel https:\/\/hkzr.de\/projekte\/der-holzbaupreis-eifel\/ Holzbaupreis Bergisches Land www.wald-und-holz.nrw.de\/&#8230;moderne-langlebige-architektur-in-holzbauweise F\u00f6rderprogramme \u00dcber 50 Projekte mit etwas mehr als 1.800 Wohneinheiten, entstanden im Rahmen des Programms &#8222;50 Solarsiedlungen NRW&#8220;. Die gef\u00f6rderten Projekte sind in Brosch\u00fcren, in einem Tagunsgband und auf der Webseite www.50-solarsiedlungen.de dokumentiert. Nach Angaben einer Pressemitteilung der EnergieAgentur.NRW vom 12.11.2015 leben 15.000 Menschen in [&hellip;]<\/p>\n\t\t\t\t<\/div>\n\n\t\t\t\t\n\t\t\t<\/div>\n\n\t\t\t\t\t\n\t\t\t\n\t\t\t<div id=\"su-post-18030\" class=\"su-post \">\n\n\t\t\t\t\n\t\t\t\t<h2 class=\"su-post-title\"><a href=\"https:\/\/sdg21.eu\/en\/weitere-infos\/fuer-bremen\">Weiterf\u00fchrendes f\u00fcr Bremen<\/a><\/h2>\n\n\t\t\t\t<div class=\"su-post-meta\">\n\t\t\t\t\tPosted: 28. August 2019\t\t\t\t<\/div>\n\n\t\t\t\t<div class=\"su-post-excerpt\">\n\t\t\t\t\t<p>Solarkataster Bremen Mit dem Solarkataster k\u00f6nnen Sie sich online kostenlos berechnen lassen, welchen Ertrag Ihre Solaranlage auf dem Hausdach haben wird. Beispielsweise wenn Ihre Dachfl\u00e4che ung\u00fcnstig geneigt ist und ob sich die Investition in die Solaranlage trotzdem rechnet. http:\/\/solarkataster-bremen.de &nbsp; Bremer Bauherrenpreis www.bremer-wohnbaupreis.de Wohnprojekte www.bremer-wohnprojekte.de \u00a0<\/p>\n\t\t\t\t<\/div>\n\n\t\t\t\t\n\t\t\t<\/div>\n\n\t\t\t\t\t\n\t\t\t\n\t\t\t<div id=\"su-post-18029\" class=\"su-post \">\n\n\t\t\t\t\n\t\t\t\t<h2 class=\"su-post-title\"><a href=\"https:\/\/sdg21.eu\/en\/weitere-infos\/fuer-bayern\">Weiterf\u00fchrendes f\u00fcr Bayern<\/a><\/h2>\n\n\t\t\t\t<div class=\"su-post-meta\">\n\t\t\t\t\tPosted: 28. August 2019\t\t\t\t<\/div>\n\n\t\t\t\t<div class=\"su-post-excerpt\">\n\t\t\t\t\t<p>Ver\u00f6ffentlichungen Siedlungs- und Wohnmodelle Bayern (&#8222;Siedlungsmodelle Bayern&#8220;, &#8222;Wohnmodelle Bayern&#8220; und &#8222;Mietwohnungen in Holzsystembauweise&#8220;) Zahlreiche Ver\u00f6ffentlichungen, teils kostenlos, zum kosteng\u00fcnstigen und \u00f6kologischen Wohnungs- und Siedlungsbau gibt es beim Bayerisches Staatsministerium des Innern bestellen.bayern.de WohnWerkstatt Verfasser: Manfred Drum \/ Doris Knaier; Urbanes Wohnen e. V. (2006): Praxis-Leitfaden zur Selbstorganisation und Partizipation im Wohnungsbau f\u00fcr Wohnprojekte \/\u00a0 Hausgemeinschaften [&hellip;]<\/p>\n\t\t\t\t<\/div>\n\n\t\t\t\t\n\t\t\t<\/div>\n\n\t\t\t\t\t\n\t\t\t\n\t\t\t<div id=\"su-post-18028\" class=\"su-post \">\n\n\t\t\t\t\n\t\t\t\t<h2 class=\"su-post-title\"><a href=\"https:\/\/sdg21.eu\/en\/weitere-infos\/fuer-baden-wuerttemberg\">Weiterf\u00fchrendes f\u00fcr Baden-W\u00fcrttemberg<\/a><\/h2>\n\n\t\t\t\t<div class=\"su-post-meta\">\n\t\t\t\t\tPosted: 28. August 2019\t\t\t\t<\/div>\n\n\t\t\t\t<div class=\"su-post-excerpt\">\n\t\t\t\t\t<p>Holzbaupreis Baden-W\u00fcrttemberg www.holzbaupreis-bw.de Holzbau-Offensive Baden-W\u00fcrttemberg www.holzbauoffensivebw.de Ver\u00f6ffentlichungen Stadt Mannheim (2007): Private Baugemeinschaften in Mannheim. Mannheim pdf-Download Arbeitsgemeinschaft Baden-W\u00fcrttembergischer Bausparkassen sowie dem Wirtschafts-und Sozialministerium des Landes (2001): Gelungene Siedlungen &#8211; attraktive Wohnquartiere &#8211; lebendige Nachbarschaft. St\u00e4dtebaukongress, Dokumentation PDF-Datei 4,2 MB Arbeitsgemeinschaft Baden-W\u00fcrttembergischer Bausparkassen sowie dem Wirtschafts-und Sozialministerium des Landes (2001): 150 Bausteine f\u00fcr innovativen Wohnungs- und [&hellip;]<\/p>\n\t\t\t\t<\/div>\n\n\t\t\t\t\n\t\t\t<\/div>\n\n\t\t\t\t\t\n\t\t\t\n\t\t\t<div id=\"su-post-18027\" class=\"su-post \">\n\n\t\t\t\t\n\t\t\t\t<h2 class=\"su-post-title\"><a href=\"https:\/\/sdg21.eu\/en\/weitere-infos\/buero-alte-windkunst\">Weiterf\u00fchrendes B\u00fcro Alte Windkunst<\/a><\/h2>\n\n\t\t\t\t<div class=\"su-post-meta\">\n\t\t\t\t\tPosted: 28. August 2019\t\t\t\t<\/div>\n\n\t\t\t\t<div class=\"su-post-excerpt\">\n\t\t\t\t\t<p>B\u00fcro-Webseite: www.alte-windkunst.de<\/p>\n\t\t\t\t<\/div>\n\n\t\t\t\t\n\t\t\t<\/div>\n\n\t\t\t\t\t\n\t\t\t\n\t\t\t<div id=\"su-post-18026\" class=\"su-post \">\n\n\t\t\t\t\n\t\t\t\t<h2 class=\"su-post-title\"><a href=\"https:\/\/sdg21.eu\/en\/weitere-infos\/kaden-und-lager\">Weiterf\u00fchrendes Kaden und Lager<\/a><\/h2>\n\n\t\t\t\t<div class=\"su-post-meta\">\n\t\t\t\t\tPosted: 28. August 2019\t\t\t\t<\/div>\n\n\t\t\t\t<div class=\"su-post-excerpt\">\n\t\t\t\t\t<p>sdg21-Datenbank-Eintr\u00e4ge http:\/\/sdg21.eu\/planungsbuero\/kaden-und-lager Webseite des Planungsb\u00fcros Kaden und Lager: www.kadenundlager.de\/buro<\/p>\n\t\t\t\t<\/div>\n\n\t\t\t\t\n\t\t\t<\/div>\n\n\t\t\t\t\t\n\t\t\t\n\t\t\t<div id=\"su-post-18025\" class=\"su-post \">\n\n\t\t\t\t\n\t\t\t\t<h2 class=\"su-post-title\"><a href=\"https:\/\/sdg21.eu\/en\/weitere-infos\/fuer-muenchen\">Weiterf\u00fchrendes f\u00fcr M\u00fcnchen<\/a><\/h2>\n\n\t\t\t\t<div class=\"su-post-meta\">\n\t\t\t\t\tPosted: 28. August 2019\t\t\t\t<\/div>\n\n\t\t\t\t<div class=\"su-post-excerpt\">\n\t\t\t\t\t<p>Holzbaunetzwerk M\u00fcnchen www.holzbaunetzwerk.com GreenCity M\u00fcnchen www.greencity.de mitbauzentrale m\u00fcnchen, Beratung f\u00fcr gemeinschaftsorientiertes Wohnen www.mitbauzentrale-muenchen.de www.forum-baugemeinschaften.de Wohnen ohne Auto (M\u00fcnchen) www.wohnen-ohne-auto.de<\/p>\n\t\t\t\t<\/div>\n\n\t\t\t\t\n\t\t\t<\/div>\n\n\t\t\t\t\t\n\t\t\t\n\t\t\t<div id=\"su-post-18024\" class=\"su-post \">\n\n\t\t\t\t\n\t\t\t\t<h2 class=\"su-post-title\"><a href=\"https:\/\/sdg21.eu\/en\/weitere-infos\/fuer-rlp\">Weiterf\u00fchrendes f\u00fcr RLP<\/a><\/h2>\n\n\t\t\t\t<div class=\"su-post-meta\">\n\t\t\t\t\tPosted: 28. August 2019\t\t\t\t<\/div>\n\n\t\t\t\t<div class=\"su-post-excerpt\">\n\t\t\t\t\t<p>Ministerium der Finanzen des Landes Rheinland-Pfalz,\u00a0Hrsg. (1999): Umweltgerecht Planen und Bauen. Projektbeispiele. Mainz HolzbauCluster RLP (2013): Holzbau in RLP. Koblenz pdf Landesberatungsstelle Neues Wohnen Rheinland-Pfalz Beratung zu allen Fragen zeitgem\u00e4\u00dfer Wohnkonzepte \u2013 f\u00fcr alle Generationen, in der Stadt und im l\u00e4ndlichen Raum https:\/\/lzg-rlp.de\/de\/landesberatungsstelle-neues-wohnen.html Mainzer Wohninitiativen www.mainz.de\/&#8230;wohninitiativen.php LAG Gemeinschaftliches Wohnen &#8211; Landesarbeitsgemeinschaft RLP, Mainz http:\/\/www.lag-gewo-rlp.de\/<\/p>\n\t\t\t\t<\/div>\n\n\t\t\t\t\n\t\t\t<\/div>\n\n\t\t\t\t\t\n\t\t\t\n\t\t\t<div id=\"su-post-18020\" class=\"su-post \">\n\n\t\t\t\t\n\t\t\t\t<h2 class=\"su-post-title\"><a href=\"https:\/\/sdg21.eu\/en\/weitere-infos\/fuer-niedersachsen\">Weiterf\u00fchrendes f\u00fcr Niedersachsen<\/a><\/h2>\n\n\t\t\t\t<div class=\"su-post-meta\">\n\t\t\t\t\tPosted: 28. August 2019\t\t\t\t<\/div>\n\n\t\t\t\t<div class=\"su-post-excerpt\">\n\t\t\t\t\t<p>Studienarbeit &#8222;\u00d6kologische Siedlungen in Niedersachsen&#8220; 2004 ( pdf 5,3 MB) B\u00fcrgerb\u00fcro Stadtentwicklung der Landeshauptstadt Hannover (2008): Leitfaden f\u00fcr Gemeinschaftliche Wohnprojekte. Leitfaden f\u00fcr die Gr\u00fcndung einer Mietwohn- oder Baugruppe:\u00a0 Architektenauswahl, Finanzierung, Ansprechpartner und Berater in Hannover. Gemeinschaftliche Wohnprojekte in Niedersachsen. \u00dcbersicht \u00fcber geplante und realisierte Wohnprojekte in Niedersachsen www.neues-wohnen-nds.de&#8230;uebersicht-gemeinschaftl-wohnprojekte Holzbaupreis Niedersachsen www.3-n.info\/&#8230;holzbaupreis-niedersachsen-2020.html Netzwerk Nachwachsende Rohstoffe und [&hellip;]<\/p>\n\t\t\t\t<\/div>\n\n\t\t\t\t\n\t\t\t<\/div>\n\n\t\t\t\t\t\n\t\t\t\n\t\t\t<div id=\"su-post-18018\" class=\"su-post \">\n\n\t\t\t\t\n\t\t\t\t<h2 class=\"su-post-title\"><a href=\"https:\/\/sdg21.eu\/en\/weitere-infos\/zum-autofreien-wohnen\">Weiterf\u00fchrendes zum Autofreien Wohnen<\/a><\/h2>\n\n\t\t\t\t<div class=\"su-post-meta\">\n\t\t\t\t\tPosted: 28. August 2019\t\t\t\t<\/div>\n\n\t\t\t\t<div class=\"su-post-excerpt\">\n\t\t\t\t\t<p>Wohnen ohne Auto (M\u00fcnchen) www.wohnen-ohne-auto.de<\/p>\n\t\t\t\t<\/div>\n\n\t\t\t\t\n\t\t\t<\/div>\n\n\t\t\t\t\t\n\t\t\t\n\t\t\t<div id=\"su-post-18017\" class=\"su-post \">\n\n\t\t\t\t\n\t\t\t\t<h2 class=\"su-post-title\"><a href=\"https:\/\/sdg21.eu\/en\/weitere-infos\/ueber-fritz-matzinger\">Weiterf\u00fchrendes \u00fcber Fritz Matzinger<\/a><\/h2>\n\n\t\t\t\t<div class=\"su-post-meta\">\n\t\t\t\t\tPosted: 28. August 2019\t\t\t\t<\/div>\n\n\t\t\t\t<div class=\"su-post-excerpt\">\n\t\t\t\t\t<p>&nbsp; B\u00fcro-Webseite Fritz Matzinger: Dipl.Ing. Fritz Matzinger Architekt Leonding A-4060 T: +43 (0)732 774095 http:\/\/matzinger.at Einen weiteren Matzinger-Wohnhof in Deutschland gibt es in Wiesloch seit 2012: www.i3-community.de\/70-0-Wiesloch.html Und in Denzlingen (bei Freiburg) gibt es eine Initiative zur Gr\u00fcndung eines Matzinger-Wohnhofs, die 2018 ein Grundst\u00fcck mit Bestandsgeb\u00e4uden gefunden hat: www.wohnhof-b\u00e4chleweg.de Portrait des Architekten Fritz Matzinger www.dorftv.at\/video\/4926 [&hellip;]<\/p>\n\t\t\t\t<\/div>\n\n\t\t\t\t\n\t\t\t<\/div>\n\n\t\t\t\t\t\n\t\t\t\n\t\t\t<div id=\"su-post-18015\" class=\"su-post \">\n\n\t\t\t\t\n\t\t\t\t<h2 class=\"su-post-title\"><a href=\"https:\/\/sdg21.eu\/en\/weitere-infos\/baufroesche-kassel\">Weiterf\u00fchrendes Baufr\u00f6sche Kassel<\/a><\/h2>\n\n\t\t\t\t<div class=\"su-post-meta\">\n\t\t\t\t\tPosted: 28. August 2019\t\t\t\t<\/div>\n\n\t\t\t\t<div class=\"su-post-excerpt\">\n\t\t\t\t\t<p>B\u00fcro-Webseite: https:\/\/baufroesche.de<\/p>\n\t\t\t\t<\/div>\n\n\t\t\t\t\n\t\t\t<\/div>\n\n\t\t\t\t\t\n\t\t\t\n\t\t\t<div id=\"su-post-18014\" class=\"su-post \">\n\n\t\t\t\t\n\t\t\t\t<h2 class=\"su-post-title\"><a href=\"https:\/\/sdg21.eu\/en\/weitere-infos\/ramboll-studio-dreiseitl\">Weiterf\u00fchrendes Ramboll Studio Dreiseitl<\/a><\/h2>\n\n\t\t\t\t<div class=\"su-post-meta\">\n\t\t\t\t\tPosted: 28. August 2019\t\t\t\t<\/div>\n\n\t\t\t\t<div class=\"su-post-excerpt\">\n\t\t\t\t\t<p>B\u00fcro-Webseite: www.dreiseitl.com<\/p>\n\t\t\t\t<\/div>\n\n\t\t\t\t\n\t\t\t<\/div>\n\n\t\t\t\t\t\n\t\t\t\n\t\t\t<div id=\"su-post-18013\" class=\"su-post \">\n\n\t\t\t\t\n\t\t\t\t<h2 class=\"su-post-title\"><a href=\"https:\/\/sdg21.eu\/en\/weitere-infos\/fuer-aachen\">Weiterf\u00fchrendes f\u00fcr Aachen<\/a><\/h2>\n\n\t\t\t\t<div class=\"su-post-meta\">\n\t\t\t\t\tPosted: 28. August 2019\t\t\t\t<\/div>\n\n\t\t\t\t<div class=\"su-post-excerpt\">\n\t\t\t\t\t<p>Kontaktstelle &#8222;Neue Wohnformen&#8220; \/ Wohnprojekte in Planung www.aachen.de\/DE\/stadt_buerger\/Wohnen\/Wohnraumentwicklung\/wohnen_neue_wohnformen Stadtbau Aachen e.V. iGr. www.stadtbau-aachen.de<\/p>\n\t\t\t\t<\/div>\n\n\t\t\t\t\n\t\t\t<\/div>\n\n\t\t\t\t\t\n\t\t\t\n\t\t\t<div id=\"su-post-18012\" class=\"su-post \">\n\n\t\t\t\t\n\t\t\t\t<h2 class=\"su-post-title\"><a href=\"https:\/\/sdg21.eu\/en\/weitere-infos\/fuer-bonn\">Weiterf\u00fchrendes f\u00fcr Bonn<\/a><\/h2>\n\n\t\t\t\t<div class=\"su-post-meta\">\n\t\t\t\t\tPosted: 28. August 2019\t\t\t\t<\/div>\n\n\t\t\t\t<div class=\"su-post-excerpt\">\n\t\t\t\t\t<p>Bauen und Stadtentwicklung in Bonn Initiative f\u00fcr eine kleine Strohballenhaussiedlung in Bonn-Dransdorf\u00a0 mit 24 Wohneinheiten https:\/\/neue-stadtgaertnerei.org Transition Town Initiative Bonn www.bonn-im-wandel.de Projekt zur Klimaanpassung www.Bonn.de\/zures &nbsp;<\/p>\n\t\t\t\t<\/div>\n\n\t\t\t\t\n\t\t\t<\/div>\n\n\t\t\t\t\t\n\t\t\t\n\t\t\t<div id=\"su-post-18011\" class=\"su-post \">\n\n\t\t\t\t\n\t\t\t\t<h2 class=\"su-post-title\"><a href=\"https:\/\/sdg21.eu\/en\/weitere-infos\/weiterfuehrendes-in-koeln\">Weiterf\u00fchrendes f\u00fcr K\u00f6ln<\/a><\/h2>\n\n\t\t\t\t<div class=\"su-post-meta\">\n\t\t\t\t\tPosted: 28. August 2019\t\t\t\t<\/div>\n\n\t\t\t\t<div class=\"su-post-excerpt\">\n\t\t\t\t\t<p>B\u00fcrgerbegehren &#8222;Klimaneutral bis 2030!&#8220; https:\/\/klimawende.koeln Wohnprojekte-Stammtisch des K\u00f6lner &#8222;Netzwerk f\u00fcr gemeinschaftliches Bauen und Wohnen&#8220; (Gemeinschaftliche Wohnformen in K\u00f6ln: Baugruppen, Baugemeinschaften, Mehrgenerationenwohnen, Genossenschaften, Co-Housing, \u2026) http:\/\/baugemeinschaften.hda-koeln.de\/&#8230;netzwerktreffen K\u00f6ln www.koelnarchitektur.de<\/p>\n\t\t\t\t<\/div>\n\n\t\t\t\t\n\t\t\t<\/div>\n\n\t\t\t\t\t\n\t\t\t\n\t\t\t<div id=\"su-post-18008\" class=\"su-post \">\n\n\t\t\t\t\n\t\t\t\t<h2 class=\"su-post-title\"><a href=\"https:\/\/sdg21.eu\/en\/weitere-infos\/fuer-hamburg\">Weiterf\u00fchrendes f\u00fcr Hamburg<\/a><\/h2>\n\n\t\t\t\t<div class=\"su-post-meta\">\n\t\t\t\t\tPosted: 28. August 2019\t\t\t\t<\/div>\n\n\t\t\t\t<div class=\"su-post-excerpt\">\n\t\t\t\t\t<p>Freie Hansestadt Hamburg, Beh\u00f6rde f\u00fcr Stadtentwicklung und Umwelt (2010): Zusammen bauen lohnt sich: Baugemeinschaften in Hamburg. Hamburg Freie Hansestadt Hamburg, Beh\u00f6rde f\u00fcr Stadtentwicklung und Umwelt (2006): Zusammen bauen lohnt sich: Baugemeinschaften f\u00fcr Familien in Hamburg. Hamburg Beh\u00f6rde f\u00fcr Stadtentwicklung und Umwelt (2007): zukunftsf\u00e4hig \u2013 nachhaltig \u2013 \u00f6kologisch. Siedlungs- und Bauprojekte in Hamburg. \u00dcbersicht (9,5 MB) [&hellip;]<\/p>\n\t\t\t\t<\/div>\n\n\t\t\t\t\n\t\t\t<\/div>\n\n\t\t\n\t\n<\/div>\n\n","protected":false},"excerpt":{"rendered":"","protected":false},"author":1,"featured_media":0,"parent":0,"menu_order":0,"comment_status":"closed","ping_status":"closed","template":"","meta":{"footnotes":""},"categories":[],"class_list":{"0":"post-11156","1":"page","2":"type-page","3":"status-publish","5":"gallery-content-unit","6":"czr-hentry"},"aioseo_notices":[],"_links":{"self":[{"href":"https:\/\/sdg21.eu\/en\/wp-json\/wp\/v2\/pages\/11156","targetHints":{"allow":["GET"]}}],"collection":[{"href":"https:\/\/sdg21.eu\/en\/wp-json\/wp\/v2\/pages"}],"about":[{"href":"https:\/\/sdg21.eu\/en\/wp-json\/wp\/v2\/types\/page"}],"author":[{"embeddable":true,"href":"https:\/\/sdg21.eu\/en\/wp-json\/wp\/v2\/users\/1"}],"replies":[{"embeddable":true,"href":"https:\/\/sdg21.eu\/en\/wp-json\/wp\/v2\/comments?post=11156"}],"version-history":[{"count":0,"href":"https:\/\/sdg21.eu\/en\/wp-json\/wp\/v2\/pages\/11156\/revisions"}],"wp:attachment":[{"href":"https:\/\/sdg21.eu\/en\/wp-json\/wp\/v2\/media?parent=11156"}],"wp:term":[{"taxonomy":"category","embeddable":true,"href":"https:\/\/sdg21.eu\/en\/wp-json\/wp\/v2\/categories?post=11156"}],"curies":[{"name":"wp","href":"https:\/\/api.w.org\/{rel}","templated":true}]}}