{"id":11690,"date":"2016-10-31T13:59:35","date_gmt":"2016-10-31T13:59:35","guid":{"rendered":"https:\/\/www.siedlungen.eu\/?page_id=11690"},"modified":"2016-10-31T13:59:35","modified_gmt":"2016-10-31T13:59:35","slug":"literatur-quellen-hartl-2003","status":"publish","type":"page","link":"https:\/\/sdg21.eu\/en\/literatur-quellen-hartl-2003","title":{"rendered":"Literature sources Hartl 2003"},"content":{"rendered":"<p># 1 www.oekosiedlungen.de =&gt; text list, 17.10.02<br \/>\n# 2 www.pia-architekten.de\/AGENDA\/Wohnungsbau\/Siedlungen\/Am_Klucksgraben\/..., 01\/17\/03<br \/>\n# 3 GSW 1924- 1999. residential buildings and residential districts in Berlin.<br \/>\n# 4 www.stadtentwicklung.berlin.de\/umwelt\/klimaschutz\/berlin_spart_energie\/de\/ bauen_wohnen\/heinrich-boell-siedlung2.shtml<br \/>\n# 5 Michael D\u00f6rschel, Hier schmei\u00dft keiner mit Lehm, in: Berliner Zeitung 23.6.2000 (via: www.berlin-online.de)<br \/>\n# 6 www.oeko-siedlung-allermoehe.de\/TxtSiedlg.htm, 10\/17\/02<br \/>\n# 7 ag2100net.com\/antech2.htm<br \/>\n# 8 www.oekologische-siedlung-braamwisch.de, 1\/17\/03<br \/>\n# 9 www.oekosiedlungen.de\/bramwisch.htm<br \/>\n# 10 Gemeinsam Wohnen-\u00d6kologisch Handeln e.V. in cooperation with \u00d6kologische Siedlung Braamwisch e.V.. (Ed.): \u00d6kologische Siedlung Braamwisch. Ecological living in Hamburg. June 1995<br \/>\n# 11 Freie und Hansestadt Hamburg \/ Stadtentwicklungsbeh\u00f6rde (ed.): Standort Wohnen. Hamburg housing construction from 1990- 2000. February 2001. here: pp. 188- 191 Farmsen trotting track; pp. 192- 195 Braamwisch.<br \/>\n# 12 Georg Haiber: Plant ponds instead of sewage fees, in: Berliner Zeitung 9.4.1997\/ Supplement Science; Research via: www.berlinonline.de<br \/>\n# 13 www.flintenbreite.de, 1\/17\/03<br \/>\n# 14 www.expo2000.de\/deutsch\/projekte\/wp\/pro_basis.300266.html<br \/>\n# 15 www.luebeck.de\/aktuelles\/pressedienstarchiv\/aug96\/9604841.html, 1\/17\/03<br \/>\n# 16 www.nordlicht.uni-kiel.de\/agenda21\/projekte\/moor.htm, 11\/26\/02<br \/>\n# 17 Hermann Boockhoff: Settlement Laher Wiesen. In: Bauwelt 1984, issue 32\/33, p. 1336- 1339<br \/>\n# 18 Rudolf Schilling: Der Hang und Zwang zum Einfachen. Outlook on a different residential architecture. Birkh\u00e4user-Verlag Basel, 1985; here: P. 18- 25: Settlement \"Laher Wiesen\", Hanover.<br \/>\n# 19 Landeshauptstadt Hannover\/ Baudezernat (ed.): Weltausstellung und Stadtteil Kronsberg. The urban planning framework for EXPO 2000 Hannover. Hanover, July 1999.<br \/>\n# 20 Interview with Joachim Eble, 27.12.2002<br \/>\n# 21 Talks with Rudi Dassow and R\u00fcdiger Fleck, Bad Schwartau, 26\/27 November 2002<br \/>\n# 22 Internationale Bauausstellung Emscher Park (ed.): IBA 99 - Catalogue of Projects 1999, Gelsenkirchen, April 1999, pp. 266- 268 Wohnen auf Zeche Holland, Bochum; pp. 276- 278 CEAG-Siedlung Dortmund; pp. 282- 285 K\u00fcppersbuschsiedlung Gelsenkirchen; pp. 286- 289 Siedlung Sch\u00fcngelberg, Gelsenkirchen; pp. 295- 297 Gartenstadt Seseke-Aue, Kamen.<br \/>\n# 23 Hubert Haller: Ecological settlement Gerolds\u00e4cker, in: Garten und Landschaft (Zs.), issue 03, 1996<br \/>\n# 24 Stefan Leppert: Joachim-Ringelnatz-Siedlung, in: Garten und Landschaft (Zs.), Heft 01, 1998<br \/>\n# 25 Ronald Kunze: Vibrant urban development in T\u00fcbingen. German Urban Development Award 2001 for the Quartier Franz\u00f6sisches Viertel\/ Stuttgarter Stra\u00dfe. In: Planerin (Zs.), issue Dec. 2001, pp. 42- 44<br \/>\n# 26 Peter Fibich, Reiner Mertins: Open space design on the former harness racing track Farmsen in Hamburg. Living with an open drainage system. In: Garten und Landschaft (Zs.), Issue 02, 2000<br \/>\n# 27 Stefan Leppert: Landscape architecture worth seeing away from the EXPO. Parks and squares at Kronsberg. In: Garten und Landschaft (Zs.); Issue 06, 2000<br \/>\n# 28 Ed.: Senatsverwaltung f\u00fcr Bau- und Wohnungswesen, Berlin: Rundfahrt \u00d6kologisches Planen und Bauen. Berlin, 1990 (here project Weinmeisterhornweg 170-178, pp. 46- 47).<br \/>\n# 29 Hasso Schreck and Hans Erhorn: Null-Heizenergiehaus in Berlin-Spandau. In: Bundesbaublatt (Zs.), Heft 6\/ 97, S. 431- 434<br \/>\n# 30 Norbert Gestring, Hartwig Heine, R\u00fcdiger Mautz, Hans Norbert Mayer, Walter Siebel: \u00d6kologie und urbane Lebensweise. Studies on a seemingly insoluble contradiction. Vieweg Verlag, Wiesbaden, 1997.<br \/>\n# 31 Boockhoof, Rentrop: Selbstbau: Spa\u00df - Abenteuer - Risiko. The experiment Laher Wiesen. In: Deutsche Bauzeitung (Zs.); Heft 7, 198, S. 21- 26.<br \/>\n# 32 Christoph Gun\u00dfer: Lernort Kronsberg. Environmental education on a greenfield site ? Hanover's Expo settlement. In: Deutsche Bauzeitung (Zs.), issue 12\/ 1999, p. 22\/ 23.<br \/>\n# 33 Kil, Wolfgang: Settlement on the outskirts of Berlin. The Landhof project. Settlement in Sch\u00f6neiche. In: Deutsche Bauzeitung (Zs.); Heft 2, 1997, S. 73- 77.<br \/>\n# 34 Planned together. Ecological settlement Gerolds\u00e4cker in Karlsruhe. In. Deutsche Bauzeitung (Zs.), issue 12, 1994, pp. 56- 61.<br \/>\n# 35 ed. Senate Department of Building and Housing: Stadt Haus Wohnung. Housing construction of the 90s in Berlin. Verlag Ernst und Sohn, 1995. catalogue for the exhibition of the same name from 19.5.- 7.6.1995; here pp. 264- 265 on \"Weinmeisterhornweg 170\".<br \/>\n# 36 Housing in Berlin (external title). 100 years of housing construction in Berlin. Municipal housing associations shape the cityscape. Exhibition catalogue, Edition Stadtbaukunst, 1999; here p. 383 on \"Weinmeisterhornweg 147, zero-heat energy house\".<br \/>\n# 37 Building in Pankow. Brochure, published by the district office Pankow, undated (1995 ?), here p. 41\/42 \"Gartenhofstadt Brosepark\" (today: Heinrich-B\u00f6ll-Siedlung).<br \/>\n# 38 Housing estate \"Schafbr\u00fchl\". In: Bauwelt (Zs.), Heft 2\/3, 1990, pp. 86- 89.<br \/>\n# 39 Schafbr\u00fchl. Organic housing estate, T\u00fcbingen-Schafbr\u00fchl. In: Deutsche Bauzeitung, Heft 7, 1987, pp. 31- 34.<br \/>\n# 40 Christoph Gun\u00dfer: Learning from T\u00fcbingen. Living and working in the barracks quarter - urban development of a new type in T\u00fcbingen. In: Deutsche Bauzeitung, issue 7, 1999, p. 22\/ 23.<br \/>\n# 41 Matthias Schuster: Neue Perspektiven im St\u00e4dtebau am Beispiel T\u00fcbingen. In: Stadt und Raum (Zs.), Heft 4, 2002, S. 248- 251.<br \/>\n# 42 Andreas Feldtkeller: Innovation through Conversion. Planning for Former Military Sites in the Southern City of T\u00fcbingen. In: Deutsche Bauzeitung (Zs.), Fet 6, 1994, pp. 36- 38.<br \/>\n# 43 Henry Beierlorzer: Settlement Sch\u00fcngelberg. Future for a settlement with history. In. Stadtbauwelt (Zs.), issue 110, (also Bauwelt1991, issue 24), pp. 1256- 1258.<br \/>\n# 44 Henry Beierlorzer: Housing development on the former K\u00fcppersbusch site. Gelsenkirchen-Feldmark. In. Stadtbauwelt (Zs.), issue 110, (also Bauwelt1991, issue 24), p. 1259.<br \/>\n# 45 Beatrix Novy: The Housing Estates of the IBA Emscher Park. Urban Islands. In: Deutsche Bauzeitung (Zs.), issue 6, 1999, pp. 86- 93.<br \/>\n# 46 Joachim Eble: \u00d6kologisches Bauen. Lecture at the Institute for Urban Development, Berlin, 22.4.1985<br \/>\n# 47 J\u00fcrgen Eppinger: Hannover's new district Kronsberg. A concept has proven itself. In: Stadt und Raum (Zs.), issue 1\/ 2003, pp. 22- 25.<br \/>\n# 48 Stanislaus von Moos: Le Corbusier. (Inside title: Le Corbusier. Elements of a synthesis). Huber Publishing House, Frauenfeld and Stuttgart, 1968.<br \/>\n# 49 City of Munich, Department of Urban Planning and Building Regulations: Documentation \"Symposium on Low Energy Housing, 28.1.1999\", Munich, 2000<br \/>\n# 50 Fisch, Norbert; Bruno M\u00f6ws, J\u00fcrgen Zieger: Solarstadt. Concepts - Technologies - Projects. Publisher W. Kohlhammer, Stuttgart 2001<br \/>\n# 51 Gestring, Norbert; Hartwig Heine, R\u00fcdiger Mautz, Hans-Norbert Mayer, Walter Siebel: \u00d6kologie und Urbane Lebensweise. Studies on a seemingly insoluble contradiction. Vieweg-Verlag, Braunschweig, Wiesbaden, 1997.<br \/>\n# 52 Exhibition Leberecht Migge. Catalogue, Gesamthochschule Kassel, Heft 2 der Schriftenreihe des Fachbereichs Stadtplanung und Landschaftsplanung.<br \/>\n# 53 Der Spiegel (Zs.), 1984, vol. 39, 24 September 1984, title and p. 228- 244 (no author named)<\/p>\n<p>Editorial status: March 2003.<\/p>\n<p>Source: Johann Hartl\/Eun-Heui Lee: \u00d6kosiedlungen in Deutschland. A guide to realized, ecologically-oriented housing estates in Germany 1980- 2002. Seoul \/ Berlin, 2003. German CD edition, Ottobrunn 2004.<\/p>","protected":false},"excerpt":{"rendered":"<p># 1 www.oekosiedlungen.de =&gt; Textliste, 17.10.02 # 2 www.pia-architekten.de\/AGENDA\/Wohnungsbau\/Siedlungen\/Am_Klucksgraben\/&#8230;, 17.01.03 # 3 GSW 1924- 1999. Wohnh\u00e4user und Wohnviertel in Berlin. # 4 www.stadtentwicklung.berlin.de\/umwelt\/klimaschutz\/berlin_spart_energie\/de\/ bauen_wohnen\/heinrich-boell-siedlung2.shtml # 5 Michael D\u00f6rschel, Hier schmei\u00dft keiner mit Lehm, in: Berliner Zeitung 23.6.2000 (\u00fcber: www.berlin-online.de) # 6 www.oeko-siedlung-allermoehe.de\/TxtSiedlg.htm, 17.10.02 # 7 ag2100net.de\/antech2.htm # 8 www.oekologische-siedlung-braamwisch.de, 17.1.03 # 9 www.oekosiedlungen.de\/bramwisch.htm # 10 [&hellip;]<\/p>\n","protected":false},"author":1,"featured_media":0,"parent":0,"menu_order":0,"comment_status":"closed","ping_status":"closed","template":"","meta":{"footnotes":""},"categories":[],"class_list":{"0":"post-11690","1":"page","2":"type-page","3":"status-publish","5":"gallery-content-unit","6":"czr-hentry"},"aioseo_notices":[],"_links":{"self":[{"href":"https:\/\/sdg21.eu\/en\/wp-json\/wp\/v2\/pages\/11690","targetHints":{"allow":["GET"]}}],"collection":[{"href":"https:\/\/sdg21.eu\/en\/wp-json\/wp\/v2\/pages"}],"about":[{"href":"https:\/\/sdg21.eu\/en\/wp-json\/wp\/v2\/types\/page"}],"author":[{"embeddable":true,"href":"https:\/\/sdg21.eu\/en\/wp-json\/wp\/v2\/users\/1"}],"replies":[{"embeddable":true,"href":"https:\/\/sdg21.eu\/en\/wp-json\/wp\/v2\/comments?post=11690"}],"version-history":[{"count":0,"href":"https:\/\/sdg21.eu\/en\/wp-json\/wp\/v2\/pages\/11690\/revisions"}],"wp:attachment":[{"href":"https:\/\/sdg21.eu\/en\/wp-json\/wp\/v2\/media?parent=11690"}],"wp:term":[{"taxonomy":"category","embeddable":true,"href":"https:\/\/sdg21.eu\/en\/wp-json\/wp\/v2\/categories?post=11690"}],"curies":[{"name":"wp","href":"https:\/\/api.w.org\/{rel}","templated":true}]}}