{"id":12219,"date":"2017-01-05T17:26:32","date_gmt":"2017-01-05T17:26:32","guid":{"rendered":"https:\/\/www.siedlungen.eu\/?page_id=12219"},"modified":"2021-03-31T15:15:41","modified_gmt":"2021-03-31T13:15:41","slug":"spenden","status":"publish","type":"page","link":"https:\/\/sdg21.eu\/en\/spenden","title":{"rendered":"Donate"},"content":{"rendered":"<p>The sdg21.web database is intended to provide free access to constructive solutions with no limit to information. If this is also a concern for you and you like the offer, support it with a tax-deductible donation.<br \/>\n<div class=\"su-spacer\" style=\"height:20px\"><\/div>\n<strong>Donation Account:<\/strong><\/p>\n<p>Consignee: BAUWENDE<br \/>\nIBAN: DE91 5003 1000 1055 9130 01<br \/>\nTriodos Bank<br \/>\nBIC: TRODDEF1<br \/>\n<em><strong>Intended purpose: \"Donation <\/strong><\/em><strong><em>sdg21\u2033<\/em><br \/>\n<\/strong><div class=\"su-spacer\" style=\"height:20px\"><\/div>\nMonetary donations are used exclusively for the operation and further development of the sdg21.web database for sustainable settlements and neighbourhoods. The donations are tax deductible. Donation receipts can also be issued for donations in kind (please clarify with us beforehand). The board of the non-profit association <a href=\"http:\/\/bauwende.de\/\" target=\"_blank\" rel=\"noopener noreferrer\"><strong>Bauwende e. V.<\/strong><\/a><strong>\u00a0<\/strong> ensures that the funds are used appropriately. He is obliged to account to the general meeting and also to the tax office. A (possibly electronic) donation receipt will be sent if the full first name and surname, the address of the donor and, if applicable, the email address are available.<\/p>\n<p>For donations up to 200 euros, the so-called simplified proof requirement applies. This means that the bank transfer receipt is sufficient as a donation receipt. This no longer has to be submitted with the tax return since 2017, but may have to be submitted upon request.<\/p>\n<p>For donations over 200 Euro or on request, a donation receipt will be sent automatically, if necessary electronically, if the complete first and last name, the address of the donor and if necessary the email address are available.<\/p>\n<p>For the first 1,650 euros of donations per year, half is reimbursed as a tax refund - the rest can be deducted as a further special expense.<\/p>\n<div class=\"su-spacer\" style=\"height:40px\"><\/div>\n<div class=\"su-box su-box-style-soft\" id=\"\" style=\"border-color:#6a8335;border-radius:5px;max-width:none\"><div class=\"su-box-title\" style=\"background-color:#9db668;color:#040505;border-top-left-radius:3px;border-top-right-radius:3px\">Help - Participate<\/div><div class=\"su-box-content su-u-clearfix su-u-trim\" style=\"border-bottom-left-radius:3px;border-bottom-right-radius:3px\">\nOther ways to promote this web project can be found at this <a href=\"http:\/\/sdg21.eu\/mitwirken-helfen\">Website<\/a><\/div><\/div>\n<div class=\"su-spacer\" style=\"height:40px\"><\/div>\n<p>&nbsp;<\/p>","protected":false},"excerpt":{"rendered":"<p>Die sdg21.Webdatenbank soll einen kostenfreien Zugang zu konstruktiven L\u00f6sungen ohne Limitierung zu Informationen bieten. Wenn Ihnen das ebenfalls ein Anliegen ist und Ihnen das Angebot gef\u00e4llt, unterst\u00fctzen es mit einer steuerlich absetzbaren Spende. Spendenkonto: Empf\u00e4nger: BAUWENDE IBAN: DE91 5003 1000 1055 9130 01 Triodos Bank BIC: TRODDEF1 Verwendungszweck: &#8222;Spende sdg21&#8243; Geldspenden werden ausschlie\u00dflich f\u00fcr den [&hellip;]<\/p>\n","protected":false},"author":1,"featured_media":0,"parent":0,"menu_order":0,"comment_status":"closed","ping_status":"closed","template":"","meta":{"footnotes":""},"categories":[],"class_list":{"0":"post-12219","1":"page","2":"type-page","3":"status-publish","5":"gallery-content-unit","6":"czr-hentry"},"aioseo_notices":[],"_links":{"self":[{"href":"https:\/\/sdg21.eu\/en\/wp-json\/wp\/v2\/pages\/12219","targetHints":{"allow":["GET"]}}],"collection":[{"href":"https:\/\/sdg21.eu\/en\/wp-json\/wp\/v2\/pages"}],"about":[{"href":"https:\/\/sdg21.eu\/en\/wp-json\/wp\/v2\/types\/page"}],"author":[{"embeddable":true,"href":"https:\/\/sdg21.eu\/en\/wp-json\/wp\/v2\/users\/1"}],"replies":[{"embeddable":true,"href":"https:\/\/sdg21.eu\/en\/wp-json\/wp\/v2\/comments?post=12219"}],"version-history":[{"count":2,"href":"https:\/\/sdg21.eu\/en\/wp-json\/wp\/v2\/pages\/12219\/revisions"}],"predecessor-version":[{"id":27902,"href":"https:\/\/sdg21.eu\/en\/wp-json\/wp\/v2\/pages\/12219\/revisions\/27902"}],"wp:attachment":[{"href":"https:\/\/sdg21.eu\/en\/wp-json\/wp\/v2\/media?parent=12219"}],"wp:term":[{"taxonomy":"category","embeddable":true,"href":"https:\/\/sdg21.eu\/en\/wp-json\/wp\/v2\/categories?post=12219"}],"curies":[{"name":"wp","href":"https:\/\/api.w.org\/{rel}","templated":true}]}}