{"id":12761,"date":"2017-02-17T11:41:13","date_gmt":"2017-02-17T11:41:13","guid":{"rendered":"https:\/\/www.siedlungen.eu\/?page_id=12761"},"modified":"2023-09-14T20:07:02","modified_gmt":"2023-09-14T18:07:02","slug":"presse","status":"publish","type":"page","link":"https:\/\/sdg21.eu\/en\/presse","title":{"rendered":"Press \/ photo requests"},"content":{"rendered":"<p class=\"bodytext\">This web database provides information on <span class=\"sbs-count-cpt\">375 Projekte<\/span> sustainable <a href=\"http:\/\/sdg21.eu\/siedlungen\">Settlements<\/a>, <a href=\"http:\/\/www.quartiere.net\">Quarters<\/a> and <a href=\"http:\/\/sdg21.eu\/gebaeude\">Building<\/a>, and <a href=\"http:\/\/sdg21.eu\/galerien\"><span class=\"sbs-count-cpt\">217 Galleries<\/span><\/a> in the database with a total of <span class=\"sbs-count-media\">5,817<\/span> Images.<\/p>\n<p class=\"bodytext\">Do you need <strong>Photo material <\/strong>for your reports, articles or website, then feel free to write to me. On weekdays you will usually receive an answer to your request the same day. If you are looking for a special motif (grass roof or mound houses etc.) use the keywords cloud at the bottom of the page. Most of the photos are also available in print resolution. Please mention the desired photo\/s and the purpose in your mail.<\/p>\n<p>Depending on the purpose (university, science, club\/association, daily press, trade journal, book project, PR) and image size (resolution, file size) as well as number of images, I ask for a reasonable agreement. In the professional field, 25 to a maximum of 150 Euros per image are generally accepted. If the photo rights do not lie with me, but with a third party (photographer, architect, house owner, etc.), then higher costs are to be expected - also due to the obtaining of consent and any necessary remuneration. You will receive a taxable invoice with sales tax (VAT), for higher amounts after receipt of payment also a receipt.<\/p>\n<p class=\"bodytext\">Even with <strong>technical issues<\/strong> we will be happy to help you. The sdg21.web database has been around since 2000 and is run by Mr. Wolpensinger with the support of numerous colleagues. He has been working full-time since 1994 on construction-related issues with a focus on the sustainability of settlements, neighbourhoods and buildings.<\/p>\n<p><strong>Contact<\/strong><br \/>\nHolger Wolpensinger, Dipl.-Ing.<br \/>\ngreenUP Architecture and Building Consultancy, Bonn<br \/>\n<a href=\"https:\/\/greenup.one\/wolpensinger\/\" target=\"_blank\" rel=\"noopener noreferrer\">https:\/\/greenup.one\/wolpensinger<\/a><br \/>\nTel. +49- (0)228- 5344 9198<br \/>\nMail: <a href=\"mailto:presse@sdg21.eu\">presse@sdg21.eu<\/a><\/p>\n<p class=\"bodytext\"><aside id=\"combinedtaxonomiestagcloudwidget-20\" class=\"widget widget_tag_cloud amr_widget\">\n<h3 class=\"widget-title\">Photo Gallery Topics<\/h3>\n<div class=\"combinedtagcloud\"><a href=\"https:\/\/sdg21.eu\/en\/galleries\/tag\/autofreies-wohnen\" style=\"font-size:0.94rem\" class=\"gallery-tag  smaller\" title=\"27 galleries\">Car free living<\/a><a href=\"https:\/\/sdg21.eu\/en\/galleries\/tag\/baufroesche\" style=\"font-size:0.61rem\" class=\"gallery-tag  smaller\" title=\"2 galleries\">Building Frogs<\/a><a href=\"https:\/\/sdg21.eu\/en\/galleries\/tag\/bookhoff-und-rentrop\" style=\"font-size:0.6rem\" class=\"gallery-tag  smaller\" title=\"1 gallery\">Bookhoff and Rentrop<\/a><a href=\"https:\/\/sdg21.eu\/en\/galleries\/tag\/eble\" style=\"font-size:0.84rem\" class=\"gallery-tag  smaller\" title=\"19 galleries\">Eble<\/a><a href=\"https:\/\/sdg21.eu\/en\/galleries\/tag\/efh\" style=\"font-size:0.6rem\" class=\"gallery-tag  smaller\" title=\"1 gallery\">EFH<\/a><a href=\"https:\/\/sdg21.eu\/en\/galleries\/tag\/gartenstadt\" style=\"font-size:0.61rem\" class=\"gallery-tag  smaller\" title=\"2 galleries\">Garden City<\/a><a href=\"https:\/\/sdg21.eu\/en\/galleries\/tag\/geschosswohnungsbau\" style=\"font-size:1.24rem\" class=\"gallery-tag  larger\" title=\"50 galleries\">Multi-storey housing<\/a><a href=\"https:\/\/sdg21.eu\/en\/galleries\/tag\/gesundes-wohnen\" style=\"font-size:1.03rem\" class=\"gallery-tag  larger\" title=\"34 galleries\">Healthy living<\/a><a href=\"https:\/\/sdg21.eu\/en\/galleries\/tag\/grasdaecher\" style=\"font-size:0.88rem\" class=\"gallery-tag  smaller\" title=\"22 galleries\">Grass Roofs<\/a><a href=\"https:\/\/sdg21.eu\/en\/galleries\/tag\/holzbau\" style=\"font-size:1.3rem\" class=\"gallery-tag  larger\" title=\"54 galleries\">Wood construction<\/a><a href=\"https:\/\/sdg21.eu\/en\/galleries\/tag\/holzfassade\" style=\"font-size:1.03rem\" class=\"gallery-tag  larger\" title=\"34 galleries\">Wooden facade<\/a><a href=\"https:\/\/sdg21.eu\/en\/galleries\/tag\/hundertwasser\" style=\"font-size:0.69rem\" class=\"gallery-tag  smaller\" title=\"8 galleries\">Hundertwasser<\/a><a href=\"https:\/\/sdg21.eu\/en\/galleries\/tag\/konversion\" style=\"font-size:0.69rem\" class=\"gallery-tag  smaller\" title=\"8 galleries\">Conversion<\/a><a href=\"https:\/\/sdg21.eu\/en\/galleries\/tag\/lehmbau\" style=\"font-size:0.69rem\" class=\"gallery-tag  smaller\" title=\"8 galleries\">Earth Building<\/a><a href=\"https:\/\/sdg21.eu\/en\/galleries\/tag\/manfred-hegger\" style=\"font-size:0.68rem\" class=\"gallery-tag  smaller\" title=\"7 galleries\">Manfred Hegger<\/a><a href=\"https:\/\/sdg21.eu\/en\/galleries\/tag\/mischnutzung\" style=\"font-size:0.78rem\" class=\"gallery-tag  smaller\" title=\"15 galleries\">Mixed use<\/a><a href=\"https:\/\/sdg21.eu\/en\/galleries\/tag\/nachhaltige-quartiersentwicklung\" style=\"font-size:0.72rem\" class=\"gallery-tag  smaller\" title=\"10 galleries\">Sustainable neighbourhood development<\/a><a href=\"https:\/\/sdg21.eu\/en\/galleries\/tag\/oekodorf\" style=\"font-size:0.63rem\" class=\"gallery-tag  smaller\" title=\"3 galleries\">Ecovillage<\/a><a href=\"https:\/\/sdg21.eu\/en\/galleries\/tag\/oekosiedlung\" style=\"font-size:1.4rem\" class=\"gallery-tag  larger\" title=\"62 galleries\">Eco-settlement<\/a><a href=\"https:\/\/sdg21.eu\/en\/galleries\/tag\/passivhaus\" style=\"font-size:0.7rem\" class=\"gallery-tag  smaller\" title=\"9 galleries\">Passive House<\/a><a href=\"https:\/\/sdg21.eu\/en\/galleries\/tag\/permakultur\" style=\"font-size:0.73rem\" class=\"gallery-tag  smaller\" title=\"11 galleries\">Permaculture<\/a><a href=\"https:\/\/sdg21.eu\/en\/galleries\/tag\/plusenergiebauweise\" style=\"font-size:0.68rem\" class=\"gallery-tag  smaller\" title=\"7 galleries\">PlusEnergy construction<\/a><a href=\"https:\/\/sdg21.eu\/en\/galleries\/tag\/recycling-baustoffe\" style=\"font-size:0.65rem\" class=\"gallery-tag  smaller\" title=\"5 galleries\">Recycled building materials<\/a><a href=\"https:\/\/sdg21.eu\/en\/galleries\/tag\/reihenhaeuser\" style=\"font-size:1.22rem\" class=\"gallery-tag  larger\" title=\"48 galleries\">Terraced houses<\/a><a href=\"https:\/\/sdg21.eu\/en\/galleries\/tag\/rolf-disch\" style=\"font-size:0.7rem\" class=\"gallery-tag  smaller\" title=\"9 galleries\">Rolf Disch<\/a><a href=\"https:\/\/sdg21.eu\/en\/galleries\/tag\/solares-bauen\" style=\"font-size:0.81rem\" class=\"gallery-tag  smaller\" title=\"17 galleries\">Solar building<\/a><a href=\"https:\/\/sdg21.eu\/en\/galleries\/tag\/studierenden-wohnen\" style=\"font-size:0.7rem\" class=\"gallery-tag  smaller\" title=\"9 galleries\">Student housing<\/a><a href=\"https:\/\/sdg21.eu\/en\/galleries\/tag\/wassergestaltung\" style=\"font-size:0.86rem\" class=\"gallery-tag  smaller\" title=\"21 galleries\">Water design<\/a><a href=\"https:\/\/sdg21.eu\/en\/galleries\/tag\/wassersparkonzept\" style=\"font-size:0.69rem\" class=\"gallery-tag  smaller\" title=\"8 galleries\">Water park concept<\/a><a href=\"https:\/\/sdg21.eu\/en\/galleries\/tag\/wohnen-am-wasser\" style=\"font-size:0.64rem\" class=\"gallery-tag  smaller\" title=\"4 galleries\">Living by the water<\/a><a href=\"https:\/\/sdg21.eu\/en\/galleries\/tag\/wohnhof\" style=\"font-size:0.97rem\" class=\"gallery-tag  smaller\" title=\"29 galleries\">Residential<\/a><a href=\"https:\/\/sdg21.eu\/en\/galleries\/tag\/wohnprojekte\" style=\"font-size:0.86rem\" class=\"gallery-tag  smaller\" title=\"21 galleries\">Housing projects<\/a><\/div>\n<\/aside>","protected":false},"excerpt":{"rendered":"<p>Diese Webdatenbank bietet Informationen \u00fcber nachhaltige Siedlungen, Quartiere und Geb\u00e4ude, sowie in der Datenbank mit insgesamt Bildern. Ben\u00f6tigen Sie Fotomaterial f\u00fcr Ihre Reportagen, Artikel oder Webseite, dann schreiben Sie mich gerne an. Werktags erhalten Sie in der Regel noch am selben Tag eine Antwort zu Ihrer Anfrage. Wenn Sie ein spezielles Motiv suchen (Grasdach oder [&hellip;]<\/p>\n","protected":false},"author":1,"featured_media":0,"parent":0,"menu_order":0,"comment_status":"closed","ping_status":"closed","template":"","meta":{"footnotes":""},"categories":[],"class_list":{"0":"post-12761","1":"page","2":"type-page","3":"status-publish","5":"gallery-content-unit","6":"czr-hentry"},"aioseo_notices":[],"_links":{"self":[{"href":"https:\/\/sdg21.eu\/en\/wp-json\/wp\/v2\/pages\/12761","targetHints":{"allow":["GET"]}}],"collection":[{"href":"https:\/\/sdg21.eu\/en\/wp-json\/wp\/v2\/pages"}],"about":[{"href":"https:\/\/sdg21.eu\/en\/wp-json\/wp\/v2\/types\/page"}],"author":[{"embeddable":true,"href":"https:\/\/sdg21.eu\/en\/wp-json\/wp\/v2\/users\/1"}],"replies":[{"embeddable":true,"href":"https:\/\/sdg21.eu\/en\/wp-json\/wp\/v2\/comments?post=12761"}],"version-history":[{"count":3,"href":"https:\/\/sdg21.eu\/en\/wp-json\/wp\/v2\/pages\/12761\/revisions"}],"predecessor-version":[{"id":29088,"href":"https:\/\/sdg21.eu\/en\/wp-json\/wp\/v2\/pages\/12761\/revisions\/29088"}],"wp:attachment":[{"href":"https:\/\/sdg21.eu\/en\/wp-json\/wp\/v2\/media?parent=12761"}],"wp:term":[{"taxonomy":"category","embeddable":true,"href":"https:\/\/sdg21.eu\/en\/wp-json\/wp\/v2\/categories?post=12761"}],"curies":[{"name":"wp","href":"https:\/\/api.w.org\/{rel}","templated":true}]}}