{"id":12795,"date":"2017-02-20T07:56:49","date_gmt":"2017-02-20T07:56:49","guid":{"rendered":"https:\/\/www.siedlungen.eu\/?page_id=12795"},"modified":"2020-12-25T04:29:13","modified_gmt":"2020-12-25T03:29:13","slug":"statistiken","status":"publish","type":"page","link":"https:\/\/sdg21.eu\/en\/statistiken","title":{"rendered":"Statistics"},"content":{"rendered":"<h2><strong>Comparison of Sustainable Settlements and Urban Quarters in Germany<\/strong><\/h2>\n\n<table id=\"tablepress-5\" class=\"tablepress tablepress-id-5\">\n<thead>\n<tr class=\"row-1\">\n\t<th class=\"column-1\">State<br \/>\n<\/th><th class=\"column-2\"><p style=\"text-align: right;\">Projects <br \/>\nQuantity**<br \/>\n<\/th><th class=\"column-3\"><p style=\"text-align: right;\">WE*<br \/>\n<\/th><th class=\"column-4\"><p style=\"text-align: right;\">Projects \/<br \/>\n1. million p.e.*<br \/>\n<\/th><th class=\"column-5\"><p style=\"text-align: right;\">WE each <br \/>\n1 million p.e.*<\/th><th class=\"column-6\"><p style=\"text-align: right;\">Inhabitants***<\/th>\n<\/tr>\n<\/thead>\n<tbody class=\"row-striping row-hover\">\n<tr class=\"row-2\">\n\t<td class=\"column-1\"><p style=\"text-align: left;\"><a href=\"http:\/\/sdg21.eu\/projekte\/baden-wuerttemberg\">Baden-W\u00fcrttemberg<\/a><\/td><td class=\"column-2\"><p style=\"text-align: right;\">82<\/td><td class=\"column-3\"><p style=\"text-align: right;\">21.851<\/td><td class=\"column-4\"><p style=\"text-align: right;\">7,08<\/td><td class=\"column-5\"><p style=\"text-align: right;\">2.008<\/td><td class=\"column-6\"><p style=\"text-align: right;\">10.879.620<\/td>\n<\/tr>\n<tr class=\"row-3\">\n\t<td class=\"column-1\"><p style=\"text-align: left;\"><a href=\"http:\/\/sdg21.eu\/projekte\/nrw\">NRW<\/a><\/td><td class=\"column-2\"><p style=\"text-align: right;\">43<\/td><td class=\"column-3\"><p style=\"text-align: right;\">4.887<\/td><td class=\"column-4\"><p style=\"text-align: right;\">2,46<\/td><td class=\"column-5\"><p style=\"text-align: right;\">274<\/td><td class=\"column-6\"><p style=\"text-align: right;\">17.865.520<\/td>\n<\/tr>\n<tr class=\"row-4\">\n\t<td class=\"column-1\"><p style=\"text-align: left;\"><a href=\"http:\/\/sdg21.eu\/projekte\/bayern\">Bavaria<\/a><\/td><td class=\"column-2\"><p style=\"text-align: right;\">33<\/td><td class=\"column-3\"><p style=\"text-align: right;\">8.448<\/td><td class=\"column-4\"><p style=\"text-align: right;\">2,10<\/td><td class=\"column-5\"><p style=\"text-align: right;\">658<\/td><td class=\"column-6\"><p style=\"text-align: right;\">12.843.510<\/td>\n<\/tr>\n<tr class=\"row-5\">\n\t<td class=\"column-1\"><p style=\"text-align: left;\"><a href=\"http:\/\/sdg21.eu\/projekte\/schleswig-holstein\">Schleswig-Holstein<\/a><\/td><td class=\"column-2\"><p style=\"text-align: right;\">22<\/td><td class=\"column-3\"><p style=\"text-align: right;\">392<\/td><td class=\"column-4\"><p style=\"text-align: right;\">7,70<\/td><td class=\"column-5\"><p style=\"text-align: right;\">137<\/td><td class=\"column-6\"><p style=\"text-align: right;\">2.858.710<\/td>\n<\/tr>\n<tr class=\"row-6\">\n\t<td class=\"column-1\"><p style=\"text-align: left;\"><a href=\"http:\/\/sdg21.eu\/projekte\/berlin\">Berlin<\/a><\/td><td class=\"column-2\"><p style=\"text-align: right;\">17<\/td><td class=\"column-3\"><p style=\"text-align: right;\">1.610<\/td><td class=\"column-4\"><p style=\"text-align: right;\">4,83<\/td><td class=\"column-5\"><p style=\"text-align: right;\">457<\/td><td class=\"column-6\"><p style=\"text-align: right;\">3.520.030<\/td>\n<\/tr>\n<tr class=\"row-7\">\n\t<td class=\"column-1\"><p style=\"text-align: left;\"><a href=\"http:\/\/sdg21.eu\/projekte\/hessen\">Hesse<\/a><\/td><td class=\"column-2\"><p style=\"text-align: right;\">17<\/td><td class=\"column-3\"><p style=\"text-align: right;\">1.478<\/td><td class=\"column-4\"><p style=\"text-align: right;\">2,75<\/td><td class=\"column-5\"><p style=\"text-align: right;\">239<\/td><td class=\"column-6\"><p style=\"text-align: right;\">6.176.170<\/td>\n<\/tr>\n<tr class=\"row-8\">\n\t<td class=\"column-1\"><p style=\"text-align: left;\"><a href=\"http:\/\/sdg21.eu\/projekte\/niedersachsen\">Lower Saxony<\/a><\/td><td class=\"column-2\"><p style=\"text-align: right;\">10<\/td><td class=\"column-3\"><p style=\"text-align: right;\">3.395<\/td><td class=\"column-4\"><p style=\"text-align: right;\">1,26<\/td><td class=\"column-5\"><p style=\"text-align: right;\">428<\/td><td class=\"column-6\"><p style=\"text-align: right;\">7.926.600<\/td>\n<\/tr>\n<tr class=\"row-9\">\n\t<td class=\"column-1\"><p style=\"text-align: left;\"><a href=\"http:\/\/sdg21.eu\/projekte\/hamburg\">Hamburg<\/a><\/td><td class=\"column-2\"><p style=\"text-align: right;\">10<\/td><td class=\"column-3\"><p style=\"text-align: right;\">4.175<\/td><td class=\"column-4\"><p style=\"text-align: right;\">5,59<\/td><td class=\"column-5\"><p style=\"text-align: right;\">2.336<\/td><td class=\"column-6\"><p style=\"text-align: right;\">1.787.410<\/td>\n<\/tr>\n<tr class=\"row-10\">\n\t<td class=\"column-1\"><p style=\"text-align: left;\"><a href=\"http:\/\/sdg21.eu\/projekte\/rheinland-pfalz\">Rhineland-Palatinate<\/a><\/td><td class=\"column-2\"><p style=\"text-align: right;\">7<\/td><td class=\"column-3\"><p style=\"text-align: right;\">867<\/td><td class=\"column-4\"><p style=\"text-align: right;\">1,73<\/td><td class=\"column-5\"><p style=\"text-align: right;\">214<\/td><td class=\"column-6\"><p style=\"text-align: right;\">4.052.800<\/td>\n<\/tr>\n<tr class=\"row-11\">\n\t<td class=\"column-1\"><p style=\"text-align: left;\"><a href=\"http:\/\/sdg21.eu\/projekte\/sachsen\">Saxony<\/a><\/td><td class=\"column-2\"><p style=\"text-align: right;\">4<\/td><td class=\"column-3\"><p style=\"text-align: right;\">1.314<\/td><td class=\"column-4\"><p style=\"text-align: right;\">0,98<\/td><td class=\"column-5\"><p style=\"text-align: right;\">322<\/td><td class=\"column-6\"><p style=\"text-align: right;\">4.084.850<\/td>\n<\/tr>\n<tr class=\"row-12\">\n\t<td class=\"column-1\"><p style=\"text-align: left;\"><a href=\"http:\/\/sdg21.eu\/projekte\/brandenburg\">Brandenburg<\/a><\/td><td class=\"column-2\"><p style=\"text-align: right;\">4<\/td><td class=\"column-3\"><p style=\"text-align: right;\">178<\/td><td class=\"column-4\"><p style=\"text-align: right;\">1,61<\/td><td class=\"column-5\"><p style=\"text-align: right;\">72<\/td><td class=\"column-6\"><p style=\"text-align: right;\">2.484.830<\/td>\n<\/tr>\n<tr class=\"row-13\">\n\t<td class=\"column-1\"><p style=\"text-align: left;\"><a href=\"http:\/\/sdg21.eu\/projekte\/bremen\">Bremen<\/a><\/td><td class=\"column-2\"><p style=\"text-align: right;\">4<\/td><td class=\"column-3\"><p style=\"text-align: right;\">260<\/td><td class=\"column-4\"><p style=\"text-align: right;\">5,96<\/td><td class=\"column-5\"><p style=\"text-align: right;\">387<\/td><td class=\"column-6\"><p style=\"text-align: right;\">671.490<\/td>\n<\/tr>\n<tr class=\"row-14\">\n\t<td class=\"column-1\"><p style=\"text-align: left;\"><a href=\"http:\/\/sdg21.eu\/projekte\/mecklenburg-vorpommern\">Mecklenburg-Western Pomerania<\/a><\/td><td class=\"column-2\"><p style=\"text-align: right;\">3<\/td><td class=\"column-3\"><p style=\"text-align: right;\">140<\/td><td class=\"column-4\"><p style=\"text-align: right;\">1,86<\/td><td class=\"column-5\"><p style=\"text-align: right;\">87<\/td><td class=\"column-6\"><p style=\"text-align: right;\">1.612.360<\/td>\n<\/tr>\n<tr class=\"row-15\">\n\t<td class=\"column-1\"><p style=\"text-align: left;\"><a href=\"http:\/\/sdg21.eu\/projekte\/saarland\">Saarland<\/a><\/td><td class=\"column-2\"><p style=\"text-align: right;\">3<\/td><td class=\"column-3\"><p style=\"text-align: right;\">44<\/td><td class=\"column-4\"><p style=\"text-align: right;\">3,01<\/td><td class=\"column-5\"><p style=\"text-align: right;\">44<\/td><td class=\"column-6\"><p style=\"text-align: right;\">995.600<\/td>\n<\/tr>\n<tr class=\"row-16\">\n\t<td class=\"column-1\"><p style=\"text-align: left;\"><a href=\"http:\/\/sdg21.eu\/projekte\/thueringen\">Thuringia<\/a><\/td><td class=\"column-2\"><p style=\"text-align: right;\">3<\/td><td class=\"column-3\"><p style=\"text-align: right;\">123<\/td><td class=\"column-4\"><p style=\"text-align: right;\">1,38<\/td><td class=\"column-5\"><p style=\"text-align: right;\">57<\/td><td class=\"column-6\"><p style=\"text-align: right;\">2.170.710<\/td>\n<\/tr>\n<tr class=\"row-17\">\n\t<td class=\"column-1\"><p style=\"text-align: left;\"><a href=\"http:\/\/sdg21.eu\/projekte\/sachsen-anhalt\">Saxony-Anhalt<\/a><\/td><td class=\"column-2\"><p style=\"text-align: right;\">2<\/td><td class=\"column-3\"><p style=\"text-align: right;\">120<\/td><td class=\"column-4\"><p style=\"text-align: right;\">0,89<\/td><td class=\"column-5\"><p style=\"text-align: right;\">53<\/td><td class=\"column-6\"><p style=\"text-align: right;\">2.245.470<\/td>\n<\/tr>\n<\/tbody>\n<tfoot>\n<tr class=\"row-18\">\n\t<th class=\"column-1\">Total<\/th><th class=\"column-2\">254 projects in Dt.<\/th><th class=\"column-3\">49,282 residential units<\/th><th class=\"column-4\">3.09 projects\/1 million p.e.<\/th><th class=\"column-5\">600 dwelling units\/1 million inhabitants<\/th><th class=\"column-6\">82,175,680 PE in Dt.<\/th>\n<\/tr>\n<\/tfoot>\n<\/table>\n\n* Status: 30.9.2016<br \/>\n** Population - number of inhabitants of the federal states in Germany on 31 December 2015<br \/>\nSource: <a href=\"https:\/\/www.siedlungen.eu\/bundeslaendervergleich-2009\">http:\/\/de.statista.com\/&#8230;<\/a><\/p>\n<h2><strong>Chronological overview<\/strong><\/h2>\n\n<table id=\"tablepress-6\" class=\"tablepress tablepress-id-6\">\n<thead>\n<tr class=\"row-1\">\n\t<th class=\"column-1\">Decade<\/th><th class=\"column-2\"><p style=\"text-align: right;\">Number of projects<br class=\"clear\" \/>(Stand: 10. April 2026)<\/th><th class=\"column-3\"><p style=\"text-align: right;\">Residential units<br class=\"clear\" \/> (total)<\/th>\n<\/tr>\n<\/thead>\n<tbody class=\"row-striping row-hover\">\n<tr class=\"row-2\">\n\t<td class=\"column-1\"><a href=\"http:\/\/sdg21.eu\/dekade\/in-entstehung\" target=\"_blank\" rel=\"noopener noreferrer\">In the making<\/a><\/td><td class=\"column-2\"><p style=\"text-align: right;\">39<\/td><td class=\"column-3\"><p style=\"text-align: right;\"><\/td>\n<\/tr>\n<tr class=\"row-3\">\n\t<td class=\"column-1\"><a href=\"http:\/\/sdg21.eu\/dekade\/2020-2029\" target=\"_blank\" rel=\"noopener noreferrer\">2020-2029<\/a><\/td><td class=\"column-2\"><p style=\"text-align: right;\">22<\/td><td class=\"column-3\"><p style=\"text-align: right;\"><\/td>\n<\/tr>\n<tr class=\"row-4\">\n\t<td class=\"column-1\"><a href=\"http:\/\/sdg21.eu\/dekade\/2010-2019\" target=\"_blank\" rel=\"noopener noreferrer\">2010-2019<\/a><\/td><td class=\"column-2\"><p style=\"text-align: right;\">75<\/td><td class=\"column-3\"><p style=\"text-align: right;\"><\/td>\n<\/tr>\n<tr class=\"row-5\">\n\t<td class=\"column-1\"><a href=\"http:\/\/sdg21.eu\/dekade\/2000-2009\" target=\"_blank\" rel=\"noopener noreferrer\">2000-2009<\/a><\/td><td class=\"column-2\"><p style=\"text-align: right;\">87<\/td><td class=\"column-3\"><p style=\"text-align: right;\"><\/td>\n<\/tr>\n<tr class=\"row-6\">\n\t<td class=\"column-1\"><a href=\"http:\/\/sdg21.eu\/dekade\/1990-1999\" target=\"_blank\" rel=\"noopener noreferrer\">1990-1999<\/a><\/td><td class=\"column-2\"><p style=\"text-align: right;\">113<\/td><td class=\"column-3\"><p style=\"text-align: right;\"><\/td>\n<\/tr>\n<tr class=\"row-7\">\n\t<td class=\"column-1\"><a href=\"http:\/\/sdg21.eu\/dekade\/1980-1989\" target=\"_blank\" rel=\"noopener noreferrer\">1980-1989<\/a><\/td><td class=\"column-2\"><p style=\"text-align: right;\">29<\/td><td class=\"column-3\"><p style=\"text-align: right;\"><\/td>\n<\/tr>\n<tr class=\"row-8\">\n\t<td class=\"column-1\"><a href=\"http:\/\/sdg21.eu\/dekade\/realisierung-vor-1980\" target=\"_blank\" rel=\"noopener noreferrer\">Realization before 1980<\/a><\/td><td class=\"column-2\"><p style=\"text-align: right;\">9<\/td><td class=\"column-3\"><p style=\"text-align: right;\"><\/td>\n<\/tr>\n<tr class=\"row-9\">\n\t<td class=\"column-1\"><a href=\"http:\/\/sdg21.eu\/dekade\/nicht-realisiert\" target=\"_blank\" rel=\"noopener noreferrer\">Not realized<\/a><\/td><td class=\"column-2\"><p style=\"text-align: right;\">9<\/td><td class=\"column-3\"><p style=\"text-align: right;\"><\/td>\n<\/tr>\n<\/tbody>\n<tfoot>\n<tr class=\"row-10\">\n\t<th class=\"column-1\">Total<br class=\"clear\" \/>(without \"Not realized\"); Note 1)<\/th><th class=\"column-2\"><p style=\"text-align: right;\">325<\/th><th class=\"column-3\"><p style=\"text-align: right;\"><\/th>\n<\/tr>\n<\/tfoot>\n<\/table>\n<!-- #tablepress-6 from cache -->\nNote: while settlements and neighbourhoods with ecological-sustainable objectives from 1970 to 2009 are most likely fully inserted in the database, there are probably gaps in the period from 2010 onwards. One issue here is that due to the normality of the measures, many of the settlements no longer explicitly refer to themselves as 'ecological settlements'. They are also no longer published in the trade\/media because there tends to be less innovation compared to the projects between 1980 and 2000. In this respect, I assume that the realised housing units of sustainable settlements will be somewhat higher from 2010 onwards.<\/p>\n<h2><strong>Scale<\/strong><\/h2>\n\n<table id=\"tablepress-7\" class=\"tablepress tablepress-id-7\">\n<thead>\n<tr class=\"row-1\">\n\t<th class=\"column-1\">Sizes-<br \/>\nCategory<\/th><th class=\"column-2\">Sizes-<br \/>\nAssignment (GR)<\/th><th class=\"column-3\">Residential units <br \/>\n(total)<\/th><th class=\"column-4\">Number of <br \/>\nSettlements<\/th>\n<\/tr>\n<\/thead>\n<tbody class=\"row-striping row-hover\">\n<tr class=\"row-2\">\n\t<td class=\"column-1\"><a href=\"http:\/\/sdg21.eu\/projektgroesse\/xxl\">XXL<\/a><\/td><td class=\"column-2\">from 1,000<\/td><td class=\"column-3\">42.029<\/td><td class=\"column-4\">16<\/td>\n<\/tr>\n<tr class=\"row-3\">\n\t<td class=\"column-1\"><a href=\"http:\/\/sdg21.eu\/projektgroesse\/xl\">XL<\/a><\/td><td class=\"column-2\">500 to 999<\/td><td class=\"column-3\">7.670<\/td><td class=\"column-4\">15<\/td>\n<\/tr>\n<tr class=\"row-4\">\n\t<td class=\"column-1\"><a href=\"http:\/\/sdg21.eu\/projektgroesse\/l\">L<\/a><\/td><td class=\"column-2\">200 to 499<\/td><td class=\"column-3\">4.075<\/td><td class=\"column-4\">16<\/td>\n<\/tr>\n<tr class=\"row-5\">\n\t<td class=\"column-1\"><a href=\"http:\/\/sdg21.eu\/projektgroesse\/m\">M<\/a><\/td><td class=\"column-2\">100 to 199<\/td><td class=\"column-3\">3.905<\/td><td class=\"column-4\">33<\/td>\n<\/tr>\n<tr class=\"row-6\">\n\t<td class=\"column-1\"><a href=\"http:\/\/sdg21.eu\/projektgroesse\/s\">S<\/a><\/td><td class=\"column-2\">30 to 99<\/td><td class=\"column-3\">3.275<\/td><td class=\"column-4\">62<\/td>\n<\/tr>\n<tr class=\"row-7\">\n\t<td class=\"column-1\"><a href=\"http:\/\/sdg21.eu\/projektgroesse\/xs\">XS<\/a><\/td><td class=\"column-2\">3 to 29<\/td><td class=\"column-3\">1.244<\/td><td class=\"column-4\">84<\/td>\n<\/tr>\n<tr class=\"row-8\">\n\t<td class=\"column-1\"><a href=\"http:\/\/sdg21.eu\/projektgroesse\/xxs\">(XXS)*<\/a><\/td><td class=\"column-2\">< 3<\/td><td class=\"column-3\">(9)<\/td><td class=\"column-4\">(8)<\/td>\n<\/tr>\n<\/tbody>\n<tfoot>\n<tr class=\"row-9\">\n\t<th class=\"column-1\">Total:<br \/>\n(incl. XXS)<\/th><td class=\"column-2\"><\/td><th class=\"column-3\">61.014**<br \/>\n(62.207)<br \/>\n<\/th><th class=\"column-4\">226*** <br \/>\n(226)<\/th>\n<\/tr>\n<\/tfoot>\n<\/table>\n\n<p>* Building \/ no settlement<br \/>\n** Status: 1.3.2017<br \/>\n*** Status: 2.1.2019, only realised settlements and quarters are counted<\/p>\n<span id=\"tablepress-4-description\" class=\"tablepress-table-description tablepress-table-description-id-4\"><\/span>\n\n<table id=\"tablepress-4\" class=\"tablepress tablepress-id-4\" aria-describedby=\"tablepress-4-description\">\n<thead>\n<tr class=\"row-1\">\n\t<th class=\"column-1\"><img loading=\"lazy\" decoding=\"async\" src=\"http:\/\/sdg21.eu\/wp-content\/uploads\/2016\/08\/europa.gif\" alt=\"de\" width=\"24\" height=\"17\" class=\"alignnone size-full wp-image-6934\" \/><\/a> Country<\/th><th class=\"column-2\"><p style=\"text-align: right;\">Inhabitants<br \/>\n(2012)<\/p><\/th><th class=\"column-3\"><p style=\"text-align: right;\">Settlement<br \/>\nNumber<\/p><\/th>\n<\/tr>\n<\/thead>\n<tbody class=\"row-striping row-hover\">\n<tr class=\"row-2\">\n\t<td class=\"column-1\"><img loading=\"lazy\" decoding=\"async\" src=\"http:\/\/sdg21.eu\/wp-content\/uploads\/2016\/08\/belgien.gif\" alt=\"de\" width=\"24\" height=\"17\" class=\"alignnone size-full wp-image-6934\" \/><\/a><a href=\"http:\/\/sdg21.eu\/nation\/be\" >  Belgium<\/a><\/td><td class=\"column-2\"><p style=\"text-align: right;\">11.142.000<\/p><\/td><td class=\"column-3\"><p style=\"text-align: right;\">1<\/p><\/td>\n<\/tr>\n<tr class=\"row-3\">\n\t<td class=\"column-1\"><img loading=\"lazy\" decoding=\"async\" src=\"http:\/\/sdg21.eu\/wp-content\/uploads\/2016\/08\/daenemark.gif\" alt=\"de\" width=\"24\" height=\"17\" class=\"alignnone size-full wp-image-6934\" \/><\/a> <a href=\"http:\/\/sdg21.eu\/nation\/dk\" >  Denmark<\/a><\/td><td class=\"column-2\"><p style=\"text-align: right;\">5.590.000<\/p><\/td><td class=\"column-3\"><p style=\"text-align: right;\">19<\/p><\/td>\n<\/tr>\n<tr class=\"row-4\">\n\t<td class=\"column-1\"><img loading=\"lazy\" decoding=\"async\" src=\"http:\/\/sdg21.eu\/wp-content\/uploads\/2019\/08\/deutschland.gif\" alt=\"de\" width=\"24\" height=\"17\" class=\"alignnone size-full wp-image-6934\" \/><\/a><a href=\"http:\/\/sdg21.eu\/nation\/de\" >  Germany<\/a><\/td><td class=\"column-2\"><p style=\"text-align: right;\">81.890.000<\/p><\/td><td class=\"column-3\"><p style=\"text-align: right;\">250<\/p><\/td>\n<\/tr>\n<tr class=\"row-5\">\n\t<td class=\"column-1\"><img loading=\"lazy\" decoding=\"async\" src=\"http:\/\/sdg21.eu\/wp-content\/uploads\/2016\/08\/grossbritannien.gif\" alt=\"de\" width=\"24\" height=\"17\" class=\"alignnone size-full wp-image-6934\" \/><\/a> <a href=\"http:\/\/sdg21.eu\/nation\/gb\" >  United Kingdom<\/a><\/td><td class=\"column-2\"><p style=\"text-align: right;\">63.228.000<\/p><\/td><td class=\"column-3\"><p style=\"text-align: right;\">5<\/p><\/td>\n<\/tr>\n<tr class=\"row-6\">\n\t<td class=\"column-1\"><img loading=\"lazy\" decoding=\"async\" src=\"http:\/\/sdg21.eu\/wp-content\/uploads\/2016\/08\/finnland.gif\" alt=\"de\" width=\"24\" height=\"17\" class=\"alignnone size-full wp-image-6934\" \/><\/a><a href=\"http:\/\/sdg21.eu\/nation\/fi\" >  Finland<\/a><\/td><td class=\"column-2\"><p style=\"text-align: right;\">5.414.000<\/p><\/td><td class=\"column-3\"><p style=\"text-align: right;\">1<\/p><\/td>\n<\/tr>\n<tr class=\"row-7\">\n\t<td class=\"column-1\"><img loading=\"lazy\" decoding=\"async\" src=\"http:\/\/sdg21.eu\/wp-content\/uploads\/2016\/08\/frankreich.gif\" alt=\"de\" width=\"24\" height=\"17\" class=\"alignnone size-full wp-image-6934\" \/><\/a><a href=\"http:\/\/sdg21.eu\/nation\/fr\" >  France<\/a><\/td><td class=\"column-2\"><p style=\"text-align: right;\">65.697.000<\/p><\/td><td class=\"column-3\"><p style=\"text-align: right;\">2<\/p><\/td>\n<\/tr>\n<tr class=\"row-8\">\n\t<td class=\"column-1\"><img loading=\"lazy\" decoding=\"async\" src=\"http:\/\/sdg21.eu\/wp-content\/uploads\/2016\/08\/griechenland.gif\" alt=\"de\" width=\"24\" height=\"17\" class=\"alignnone size-full wp-image-6934\" \/><\/a><a href=\"http:\/\/sdg21.eu\/nation\/gr\" >  Greece<\/a><\/td><td class=\"column-2\"><p style=\"text-align: right;\">11.280.000<\/p><\/td><td class=\"column-3\"><p style=\"text-align: right;\">1<\/p><\/td>\n<\/tr>\n<tr class=\"row-9\">\n\t<td class=\"column-1\"><img loading=\"lazy\" decoding=\"async\" src=\"http:\/\/sdg21.eu\/wp-content\/uploads\/2016\/08\/italien.gif\" alt=\"de\" width=\"24\" height=\"17\" class=\"alignnone size-full wp-image-6934\" \/><\/a><a href=\"http:\/\/sdg21.eu\/nation\/it\" >  Italy<\/a>  <\/td><td class=\"column-2\"><p style=\"text-align: right;\">60.918.000<\/p><\/td><td class=\"column-3\"><p style=\"text-align: right;\">4<\/p><\/td>\n<\/tr>\n<tr class=\"row-10\">\n\t<td class=\"column-1\"><img loading=\"lazy\" decoding=\"async\" src=\"http:\/\/sdg21.eu\/wp-content\/uploads\/2016\/08\/niederlande.gif\" alt=\"de\" width=\"24\" height=\"17\" class=\"alignnone size-full wp-image-6934\" \/><\/a> <a href=\"http:\/\/sdg21.eu\/nation\/nl\" >  Netherlands<\/a><\/td><td class=\"column-2\"><p style=\"text-align: right;\">16.768.000<\/p><\/td><td class=\"column-3\"><p style=\"text-align: right;\">57<\/p><\/td>\n<\/tr>\n<tr class=\"row-11\">\n\t<td class=\"column-1\"><img loading=\"lazy\" decoding=\"async\" src=\"http:\/\/sdg21.eu\/wp-content\/uploads\/2016\/08\/norwegen.gif\" alt=\"de\" width=\"24\" height=\"17\" class=\"alignnone size-full wp-image-6934\" \/><\/a><a href=\"http:\/\/sdg21.eu\/nation\/no\" >  Norway<\/a><\/td><td class=\"column-2\"><p style=\"text-align: right;\">5.019.000<\/p><\/td><td class=\"column-3\"><p style=\"text-align: right;\">2<\/p><\/td>\n<\/tr>\n<tr class=\"row-12\">\n\t<td class=\"column-1\"><img loading=\"lazy\" decoding=\"async\" src=\"http:\/\/sdg21.eu\/wp-content\/uploads\/2016\/08\/oestereich.gif\" alt=\"de\" width=\"24\" height=\"17\" class=\"alignnone size-full wp-image-6934\" \/><\/a><a href=\"http:\/\/sdg21.eu\/nation\/at\" >  Austria<\/a><\/td><td class=\"column-2\"><p style=\"text-align: right;\">8.462.000<\/p><\/td><td class=\"column-3\"><p style=\"text-align: right;\">46<\/p><\/td>\n<\/tr>\n<tr class=\"row-13\">\n\t<td class=\"column-1\"><img loading=\"lazy\" decoding=\"async\" src=\"http:\/\/sdg21.eu\/wp-content\/uploads\/2016\/08\/polen.gif\" alt=\"de\" width=\"24\" height=\"17\" class=\"alignnone size-full wp-image-6934\" \/><\/a><a href=\"http:\/\/sdg21.eu\/nation\/pl\" >  Poland<\/a><\/td><td class=\"column-2\"><p style=\"text-align: right;\">38.543.000<\/p><\/td><td class=\"column-3\"><p style=\"text-align: right;\">1<\/p><\/td>\n<\/tr>\n<tr class=\"row-14\">\n\t<td class=\"column-1\"><img loading=\"lazy\" decoding=\"async\" src=\"http:\/\/sdg21.eu\/wp-content\/uploads\/2016\/08\/portugal.gif\" alt=\"de\" width=\"24\" height=\"17\" class=\"alignnone size-full wp-image-6934\" \/><\/a><a href=\"http:\/\/sdg21.eu\/nation\/pt\" >  Portugal<\/a>  <\/td><td class=\"column-2\"><p style=\"text-align: right;\">10.524.000<\/p><\/td><td class=\"column-3\"><p style=\"text-align: right;\">1<\/p><\/td>\n<\/tr>\n<tr class=\"row-15\">\n\t<td class=\"column-1\"><img loading=\"lazy\" decoding=\"async\" src=\"http:\/\/sdg21.eu\/wp-content\/uploads\/2016\/08\/schweiz02.gif\" alt=\"de\" width=\"24\" height=\"17\" class=\"alignnone size-full wp-image-6934\" \/><\/a><a href=\"http:\/\/sdg21.eu\/nation\/ch\" >  Switzerland<\/a><\/td><td class=\"column-2\"><p style=\"text-align: right;\">8.139.600<\/p><\/td><td class=\"column-3\"><p style=\"text-align: right;\">13<\/p><\/td>\n<\/tr>\n<tr class=\"row-16\">\n\t<td class=\"column-1\"><img loading=\"lazy\" decoding=\"async\" src=\"http:\/\/sdg21.eu\/wp-content\/uploads\/2016\/08\/schweden.gif\" alt=\"de\" width=\"24\" height=\"17\" class=\"alignnone size-full wp-image-6934\" \/><\/a><a href=\"http:\/\/sdg21.eu\/nation\/se\" >  Sweden<\/a>  <\/td><td class=\"column-2\"><p style=\"text-align: right;\">9.517.000<\/p><\/td><td class=\"column-3\"><p style=\"text-align: right;\">14<\/p><\/td>\n<\/tr>\n<tr class=\"row-17\">\n\t<td class=\"column-1\"><img loading=\"lazy\" decoding=\"async\" src=\"http:\/\/sdg21.eu\/wp-content\/uploads\/2016\/08\/ungarn.gif\" alt=\"de\" width=\"24\" height=\"17\" class=\"alignnone size-full wp-image-6934\" \/><\/a><a href=\"http:\/\/sdg21.eu\/nation\/hu\" >  Hungary<\/a>  <\/td><td class=\"column-2\"><p style=\"text-align: right;\">9.944.000<\/p><\/td><td class=\"column-3\"><p style=\"text-align: right;\">2<\/p><\/td>\n<\/tr>\n<\/tbody>\n<tfoot>\n<tr class=\"row-18\">\n\t<th class=\"column-1\">Sum*<br \/>\n<a href=\"http:\/\/sdg21.eu\/europa\" >  Europe<\/a><\/th><th class=\"column-2\"><p style=\"text-align: right;\">412.075.600<\/p><\/th><th class=\"column-3\"><p style=\"text-align: right;\">419<\/p><\/th>\n<\/tr>\n<\/tfoot>\n<\/table>\n<!-- #tablepress-4 from cache -->\n* As of 30.9.2016. In Europe, not all settlement and neighbourhood projects with sustainability objectives are fully recorded or documented in the web database. While the project directory in Germany should be relatively complete, the European countries have not been systematically updated since 2003.<\/p>\n<p>Archive:<br \/>\n<a href=\"http:\/\/sdg21.eu\/bundeslaendervergleich-2009\">Comparison of sustainable settlements in Germany as of 2009<\/a><\/p>","protected":false},"excerpt":{"rendered":"<p>Bundesl\u00e4ndervergleich Nachhaltiger Siedlungen und Stadtquartiere in Deutschland * Stand: 30.9.2016 ** Bev\u00f6lkerung &#8211; Einwohnerzahl der Bundesl\u00e4nder in Deutschland am 31. Dezember 2015 Quelle: http:\/\/de.statista.com\/&#8230; Chronologische \u00dcbersicht Anmerkung: w\u00e4hrend die Siedlungen und Quartiere mit \u00f6kologisch-nachhaltigen Zielsetzungen ab 1970 bis 2009 sehr wahrscheinlich vollst\u00e4ndig in der Datenbank eingef\u00fcgt sind, gibt es im Zeitraum ab 2010 vermutlich L\u00fccken. [&hellip;]<\/p>\n","protected":false},"author":1,"featured_media":0,"parent":0,"menu_order":0,"comment_status":"closed","ping_status":"closed","template":"","meta":{"footnotes":""},"categories":[],"class_list":{"0":"post-12795","1":"page","2":"type-page","3":"status-publish","5":"gallery-content-unit","6":"czr-hentry"},"aioseo_notices":[],"_links":{"self":[{"href":"https:\/\/sdg21.eu\/en\/wp-json\/wp\/v2\/pages\/12795","targetHints":{"allow":["GET"]}}],"collection":[{"href":"https:\/\/sdg21.eu\/en\/wp-json\/wp\/v2\/pages"}],"about":[{"href":"https:\/\/sdg21.eu\/en\/wp-json\/wp\/v2\/types\/page"}],"author":[{"embeddable":true,"href":"https:\/\/sdg21.eu\/en\/wp-json\/wp\/v2\/users\/1"}],"replies":[{"embeddable":true,"href":"https:\/\/sdg21.eu\/en\/wp-json\/wp\/v2\/comments?post=12795"}],"version-history":[{"count":0,"href":"https:\/\/sdg21.eu\/en\/wp-json\/wp\/v2\/pages\/12795\/revisions"}],"wp:attachment":[{"href":"https:\/\/sdg21.eu\/en\/wp-json\/wp\/v2\/media?parent=12795"}],"wp:term":[{"taxonomy":"category","embeddable":true,"href":"https:\/\/sdg21.eu\/en\/wp-json\/wp\/v2\/categories?post=12795"}],"curies":[{"name":"wp","href":"https:\/\/api.w.org\/{rel}","templated":true}]}}