{"id":134,"date":"2016-07-29T17:34:24","date_gmt":"2016-07-29T17:34:24","guid":{"rendered":"https:\/\/www.siedlungen.eu\/?page_id=134"},"modified":"2020-12-25T04:30:42","modified_gmt":"2020-12-25T03:30:42","slug":"ranking","status":"publish","type":"page","link":"https:\/\/sdg21.eu\/en\/ranking","title":{"rendered":"Ranking"},"content":{"rendered":"<p><strong>selected settlements and buildings according to qualitative sustainability criteria<\/strong><\/p>\n<p>So that the whole range of ecological and sustainable building can be seen, the following information is available at <a href=\"http:\/\/sdg21.eu\/\">www.sdg21.eu<\/a> included both settlements that have implemented very far-reaching ecological and social principles (e.g. the <a href=\"http:\/\/sdg21.eu\/db\/moorwiesensiedlung-kiel-hassee\">Moorwiesensiedlung<\/a> in Kiel-Hassee), but also projects with partly only one ecological-innovative aspect (e.g. the Solar Local Heating Project <a href=\"http:\/\/sdg21.eu\/db\/solarstadt-wiggenhausen\">Wiggenhausen<\/a>). At present, this can only be derived from the descriptions. A qualitative assessment, which is to be carried out within the framework of a <a href=\"http:\/\/sdg21.eu\/seminar-nachhaltige-siedlungen-in-baden-wuerttemberg\" target=\"_blank\" rel=\"noopener noreferrer\">Upper class seminar at the University of Karlsruhe<\/a> has been developed and carried out for the projects listed on this website. The aim was to identify the strengths and weaknesses of the individual projects. However, the evaluation effort is large, which is why only some of the projects have been evaluated so far. Since the projects were evaluated in two different seminars and the evaluation matrix was further developed, the scores are not consistent. Nevertheless, they allow a ranking of the projects.<\/p>\n<p>This is the underlying <a href=\"https:\/\/oekosiedlungen.de\/ranking\/matrix.doc\" target=\"_blank\" rel=\"noopener noreferrer\">Evaluation matrix<\/a> (Word file 140 kB) <a href=\"mailto:wolpensinger@oekosiedlungen.de\"><br \/>\n<\/a><br \/>\n<strong>Notice: <\/strong>The tables of the individual headings \"Large Settlements\", \"Residential\/Settlements\" and \"Buildings\" can be copied in most browsers after highlighting, pasted into Word, for example, and sorted according to the headings \"Total\" \"Ecology\", etc.<\/p>\n<table width=\"95%\">\n<tbody>\n<tr>\n<td colspan=\"9\"><strong>Large settlements<br \/>\n&gt;500 residential units<\/strong><\/td>\n<\/tr>\n<tr>\n<td width=\"20\">Size (WE)<\/td>\n<td width=\"170\">Project name, location<\/td>\n<td width=\"170\">Score<br \/>\nType<\/td>\n<td width=\"4%\"><\/td>\n<td width=\"8%\"><strong><em>Total<br \/>\n<\/em><\/strong><em>from 84<\/em><\/td>\n<td width=\"10%\"><em>Urban planning<br \/>\nfrom 21<\/em><\/td>\n<td width=\"8%\"><em>Ecology<br \/>\nfrom 21 <\/em><\/td>\n<td width=\"10%\"><em>Economics<br \/>\nfrom 21 <\/em><\/td>\n<td width=\"12%\"><em>Socio-<br \/>\nculture<br \/>\nfrom 21 <\/em><\/td>\n<\/tr>\n<tr>\n<td width=\"6%\">2.000<\/td>\n<td width=\"20%\"><a href=\"http:\/\/sdg21.eu\/db\/nachhaltiger-modellstadtteil-vauban\">Vauban<br \/>\n<\/a>Freiburg<\/td>\n<td width=\"22%\"><img loading=\"lazy\" decoding=\"async\" class=\"alignnone size-full wp-image-137\" src=\"http:\/\/sdg21.eu\/wp-content\/uploads\/2016\/07\/A-DCBA-Level.jpg\" alt=\"A-DCBA-Level\" width=\"170\" height=\"44\" \/><\/td>\n<td width=\"4%\"><\/td>\n<td width=\"8%\"><strong>75<\/strong><\/td>\n<td width=\"10%\">19<\/td>\n<td width=\"8%\">17<\/td>\n<td width=\"10%\">19<\/td>\n<td width=\"12%\">21<\/td>\n<\/tr>\n<tr>\n<td width=\"6%\">5.000<\/td>\n<td width=\"20%\"><a href=\"http:\/\/sdg21.eu\/db\/oekologische-stadtentwicklung-freiburg-rieselfeld\">Rieselfeld<\/a><br \/>\nFreiburg<\/td>\n<td width=\"22%\"><img loading=\"lazy\" decoding=\"async\" class=\"alignnone size-full wp-image-137\" src=\"http:\/\/sdg21.eu\/wp-content\/uploads\/2016\/07\/A-DCBA-Level.jpg\" alt=\"A-DCBA-Level\" width=\"170\" height=\"44\" \/><\/td>\n<td width=\"4%\"><\/td>\n<td width=\"8%\"><strong>69<\/strong><\/td>\n<td width=\"10%\">19<\/td>\n<td width=\"8%\">18<\/td>\n<td width=\"10%\">15<\/td>\n<td width=\"12%\">17<\/td>\n<\/tr>\n<tr>\n<td width=\"6%\">2.800<\/td>\n<td width=\"20%\"><a href=\"http:\/\/sdg21.eu\/db\/franzoesisches-viertel-tuebingen\">French Quarter<\/a><br \/>\nT\u00fcbingen<\/td>\n<td width=\"22%\"><img loading=\"lazy\" decoding=\"async\" class=\"alignnone size-full wp-image-143\" src=\"http:\/\/sdg21.eu\/wp-content\/uploads\/2016\/07\/B-DCBA-Level.jpg\" alt=\"B-DCBA-Level\" width=\"170\" height=\"44\" \/><\/td>\n<td width=\"4%\"><\/td>\n<td width=\"8%\"><strong>30<br \/>\n<\/strong> v. 64<\/td>\n<td width=\"10%\">11<br \/>\nv. 16<\/td>\n<td width=\"8%\">4<br \/>\nv. 16<\/td>\n<td width=\"10%\">5<br \/>\nv. 16<\/td>\n<td width=\"12%\">10<br \/>\nv. 16<\/td>\n<\/tr>\n<\/tbody>\n<\/table>\n<p>&nbsp;<\/p>\n<table width=\"95%\">\n<tbody>\n<tr>\n<td style=\"width: 99.477%;\" colspan=\"9\">Residential\/settlements<em> <strong><br \/>\n5 to 500 residential units<\/strong><\/em><\/td>\n<\/tr>\n<tr>\n<td style=\"width: 6.79916%;\"><em>Size<\/em><\/td>\n<td style=\"width: 21.2639%;\"><em>Project name, location<\/em><\/td>\n<td style=\"width: 21.3093%;\"><em>Score<br \/>\nType<br \/>\n<\/em><\/td>\n<td style=\"width: 3.55649%;\"><\/td>\n<td style=\"width: 8.89121%;\"><strong><em>Total<br \/>\n<\/em><\/strong><em>from 84<\/em><\/td>\n<td style=\"width: 10.1464%;\"><em>Urban planning<br \/>\nfrom 21<\/em><\/td>\n<td style=\"width: 8.89121%;\"><em>Ecology<br \/>\nfrom 21\u00a0<\/em><\/td>\n<td style=\"width: 9.93724%;\"><em>Economics<br \/>\nfrom 21\u00a0<\/em><\/td>\n<td style=\"width: 8.68201%;\"><em>Socio-culture<br \/>\nfrom 21\u00a0<\/em><\/td>\n<\/tr>\n<tr>\n<td style=\"width: 6.79916%;\">20<\/td>\n<td style=\"width: 21.2639%;\"><a href=\"http:\/\/sdg21.eu\/db\/nullabwasserhaus\">Housing and<br \/>\nWork <\/a><br \/>\nFreiburg<\/td>\n<td style=\"width: 21.3093%;\"><img loading=\"lazy\" decoding=\"async\" class=\"aligncenter wp-image-137 size-full\" src=\"http:\/\/sdg21.eu\/wp-content\/uploads\/2016\/07\/A-DCBA-Level.jpg\" alt=\"A-DCBA-Level\" width=\"170\" height=\"44\" \/><\/td>\n<td style=\"width: 3.55649%;\"><\/td>\n<td style=\"width: 8.89121%;\"><strong>69<br \/>\n<\/strong>v. 81<\/td>\n<td style=\"width: 10.1464%;\">17<br \/>\nv. 18<\/td>\n<td style=\"width: 8.89121%;\">16<br \/>\nv. 21<\/td>\n<td style=\"width: 9.93724%;\">18<br \/>\nv. 21<\/td>\n<td style=\"width: 8.68201%;\">18<br \/>\nv. 21<\/td>\n<\/tr>\n<tr>\n<td style=\"width: 6.79916%;\">21<\/td>\n<td style=\"width: 21.2639%;\"><a href=\"http:\/\/sdg21.eu\/db\/moorwiesensiedlung-kiel-hassee\">Moorwiesensiedlung<\/a><br \/>\nKiel<\/td>\n<td style=\"width: 21.3093%;\"><img loading=\"lazy\" decoding=\"async\" class=\"size-full wp-image-137 aligncenter\" src=\"http:\/\/sdg21.eu\/wp-content\/uploads\/2016\/07\/A-DCBA-Level.jpg\" alt=\"A-DCBA-Level\" width=\"170\" height=\"44\" \/><\/td>\n<td style=\"width: 3.55649%;\"><\/td>\n<td style=\"width: 8.89121%;\"><strong>68 <\/strong><\/td>\n<td style=\"width: 10.1464%;\">19<\/td>\n<td style=\"width: 8.89121%;\">20<\/td>\n<td style=\"width: 9.93724%;\">15<\/td>\n<td style=\"width: 8.68201%;\">14<\/td>\n<\/tr>\n<tr>\n<td style=\"width: 6.79916%;\">110<\/td>\n<td style=\"width: 21.2639%;\"><a href=\"http:\/\/sdg21.eu\/db\/baubiologische-siedlung-schafbruehl\">Sheep's Broth<\/a><br \/>\nT\u00fcbingen<\/td>\n<td style=\"width: 21.3093%;\"><img loading=\"lazy\" decoding=\"async\" class=\"size-full wp-image-137 aligncenter\" src=\"http:\/\/sdg21.eu\/wp-content\/uploads\/2016\/07\/A-DCBA-Level.jpg\" alt=\"A-DCBA-Level\" width=\"170\" height=\"44\" \/><\/td>\n<td style=\"width: 3.55649%;\"><\/td>\n<td style=\"width: 8.89121%;\"><strong>66<\/strong><\/td>\n<td style=\"width: 10.1464%;\">20<\/td>\n<td style=\"width: 8.89121%;\">17<\/td>\n<td style=\"width: 9.93724%;\">15<\/td>\n<td style=\"width: 8.68201%;\">14<\/td>\n<\/tr>\n<tr>\n<td style=\"width: 6.79916%;\">40<\/td>\n<td style=\"width: 21.2639%;\"><a href=\"http:\/\/sdg21.eu\/db\/oekologische-siedlung-geroldsaecker\">Gerolds\u00e4cker<\/a><br \/>\nKarlsruhe<\/td>\n<td style=\"width: 21.3093%;\"><img loading=\"lazy\" decoding=\"async\" class=\"size-full wp-image-137 aligncenter\" src=\"http:\/\/sdg21.eu\/wp-content\/uploads\/2016\/07\/A-DCBA-Level.jpg\" alt=\"A-DCBA-Level\" width=\"170\" height=\"44\" \/><\/td>\n<td style=\"width: 3.55649%;\"><\/td>\n<td style=\"width: 8.89121%;\"><strong>65\u00a0<\/strong><\/td>\n<td style=\"width: 10.1464%;\">17<\/td>\n<td style=\"width: 8.89121%;\">19<\/td>\n<td style=\"width: 9.93724%;\">16<\/td>\n<td style=\"width: 8.68201%;\">13<\/td>\n<\/tr>\n<tr>\n<td style=\"width: 6.79916%;\">36<\/td>\n<td style=\"width: 21.2639%;\"><a href=\"http:\/\/sdg21.eu\/db\/genova-eg\">Genova eG <\/a><br \/>\nFreiburg<\/td>\n<td style=\"width: 21.3093%;\"><img loading=\"lazy\" decoding=\"async\" class=\"size-full wp-image-137 aligncenter\" src=\"http:\/\/sdg21.eu\/wp-content\/uploads\/2016\/07\/A-DCBA-Level.jpg\" alt=\"A-DCBA-Level\" width=\"170\" height=\"44\" \/><\/td>\n<td style=\"width: 3.55649%;\"><\/td>\n<td style=\"width: 8.89121%;\"><strong>65\u00a0<\/strong><\/td>\n<td style=\"width: 10.1464%;\">19<\/td>\n<td style=\"width: 8.89121%;\">14<\/td>\n<td style=\"width: 9.93724%;\">13<\/td>\n<td style=\"width: 8.68201%;\">19<\/td>\n<\/tr>\n<tr>\n<td style=\"width: 6.79916%;\">86<\/td>\n<td style=\"width: 21.2639%;\"><a href=\"http:\/\/sdg21.eu\/db\/mika-eg\">MIKA<\/a><br \/>\nKarlsruhe<\/td>\n<td style=\"width: 21.3093%;\"><img loading=\"lazy\" decoding=\"async\" class=\"size-full wp-image-143 aligncenter\" src=\"http:\/\/sdg21.eu\/wp-content\/uploads\/2016\/07\/B-DCBA-Level.jpg\" alt=\"B-DCBA-Level\" width=\"170\" height=\"44\" \/><\/td>\n<td style=\"width: 3.55649%;\"><\/td>\n<td style=\"width: 8.89121%;\"><strong>61\u00a0<\/strong><\/td>\n<td style=\"width: 10.1464%;\">16<\/td>\n<td style=\"width: 8.89121%;\">8<\/td>\n<td style=\"width: 9.93724%;\">17<\/td>\n<td style=\"width: 8.68201%;\">20<\/td>\n<\/tr>\n<tr>\n<td style=\"width: 6.79916%;\">84<\/td>\n<td style=\"width: 21.2639%;\"><a href=\"http:\/\/sdg21.eu\/db\/arkadien-asperg\">Arcadia<\/a><br \/>\nAsperg<\/td>\n<td style=\"width: 21.3093%;\"><img loading=\"lazy\" decoding=\"async\" class=\"size-full wp-image-143 aligncenter\" src=\"http:\/\/sdg21.eu\/wp-content\/uploads\/2016\/07\/B-DCBA-Level.jpg\" alt=\"B-DCBA-Level\" width=\"170\" height=\"44\" \/><\/td>\n<td style=\"width: 3.55649%;\"><\/td>\n<td style=\"width: 8.89121%;\"><strong>57\u00a0<\/strong><\/td>\n<td style=\"width: 10.1464%;\">16<\/td>\n<td style=\"width: 8.89121%;\">18<\/td>\n<td style=\"width: 9.93724%;\">13<\/td>\n<td style=\"width: 8.68201%;\">10<\/td>\n<\/tr>\n<tr>\n<td style=\"width: 6.79916%;\">18<\/td>\n<td style=\"width: 21.2639%;\"><a href=\"http:\/\/sdg21.eu\/db\/siedlung-lindenwaeldle\">Lindenw\u00e4ldle<\/a><br \/>\nFreiburg<\/td>\n<td style=\"width: 21.3093%;\"><img loading=\"lazy\" decoding=\"async\" class=\"size-full wp-image-143 aligncenter\" src=\"http:\/\/sdg21.eu\/wp-content\/uploads\/2016\/07\/B-DCBA-Level.jpg\" alt=\"B-DCBA-Level\" width=\"170\" height=\"44\" \/><\/td>\n<td style=\"width: 3.55649%;\"><\/td>\n<td style=\"width: 8.89121%;\"><strong>48\u00a0<\/strong><\/td>\n<td style=\"width: 10.1464%;\">11<\/td>\n<td style=\"width: 8.89121%;\">13<\/td>\n<td style=\"width: 9.93724%;\">12<\/td>\n<td style=\"width: 8.68201%;\">12<\/td>\n<\/tr>\n<tr>\n<td style=\"width: 6.79916%;\">50<\/td>\n<td style=\"width: 21.2639%;\"><a href=\"http:\/\/sdg21.eu\/db\/solarsiedlung-am-schlierberg\">Schlierberg<\/a><br \/>\nFreiburg<\/td>\n<td style=\"width: 21.3093%;\"><img loading=\"lazy\" decoding=\"async\" class=\"size-full wp-image-143 aligncenter\" src=\"http:\/\/sdg21.eu\/wp-content\/uploads\/2016\/07\/B-DCBA-Level.jpg\" alt=\"B-DCBA-Level\" width=\"170\" height=\"44\" \/><\/td>\n<td style=\"width: 3.55649%;\"><\/td>\n<td style=\"width: 8.89121%;\"><strong>47\u00a0<\/strong><\/td>\n<td style=\"width: 10.1464%;\">11<\/td>\n<td style=\"width: 8.89121%;\">14<\/td>\n<td style=\"width: 9.93724%;\">14<\/td>\n<td style=\"width: 8.68201%;\">8<\/td>\n<\/tr>\n<tr>\n<td style=\"width: 6.79916%;\">20<\/td>\n<td style=\"width: 21.2639%;\">&#8222;<a href=\"http:\/\/sdg21.eu\/db\/erdhuegelhaeuser-auf-der-staig\">On the Staig<\/a>&#8220;<br \/>\nDonaueschingen<\/td>\n<td style=\"width: 21.3093%;\"><img loading=\"lazy\" decoding=\"async\" class=\"size-full wp-image-143 aligncenter\" src=\"http:\/\/sdg21.eu\/wp-content\/uploads\/2016\/07\/B-DCBA-Level.jpg\" alt=\"B-DCBA-Level\" width=\"170\" height=\"44\" \/><\/td>\n<td style=\"width: 3.55649%;\"><\/td>\n<td style=\"width: 8.89121%;\"><strong>35<br \/>\n<\/strong> v. 64<\/td>\n<td style=\"width: 10.1464%;\">12<br \/>\nv. 16<\/td>\n<td style=\"width: 8.89121%;\">12<br \/>\nv. 16<\/td>\n<td style=\"width: 9.93724%;\">3<br \/>\nv. 16<\/td>\n<td style=\"width: 8.68201%;\">8<br \/>\nv. 16<\/td>\n<\/tr>\n<tr>\n<td style=\"width: 6.79916%;\">68<\/td>\n<td style=\"width: 21.2639%;\">&#8222;<a href=\"http:\/\/sdg21.eu\/db\/wohnanlage-am-dorf\">At the village<\/a>&#8220;<br \/>\nKirchheim<br \/>\nHeidelberg<\/td>\n<td style=\"width: 21.3093%;\"><img loading=\"lazy\" decoding=\"async\" class=\"size-full wp-image-143 aligncenter\" src=\"http:\/\/sdg21.eu\/wp-content\/uploads\/2016\/07\/B-DCBA-Level.jpg\" alt=\"B-DCBA-Level\" width=\"170\" height=\"44\" \/><\/td>\n<td style=\"width: 3.55649%;\"><\/td>\n<td style=\"width: 8.89121%;\"><strong>19<br \/>\n<\/strong> v. 64<\/td>\n<td style=\"width: 10.1464%;\">7<br \/>\nv. 16<\/td>\n<td style=\"width: 8.89121%;\">7<br \/>\nv. 16<\/td>\n<td style=\"width: 9.93724%;\">1<br \/>\nv. 16<\/td>\n<td style=\"width: 8.68201%;\">4<br \/>\nv. 16<\/td>\n<\/tr>\n<tr>\n<td style=\"width: 6.79916%;\">14<\/td>\n<td style=\"width: 21.2639%;\"><a href=\"http:\/\/sdg21.eu\/db\/wohnhof-ziegelei\">Brickyard<\/a><br \/>\nFreiburg<\/td>\n<td style=\"width: 21.3093%;\"><img loading=\"lazy\" decoding=\"async\" class=\"size-full wp-image-145 aligncenter\" src=\"http:\/\/sdg21.eu\/wp-content\/uploads\/2016\/07\/C-DCBA-Level.jpg\" alt=\"C-DCBA-Level\" width=\"170\" height=\"44\" \/><\/td>\n<td style=\"width: 3.55649%;\"><\/td>\n<td style=\"width: 8.89121%;\"><strong>40<\/strong><\/td>\n<td style=\"width: 10.1464%;\">13<\/td>\n<td style=\"width: 8.89121%;\">7<\/td>\n<td style=\"width: 9.93724%;\">10<\/td>\n<td style=\"width: 8.68201%;\">10<\/td>\n<\/tr>\n<tr>\n<td style=\"width: 6.79916%;\">68<\/td>\n<td style=\"width: 21.2639%;\"><a href=\"http:\/\/sdg21.eu\/db\/baugruppe-stadt-frau-rieselfeld\">City &amp; Woman<\/a><br \/>\nFreiburg<\/td>\n<td style=\"width: 21.3093%;\"><img loading=\"lazy\" decoding=\"async\" class=\"size-full wp-image-145 aligncenter\" src=\"http:\/\/sdg21.eu\/wp-content\/uploads\/2016\/07\/C-DCBA-Level.jpg\" alt=\"C-DCBA-Level\" width=\"170\" height=\"44\" \/><\/td>\n<td style=\"width: 3.55649%;\"><\/td>\n<td style=\"width: 8.89121%;\"><strong>38<\/strong><\/td>\n<td style=\"width: 10.1464%;\">11<\/td>\n<td style=\"width: 8.89121%;\">5<\/td>\n<td style=\"width: 9.93724%;\">8<\/td>\n<td style=\"width: 8.68201%;\">14<\/td>\n<\/tr>\n<tr>\n<td style=\"width: 6.79916%;\">180<\/td>\n<td style=\"width: 21.2639%;\"><a href=\"http:\/\/sdg21.eu\/db\/baugebiet-smiley-west\">Smiley West<\/a><br \/>\nKarlsruhe<\/td>\n<td style=\"width: 21.3093%;\"><img loading=\"lazy\" decoding=\"async\" class=\"size-full wp-image-145 aligncenter\" src=\"http:\/\/sdg21.eu\/wp-content\/uploads\/2016\/07\/C-DCBA-Level.jpg\" alt=\"C-DCBA-Level\" width=\"170\" height=\"44\" \/><\/td>\n<td style=\"width: 3.55649%;\"><\/td>\n<td style=\"width: 8.89121%;\"><strong>15<br \/>\n<\/strong>v. 64<\/td>\n<td style=\"width: 10.1464%;\">8<br \/>\nv. 16<\/td>\n<td style=\"width: 8.89121%;\">4<br \/>\nv. 16<\/td>\n<td style=\"width: 9.93724%;\">-3<br \/>\nv. 16<\/td>\n<td style=\"width: 8.68201%;\">6<br \/>\nv. 16<\/td>\n<\/tr>\n<tr>\n<td style=\"width: 6.79916%;\">125<\/td>\n<td style=\"width: 21.2639%;\"><a href=\"http:\/\/sdg21.eu\/db\/50-morgen-hohenwettersbach\">50 acres<\/a><br \/>\nHohenwettersbach<\/td>\n<td style=\"width: 21.3093%;\"><img loading=\"lazy\" decoding=\"async\" class=\"size-full wp-image-145 aligncenter\" src=\"http:\/\/sdg21.eu\/wp-content\/uploads\/2016\/07\/C-DCBA-Level.jpg\" alt=\"C-DCBA-Level\" width=\"170\" height=\"44\" \/><\/td>\n<td style=\"width: 3.55649%;\"><\/td>\n<td style=\"width: 8.89121%;\"><strong>15<br \/>\n<\/strong>v. 64<\/td>\n<td style=\"width: 10.1464%;\">4<br \/>\nv. 16<\/td>\n<td style=\"width: 8.89121%;\">8<br \/>\nv. 16<\/td>\n<td style=\"width: 9.93724%;\">3<br \/>\nv. 16<\/td>\n<td style=\"width: 8.68201%;\">0<br \/>\nv. 16<\/td>\n<\/tr>\n<tr>\n<td style=\"width: 6.79916%;\">101<\/td>\n<td style=\"width: 21.2639%;\"><a href=\"http:\/\/sdg21.eu\/db\/wohnen-am-steinweg\">Living at the<br \/>\nStone Path<\/a><br \/>\nStutensee<\/td>\n<td style=\"width: 21.3093%;\"><img loading=\"lazy\" decoding=\"async\" class=\"size-full wp-image-145 aligncenter\" src=\"http:\/\/sdg21.eu\/wp-content\/uploads\/2016\/07\/C-DCBA-Level.jpg\" alt=\"C-DCBA-Level\" width=\"170\" height=\"44\" \/><\/td>\n<td style=\"width: 3.55649%;\"><\/td>\n<td style=\"width: 8.89121%;\"><strong>14<br \/>\n<\/strong>v. 64<\/td>\n<td style=\"width: 10.1464%;\">9<br \/>\nv. 16<\/td>\n<td style=\"width: 8.89121%;\">4<br \/>\nv. 16<\/td>\n<td style=\"width: 9.93724%;\">2<br \/>\nv. 16<\/td>\n<td style=\"width: 8.68201%;\">-1<br \/>\nv. 16<\/td>\n<\/tr>\n<\/tbody>\n<\/table>\n<p>&nbsp;<\/p>\n<table width=\"95%\">\n<tbody>\n<tr>\n<td colspan=\"9\">Building<\/td>\n<\/tr>\n<tr>\n<td width=\"44\"><em>Size<\/em><\/td>\n<td width=\"211\"><em>Project name, location<\/em><\/td>\n<td width=\"170\"><em>Score<br \/>\nType<br \/>\n<\/em><\/td>\n<td width=\"25\"><\/td>\n<td width=\"56\"><strong><em>Total<br \/>\n<\/em><\/strong><em>from 75<\/em><\/td>\n<td width=\"73\"><em>Urban planning<br \/>\nfrom 15\u00a0<\/em><\/td>\n<td width=\"60\"><em>Ecology<br \/>\nfrom 21\u00a0<\/em><\/td>\n<td width=\"70\"><em>Economics<br \/>\nfrom 21\u00a0<\/em><\/td>\n<td width=\"96\"><em>Socio-culture<br \/>\nfrom 18<\/em><\/td>\n<\/tr>\n<tr>\n<td width=\"44\">200 m\u00b2<\/td>\n<td width=\"211\"><a href=\"http:\/\/sdg21.eu\/db\/plusenergiehaus-heliotrop\">Heliotrope<\/a><br \/>\nFreiburg<\/td>\n<td width=\"172\"><img loading=\"lazy\" decoding=\"async\" class=\"size-full wp-image-137 aligncenter\" src=\"http:\/\/sdg21.eu\/wp-content\/uploads\/2016\/07\/A-DCBA-Level.jpg\" alt=\"A-DCBA-Level\" width=\"170\" height=\"44\" \/><\/td>\n<td width=\"25\"><\/td>\n<td width=\"56\"><strong>57<\/strong><\/td>\n<td width=\"73\">12<\/td>\n<td width=\"60\">16<\/td>\n<td width=\"70\">18<\/td>\n<td width=\"96\">11<\/td>\n<\/tr>\n<tr>\n<td width=\"44\">m\u00b2<\/td>\n<td width=\"211\"><a href=\"http:\/\/sdg21.eu\/db\/villa-deconstructa\">Villa Deconstructivista\u00a0 <\/a><br \/>\nBreisach<\/td>\n<td width=\"172\"><img loading=\"lazy\" decoding=\"async\" class=\"size-full wp-image-143 aligncenter\" src=\"http:\/\/sdg21.eu\/wp-content\/uploads\/2016\/07\/B-DCBA-Level.jpg\" alt=\"B-DCBA-Level\" width=\"170\" height=\"44\" \/><\/td>\n<td width=\"25\"><\/td>\n<td width=\"56\"><strong>41<br \/>\n<\/strong> v. 57<\/td>\n<td width=\"73\">4<\/td>\n<td width=\"60\">18<\/td>\n<td width=\"70\">13<\/td>\n<td width=\"96\">10<\/td>\n<\/tr>\n<tr>\n<td width=\"44\">m\u00b2<\/td>\n<td width=\"211\"><a href=\"http:\/\/sdg21.eu\/db\/solarfabrik-freiburg\">Solar factory\u00a0<\/a><br \/>\nFreiburg<\/td>\n<td width=\"172\"><img loading=\"lazy\" decoding=\"async\" class=\"size-full wp-image-143 aligncenter\" src=\"http:\/\/sdg21.eu\/wp-content\/uploads\/2016\/07\/B-DCBA-Level.jpg\" alt=\"B-DCBA-Level\" width=\"170\" height=\"44\" \/><\/td>\n<td width=\"25\"><\/td>\n<td width=\"56\"><strong>33<br \/>\n<\/strong> v. 66<\/td>\n<td width=\"73\">6<\/td>\n<td width=\"60\">16<\/td>\n<td width=\"70\">7<br \/>\nv. 18<\/td>\n<td width=\"96\">4<br \/>\nv. 12<\/td>\n<\/tr>\n<tr>\n<td width=\"44\">m\u00b2<\/td>\n<td width=\"211\"><a href=\"http:\/\/sdg21.eu\/db\/oekostation\">Ecostation<\/a><br \/>\nFreiburg<\/td>\n<td width=\"172\"><img loading=\"lazy\" decoding=\"async\" class=\"size-full wp-image-143 aligncenter\" src=\"http:\/\/sdg21.eu\/wp-content\/uploads\/2016\/07\/B-DCBA-Level.jpg\" alt=\"B-DCBA-Level\" width=\"170\" height=\"44\" \/><\/td>\n<td width=\"25\"><\/td>\n<td width=\"56\"><strong>26<br \/>\n<\/strong>v. 54<\/td>\n<td width=\"73\">4<br \/>\nv. 16<\/td>\n<td width=\"60\">13<br \/>\nv. 16<\/td>\n<td width=\"70\">5<br \/>\nv. 16<\/td>\n<td width=\"96\">4<br \/>\nv. 8<\/td>\n<\/tr>\n<tr>\n<td width=\"44\">m\u00b2<\/td>\n<td width=\"211\"><a href=\"http:\/\/sdg21.eu\/db\/energieautarkes-solarhaus\">Energy self-sufficient solar house<\/a><br \/>\nFreiburg<\/td>\n<td width=\"172\"><img loading=\"lazy\" decoding=\"async\" class=\"size-full wp-image-145 aligncenter\" src=\"http:\/\/sdg21.eu\/wp-content\/uploads\/2016\/07\/C-DCBA-Level.jpg\" alt=\"C-DCBA-Level\" width=\"170\" height=\"44\" \/><\/td>\n<td width=\"25\"><\/td>\n<td width=\"56\"><strong>30<\/strong><\/td>\n<td width=\"73\">3<\/td>\n<td width=\"60\">13<\/td>\n<td width=\"70\">11<\/td>\n<td width=\"96\">3<\/td>\n<\/tr>\n<\/tbody>\n<\/table>\n<p><strong>Valuation key<br \/>\n<img loading=\"lazy\" decoding=\"async\" class=\"alignnone size-full wp-image-140\" src=\"http:\/\/sdg21.eu\/wp-content\/uploads\/2016\/07\/DCBA_Schluessel.jpg\" alt=\"DCBA_Schluessel\" width=\"582\" height=\"52\" srcset=\"https:\/\/sdg21.eu\/wp-content\/uploads\/2016\/07\/DCBA_Schluessel.jpg 582w, https:\/\/sdg21.eu\/wp-content\/uploads\/2016\/07\/DCBA_Schluessel-560x50.jpg 560w, https:\/\/sdg21.eu\/wp-content\/uploads\/2016\/07\/DCBA_Schluessel-250x22.jpg 250w, https:\/\/sdg21.eu\/wp-content\/uploads\/2016\/07\/DCBA_Schluessel-570x52.jpg 570w, https:\/\/sdg21.eu\/wp-content\/uploads\/2016\/07\/DCBA_Schluessel-300x27.jpg 300w\" sizes=\"auto, (max-width: 582px) 100vw, 582px\" \/><\/strong><\/p>\n<p>Contact: <a href=\"mailto:wolpensinger@sdg21.eu\">Holger Wolpensinger<\/a><\/p>","protected":false},"excerpt":{"rendered":"<p>ausgew\u00e4hlter Siedlungen und Geb\u00e4ude nach qualitativen Nachhaltigkeitskriterien Damit die ganze Bandbreite des \u00f6kologischen und nachhaltigen Bauens zu erkennen ist, sind auf www.sdg21.eu sowohl Siedlungen aufgenommen, die sehr weitreichende \u00f6kologische und soziale Prinzipien umgesetzt haben (z.B. die Moorwiesensiedlung in Kiel-Hassee), aber auch Projekte mit z.T. nur einem \u00f6kologischen-innovativem Aspekt (z.B. das Solare Nahw\u00e4rmeprojekt Wiggenhausen). Derzeit kann [&hellip;]<\/p>\n","protected":false},"author":1,"featured_media":0,"parent":0,"menu_order":0,"comment_status":"closed","ping_status":"closed","template":"","meta":{"footnotes":""},"categories":[],"class_list":{"0":"post-134","1":"page","2":"type-page","3":"status-publish","5":"gallery-content-unit","6":"czr-hentry"},"aioseo_notices":[],"_links":{"self":[{"href":"https:\/\/sdg21.eu\/en\/wp-json\/wp\/v2\/pages\/134","targetHints":{"allow":["GET"]}}],"collection":[{"href":"https:\/\/sdg21.eu\/en\/wp-json\/wp\/v2\/pages"}],"about":[{"href":"https:\/\/sdg21.eu\/en\/wp-json\/wp\/v2\/types\/page"}],"author":[{"embeddable":true,"href":"https:\/\/sdg21.eu\/en\/wp-json\/wp\/v2\/users\/1"}],"replies":[{"embeddable":true,"href":"https:\/\/sdg21.eu\/en\/wp-json\/wp\/v2\/comments?post=134"}],"version-history":[{"count":0,"href":"https:\/\/sdg21.eu\/en\/wp-json\/wp\/v2\/pages\/134\/revisions"}],"wp:attachment":[{"href":"https:\/\/sdg21.eu\/en\/wp-json\/wp\/v2\/media?parent=134"}],"wp:term":[{"taxonomy":"category","embeddable":true,"href":"https:\/\/sdg21.eu\/en\/wp-json\/wp\/v2\/categories?post=134"}],"curies":[{"name":"wp","href":"https:\/\/api.w.org\/{rel}","templated":true}]}}