{"id":16721,"date":"2019-07-13T07:52:00","date_gmt":"2019-07-13T07:52:00","guid":{"rendered":"https:\/\/siedlungen.eu\/?page_id=16721"},"modified":"2020-12-25T04:42:31","modified_gmt":"2020-12-25T03:42:31","slug":"wohnprojekt-tage","status":"publish","type":"page","link":"https:\/\/sdg21.eu\/en\/wohnprojekt-tage","title":{"rendered":"Housing Project Days"},"content":{"rendered":"<p><span class=\"Text\">Eine gute Informationsquelle sind sowohl f\u00fcr &#8222;frische&#8220; Projekte als auch f\u00fcr alte Hasen sind Wohnprojekttage. <\/span>Regelm\u00e4\u00dfige Wohnprojekte-Tage gibt es mittlerweile in einigen St\u00e4dten und Regionen. Ein wesentliches Element ist dabei jeweils ein &#8222;Markt der M\u00f6glichkeiten&#8220;, auf dem sich bestehende oder neu gr\u00fcndende Projekte vorstellen. Ideen, Probleme und L\u00f6sungsm\u00f6glichkeiten werden diskutiert und Kontakte gekn\u00fcpft. Daneben gibt es Plenumsveranstaltungen und Workshops zu spezifischen Themen der Wohnprojektentwicklung. Teilweise werden im zeitlichen Zusammenhang zu Wohnprojekte-Tagen auch Fachtagungen und Exkursionen durchgef\u00fchrt.<br \/>\n<!--more--><\/p>\n<p><strong>Leipziger Wohnprojekte-Tage<\/strong><br \/>\nInfos: <a href=\"https:\/\/akiw-leipzig.de\/category\/wohnprojekte-tage\/\" target=\"_blank\" rel=\"noopener noreferrer\">Arbeitskreis Integriertes Wohnen<\/a> (AKIW) e.V.<\/p>\n<p><strong>Wohnprojekte-Tag Schleswig-Holstein<\/strong><br \/>\nVeranstalter: Interessenverband Wohnprojekte Schleswig-Holstein zur F\u00f6rderung gemeinschaftlicher Wohnformen: <a href=\"http:\/\/www.wohnprojekte-sh.de\/start\/\" target=\"_blank\" rel=\"noopener noreferrer\">www.wohnprojekte-sh.de<\/a><\/p>\n<p><b>Hamburger Wohnprojekte-Tage<\/b><br \/>\nVeranstalter: <a href=\"https:\/\/www.stattbau-hamburg.de\/\" target=\"_blank\" rel=\"noopener noreferrer\">Stattbau Hamburg GmbH<\/a><\/p>\n<p><b>Wohnprojekte-Tage Niedersachsen<\/b> <strong>und<\/strong> <b>Bremen<\/b><br \/>\nVeranstalter: <a href=\"http:\/\/fgw-ev.de\/\" target=\"_blank\" rel=\"noopener noreferrer\">Forum f\u00fcr gemeinschaftliches Wohnen im Alter e.V.<\/a><\/p>\n<p><b>M\u00fcnchen<\/b><br \/>\nWohnprojekte-Tag von <a href=\"http:\/\/www.urbanes-wohnen.de\/wordpress\/\" target=\"_blank\" rel=\"noopener noreferrer\">Urbanes Wohnen e.V<\/a>.<br \/>\nund den &#8222;<a href=\"https:\/\/www.mitbauzentrale-muenchen.de\/termine-detail\/tag-der-offenen-wohnprojekte-92.html\" target=\"_blank\" rel=\"noopener noreferrer\">Tag der offenen Wohnprojekte<\/a>&#8220;<\/p>\n<p>\u00dcberblick bundesweit:<br \/>\n<a href=\"https:\/\/www.wohnprojekte-portal.de\/veranstaltungen.html\" target=\"_blank\" rel=\"noopener noreferrer\">www.wohnprojekte-portal.de\/veranstaltungen.html<\/a><\/p>\n<h2>Kommende Wohnprojekte-Tage:<\/h2>\n[events_list category=wohnprojekte-tag]\n<h3><\/h3>\n<br \/>Widget not in any sidebars<br \/>\n","protected":false},"excerpt":{"rendered":"<p>Eine gute Informationsquelle sind sowohl f\u00fcr &#8222;frische&#8220; Projekte als auch f\u00fcr alte Hasen sind Wohnprojekttage. Regelm\u00e4\u00dfige Wohnprojekte-Tage gibt es mittlerweile in einigen St\u00e4dten und Regionen. Ein wesentliches Element ist dabei jeweils ein &#8222;Markt der M\u00f6glichkeiten&#8220;, auf dem sich bestehende oder neu gr\u00fcndende Projekte vorstellen. Ideen, Probleme und L\u00f6sungsm\u00f6glichkeiten werden diskutiert und Kontakte gekn\u00fcpft. Daneben gibt [&hellip;]<\/p>\n","protected":false},"author":1,"featured_media":0,"parent":0,"menu_order":0,"comment_status":"closed","ping_status":"closed","template":"","meta":{"footnotes":""},"categories":[],"class_list":{"0":"post-16721","1":"page","2":"type-page","3":"status-publish","5":"gallery-content-unit","6":"czr-hentry"},"aioseo_notices":[],"_links":{"self":[{"href":"https:\/\/sdg21.eu\/en\/wp-json\/wp\/v2\/pages\/16721","targetHints":{"allow":["GET"]}}],"collection":[{"href":"https:\/\/sdg21.eu\/en\/wp-json\/wp\/v2\/pages"}],"about":[{"href":"https:\/\/sdg21.eu\/en\/wp-json\/wp\/v2\/types\/page"}],"author":[{"embeddable":true,"href":"https:\/\/sdg21.eu\/en\/wp-json\/wp\/v2\/users\/1"}],"replies":[{"embeddable":true,"href":"https:\/\/sdg21.eu\/en\/wp-json\/wp\/v2\/comments?post=16721"}],"version-history":[{"count":0,"href":"https:\/\/sdg21.eu\/en\/wp-json\/wp\/v2\/pages\/16721\/revisions"}],"wp:attachment":[{"href":"https:\/\/sdg21.eu\/en\/wp-json\/wp\/v2\/media?parent=16721"}],"wp:term":[{"taxonomy":"category","embeddable":true,"href":"https:\/\/sdg21.eu\/en\/wp-json\/wp\/v2\/categories?post=16721"}],"curies":[{"name":"wp","href":"https:\/\/api.w.org\/{rel}","templated":true}]}}