{"id":19729,"date":"2019-10-15T05:06:49","date_gmt":"2019-10-15T05:06:49","guid":{"rendered":"https:\/\/siedlungen.eu\/?page_id=19729"},"modified":"2024-07-07T10:24:05","modified_gmt":"2024-07-07T08:24:05","slug":"abgeschlossene-dissertationen-zur-nachhaltigen-stadtentwicklung","status":"publish","type":"page","link":"https:\/\/sdg21.eu\/en\/fachbeitraege\/abgeschlossene-dissertationen-zur-nachhaltigen-stadtentwicklung","title":{"rendered":"University work on sustainable cities\/development"},"content":{"rendered":"<p>Dissertationen, Master und Diplomarbeiten zum Nachhaltigen Bauen, \u00fcber Nachhaltige Siedlungen und Quartiere bzw. zur Nachhaltigen Stadtentwicklung, ab 1997.<\/p>\n<p><em>Letzte Aktualisierung dieser Seite:<br \/>\n7. July 2024<\/em><\/p>\n<p><strong>Sortier<\/strong><strong>ung<\/strong>: Neue Arbeiten sind oben angef\u00fchrt und nach Nachnamen der Autoren alphabetisch sortiert<\/p>\n<p><strong>2021<\/strong><br \/>\nLammers, J\u00f6rg (2021): Technikgebrauch im Wohnungsbau. Mensch-Technik-Wechselwirkung und dessen Relevanz f\u00fcr den Energieverbrauch der privaten Haushalte. Berlin<br \/>\n<a href=\"https:\/\/opus4.kobv.de\/opus4-udk\/frontdoor\/deliver\/index\/docId\/2169\/file\/TGiWB_231121_lammers_Acmyk.pdf\" target=\"_blank\" rel=\"noopener\">https:\/\/opus4.kobv.de\/opus4-udk\/frontdoor\/deliver\/index\/docId\/2169\/file\/TGiWB_231121_lammers_Acmyk.pdf<\/a><\/p>\n<p><strong>2020<br \/>\n<\/strong>Rosen, Anja (2020): Urban Mining Index \u2013 Entwicklung einer Systematik zur quantitativen Bewertung der Kreislaufkonsistenz von Baukonstruktionen in der Neubauplanung. Dissertation an der Bergischen Universit\u00e4t Wuppertal<br \/>\n<a href=\"https:\/\/www.eplusbauko-arch.uni-wuppertal.de\/de\/forschung\/promotionen\/summa-cum-laude-fuer-den-urban-mining-index-von-anja-rosen.html\" target=\"_blank\" rel=\"noopener noreferrer\">www.eplusbauko-arch.uni-wuppertal.de\/&#8230;urban-mining-index-von-anja-rosen.html<\/a><\/p>\n<p>Weidner, Stefanie (2020): Grundlagen f\u00fcr die Planung von ressourcenminimalen urbanen Strukturen. Dissertation an der Uni Stuttgart<br \/>\n<a href=\"https:\/\/elib.uni-stuttgart.de\/bitstream\/11682\/10993\/1\/Ressourcenminimale_urbane_Strukturen_2020.pdf\" target=\"_blank\" rel=\"noopener noreferrer\">https:\/\/elib.uni-stuttgart.de\/bitstream\/11682\/10993\/1\/Ressourcenminimale_urbane_Strukturen_2020.pdf<\/a><\/p>\n<p><strong>2019<\/strong><\/p>\n<p>David, Kirsten (2019): Funktionales Kostensplitting zur Ermittlung von Mieterh\u00f6hungen nach energetischen Ma\u00dfnahmen &#8211; Eine Handlungsempfehlung auf Basis theoretischer und empirischer Untersuchungen. Dissertation. Hamburg<br \/>\n<a href=\"https:\/\/edoc.sub.uni-hamburg.de\/\/hcu\/volltexte\/2019\/508\/\" target=\"_blank\" rel=\"noopener noreferrer\">https:\/\/edoc.sub.uni-hamburg.de\/\/hcu\/volltexte\/2019\/508\/<\/a><\/p>\n<p><strong>2018 <\/strong><\/p>\n<p>Buttler, Maike (2018): Nutzerorientierte Planung in B\u00fcrogeb\u00e4uden mit Nachhaltigkeits-Zertifikaten. Dissertation. Karlsruhe<br \/>\n<a href=\"https:\/\/www.ksp.kit.edu\/9783731507765\" target=\"_blank\" rel=\"noopener noreferrer\">www.ksp.kit.edu\/9783731507765<\/a><\/p>\n<p>Schreiner, Sarah C. (2018): Ko-produktive Stadt. Standorte und Kooperationen kreativer Kleinstunternehmen als Handlungsfeld f\u00fcr Stadtentwicklung und Wirtschaftsf\u00f6rderung in Hamburg. Hannover: Gottfried Wilhelm Leibniz Universit\u00e4t.<br \/>\n<a href=\"https:\/\/doi.org\/10.15488\/3703\" target=\"_blank\" rel=\"noopener noreferrer\">https:\/\/doi.org\/10.15488\/3703<\/a><\/p>\n<p>Patrick Zimmermann (2018): Bewertbarkeit und \u00f6kobilanzieller Einfluss von Suffizienz im Geb\u00e4udebereich. Entwicklung einer Suffizienz-Bewertungsmethodik und Bestimmung des Einflusses von Suffizienz auf die \u00d6kobilanz von Wohngeb\u00e4uden. Masterarbeit. M\u00fcnchen<br \/>\nhttps:\/\/mediatum.ub.tum.de\/1546825<\/p>\n<p><strong>2017<\/strong><\/p>\n<p>Baron,\u00a0Sascha (2017): Pendlerverkehr im l\u00e4ndlichen Raum: Ansatzpunkte f\u00fcr eine kollaborative Mobilit\u00e4t. Kaiserslautern<br \/>\n<a href=\"https:\/\/kluedo.ub.uni-kl.de\/frontdoor\/index\/index\/searchtype\/collection\/id\/16269\/rows\/10\/docId\/4846\/start\/5\" target=\"_blank\" rel=\"noopener noreferrer\">https:\/\/kluedo.ub.uni-kl.de\/&#8230;<\/a><\/p>\n<p>Wurzbacher, Steffen: Zum Verh\u00e4ltnis urbaner Bebauungstypen und Energie, Lemgo 2017<br \/>\n<a href=\"http:\/\/www.rohn-verlag.de\/110.html\" target=\"_blank\" rel=\"noopener noreferrer\">www.rohn-verlag.de\/110.html<\/a><\/p>\n<p><strong>2016<\/strong><\/p>\n<p>Sch\u00f6nberger, Philipp (2016): Kommunale Politik zum Ausbau erneuerbarer Energien. M\u00fcnchen<\/p>\n<p>Anders, Stephan (2016): Stadt als System \u2013 Methode zur ganzheitlichen Analyse von Planungskonzepten. Lemgo <a href=\"http:\/\/www.rohn-verlag.de\/102.html\" target=\"_blank\" rel=\"noopener noreferrer\">www.rohn-verlag.de\/102.html<\/a><\/p>\n<p><strong>2015<br \/>\n<\/strong>Belle, Iris (2015): From Economic Zone to Eco-city? Urban Governance and Urban Development Trends in Tianjin&#8216; s Coastal Area. Ed.: Hans Gebhardt. 2015. 1. edition, XIII, 203 pages, 40 figures, 14 tables, 17x24cm, Sprache: English (Urbanization of the Earth, Volume 13), Link zum <a href=\"https:\/\/www.schweizerbart.de\/publications\/detail\/isbn\/9783443370169\/Belle_From_Economic_Zone_to_Eco_city_\" target=\"_blank\" rel=\"noopener noreferrer\">Buch beim Verlag<\/a><\/p>\n<p>Brix, Ben (2015): <a href=\"https:\/\/www.benbrix.de\/\" target=\"_blank\" rel=\"noopener noreferrer\">Leben im Mietshausprojekt.<\/a> Nachbarschaftlich orientiertes Wohnen zwischen Anspruch und Wirklichkeit. Kassel, Univ., Diss., 2015<\/p>\n<p>Teimann,\u00a0Sonia (2015): Urbane R\u00e4ume f\u00fcr ein gesundes Alter &#8211; Modell eines urbanen Therapeutikums. Medizinische Evaluation eines funktionial-therapeutischen Freiraumkonzeptes in dem Dorf &#8211; Wohnen im Alter, Theodor-Fliedner-Stiftung, M\u00fclheim a.d.R. Promotion am Institut f\u00fcr Stadtplanung und St\u00e4dtebau, Universit\u00e4t Duisburg-Essen.<br \/>\n<a href=\"http:\/\/duepublico.uni-duisburg-essen.de\/servlets\/DerivateServlet\/Derivate-39426\/Diss_Teimann.pdf\" target=\"_blank\" rel=\"noopener noreferrer\">Pdf-Download<\/a> &#8211; <a href=\"https:\/\/bibliographie.ub.uni-due.de\/servlets\/DozBibEntryServlet?mode=show&amp;id=55245\" target=\"_blank\" rel=\"noopener noreferrer\">Kurzinfo<\/a><\/p>\n<p><strong>2014<\/strong><\/p>\n<p>Libbe, Jens (2014): Transformation st\u00e4dtischer Infrastruktur. Perspektiven und Elemente eines kommunalen Transformationsmanagements am Beispiel Energie. Dissertation. Leipzig<br \/>\n<a href=\"https:\/\/nbn-resolving.org\/urn:nbn:de:bsz:15-qucosa-174844\" target=\"_blank\" rel=\"noopener\">pdf-Download<\/a> (Volltext)<\/p>\n<p><strong>2013<\/strong><\/p>\n<p>Dellenbaum, Mary (2013): Landscape changes in East Berlin after 1989: A comprehensive grounded theory analysis through three case studies. Promotion. Berlin<br \/>\n<a href=\"https:\/\/edoc.hu-berlin.de\/handle\/18452\/17645?id=40825\" target=\"_blank\" rel=\"noopener noreferrer\">Pdf-Download<\/a> (Volltext)<\/p>\n<p>Fina, Stefan (2013): Indikatoren der Raumentwicklung \u2013 Fl\u00e4cheninanspruchnahme und Landschaftszersiedelung \/ Indicators of Spatial Development \u2013 Urban land use change and urban sprawl. Promotion. Uni T\u00fcbingen. <a href=\"https:\/\/publikationen.uni-tuebingen.de\/xmlui\/handle\/10900\/49928\" target=\"_blank\" rel=\"noopener noreferrer\">Webseite mit Link<\/a> zum Pdf-Download (Volltext)<\/p>\n<p>Grundmann, Steve (2013): Nachhaltige Bestandsquartiersentwicklung am Beispiel ausgew\u00e4hlter Quartiere innerhalb der Stadt M\u00fcnchen. Promotion. TU M\u00fcnchen.<br \/>\nBuchverlags-Link: <a href=\"http:\/\/www.dr.hut-verlag.de\/9783843915458.html\" target=\"_blank\" rel=\"noopener noreferrer\">www.dr.hut-verlag.de\/9783843915458.html<\/a><\/p>\n<p>Ruckes, Anke (2013): Potenziale und Restriktionen f\u00fcr eine gewerbliche Folgenutzung von innerst\u00e4dtischen Verf\u00fcgungsfl\u00e4chen \u2013 Am Beispiel von Logistikunternehmen in Berlin. Dissertation Freie Universit\u00e4t Berlin. <a href=\"http:\/\/www.diss.fu-berlin.de\/diss\/servlets\/MCRFileNodeServlet\/FUDISS_derivate_000000013986\/Dissertation_Ruckes.pdf\" target=\"_blank\" rel=\"noopener noreferrer\">Pdf-Download FU Berlin (Volltext)<\/a><\/p>\n<p>Schnurr, Maria (2013): <a href=\"http:\/\/opus.hbk-bs.de\/frontdoor\/index\/index\/docId\/195\" target=\"_blank\" rel=\"noopener noreferrer\">Urban Mobility Services : Opportunities for Car Manufacturers<\/a>. Dissertation Hochschule f\u00fcr Bildende K\u00fcnste Braunschweig<\/p>\n<p><strong>2012<br \/>\n<\/strong>Fuchs, Mathias (2012): Nachhaltigkeitsorientierte Architekturwettbewerbe. Kriterien und Indikatoren zur Integration von Nachhaltigkeitsanforderungen in Wettbewerbsverfahren sowie Empfehlungen und Werkzeuge f\u00fcr die praktische Durchf\u00fchrung. Dissertation, TU Darmstadt. <a title=\"Fuchs, Matthias: Nachhaltigkeitsorientierte Architekturwettbewerbe. Kriterien und Indikatoren zur Integration von Nachhaltigkeitsanforderungen in Wettbewerbsverfahren sowie Empfehlungen und Werkzeuge f\u00fcr die praktische Durchf\u00fchrung \" href=\"http:\/\/tuprints.ulb.tu-darmstadt.de\/3276\/13\/130201_Dissertation_Matthias_Fuchs.pdf\" target=\"_blank\" rel=\"noopener noreferrer\">Pdf-Download TU Darmstadt<\/a><\/p>\n<p>Gemechu, Mulugeta Debebe (2012): Decentralization in Ethiopia: Concept and Process. The Case of Dendi District, West Shoa Zone of Oromia State. Dissertation TU Dortmund, Faculty of Spatial Planning. <a href=\"https:\/\/eldorado.tu-dortmund.de\/bitstream\/2003\/29491\/1\/Dissertation.pdf\" target=\"_blank\" rel=\"noopener noreferrer\">Pdf-Download<\/a> (Volltext)<\/p>\n<p>Hafner,\u00a0Annette (2012): Wechselwirkung Nachhaltigkeit und (Bau-)Qualit\u00e4t \u2013 Systemische Betrachtung des Zusammenspiels von Nachhaltigkeitsaspekten und Kriterien der (Bau-)Qualit\u00e4t im Sensitivit\u00e4tsmodell und in der Analyse von beispielhaften Geb\u00e4uden. Dissertation. TU M\u00fcnchen. <a href=\"http:\/\/mediatum.ub.tum.de\/doc\/1086741\/1086741.pdf\" target=\"_blank\" rel=\"noopener noreferrer\">Pdf-Download (4,1 MB)<\/a><\/p>\n<p>John, Viola (2012): Derivation of reliable simplification strategies for the comparative LCA of individual and &#8222;typical&#8220; newly built Swiss apartment buildings. Diss., ETH Z\u00fcrich.<br \/>\n<a href=\"http:\/\/e-collection.library.ethz.ch\/view\/eth:6627\" target=\"_blank\" rel=\"noopener noreferrer\">Kurzinfo mit Pdf-Download<\/a> (Volltext)<\/p>\n<p>Konrad, Daniela (2012): Ortsspezifische Architektur. Untersuchungen zur theoretischen und methodischen Fundierung einer mehrdimensionalen Beziehung zwischen Ort und Geb\u00e4ude. Dissertation TU Berlin. Inhaltsverzeichnis: <a href=\"http:\/\/www.gbv.de\/dms\/weimar\/toc\/728736101_toc.pdf\" target=\"_blank\" rel=\"noopener noreferrer\">www.gbv.de\/&#8230;728736101_toc.pdf<\/a><\/p>\n<p>Markl-Hummel,\u00a0Lioba (2012): Multikriterielle Entscheidungsunterst\u00fctzung f\u00fcr kommunale Klimaschutzma\u00dfnahmen.\u00a0Dissertation Universit\u00e4t G\u00f6ttingen. <a href=\"https:\/\/cuvillier.de\/en\/shop\/publications\/6257-multikriterielle-entscheidungsunterstutzung-fur-kommunale-klimaschutzmassnahmen\" target=\"_blank\" rel=\"noopener noreferrer\">Verlags-Webseite<\/a><\/p>\n<p>Prytula, Michael (2012): Ein integrales Energie- und Stoffstrommodell als Grundlage zur Bewertung einer nachhaltigen Entwicklung urbaner Systeme. Berlin<br \/>\nKurzinfo mit Link zum Volltext-Download: <a href=\"https:\/\/depositonce.tu-berlin.de\/handle\/11303\/3425\" target=\"_blank\" rel=\"noopener noreferrer\">https:\/\/depositonce.tu-berlin.de\/handle\/11303\/3425<\/a><\/p>\n<p>Sperle, Tilman (2012): Was kommt nach dem Handel? Umnutzung von Einzelhandelsfl\u00e4chen und deren Beitrag zur Stadtentwicklung. Dissertation. Stuttgart. <a href=\"http:\/\/elib.uni-stuttgart.de\/handle\/11682\/110\" target=\"_blank\" rel=\"noopener noreferrer\">Kurzinfo mit Pdf-Download<\/a> (Volltext)<\/p>\n<p><strong>2011<\/strong><br \/>\nD\u00fcchs,\u00a0Martin (2011): <a href=\"https:\/\/www.thalia.de\/shop\/home\/artikeldetails\/A1018569153\" target=\"_blank\" rel=\"noopener noreferrer\">Architektur f\u00fcr ein gutes Leben<\/a>. \u00dcber Verantwortung, Ethik und Moral des Architekten. Dissertationsschrift. Uni Bamberg<\/p>\n<p>H\u00fcttenhain, Britta (2011): <a href=\"http:\/\/www.uni-stuttgart.de\/si\/stadtundlandschaft\/pdfs\/huettenhain_kurz.pdf\" target=\"_blank\" rel=\"noopener noreferrer\">Stadtentwicklung und Wirtschaft<\/a> \u2013 Strategien und Handlungsans\u00e4tze zur Entwicklung von Gewerbestandorten. Promotion Uni Stuttgart.<\/p>\n<p>Planinsek, Simone (2011): <a href=\"http:\/\/stqp.iesl.kit.edu\/140.php\" target=\"_blank\" rel=\"noopener noreferrer\">Die Entwicklung von Eigenheimgebieten der 1960er- bis 1980er-Jahre<\/a> in Gemeinden des Umlandes und der Peripherie: Generierung und Analyse von Bev\u00f6lkerungs- und Siedlungsstrukturdaten auf Quartiersebene durch Geocoding. Fallstudien aus Baden-W\u00fcrttemberg. Promotion TH Karlsruhe<\/p>\n<p><strong>2010<br \/>\n<\/strong>E\u00dfig, Natalie (2010): Nachhaltigkeit von Olympischen Bauten &#8211; Analyse der Umsetzbarkeit und Messbarkeit von Nachhaltigkeitsaspekten bei Wettkampfst\u00e4tten von Olympischen Spielen; <a href=\"http:\/\/publica.fraunhofer.de\/dokumente\/N-142707.html\" target=\"_blank\" rel=\"noopener noreferrer\">Buchver\u00f6ffentlichung der Dissertation<\/a>; Fraunhofer irb Verlag; Stuttgart<\/p>\n<p><a href=\"https:\/\/forschung.boku.ac.at\/fis\/suchen.person_uebersicht?sprache_in=de&amp;menue_id_in=101&amp;id_in=6499\" target=\"_blank\" rel=\"noopener noreferrer\">Ertl-Balga, Ulla<\/a>: (2010): Qualit\u00e4tsziele nachhaltiger Siedlungsplanung &#8211; am Beispiel der solarCity Linz Pichling. Institut f\u00fcr Konstruktiven Ingenieurbau, Ressourcenorientiertes Bauen; Universit\u00e4t f\u00fcr Bodenkultur Wien<\/p>\n<p>Gaeding, Margret (2010): Nachhaltigkeit in der Landschaftsarchitektur auf Altindustriefl\u00e4chen. Uni Kassel. <a href=\"https:\/\/kobra.uni-kassel.de\/handle\/123456789\/2010050532823\" target=\"_blank\" rel=\"noopener noreferrer\">Pdf-Download<\/a> (Volltext)<\/p>\n<p><span class=\"st\">Passer, Alexander (2010): <\/span>Zur Bewertung der umweltbezogenen Qualit\u00e4t von Geb\u00e4uden, PhD-Thesis, TU Graz<\/p>\n<p>R\u00f6\u00dfler, Stefanie (2010): Freir\u00e4ume in schrumpfenden St\u00e4dten: Chancen und Grenzen der Freiraumplanung im Stadtumbau. Diss. I\u00d6R Schriften, Band 50. 2010. 474 Seiten. 168 x 240. Broschur. Zahlr. Abb. und Tabbellen, z.T. farbig. RHOMBOS-VERLAG, Berlin. <a href=\"https:\/\/rhombos.de\/freiraume-in-schrumpfenden-stadten.html\" target=\"_blank\" rel=\"noopener noreferrer\">https:\/\/rhombos.de\/freiraume-in-schrumpfenden-stadten.html<\/a><\/p>\n<p>Rull\u00e1n Lemke, Christina (2010): ArchitekturForm &amp; SolarEnergie: Eine globale Formenstudie zur Untersuchung des Einflusses der Geb\u00e4udegeometrie auf Potentiale solarer Energieversorgung \u00fcber die Geb\u00e4udeh\u00fclle. Diss. TU Hamburg-Harburg. <a href=\"http:\/\/www.cuvillier.de\/flycms\/en\/html\/30\/-UickI3zKPS73d0g=\/Buchdetails.html?SID=FHMNRbg6aa1e\" target=\"_blank\" rel=\"noopener noreferrer\">www.cuvillier.de\/&#8230;Buchdetails.html<\/a><\/p>\n<p>Schiller, Georg (2010): Kostenbewertung der Anpassung zentraler Abwasserentsorgungssysteme bei Bev\u00f6lkerungsr\u00fcckgang. Promotion TU Cottbus. <a href=\"https:\/\/www.ssoar.info\/ssoar\/handle\/document\/39692\" target=\"_blank\" rel=\"noopener noreferrer\">Kurzinfo mit Link zum pdf-Download (Volltext)<\/a><\/p>\n<p><strong>2009<\/strong><br \/>\nBauriedel,\u00a0Christian (2009): Ein computergest\u00fctztes Modellsystem f\u00fcr die Generierung von st\u00e4dtischen Raumstrukturen. Dissertation Fakult\u00e4t Architektur.<br \/>\n<a href=\"https:\/\/e-pub.uni-weimar.de\/opus4\/frontdoor\/index\/index\/docId\/1396\" target=\"_blank\" rel=\"noopener noreferrer\">https:\/\/e-pub.uni-weimar.de\/&#8230;1396<\/a><\/p>\n<p>Laue, Hendrik (2009): M\u00f6glichkeiten der thermischen Einflussnahme in st\u00e4dtischen Freir\u00e4umen. Diss. Universit\u00e4t Kassel. <a href=\"http:\/\/www.uni-kassel.de\/upress\/online\/frei\/978-3-89958-772-2.volltext.frei.pdf\" target=\"_blank\" rel=\"noopener noreferrer\">Pdf-Download Volltext.<\/a><\/p>\n<p>Nasrollahi, Farshad (2009): Climate and Energy Responsive Housing in Continental Climates: The Suitability of Passive Houses for Iran\u2019s Dry and Cold Climate. Technische Uni Berlin, Link zur Kurzinfo mit <a href=\"https:\/\/depositonce.tu-berlin.de\/handle\/11303\/2603\" target=\"_blank\" rel=\"noopener noreferrer\">Pdf-Download (Volltext)<\/a><\/p>\n<p>Regener, Maren (2009): Der Einfluss der \u00d6ffentlichkeitsbeteiligung auf das Ergebnis der Umweltpr\u00fcfung von Bebauungspl\u00e4nen. Dissertation. <a href=\"http:\/\/kluedo.ub.uni-kl.de\/volltexte\/2009\/2375\/pdf\/Regener_Dissertation_KLUEDO.pdf\" target=\"_blank\" rel=\"noopener noreferrer\">http:\/\/kluedo.ub.uni-kl.de\/&#8230;Regener_Dissertation&#8230;pdf<\/a><\/p>\n<p>Sp\u00e4th, Philipp (2009): Neue Formen von Governance zur Gestaltung sozio-technischen Wandels. Dissertation\u00a0Universit\u00e4t Klagenfurt<\/p>\n<p><strong>2008<\/strong><b><br \/>\n<\/b>Rid, Wolfgang (2008): Analyse von Pr\u00e4ferenzstrukturen privater Bauleute im Hinblick auf nachhaltige Siedlungskonzepte unter Verwendung eines discrete choice experiment. Diss. TU M\u00fcnchen. (pdf 5,7 MB)<\/p>\n<p><strong>2007<\/strong><br \/>\nRenner, Alexander (2007): Energie- und \u00d6koeffizienz von Wohngeb\u00e4uden. Entwicklung eines Verfahrens zur lebenszyklusorietierten Bewertung der Umweltwirkungen unter besonderer Ber\u00fccksichtigung der Nutzungsphase. Diss. Darmstadt. www.massivbau.tu-darmstadt.de\/&#8230;Renner_Auszug.pdf (Download pdf 5,3 MB)<\/p>\n<p><strong>2006<\/strong><br \/>\nBauriedl, Sybille (2006): Spielr\u00e4ume nachhaltiger Entwicklung. Die Macht stadtentwicklungspolitischer Diskurse. M\u00fcnchen: oekom verlag (Hochschulschriften zur Nachhaltigkeit Band 27). Klappentext (Worddatei 25 kB)<\/p>\n<p>Czabanowski, Jury (2006): Humaan-Ecologisch Georienteerde Woningbouw. Architectuurhistorische studie (1945-2000) met Aanbevelingen voor duurzame Woningbouw: DUWOB + MODEL en MEMORIETOETS. Diss. Eindhoven<br \/>\n<span lang=\"de\">Kurzinfo<\/span><span lang=\"de\">:<\/span> <a href=\"https:\/\/research.tue.nl\/en\/publications\/humaan-ecologisch-geori%C3%ABnteerde-woningbouw-architectuurhistorisch\" target=\"_blank\" rel=\"noopener noreferrer\"><span lang=\"de\">https:\/\/research.tue.nl\/&#8230;humaan-ecologisch-geori%C3%ABnteerde-woningbouw-architectuurhistorisch<\/span><\/a><\/p>\n<p>Fuchs, Oliver (2006): Touristic governance: Kooperation als strategisches Element regionaler Tourismusentwicklung. Diss. Hannover. Dortmund <a href=\"http:\/\/www.rohn-verlag.de\/\" target=\"_blank\" rel=\"noopener noreferrer\">www.rohn-verlag.de<\/a><\/p>\n<p>Hartl, Johann (2006): Die Grenze der gebauten Stadt zur freien Landschaft. Inhalte von formellen und informellen Planwerken am Beispiel von Gemeinden des M\u00fcnchner Umlandes. M\u00fcnchen. Link: <a href=\"http:\/\/www.stadtgrenze.de\/d\/d.htm\" target=\"_blank\" rel=\"noopener noreferrer\">www.stadtgrenze.de\/d\/d.htm<\/a><\/p>\n<p>Messari-Becker, Lamia (2006): Konzept zur nachhaltigen Emissionsminderung bei Wohngeb\u00e4uden im Bestand unter Einbeziehung von CO2-Zertifikaten. Diss. TU Darmstadt. <a href=\"http:\/\/tuprints.ulb.tu-darmstadt.de\/epda\/000755\/\" target=\"_blank\" rel=\"noopener noreferrer\">http:\/\/tuprints.ulb.tu-darmstadt.de\/epda\/000755\/<\/a><\/p>\n<p><strong>2005<br \/>\n<\/strong>Bech-Danielsen, Claus (2005): Ecological reflections in architecture &#8211; Architectural design of the place, the space and the interface. Diss. 180 S. K\u00f8benhavn: Arkitektens Forlag. Kurzbeschreibung: pdf-Download engl.<\/p>\n<p>Gerike, Regine (2005): Wie kann das Leitbild nachhaltiger Verkehrsentwicklung konkretisiert werden? &#8211; Ableitung grundlegender Aufgabenbereiche. Univ.-Diss., TU Dresden, Dresden. .<\/p>\n<p>Sch\u00fctze,\u00a0Thorsten (2005): Decentralized water systems in housing estates of international big cities using the example of the cities Hamburg in Germany and Seoul in South Korea (German title: Dezentrale Wassersysteme im Wohnungsbau internationaler Gro\u00dfst\u00e4dte am Beispiel der St\u00e4dte Hamburg in Deutschland und Seoul in S\u00fcdkorea); Dissertation, Books on Demand, Norderstedt.<\/p>\n<p>Wittmer, Dominic (2005): Kupfer im regionalen Ressourcenhaushalt. Ein methodischer Beitrag zur Exploration urbaner Lagerst\u00e4tten. Diss. <a href=\"http:\/\/e-collection.ethbib.ethz.ch\/cgi-bin\/show.pl?type=diss&amp;nr=16325\" target=\"_blank\" rel=\"noopener noreferrer\">pdf-Download auf ETH-Webseite Nr. 16&#8217;325<\/a>.<\/p>\n<p><strong>2004<\/strong><br \/>\nDamman, Sven (2004): Environmental indicators for buildings. A search for a common language. Diss. Horsholm. Ph.d. thesis. Sven Dammann. 2004. 309 pp.<\/p>\n<p>Ekkerlein, Christian (2004): \u00d6kologische Bilanzierung von Geb\u00e4uden in fr\u00fchen Planungsphasen auf Basis der Produktmodellierung. Diss. TU M\u00fcnchen. pdf-Download (2,8 MB): <a href=\"https:\/\/mediatum.ub.tum.de\/601057\" target=\"_blank\" rel=\"noopener noreferrer\">https:\/\/mediatum.ub.tum.de\/601057<\/a><\/p>\n<p>Femen\u00edas, Paula (2004): Demonstration Projects for Sustainable Building: Towards a Strategy for Sustainable Development in the Building Sector based on Swedish and Dutch Experience. Dissertation Department of Built Environment and Sustainable Development. Chalmers University of Technology. G\u00f6teborg<\/p>\n<p>Manderscheid, Katharina (2004):<em> Milieu, Urbanit\u00e4t und Raum. <\/em><em>Soziale Pr\u00e4gung und Wirkung st\u00e4dtebaulicher Leitbilder und gebauter R\u00e4ume.<\/em> Dissertation. Wiesbaden.<br \/>\nKurzbeschreibung Diss. Manderscheid<\/p>\n<p>Neuberg, Frank (2004): Ein Softwarekonzept zur Internet-basierten Simulation des Ressourcenbedarfs von Bauwerken. Diss. TU M\u00fcnchen.<\/p>\n<p>Streck, Stefanie (2004): Entwicklung eines Bewertungssystems f\u00fcr die \u00f6konomische und \u00f6kologische Erneuerung von Wohnungsbest\u00e4nden Dissertation an der Bergischen Universit\u00e4t Wuppertal. DVP-Verlag, Wuppertal<\/p>\n<p>Weil, Marcel (2004): Ressourcenschonung und Umweltentlastung bei der Betonherstellung durch Nutzung von Bau- und Abbruchabf\u00e4llen. WAR-Publikation &#8211; 160. Diss. TU-Darmstadt, 2004<\/p>\n<p>Zimmermann, Cl\u00f3vis (2004): B\u00fcrgerbeteiligung und Stadtplanung in brasilianischen Gro\u00dfst\u00e4dten: Das partizipatorische Stadtplanungsmodell von Porto Alegre im Vergleich zum sozialtechnokratischen Modell von Curitiba. Diss.<\/p>\n<p><strong>2003<br \/>\n<\/strong>Lang, Annette (2003): Ist Nachhaltigkeit messbar? Eine Gegen\u00fcberstellung von Indikatoren und Kriterien zur Bewertung nachhaltiger Entwicklung unter Ber\u00fccksichtigung der Rahmenbedingungen in Deutschland und Frankreich. Diss. Universit\u00e4t Hannover<\/p>\n<p>Manderscheid, Katharina (2003): Milieu, Urbanit\u00e4t und Raum. Eine empirische Untersuchung des st\u00e4dtebaulichen Entwicklungsgebietes Franz\u00f6sisches Viertel\/Stuttgarter Stra\u00dfe in T\u00fcbingen. Diss. Institut f\u00fcr Soziologie, Universit\u00e4t Freiburg. Kurzbeschreibung\/Expose<\/p>\n<p>Oswald, Gudrun (2003): \u00d6kologische Bewertung im Holzwohnbau. Diss. Verl. der Techn. Univ, Graz<\/p>\n<p><strong>2002<\/strong><br \/>\nGetto, Petra (2002): Entwicklung eines Bewertungssystems f\u00fcr \u00f6konomischen und \u00f6kologischen Wohnungs- und B\u00fcrogeb\u00e4udeneubau. Diss. Universit\u00e4t Wuppertal<\/p>\n<p>Pamela Heise: Nachhaltigkeit von Weltausstellungen am Beispiel der Expo 2000 in Hannover &#8211; eine Wirkungsananlyse (am Beispiel der Expo-Siedlung Hannover Kronsberg [Anm. H. Wolpensinger]). Dissertation Fakult\u00e4t Raumplanung TU Dortmund, 2002 <a href=\"https:\/\/eldorado.tu-dortmund.de\/bitstream\/2003\/2854\/1\/Heise.pdf\" target=\"_blank\" rel=\"noopener noreferrer\">(pdf 5 MB)<\/a><\/p>\n<p>L\u00f6fflad,\u00a0Hans (2002): Das globalrecyclingf\u00e4hige Haus. Fallstudie \u00fcber die M\u00f6glichkeiten der Wiedereingliederung von Baur\u00fcckst\u00e4nden in den Naturkreislauf am Beispiel eines globalrecyclingf\u00e4higen Hauses mit Klassifizierung von Baustoffen und Planerkatalog sowie \u00d6ko- und Energiebilanz. Diss. Technische Universiteit Eindhoven <a href=\"http:\/\/alexandria.tue.nl\/extra2\/200211334.pdf\" target=\"_blank\" rel=\"noopener noreferrer\">http:\/\/alexandria.tue.nl\/extra2\/200211334.pdf<\/a><\/p>\n<p>Wallbaum, Holger (2002): Denk- und Kommunikationsans\u00e4tze zur Bewertung des nachhaltigen Bauens und Wohnens. Diss. Wuppertal <a href=\"https:\/\/edocs.tib.eu\/files\/e01dh03\/362671397.pdf\" target=\"_blank\" rel=\"noopener noreferrer\">Volltext (1,3 MB)<\/a><\/p>\n<p><strong>2001<\/strong><br \/>\nKanning, Helga (2001): Umweltbilanzen. Diss. Dortmunder Vertrieb f\u00fcr Bau- und Planungsliteratur, Dortmund<\/p>\n<p><strong>1999<br \/>\n<\/strong>Haas-Arndt, Doris (1999): \u00c4sthetische Qualit\u00e4ten des \u00f6kologischen Bauens und Wohnens ein Beitrag zu neuen Denkans\u00e4tzen in der Architekturkonzeption. Diss. Uni Hannover<\/p>\n<p>Klingele, Martina (1999): Integration von lebenszyklusbezogenen Bewertungsmethoden in den Planungsprozess. Diss. Universit\u00e4t Karlsruhe<\/p>\n<p><strong>1997<br \/>\n<\/strong>Stelzer, Volker (1997): <a href=\"http:\/\/www.springer.com\/us\/book\/9783540626053\" target=\"_blank\" rel=\"noopener noreferrer\">Bewertungen in Umweltschutz und Umweltrecht<\/a>. Diss. Uni Bonn, Heidelberg<\/p>\n","protected":false},"excerpt":{"rendered":"<p>Dissertationen, Master und Diplomarbeiten zum Nachhaltigen Bauen, \u00fcber Nachhaltige Siedlungen und Quartiere bzw. zur Nachhaltigen Stadtentwicklung, ab 1997. Letzte Aktualisierung dieser Seite: Sortierung: Neue Arbeiten sind oben angef\u00fchrt und nach Nachnamen der Autoren alphabetisch sortiert 2021 Lammers, J\u00f6rg (2021): Technikgebrauch im Wohnungsbau. Mensch-Technik-Wechselwirkung und dessen Relevanz f\u00fcr den Energieverbrauch der privaten Haushalte. Berlin https:\/\/opus4.kobv.de\/opus4-udk\/frontdoor\/deliver\/index\/docId\/2169\/file\/TGiWB_231121_lammers_Acmyk.pdf 2020 [&hellip;]<\/p>\n","protected":false},"author":1,"featured_media":0,"parent":10321,"menu_order":0,"comment_status":"closed","ping_status":"closed","template":"","meta":{"footnotes":""},"categories":[],"class_list":{"0":"post-19729","1":"page","2":"type-page","3":"status-publish","5":"gallery-content-unit","6":"czr-hentry"},"aioseo_notices":[],"_links":{"self":[{"href":"https:\/\/sdg21.eu\/en\/wp-json\/wp\/v2\/pages\/19729","targetHints":{"allow":["GET"]}}],"collection":[{"href":"https:\/\/sdg21.eu\/en\/wp-json\/wp\/v2\/pages"}],"about":[{"href":"https:\/\/sdg21.eu\/en\/wp-json\/wp\/v2\/types\/page"}],"author":[{"embeddable":true,"href":"https:\/\/sdg21.eu\/en\/wp-json\/wp\/v2\/users\/1"}],"replies":[{"embeddable":true,"href":"https:\/\/sdg21.eu\/en\/wp-json\/wp\/v2\/comments?post=19729"}],"version-history":[{"count":3,"href":"https:\/\/sdg21.eu\/en\/wp-json\/wp\/v2\/pages\/19729\/revisions"}],"predecessor-version":[{"id":29486,"href":"https:\/\/sdg21.eu\/en\/wp-json\/wp\/v2\/pages\/19729\/revisions\/29486"}],"up":[{"embeddable":true,"href":"https:\/\/sdg21.eu\/en\/wp-json\/wp\/v2\/pages\/10321"}],"wp:attachment":[{"href":"https:\/\/sdg21.eu\/en\/wp-json\/wp\/v2\/media?parent=19729"}],"wp:term":[{"taxonomy":"category","embeddable":true,"href":"https:\/\/sdg21.eu\/en\/wp-json\/wp\/v2\/categories?post=19729"}],"curies":[{"name":"wp","href":"https:\/\/api.w.org\/{rel}","templated":true}]}}