{"id":20769,"date":"2020-01-27T12:28:16","date_gmt":"2020-01-27T11:28:16","guid":{"rendered":"https:\/\/siedlungen.eu\/?page_id=20769"},"modified":"2024-02-04T11:22:56","modified_gmt":"2024-02-04T10:22:56","slug":"beliebte-webseiten","status":"publish","type":"page","link":"https:\/\/sdg21.eu\/en\/beliebte-webseiten","title":{"rendered":"Popular websites"},"content":{"rendered":"<p>The most frequently accessed web pages of Sustainable Settlements and Urban Quarters are displayed here. Only page impressions from web browsers that allow tracking are recorded (anonymised).<\/p>\n<p><strong><div class=\"su-spacer\" style=\"height:20px\"><\/div><\/strong><\/p>\n<table style=\"border-collapse: collapse; width: 100%; height: 261px;\">\n<tbody>\n<tr>\n<td style=\"width: 50%; vertical-align: top;\"><strong>Frequently visited pages<br \/>\n<\/strong>(of the last 60 days)<br \/>\n<div class=\"wpp-shortcode\"><script type=\"application\/json\" data-id=\"wpp-shortcode-inline-js\">{\"title\":\"\",\"limit\":10,\"offset\":0,\"range\":\"daily\",\"time_quantity\":24,\"time_unit\":\"hour\",\"freshness\":false,\"order_by\":\"views\",\"post_type\":\"page\",\"pid\":\"\",\"exclude\":\"\",\"cat\":\"\",\"taxonomy\":\"category\",\"term_id\":\"\",\"author\":\"\",\"shorten_title\":{\"active\":false,\"length\":0,\"words\":false},\"post-excerpt\":{\"active\":false,\"length\":0,\"keep_format\":false,\"words\":false},\"thumbnail\":{\"active\":true,\"build\":\"manual\",\"width\":\"150\",\"height\":\"70\"},\"rating\":false,\"stats_tag\":{\"comment_count\":false,\"views\":true,\"author\":false,\"date\":{\"active\":false,\"format\":\"F j, Y\"},\"category\":false,\"taxonomy\":{\"active\":false,\"name\":\"category\"}},\"markup\":{\"custom_html\":true,\"wpp-start\":\"<ul class=\\\"wpp-list\\\">\",\"wpp-end\":\"<\\\/ul>\",\"title-start\":\"<h2>\",\"title-end\":\"<\\\/h2>\",\"post-html\":\"{thumb} \\u2026 &lt;a href=\\\"{url}\\\"&gt; {text_title}&lt;\\\/a&gt; (&lt;span class=\\\"wpp-meta post-stats\\\"&gt;{stats}&lt;\\\/span&gt;)&lt;br class=\\\"clear\\\" \\\/&gt;&lt;br \\\/&gt;\"},\"theme\":{\"name\":\"\"}}<\/script><div class=\"wpp-shortcode-placeholder\"><\/div><\/div><\/td>\n<td style=\"width: 50%; vertical-align: top;\"><strong>Frequently visited pages<br \/>\n<\/strong>(throughout the period from January 2020)<br \/>\n<div class=\"wpp-shortcode\"><script type=\"application\/json\" data-id=\"wpp-shortcode-inline-js\">{\"title\":\"\",\"limit\":10,\"offset\":0,\"range\":\"all\",\"time_quantity\":24,\"time_unit\":\"hour\",\"freshness\":false,\"order_by\":\"views\",\"post_type\":\"page\",\"pid\":\"\",\"exclude\":\"\",\"cat\":\"\",\"taxonomy\":\"category\",\"term_id\":\"\",\"author\":\"\",\"shorten_title\":{\"active\":false,\"length\":0,\"words\":false},\"post-excerpt\":{\"active\":false,\"length\":0,\"keep_format\":false,\"words\":false},\"thumbnail\":{\"active\":true,\"build\":\"manual\",\"width\":\"150\",\"height\":\"70\"},\"rating\":false,\"stats_tag\":{\"comment_count\":false,\"views\":true,\"author\":false,\"date\":{\"active\":false,\"format\":\"F j, Y\"},\"category\":false,\"taxonomy\":{\"active\":false,\"name\":\"category\"}},\"markup\":{\"custom_html\":true,\"wpp-start\":\"<ul class=\\\"wpp-list\\\">\",\"wpp-end\":\"<\\\/ul>\",\"title-start\":\"<h2>\",\"title-end\":\"<\\\/h2>\",\"post-html\":\"{thumb} \\u2026 &lt;a href=\\\"{url}\\\"&gt; {text_title}&lt;\\\/a&gt; (&lt;span class=\\\"wpp-meta post-stats\\\"&gt;{stats}&lt;\\\/span&gt;)&lt;br class=\\\"clear\\\" \\\/&gt;&lt;br \\\/&gt;\"},\"theme\":{\"name\":\"\"}}<\/script><div class=\"wpp-shortcode-placeholder\"><\/div><\/div><\/td>\n<\/tr>\n<tr style=\"height: 73px;\">\n<td style=\"width: 50%; height: 73px; vertical-align: top;\"><strong>Frequently called projects<br \/>\n<\/strong>(of the last 60 days)<br \/>\n<div class=\"wpp-shortcode\"><script type=\"application\/json\" data-id=\"wpp-shortcode-inline-js\">{\"title\":\"\",\"limit\":10,\"offset\":0,\"range\":\"daily\",\"time_quantity\":24,\"time_unit\":\"hour\",\"freshness\":false,\"order_by\":\"views\",\"post_type\":\"db\",\"pid\":\"\",\"exclude\":\"\",\"cat\":\"\",\"taxonomy\":\"category\",\"term_id\":\"\",\"author\":\"\",\"shorten_title\":{\"active\":false,\"length\":0,\"words\":false},\"post-excerpt\":{\"active\":false,\"length\":0,\"keep_format\":false,\"words\":false},\"thumbnail\":{\"active\":true,\"build\":\"manual\",\"width\":\"150\",\"height\":\"70\"},\"rating\":false,\"stats_tag\":{\"comment_count\":false,\"views\":true,\"author\":false,\"date\":{\"active\":false,\"format\":\"F j, Y\"},\"category\":false,\"taxonomy\":{\"active\":false,\"name\":\"category\"}},\"markup\":{\"custom_html\":true,\"wpp-start\":\"<ul class=\\\"wpp-list\\\">\",\"wpp-end\":\"<\\\/ul>\",\"title-start\":\"<h2>\",\"title-end\":\"<\\\/h2>\",\"post-html\":\"{thumb}  \\u2026 &lt;a href=\\\"{url}\\\"&gt; {text_title}&lt;\\\/a&gt; (&lt;span class=\\\"wpp-meta post-stats\\\"&gt;{stats}&lt;\\\/span&gt;)&lt;br class=\\\"clear\\\" \\\/&gt;&lt;br \\\/&gt;\"},\"theme\":{\"name\":\"\"}}<\/script><div class=\"wpp-shortcode-placeholder\"><\/div><\/div><\/td>\n<td style=\"width: 50%; height: 73px; vertical-align: top;\"><strong>Frequently called projects<br \/>\n<\/strong>(throughout the period from January 2020)<br \/>\n<div class=\"wpp-shortcode\"><script type=\"application\/json\" data-id=\"wpp-shortcode-inline-js\">{\"title\":\"\",\"limit\":10,\"offset\":0,\"range\":\"all\",\"time_quantity\":24,\"time_unit\":\"hour\",\"freshness\":false,\"order_by\":\"views\",\"post_type\":\"db\",\"pid\":\"\",\"exclude\":\"\",\"cat\":\"\",\"taxonomy\":\"category\",\"term_id\":\"\",\"author\":\"\",\"shorten_title\":{\"active\":false,\"length\":0,\"words\":false},\"post-excerpt\":{\"active\":false,\"length\":0,\"keep_format\":false,\"words\":false},\"thumbnail\":{\"active\":true,\"build\":\"manual\",\"width\":\"150\",\"height\":\"70\"},\"rating\":false,\"stats_tag\":{\"comment_count\":false,\"views\":true,\"author\":false,\"date\":{\"active\":false,\"format\":\"F j, Y\"},\"category\":false,\"taxonomy\":{\"active\":false,\"name\":\"category\"}},\"markup\":{\"custom_html\":true,\"wpp-start\":\"<ul class=\\\"wpp-list\\\">\",\"wpp-end\":\"<\\\/ul>\",\"title-start\":\"<h2>\",\"title-end\":\"<\\\/h2>\",\"post-html\":\"{thumb}  \\u2026 &lt;a href=\\\"{url}\\\"&gt; {text_title}&lt;\\\/a&gt; (&lt;span class=\\\"wpp-meta post-stats\\\"&gt;{stats}&lt;\\\/span&gt;)&lt;br class=\\\"clear\\\" \\\/&gt;&lt;br \\\/&gt;\"},\"theme\":{\"name\":\"\"}}<\/script><div class=\"wpp-shortcode-placeholder\"><\/div><\/div><\/td>\n<\/tr>\n<tr style=\"height: 118px;\">\n<td style=\"width: 50%; height: 118px; vertical-align: top;\"><strong>Frequently viewed photo galleries <\/strong>(of the last 60 days)<br \/>\n<div class=\"wpp-shortcode\"><script type=\"application\/json\" data-id=\"wpp-shortcode-inline-js\">{\"title\":\"\",\"limit\":10,\"offset\":0,\"range\":\"daily\",\"time_quantity\":24,\"time_unit\":\"hour\",\"freshness\":false,\"order_by\":\"views\",\"post_type\":\"gallery\",\"pid\":\"\",\"exclude\":\"\",\"cat\":\"\",\"taxonomy\":\"category\",\"term_id\":\"\",\"author\":\"\",\"shorten_title\":{\"active\":false,\"length\":0,\"words\":false},\"post-excerpt\":{\"active\":false,\"length\":0,\"keep_format\":false,\"words\":false},\"thumbnail\":{\"active\":false,\"build\":\"manual\",\"width\":0,\"height\":0},\"rating\":false,\"stats_tag\":{\"comment_count\":false,\"views\":true,\"author\":false,\"date\":{\"active\":false,\"format\":\"F j, Y\"},\"category\":false,\"taxonomy\":{\"active\":false,\"name\":\"category\"}},\"markup\":{\"custom_html\":true,\"wpp-start\":\"<ul class=\\\"wpp-list\\\">\",\"wpp-end\":\"<\\\/ul>\",\"title-start\":\"<h2>\",\"title-end\":\"<\\\/h2>\",\"post-html\":\"{thumb} &lt;a href=\\\"{url}\\\"&gt; {text_title}&lt;\\\/a&gt; (&lt;span class=\\\"wpp-meta post-stats\\\"&gt;{stats}&lt;\\\/span&gt;)&lt;br \\\/&gt;\"},\"theme\":{\"name\":\"\"}}<\/script><div class=\"wpp-shortcode-placeholder\"><\/div><\/div><strong><br \/>\n<\/strong><\/td>\n<td style=\"width: 50%; height: 118px; vertical-align: top;\"><strong>Frequently viewed photo galleries<\/strong> (throughout the period from January 2020)<br \/>\n<div class=\"wpp-shortcode\"><script type=\"application\/json\" data-id=\"wpp-shortcode-inline-js\">{\"title\":\"\",\"limit\":10,\"offset\":0,\"range\":\"all\",\"time_quantity\":24,\"time_unit\":\"hour\",\"freshness\":false,\"order_by\":\"views\",\"post_type\":\"gallery\",\"pid\":\"\",\"exclude\":\"\",\"cat\":\"\",\"taxonomy\":\"category\",\"term_id\":\"\",\"author\":\"\",\"shorten_title\":{\"active\":false,\"length\":0,\"words\":false},\"post-excerpt\":{\"active\":false,\"length\":0,\"keep_format\":false,\"words\":false},\"thumbnail\":{\"active\":false,\"build\":\"manual\",\"width\":0,\"height\":0},\"rating\":false,\"stats_tag\":{\"comment_count\":false,\"views\":true,\"author\":false,\"date\":{\"active\":false,\"format\":\"F j, Y\"},\"category\":false,\"taxonomy\":{\"active\":false,\"name\":\"category\"}},\"markup\":{\"custom_html\":true,\"wpp-start\":\"<ul class=\\\"wpp-list\\\">\",\"wpp-end\":\"<\\\/ul>\",\"title-start\":\"<h2>\",\"title-end\":\"<\\\/h2>\",\"post-html\":\"{thumb} &lt;a href=\\\"{url}\\\"&gt; {text_title}&lt;\\\/a&gt; (&lt;span class=\\\"wpp-meta post-stats\\\"&gt;{stats}&lt;\\\/span&gt;)&lt;br \\\/&gt;\"},\"theme\":{\"name\":\"\"}}<\/script><div class=\"wpp-shortcode-placeholder\"><\/div><\/div><\/td>\n<\/tr>\n<tr style=\"height: 35px;\">\n<td style=\"width: 50%; height: 35px; vertical-align: top;\"><strong>Frequently viewed blog posts <\/strong>(of the last 60 days)<strong><br \/>\n<\/strong><div class=\"wpp-shortcode\"><script type=\"application\/json\" data-id=\"wpp-shortcode-inline-js\">{\"title\":\"\",\"limit\":\"5\",\"offset\":0,\"range\":\"daily\",\"time_quantity\":24,\"time_unit\":\"hour\",\"freshness\":false,\"order_by\":\"views\",\"post_type\":\"blog\",\"pid\":\"\",\"exclude\":\"\",\"cat\":\"\",\"taxonomy\":\"category\",\"term_id\":\"\",\"author\":\"\",\"shorten_title\":{\"active\":false,\"length\":0,\"words\":false},\"post-excerpt\":{\"active\":false,\"length\":0,\"keep_format\":false,\"words\":false},\"thumbnail\":{\"active\":true,\"build\":\"manual\",\"width\":\"150\",\"height\":\"70\"},\"rating\":false,\"stats_tag\":{\"comment_count\":false,\"views\":true,\"author\":false,\"date\":{\"active\":false,\"format\":\"F j, Y\"},\"category\":false,\"taxonomy\":{\"active\":false,\"name\":\"category\"}},\"markup\":{\"custom_html\":true,\"wpp-start\":\"<ul class=\\\"wpp-list\\\">\",\"wpp-end\":\"<\\\/ul>\",\"title-start\":\"<h2>\",\"title-end\":\"<\\\/h2>\",\"post-html\":\"{thumb}  \\u2026 &lt;a href=\\\"{url}\\\"&gt; {text_title}&lt;\\\/a&gt; (&lt;span class=\\\"wpp-meta post-stats\\\"&gt;{stats}&lt;\\\/span&gt;)&lt;br class=\\\"clear\\\" \\\/&gt;&lt;br \\\/&gt;\"},\"theme\":{\"name\":\"\"}}<\/script><div class=\"wpp-shortcode-placeholder\"><\/div><\/div><\/td>\n<td style=\"width: 50%; height: 35px; vertical-align: top;\"><strong>Frequently viewed blog posts <\/strong>(throughout the period from January 2020)<br \/>\n<div class=\"wpp-shortcode\"><script type=\"application\/json\" data-id=\"wpp-shortcode-inline-js\">{\"title\":\"\",\"limit\":\"5\",\"offset\":0,\"range\":\"all\",\"time_quantity\":24,\"time_unit\":\"hour\",\"freshness\":false,\"order_by\":\"views\",\"post_type\":\"blog\",\"pid\":\"\",\"exclude\":\"\",\"cat\":\"\",\"taxonomy\":\"category\",\"term_id\":\"\",\"author\":\"\",\"shorten_title\":{\"active\":false,\"length\":0,\"words\":false},\"post-excerpt\":{\"active\":false,\"length\":0,\"keep_format\":false,\"words\":false},\"thumbnail\":{\"active\":true,\"build\":\"manual\",\"width\":\"150\",\"height\":\"70\"},\"rating\":false,\"stats_tag\":{\"comment_count\":false,\"views\":true,\"author\":false,\"date\":{\"active\":false,\"format\":\"F j, Y\"},\"category\":false,\"taxonomy\":{\"active\":false,\"name\":\"category\"}},\"markup\":{\"custom_html\":true,\"wpp-start\":\"<ul class=\\\"wpp-list\\\">\",\"wpp-end\":\"<\\\/ul>\",\"title-start\":\"<h2>\",\"title-end\":\"<\\\/h2>\",\"post-html\":\"{thumb}  \\u2026 &lt;a href=\\\"{url}\\\"&gt; {text_title}&lt;\\\/a&gt; (&lt;span class=\\\"wpp-meta post-stats\\\"&gt;{stats}&lt;\\\/span&gt;)&lt;br class=\\\"clear\\\" \\\/&gt;&lt;br \\\/&gt;\"},\"theme\":{\"name\":\"\"}}<\/script><div class=\"wpp-shortcode-placeholder\"><\/div><\/div><\/td>\n<\/tr>\n<\/tbody>\n<\/table>","protected":false},"excerpt":{"rendered":"<p>Hier werden die am h\u00e4ufigsten aufgerufenen Webseiten von Nachhaltigen Siedlungen und Stadtquartieren angezeigt. Es werden nur Seitenabrufe von Webbrowsern (anonymisiert) erfasst, die ein Tracking zulassen. H\u00e4ufig aufgerufene Seiten (der letzten 60 Tage) H\u00e4ufig aufgerufene Seiten (im gesamten Zeitraum ab Januar 2020) H\u00e4ufig aufgerufene Projekte (der letzten 60 Tage) H\u00e4ufig aufgerufene Projekte (im gesamten Zeitraum ab [&hellip;]<\/p>\n","protected":false},"author":1,"featured_media":0,"parent":0,"menu_order":0,"comment_status":"closed","ping_status":"closed","template":"","meta":{"footnotes":""},"categories":[],"class_list":{"0":"post-20769","1":"page","2":"type-page","3":"status-publish","5":"gallery-content-unit","6":"czr-hentry"},"aioseo_notices":[],"_links":{"self":[{"href":"https:\/\/sdg21.eu\/en\/wp-json\/wp\/v2\/pages\/20769","targetHints":{"allow":["GET"]}}],"collection":[{"href":"https:\/\/sdg21.eu\/en\/wp-json\/wp\/v2\/pages"}],"about":[{"href":"https:\/\/sdg21.eu\/en\/wp-json\/wp\/v2\/types\/page"}],"author":[{"embeddable":true,"href":"https:\/\/sdg21.eu\/en\/wp-json\/wp\/v2\/users\/1"}],"replies":[{"embeddable":true,"href":"https:\/\/sdg21.eu\/en\/wp-json\/wp\/v2\/comments?post=20769"}],"version-history":[{"count":4,"href":"https:\/\/sdg21.eu\/en\/wp-json\/wp\/v2\/pages\/20769\/revisions"}],"predecessor-version":[{"id":29330,"href":"https:\/\/sdg21.eu\/en\/wp-json\/wp\/v2\/pages\/20769\/revisions\/29330"}],"wp:attachment":[{"href":"https:\/\/sdg21.eu\/en\/wp-json\/wp\/v2\/media?parent=20769"}],"wp:term":[{"taxonomy":"category","embeddable":true,"href":"https:\/\/sdg21.eu\/en\/wp-json\/wp\/v2\/categories?post=20769"}],"curies":[{"name":"wp","href":"https:\/\/api.w.org\/{rel}","templated":true}]}}