{"id":21466,"date":"2020-03-13T12:55:23","date_gmt":"2020-03-13T11:55:23","guid":{"rendered":"https:\/\/siedlungen.eu\/?page_id=21466"},"modified":"2023-05-31T01:54:04","modified_gmt":"2023-05-30T23:54:04","slug":"software-fuer-planung-und-buero","status":"publish","type":"page","link":"https:\/\/sdg21.eu\/en\/software-fuer-planung-und-buero","title":{"rendered":"Software for planning and office"},"content":{"rendered":"<p><strong>Qwant\" search engine<br \/>\nthat do not collect data about users when searched. <\/strong>No cookies are stored in the browser through which others could recognise you or follow you anywhere on the internet. No tracking devices (pixels, fingerprints, etc.) are used. No search histories are stored. Search queries are immediately anonymised by decoupling them from your IP address, in line with French data control recommendations. In short, what you search with Qwant is a private matter and is nobody else's business.<br \/>\n<a href=\"https:\/\/www.qwant.com\/\" target=\"_blank\" rel=\"noopener noreferrer\">www.qwant.com<\/a><\/p>\n<p><strong>Alternative to GoogleMaps:<\/strong><br \/>\n<a href=\"https:\/\/www.openstreetmap.org\" target=\"_blank\" rel=\"noopener noreferrer\">www.openstreetmap.org<\/a><\/p>\n<p><span style=\"font-size: 14pt;\"><strong>Office<\/strong><\/span><\/p>\n<p><strong>LibreOffice<\/strong><br \/>\nComplete, free replacement with all important functions of the known programmes, but with diverse file format conversion functions. The output format pdf is integrated in the programme package. Rating: absolutely recommendable!<br \/>\n<a href=\"http:\/\/de.libreoffice.org\/\" target=\"_blank\" rel=\"noopener noreferrer\">http:\/\/de.libreoffice.org<\/a><\/p>\n<p><strong>EtherPad<\/strong><br \/>\nGemeinsames bearbeiten von Texten, kostenlos und Open Source:<br \/>\n<a href=\"http:\/\/etherpad.org\/\" target=\"_blank\" rel=\"noopener noreferrer\"> http:\/\/etherpad.org\/<\/a><\/p>\n<h3>Mindmaps<\/h3>\n<p><strong>FreeMind<\/strong><br \/>\nTo create mind maps<br \/>\n<a href=\"https:\/\/freemind.de.softonic.com\/\" target=\"_blank\" rel=\"noopener noreferrer\">https:\/\/freemind.de.softonic.com\/<\/a><\/p>\n<p><strong>XMind: <\/strong>deutlich mehr M\u00f6glichkeiten, z.B. verschiedene Layouts von MindMaps, als FreeMind, allerdings gibt es die Exportfunktion zu Excel usw. nur in der kostenpflichtigen Version. In der kostenlosen Version gibt es Ex- und Import in das <a href=\"https:\/\/datei.wiki\/extension\/opml\" target=\"_blank\" rel=\"noopener\">OPML-Format<\/a>: <a href=\"http:\/\/www.chip.de\/downloads\/XMind_34360761.html\" target=\"_blank\" rel=\"noopener noreferrer\">www.chip.de\/downloads\/XMind_34360761.html<strong><br \/>\n<\/strong><\/a><\/p>\n<h3>CAD \/ design software<\/h3>\n<p><strong>SketchUp Free<\/strong><br \/>\n<a href=\"https:\/\/www.chip.de\/downloads\/SketchUp-Free_19028747.html\" target=\"_blank\" rel=\"noopener\">https:\/\/www.chip.de\/downloads\/SketchUp-Free_19028747.html<\/a><\/p>\n<p><strong>LibreCAD - Technical drawing programme <\/strong>(open source - free of charge, without advertising)<br \/>\n<a href=\"http:\/\/librecad.org\/\" target=\"_blank\" rel=\"noopener noreferrer\">http:\/\/librecad.org<\/a><br \/>\n<strong>FreeCad<\/strong><br \/>\n<a href=\"https:\/\/www.chip.de\/downloads\/FreeCAD-32-Bit_58101804.html\" target=\"_blank\" rel=\"noopener noreferrer\">www.chip.de\/downloads\/FreeCAD-32-Bit_58101804.html<\/a><\/p>\n<p><strong>pCon.planner<\/strong><br \/>\nPlans and visualises rooms and interiors; uses the DWG format and processes various 2D and 3D data such as SKP, DXF or 3DS; various tools are available with which rooms can be drawn and these can be equipped with objects\/materials; planning scenes can be rendered as images and as films.<br \/>\n<a href=\"http:\/\/pcon-planner.com\/de\/3d-raumplaner\/\" target=\"_blank\" rel=\"noopener noreferrer\">http:\/\/pcon-planner.com\/de\/3d-raumplaner<\/a><\/p>\n<p><strong>LibreOffice Draw<\/strong><br \/>\nDraw can be used to create quick sketches, complex plans but also graphics and diagrams. Up to a size of 300 cm by 300 cm, Draw is equipped to create technical drawings, posters, etc. With Draw you can change graphic objects, group them, cut them, develop 3D objects and much more.<br \/>\n<a href=\"https:\/\/de.libreoffice.org\/discover\/draw\/\" target=\"_blank\" rel=\"noopener noreferrer\">https:\/\/de.libreoffice.org\/discover\/draw\/<\/a><\/p>\n<p><strong>My Home 3D Builder<\/strong><br \/>\n<a href=\"https:\/\/www.chip.de\/downloads\/Mein-Heim-3D-Baumeister_13000015.html\" target=\"_blank\" rel=\"noopener noreferrer\">www.chip.de\/downloads\/Mein-Heim-3D-Baumeister_13000015.html<\/a><br \/>\n<strong>Sweet Home 3D<\/strong><br \/>\n<a href=\"https:\/\/www.chip.de\/downloads\/Sweet-Home-3D_28945175.html\" target=\"_blank\" rel=\"noopener noreferrer\">www.chip.de\/downloads\/Sweet-Home-3D_28945175.html<\/a><\/p>\n<h3>Image editing<\/h3>\n<p><strong>Inkscape<\/strong><br \/>\nInkscape is a vector graphics editing programme for Windows, Mac OS X and GNU\/Linux. It is used by professional and hobbyist designers worldwide to create a variety of images, such as illustrations, icons, logos, diagrams, maps or even web graphics. Inkscape uses the free SVG (Scalable Vector Graphics) standard of the W3C and is a free, open source software.<br \/>\n<a href=\"https:\/\/inkscape.org\/\" target=\"_blank\" rel=\"noopener noreferrer\">https:\/\/inkscape.org<\/a><\/p>\n<p><strong>GIMP (GNU Image Manipulation Program)<br \/>\n<\/strong>is a free and open source image editing programme. It is licensed under the GNU General Public License (GPL). The main focus of the software is the intensive editing of individual images, for which a variety of effects are available. Along with Linux, OpenOffice.org and Mozilla Firefox, GIMP is one of the best-known free software projects.<br \/>\n<a href=\"http:\/\/de.wikipedia.org\/wiki\/GIMP\" target=\"_blank\" rel=\"noopener noreferrer\">http:\/\/de.wikipedia.org\/wiki\/GIMP<\/a><strong><br \/>\n<\/strong><\/p>\n<p><strong>Irfanview <\/strong>(not OpenSource, but free of charge)<strong><br \/>\n<\/strong>Image editing programme, small and fine, with a wide range of functions.<br \/>\n<a href=\"https:\/\/www.irfanview.com\/\" target=\"_blank\" rel=\"noopener noreferrer\">www.irfanview.de<\/a><\/p>\n<h3>Literature management<\/h3>\n<p><strong>Zotero<\/strong><br \/>\nis a free plugin for Firefox, but is also being developed as a stand-alone programme.<br \/>\n<a href=\"http:\/\/www.zotero.org\/\" target=\"_blank\" rel=\"noopener noreferrer\">www.zotero.org<\/a><\/p>\n<h3>Other<\/h3>\n<p><strong>Screencasts <\/strong><br \/>\nVideos und Fotos bearbeiten<br \/>\n<a href=\"http:\/\/screencast-o-matic.com\/\" target=\"_blank\" rel=\"noopener noreferrer\">http:\/\/screencast-o-matic.com\/<\/a><\/p>\n<p><strong>Ubuntu <\/strong>(Linux)<br \/>\nUbuntu is a Linux distribution based on Debian. With Ubuntu, the developers pursue the goal of creating an easy-to-install and easy-to-use operating system with coordinated software. This is to be achieved, among other things, by providing exactly one programme for each task. After the first version was released in October 2004, Ubuntu quickly became well-known and within one to two years became one of the most widely used Linux distributions.<br \/>\n<a href=\"http:\/\/de.wikipedia.org\/wiki\/Ubuntu\" target=\"_blank\" rel=\"noopener noreferrer\">http:\/\/de.wikipedia.org\/wiki\/Ubuntu<\/a><\/p>\n<p>GPG or GnuPG (GNU Privacy Guard)<br \/>\n<strong>Encryption of emails<\/strong> integriert in Thunderbird<br \/>\n(unterst\u00fctzt von Bundesamt f\u00fcr Sicherheit in der Informationstechnik):<br \/>\nDownload: <a href=\"https:\/\/www.gpg4win.de\/index-de.html\" target=\"_blank\" rel=\"noopener noreferrer\">www.gpg4win.de<\/a><br \/>\nInfo: <a href=\"https:\/\/de.wikipedia.org\/wiki\/GNU_Privacy_Guard\" target=\"_blank\" rel=\"noopener noreferrer\">https:\/\/de.wikipedia.org\/wiki\/GNU_Privacy_Guard<\/a><\/p>\n<p><span class=\"body\"><strong>PEP Security<\/strong><br \/>\n<a href=\"http:\/\/www.heise.de\/security\/meldung\/pEp-Erste-Anwendungen-von-Pretty-Easy-Privacy-fuer-Windows-und-Android-3254151.html?wt_mc=rss.security.beitrag.rdf\" target=\"_blank\" rel=\"noopener noreferrer\">www.heise.de\/...Pretty-Easy-Privacy-fuer-Windows-und-Android...<\/a><\/span><\/p>","protected":false},"excerpt":{"rendered":"<p>Suchmaschine &#8222;Qwant&#8220;, die keine Daten \u00fcber Nutzer erheben, wenn gesucht wird. Es werden keine Cookies im Browser hinterlegt, \u00fcber die andere Sie erkennen oder Ihnen \u00fcberall im Internet folgen k\u00f6nnten. Es werden keine Kontrollger\u00e4te (Pixel, Fingerabdr\u00fccke etc.) verwendet. Es werden keine Suchverl\u00e4ufe gespeichert. Suchanfragen werden sofort anonymisiert, indem sie von Ihrer IP-Adresse abgekoppelt werden, so [&hellip;]<\/p>\n","protected":false},"author":1,"featured_media":0,"parent":0,"menu_order":0,"comment_status":"closed","ping_status":"closed","template":"","meta":{"footnotes":""},"categories":[],"class_list":{"0":"post-21466","1":"page","2":"type-page","3":"status-publish","5":"gallery-content-unit","6":"czr-hentry"},"aioseo_notices":[],"_links":{"self":[{"href":"https:\/\/sdg21.eu\/en\/wp-json\/wp\/v2\/pages\/21466","targetHints":{"allow":["GET"]}}],"collection":[{"href":"https:\/\/sdg21.eu\/en\/wp-json\/wp\/v2\/pages"}],"about":[{"href":"https:\/\/sdg21.eu\/en\/wp-json\/wp\/v2\/types\/page"}],"author":[{"embeddable":true,"href":"https:\/\/sdg21.eu\/en\/wp-json\/wp\/v2\/users\/1"}],"replies":[{"embeddable":true,"href":"https:\/\/sdg21.eu\/en\/wp-json\/wp\/v2\/comments?post=21466"}],"version-history":[{"count":3,"href":"https:\/\/sdg21.eu\/en\/wp-json\/wp\/v2\/pages\/21466\/revisions"}],"predecessor-version":[{"id":29039,"href":"https:\/\/sdg21.eu\/en\/wp-json\/wp\/v2\/pages\/21466\/revisions\/29039"}],"wp:attachment":[{"href":"https:\/\/sdg21.eu\/en\/wp-json\/wp\/v2\/media?parent=21466"}],"wp:term":[{"taxonomy":"category","embeddable":true,"href":"https:\/\/sdg21.eu\/en\/wp-json\/wp\/v2\/categories?post=21466"}],"curies":[{"name":"wp","href":"https:\/\/api.w.org\/{rel}","templated":true}]}}