{"id":22370,"date":"2020-05-08T14:18:47","date_gmt":"2020-05-08T13:18:47","guid":{"rendered":"http:\/\/sdg21.eu\/?page_id=22370"},"modified":"2024-01-23T19:49:24","modified_gmt":"2024-01-23T18:49:24","slug":"22370-2","status":"publish","type":"page","link":"https:\/\/sdg21.eu\/en\/22370-2","title":{"rendered":"More data"},"content":{"rendered":"<p><strong>Blog posts<\/strong><br \/>\nNumber of blog posts Bavaria: 51<br class=\"clear\" \/>Anzahl Blog-Beitr\u00e4ge NRW: 83<br class=\"clear\" \/><div class=\"su-spacer\" style=\"height:20px\"><\/div>\n<div class=\"su-spacer\" style=\"height:20px\"><\/div>\n<span class=\"sbs-count-tax\">1,017<\/span> Taxonomies for projects \"db<br class=\"clear\" \/><span class=\"sbs-count-tax\">1,017<\/span> Taxonomien des Typs &#8222;Typologie&#8220;<br class=\"clear\" \/><span class=\"sbs-count-tax\">8<\/span> Taxonomies of the \"decade\" type<br class=\"clear\" \/><span class=\"sbs-count-tax\">16<\/span> Taxonomies of the type \"Federal state<br class=\"clear\" \/><span class=\"sbs-count-tax\">16<\/span> Taxonomies of the type \"Nation\" (Europe)<br class=\"clear\" \/><span class=\"sbs-count-tax\">117<\/span> Taxonomies of the type \"Topics<br class=\"clear\" \/><span class=\"sbs-count-tax\">41<\/span> Taxonomic bodies on the subject of \"urban region<br \/>\n<div class=\"su-spacer\" style=\"height:20px\"><\/div>\n<strong>Words<\/strong><br \/>\n<span class=\"sbs-number-words\">105<\/span> The profile of the settlement \"Arkadien Winnenden\" contains the following words<br class=\"clear\" \/><span class=\"sbs-number-words\">874<\/span> The profile of the \"Aegidienhof residential project\" contains the following words<br class=\"clear\" \/>506,969 W\u00f6rter sind insgesamt in der sdg21.Webdatenbank<br \/>\n<div class=\"su-spacer\" style=\"height:20px\"><\/div>\n<strong>Statistical figures for \"taxonomies<\/strong><br class=\"clear\" \/>Projects Number: <span class=\"sbs-count-cpt\">375 <\/span><br class=\"clear\" \/>Number of BlogNews: <span class=\"sbs-count-cpt\">859 <\/span><br class=\"clear\" \/>Number of Blog Taxonomy \"Topic\": <span class=\"sbs-count-tax\">149<\/span><br class=\"clear\" \/>Number of pages: <span class=\"sbs-count-cpt\">127 <\/span><br class=\"clear\" \/>Number of pages (ShortCode variant): <span class=\"sbs-count-pages\">127<\/span>\u00a0<br class=\"clear\" \/>Number of \"More info\" pages <span class=\"sbs-count-cpt\">23 <\/span><br class=\"clear\" \/>Number of keywords: <span class=\"sbs-count-tags\">78<\/span><br class=\"clear\" \/>Number of Event Notes: <span class=\"sbs-count-cpt\">0 <\/span><br class=\"clear\" \/><div class=\"su-spacer\" style=\"height:20px\"><\/div>","protected":false},"excerpt":{"rendered":"<p>Blog-Beitr\u00e4ge Anzahl Blog-Beitr\u00e4ge Bayern: Anzahl Blog-Beitr\u00e4ge NRW: Taxonomien f\u00fcr Projekte &#8222;db&#8220; Taxonomien des Typs &#8222;Typologie&#8220; Taxonomien des Typs &#8222;Dekade&#8220; Taxonomien des Typs &#8222;Bundesland&#8220; Taxonomien des Typs &#8222;Nation&#8220; (Europa) Taxonomien des Typs &#8222;Themen&#8220; Taxonmien zum Thema &#8222;Stadregion&#8220; W\u00f6rter W\u00f6rter beinhaltet der Steckbrief der Siedlung &#8222;Arkadien Winnenden&#8220; W\u00f6rter beinhaltet der Steckbrief des &#8222;Wohnprojekts Aegidienhof&#8220; W\u00f6rter sind insgesamt [&hellip;]<\/p>\n","protected":false},"author":1,"featured_media":0,"parent":0,"menu_order":0,"comment_status":"closed","ping_status":"closed","template":"","meta":{"footnotes":""},"categories":[],"class_list":{"0":"post-22370","1":"page","2":"type-page","3":"status-publish","5":"gallery-content-unit","6":"czr-hentry"},"aioseo_notices":[],"_links":{"self":[{"href":"https:\/\/sdg21.eu\/en\/wp-json\/wp\/v2\/pages\/22370","targetHints":{"allow":["GET"]}}],"collection":[{"href":"https:\/\/sdg21.eu\/en\/wp-json\/wp\/v2\/pages"}],"about":[{"href":"https:\/\/sdg21.eu\/en\/wp-json\/wp\/v2\/types\/page"}],"author":[{"embeddable":true,"href":"https:\/\/sdg21.eu\/en\/wp-json\/wp\/v2\/users\/1"}],"replies":[{"embeddable":true,"href":"https:\/\/sdg21.eu\/en\/wp-json\/wp\/v2\/comments?post=22370"}],"version-history":[{"count":1,"href":"https:\/\/sdg21.eu\/en\/wp-json\/wp\/v2\/pages\/22370\/revisions"}],"predecessor-version":[{"id":29317,"href":"https:\/\/sdg21.eu\/en\/wp-json\/wp\/v2\/pages\/22370\/revisions\/29317"}],"wp:attachment":[{"href":"https:\/\/sdg21.eu\/en\/wp-json\/wp\/v2\/media?parent=22370"}],"wp:term":[{"taxonomy":"category","embeddable":true,"href":"https:\/\/sdg21.eu\/en\/wp-json\/wp\/v2\/categories?post=22370"}],"curies":[{"name":"wp","href":"https:\/\/api.w.org\/{rel}","templated":true}]}}