{"id":23514,"date":"2020-08-17T11:48:03","date_gmt":"2020-08-17T10:48:03","guid":{"rendered":"http:\/\/sdg21.eu\/?page_id=23514"},"modified":"2020-10-18T13:42:31","modified_gmt":"2020-10-18T11:42:31","slug":"sdg21-neuigkeiten-abonnieren","status":"publish","type":"page","link":"https:\/\/sdg21.eu\/en\/sdg21-neuigkeiten-abonnieren","title":{"rendered":"Receive new sdg21.posts by email"},"content":{"rendered":"<p>Interessierte k\u00f6nnen sich per Email informieren lassen, wenn es neue Beitr\u00e4ge auf sdg21.eu gibt. Die Email wird nur versendet, wenn seit der letzten Abo-Email neue Beitr\u00e4ge ver\u00f6ffentlicht wurden.<\/p>\n<table style=\"border-collapse: collapse; width: 100%; height: 261px;\">\n<tbody>\n<tr style=\"height: 131px;\">\n<td style=\"width: 50%; vertical-align: top; height: 131px;\"><strong>W\u00f6chentliche Info-Email<br \/>\n<\/strong>Wenn Sie lieber einmal die Woche etwas l\u00e4ngere Newsletter lesen.<br \/>\nAbo mit Beitr\u00e4gen aller Kategorien<br \/>\n1 x w\u00f6chentlich Dienstag um 9:00 Uhr<br \/>\n  \n  \n  <div class=\"\n    mailpoet_form_popup_overlay\n      \"><\/div>\n  <div\n    id=\"mailpoet_form_1\"\n    class=\"\n      mailpoet_form\n      mailpoet_form_shortcode\n      mailpoet_form_position_\n      mailpoet_form_animation_\n    \"\n      >\n\n    <style type=\"text\/css\">\n     #mailpoet_form_1 .mailpoet_form {  }\n#mailpoet_form_1 .mailpoet_paragraph { line-height: 20px; }\n#mailpoet_form_1 .mailpoet_segment_label, #mailpoet_form_1 .mailpoet_text_label, #mailpoet_form_1 .mailpoet_textarea_label, #mailpoet_form_1 .mailpoet_select_label, #mailpoet_form_1 .mailpoet_radio_label, #mailpoet_form_1 .mailpoet_checkbox_label, #mailpoet_form_1 .mailpoet_list_label, #mailpoet_form_1 .mailpoet_date_label { display: block; font-weight: bold; }\n#mailpoet_form_1 .mailpoet_text, #mailpoet_form_1 .mailpoet_textarea, #mailpoet_form_1 .mailpoet_select, #mailpoet_form_1 .mailpoet_date_month, #mailpoet_form_1 .mailpoet_date_day, #mailpoet_form_1 .mailpoet_date_year, #mailpoet_form_1 .mailpoet_date { display: block; }\n#mailpoet_form_1 .mailpoet_text, #mailpoet_form_1 .mailpoet_textarea { width: 200px; }\n#mailpoet_form_1 .mailpoet_checkbox {  }\n#mailpoet_form_1 .mailpoet_submit input {  }\n#mailpoet_form_1 .mailpoet_divider {  }\n#mailpoet_form_1 .mailpoet_message {  }\n#mailpoet_form_1 .mailpoet_validate_success { font-weight: 600; color: #468847; }\n#mailpoet_form_1 .mailpoet_validate_error { color: #b94a48; }\n#mailpoet_form_1 .mailpoet_form_loading { width: 30px; text-align: center; line-height: normal; }\n#mailpoet_form_1 .mailpoet_form_loading > span { width: 5px; height: 5px; background-color: #5b5b5b; }#mailpoet_form_1{border-radius: 0px;text-align: left;}#mailpoet_form_1 form.mailpoet_form {padding: 20px;}#mailpoet_form_1 .mailpoet_message {margin: 0; padding: 0 20px;}#mailpoet_form_1 .mailpoet_paragraph.last {margin-bottom: 0} @media (max-width: 500px) {#mailpoet_form_1 {background-image: none;}} @media (min-width: 500px) {#mailpoet_form_1 .last .mailpoet_paragraph:last-child {margin-bottom: 0}}  @media (max-width: 500px) {#mailpoet_form_1 .mailpoet_form_column:last-child .mailpoet_paragraph:last-child {margin-bottom: 0}} \n    <\/style>\n\n    <form\n      target=\"_self\"\n      method=\"post\"\n      action=\"https:\/\/sdg21.eu\/wp-admin\/admin-post.php?action=mailpoet_subscription_form\"\n      class=\"mailpoet_form mailpoet_form_form mailpoet_form_shortcode\"\n      novalidate\n      data-delay=\"\"\n      data-exit-intent-enabled=\"\"\n      data-font-family=\"\"\n      data-cookie-expiration-time=\"\"\n    >\n      <input type=\"hidden\" name=\"data[form_id]\" value=\"1\" \/>\n      <input type=\"hidden\" name=\"token\" value=\"21d0be2786\" \/>\n      <input type=\"hidden\" name=\"api_version\" value=\"v1\" \/>\n      <input type=\"hidden\" name=\"endpoint\" value=\"subscribers\" \/>\n      <input type=\"hidden\" name=\"mailpoet_method\" value=\"subscribe\" \/>\n\n      <label class=\"mailpoet_hp_email_label\" style=\"display: none !important;\">Please leave this field empty<input type=\"email\" name=\"data[email]\"\/><\/label><div class=\"mailpoet_paragraph \"><input type=\"text\" autocomplete=\"given-name\" class=\"mailpoet_text\" id=\"form_first_name_1\" name=\"data[form_field_NjkyNGY1M2M4NjUzX2ZpcnN0X25hbWU=]\" title=\"Vorname\" value=\"\" style=\"padding:5px;margin: 0 auto 0 0;\" data-automation-id=\"form_first_name\"  placeholder=\"Vorname\" aria-label=\"Vorname\" data-parsley-errors-container=\".mailpoet_error_vy6lh\" data-parsley-names='[&quot;Please specify a valid name.&quot;,&quot;Addresses in names are not permitted, please add your name instead.&quot;]'\/><span class=\"mailpoet_error_vy6lh\"><\/span><\/div>\n<div class=\"mailpoet_paragraph \"><input type=\"text\" autocomplete=\"family-name\" class=\"mailpoet_text\" id=\"form_last_name_1\" name=\"data[form_field_ODE3ZmM3ODgxMjUzX2xhc3RfbmFtZQ==]\" title=\"Nachname\" value=\"\" style=\"padding:5px;margin: 0 auto 0 0;\" data-automation-id=\"form_last_name\"  placeholder=\"Nachname *\" aria-label=\"Nachname *\" data-parsley-errors-container=\".mailpoet_error_1f0yi\" data-parsley-names='[&quot;Please specify a valid name.&quot;,&quot;Addresses in names are not permitted, please add your name instead.&quot;]' data-parsley-required=\"true\" required aria-required=\"true\" data-parsley-required-message=\"This field is required.\"\/><span class=\"mailpoet_error_1f0yi\"><\/span><\/div>\n<div class=\"mailpoet_paragraph \"><input type=\"email\" autocomplete=\"email\" class=\"mailpoet_text\" id=\"form_email_1\" name=\"data[form_field_NTc4NDY4NjE5OTNjX2VtYWls]\" title=\"E-Mail\" value=\"\" style=\"padding:5px;margin: 0 auto 0 0;\" data-automation-id=\"form_email\"  placeholder=\"E-Mail *\" aria-label=\"E-Mail *\" data-parsley-errors-container=\".mailpoet_error_1223n\" data-parsley-required=\"true\" required aria-required=\"true\" data-parsley-minlength=\"6\" data-parsley-maxlength=\"150\" data-parsley-type-message=\"This value should be a valid email.\" data-parsley-required-message=\"This field is required.\"\/><span class=\"mailpoet_error_1223n\"><\/span><\/div>\n<div class=\"mailpoet_paragraph \"><input type=\"submit\" class=\"mailpoet_submit\" value=\"Abonnieren!\" data-automation-id=\"subscribe-submit-button\" style=\"padding:5px;margin: 0 auto 0 0;border-color:transparent;\" \/><span class=\"mailpoet_form_loading\"><span class=\"mailpoet_bounce1\"><\/span><span class=\"mailpoet_bounce2\"><\/span><span class=\"mailpoet_bounce3\"><\/span><\/span><\/div>\n\n      <div class=\"mailpoet_message\">\n        <p class=\"mailpoet_validate_success\"\n                style=\"display:none;\"\n                >Pr\u00fcfe deinen Posteingang oder Spam-Ordner, um dein Abonnement zu best\u00e4tigen.\n        <\/p>\n        <p class=\"mailpoet_validate_error\"\n                style=\"display:none;\"\n                >        <\/p>\n      <\/div>\n    <\/form>\n\n      <\/div>\n\n  <\/td>\n<td style=\"width: 50%; vertical-align: top; height: 131px;\"><strong>T\u00e4gliche Info-Email<br \/>\n<\/strong>Abo mit Beitr\u00e4gen aller Kategorien. Ratsam, wenn Sie lieber h\u00e4ufiger kurze Newsletter lesen.<br \/>\nT\u00e4glich um 9:00 Uhr<br \/>\n  \n  \n  <div class=\"\n    mailpoet_form_popup_overlay\n      \"><\/div>\n  <div\n    id=\"mailpoet_form_4\"\n    class=\"\n      mailpoet_form\n      mailpoet_form_shortcode\n      mailpoet_form_position_\n      mailpoet_form_animation_\n    \"\n      >\n\n    <style type=\"text\/css\">\n     #mailpoet_form_4 .mailpoet_form {  }\n#mailpoet_form_4 .mailpoet_column_with_background { padding: 10px; }\n#mailpoet_form_4 .mailpoet_form_column:not(:first-child) { margin-left: 20px; }\n#mailpoet_form_4 .mailpoet_paragraph { line-height: 20px; margin-bottom: 20px; }\n#mailpoet_form_4 .mailpoet_segment_label, #mailpoet_form_4 .mailpoet_text_label, #mailpoet_form_4 .mailpoet_textarea_label, #mailpoet_form_4 .mailpoet_select_label, #mailpoet_form_4 .mailpoet_radio_label, #mailpoet_form_4 .mailpoet_checkbox_label, #mailpoet_form_4 .mailpoet_list_label, #mailpoet_form_4 .mailpoet_date_label { display: block; font-weight: normal; }\n#mailpoet_form_4 .mailpoet_text, #mailpoet_form_4 .mailpoet_textarea, #mailpoet_form_4 .mailpoet_select, #mailpoet_form_4 .mailpoet_date_month, #mailpoet_form_4 .mailpoet_date_day, #mailpoet_form_4 .mailpoet_date_year, #mailpoet_form_4 .mailpoet_date { display: block; }\n#mailpoet_form_4 .mailpoet_text, #mailpoet_form_4 .mailpoet_textarea { width: 200px; }\n#mailpoet_form_4 .mailpoet_checkbox {  }\n#mailpoet_form_4 .mailpoet_submit {  }\n#mailpoet_form_4 .mailpoet_divider {  }\n#mailpoet_form_4 .mailpoet_message {  }\n#mailpoet_form_4 .mailpoet_form_loading { width: 30px; text-align: center; line-height: normal; }\n#mailpoet_form_4 .mailpoet_form_loading > span { width: 5px; height: 5px; background-color: #5b5b5b; }#mailpoet_form_4{border-radius: 0px;text-align: left;}#mailpoet_form_4 form.mailpoet_form {padding: 20px;}#mailpoet_form_4 .mailpoet_message {margin: 0; padding: 0 20px;}#mailpoet_form_4 .mailpoet_paragraph.last {margin-bottom: 0} @media (max-width: 500px) {#mailpoet_form_4 {background-image: none;}} @media (min-width: 500px) {#mailpoet_form_4 .last .mailpoet_paragraph:last-child {margin-bottom: 0}}  @media (max-width: 500px) {#mailpoet_form_4 .mailpoet_form_column:last-child .mailpoet_paragraph:last-child {margin-bottom: 0}} \n    <\/style>\n\n    <form\n      target=\"_self\"\n      method=\"post\"\n      action=\"https:\/\/sdg21.eu\/wp-admin\/admin-post.php?action=mailpoet_subscription_form\"\n      class=\"mailpoet_form mailpoet_form_form mailpoet_form_shortcode\"\n      novalidate\n      data-delay=\"\"\n      data-exit-intent-enabled=\"\"\n      data-font-family=\"\"\n      data-cookie-expiration-time=\"\"\n    >\n      <input type=\"hidden\" name=\"data[form_id]\" value=\"4\" \/>\n      <input type=\"hidden\" name=\"token\" value=\"21d0be2786\" \/>\n      <input type=\"hidden\" name=\"api_version\" value=\"v1\" \/>\n      <input type=\"hidden\" name=\"endpoint\" value=\"subscribers\" \/>\n      <input type=\"hidden\" name=\"mailpoet_method\" value=\"subscribe\" \/>\n\n      <label class=\"mailpoet_hp_email_label\" style=\"display: none !important;\">Please leave this field empty<input type=\"email\" name=\"data[email]\"\/><\/label><div class=\"mailpoet_paragraph \"><input type=\"text\" autocomplete=\"given-name\" class=\"mailpoet_text\" id=\"form_first_name_4\" name=\"data[form_field_NjkyNGY1M2M4NjUzX2ZpcnN0X25hbWU=]\" title=\"Vorname\" value=\"\" style=\"padding:5px;margin: 0 auto 0 0;\" data-automation-id=\"form_first_name\"  placeholder=\"Vorname\" aria-label=\"Vorname\" data-parsley-errors-container=\".mailpoet_error_1vy6h\" data-parsley-names='[&quot;Please specify a valid name.&quot;,&quot;Addresses in names are not permitted, please add your name instead.&quot;]'\/><span class=\"mailpoet_error_1vy6h\"><\/span><\/div>\n<div class=\"mailpoet_paragraph \"><input type=\"text\" autocomplete=\"family-name\" class=\"mailpoet_text\" id=\"form_last_name_4\" name=\"data[form_field_ODE3ZmM3ODgxMjUzX2xhc3RfbmFtZQ==]\" title=\"Nachname\" value=\"\" style=\"padding:5px;margin: 0 auto 0 0;\" data-automation-id=\"form_last_name\"  placeholder=\"Nachname *\" aria-label=\"Nachname *\" data-parsley-errors-container=\".mailpoet_error_yi1jy\" data-parsley-names='[&quot;Please specify a valid name.&quot;,&quot;Addresses in names are not permitted, please add your name instead.&quot;]' data-parsley-required=\"true\" required aria-required=\"true\" data-parsley-required-message=\"This field is required.\"\/><span class=\"mailpoet_error_yi1jy\"><\/span><\/div>\n<div class=\"mailpoet_paragraph \"><input type=\"email\" autocomplete=\"email\" class=\"mailpoet_text\" id=\"form_email_4\" name=\"data[form_field_NTc4NDY4NjE5OTNjX2VtYWls]\" title=\"E-Mail\" value=\"\" style=\"padding:5px;margin: 0 auto 0 0;\" data-automation-id=\"form_email\"  placeholder=\"E-Mail *\" aria-label=\"E-Mail *\" data-parsley-errors-container=\".mailpoet_error_1vci6\" data-parsley-required=\"true\" required aria-required=\"true\" data-parsley-minlength=\"6\" data-parsley-maxlength=\"150\" data-parsley-type-message=\"This value should be a valid email.\" data-parsley-required-message=\"This field is required.\"\/><span class=\"mailpoet_error_1vci6\"><\/span><\/div>\n<div class=\"mailpoet_paragraph \"><input type=\"submit\" class=\"mailpoet_submit\" value=\"Abonnieren!\" data-automation-id=\"subscribe-submit-button\" style=\"padding:5px;margin: 0 auto 0 0;border-color:transparent;\" \/><span class=\"mailpoet_form_loading\"><span class=\"mailpoet_bounce1\"><\/span><span class=\"mailpoet_bounce2\"><\/span><span class=\"mailpoet_bounce3\"><\/span><\/span><\/div>\n\n      <div class=\"mailpoet_message\">\n        <p class=\"mailpoet_validate_success\"\n                style=\"display:none;\"\n                >Pr\u00fcfe deinen Posteingang oder Spam-Ordner, um dein Abonnement zu best\u00e4tigen.\n        <\/p>\n        <p class=\"mailpoet_validate_error\"\n                style=\"display:none;\"\n                >        <\/p>\n      <\/div>\n    <\/form>\n\n      <\/div>\n\n  <\/td>\n<\/tr>\n<tr style=\"height: 106px;\">\n<td style=\"width: 50%; vertical-align: top; height: 106px;\">\n<hr \/>\n<p><strong><br \/>\nMonatliche Info-Mail<br \/>\n<\/strong>mit ausschlie\u00dflich Beitr\u00e4gen zu einem Schwerpunktthema<br \/>\n1 x monatlich am 2. Dienstag um 10:00 Uhr<\/td>\n<td style=\"width: 50%; vertical-align: top; height: 106px;\">\n<hr \/>\n<p><strong>\u00a0<\/strong><\/td>\n<\/tr>\n<tr style=\"height: 54px;\">\n<td style=\"width: 50%; vertical-align: top; height: 14px;\">Schwerpunkt <strong>&#8222;Holzbau&#8220;<br \/>\n<\/strong>  \n  \n  <div class=\"\n    mailpoet_form_popup_overlay\n      \"><\/div>\n  <div\n    id=\"mailpoet_form_5\"\n    class=\"\n      mailpoet_form\n      mailpoet_form_shortcode\n      mailpoet_form_position_\n      mailpoet_form_animation_\n    \"\n      >\n\n    <style type=\"text\/css\">\n     #mailpoet_form_5 .mailpoet_form {  }\n#mailpoet_form_5 .mailpoet_paragraph { line-height: 20px; }\n#mailpoet_form_5 .mailpoet_segment_label, #mailpoet_form_5 .mailpoet_text_label, #mailpoet_form_5 .mailpoet_textarea_label, #mailpoet_form_5 .mailpoet_select_label, #mailpoet_form_5 .mailpoet_radio_label, #mailpoet_form_5 .mailpoet_checkbox_label, #mailpoet_form_5 .mailpoet_list_label, #mailpoet_form_5 .mailpoet_date_label { display: block; font-weight: bold; }\n#mailpoet_form_5 .mailpoet_text, #mailpoet_form_5 .mailpoet_textarea, #mailpoet_form_5 .mailpoet_select, #mailpoet_form_5 .mailpoet_date_month, #mailpoet_form_5 .mailpoet_date_day, #mailpoet_form_5 .mailpoet_date_year, #mailpoet_form_5 .mailpoet_date { display: block; }\n#mailpoet_form_5 .mailpoet_text, #mailpoet_form_5 .mailpoet_textarea { width: 200px; }\n#mailpoet_form_5 .mailpoet_checkbox {  }\n#mailpoet_form_5 .mailpoet_submit input {  }\n#mailpoet_form_5 .mailpoet_divider {  }\n#mailpoet_form_5 .mailpoet_message {  }\n#mailpoet_form_5 .mailpoet_validate_success { font-weight: 600; color: #468847; }\n#mailpoet_form_5 .mailpoet_validate_error { color: #b94a48; }\n#mailpoet_form_5 .mailpoet_form_loading { width: 30px; text-align: center; line-height: normal; }\n#mailpoet_form_5 .mailpoet_form_loading > span { width: 5px; height: 5px; background-color: #5b5b5b; }#mailpoet_form_5{border-radius: 0px;text-align: left;}#mailpoet_form_5 form.mailpoet_form {padding: 20px;}#mailpoet_form_5{width: 100%;}#mailpoet_form_5 .mailpoet_message {margin: 0; padding: 0 20px;}#mailpoet_form_5 .mailpoet_paragraph.last {margin-bottom: 0} @media (max-width: 500px) {#mailpoet_form_5 {background-image: none;}} @media (min-width: 500px) {#mailpoet_form_5 .last .mailpoet_paragraph:last-child {margin-bottom: 0}}  @media (max-width: 500px) {#mailpoet_form_5 .mailpoet_form_column:last-child .mailpoet_paragraph:last-child {margin-bottom: 0}} \n    <\/style>\n\n    <form\n      target=\"_self\"\n      method=\"post\"\n      action=\"https:\/\/sdg21.eu\/wp-admin\/admin-post.php?action=mailpoet_subscription_form\"\n      class=\"mailpoet_form mailpoet_form_form mailpoet_form_shortcode\"\n      novalidate\n      data-delay=\"\"\n      data-exit-intent-enabled=\"\"\n      data-font-family=\"\"\n      data-cookie-expiration-time=\"\"\n    >\n      <input type=\"hidden\" name=\"data[form_id]\" value=\"5\" \/>\n      <input type=\"hidden\" name=\"token\" value=\"21d0be2786\" \/>\n      <input type=\"hidden\" name=\"api_version\" value=\"v1\" \/>\n      <input type=\"hidden\" name=\"endpoint\" value=\"subscribers\" \/>\n      <input type=\"hidden\" name=\"mailpoet_method\" value=\"subscribe\" \/>\n\n      <label class=\"mailpoet_hp_email_label\" style=\"display: none !important;\">Please leave this field empty<input type=\"email\" name=\"data[email]\"\/><\/label><div class=\"mailpoet_paragraph \"><input type=\"text\" autocomplete=\"given-name\" class=\"mailpoet_text\" id=\"form_first_name_5\" name=\"data[form_field_NjkyNGY1M2M4NjUzX2ZpcnN0X25hbWU=]\" title=\"Vorname\" value=\"\" style=\"padding:5px;margin: 0 auto 0 0;\" data-automation-id=\"form_first_name\"  placeholder=\"Vorname\" aria-label=\"Vorname\" data-parsley-errors-container=\".mailpoet_error_156jx\" data-parsley-names='[&quot;Please specify a valid name.&quot;,&quot;Addresses in names are not permitted, please add your name instead.&quot;]'\/><span class=\"mailpoet_error_156jx\"><\/span><\/div>\n<div class=\"mailpoet_paragraph \"><input type=\"text\" autocomplete=\"family-name\" class=\"mailpoet_text\" id=\"form_last_name_5\" name=\"data[form_field_ODE3ZmM3ODgxMjUzX2xhc3RfbmFtZQ==]\" title=\"Nachname\" value=\"\" style=\"padding:5px;margin: 0 auto 0 0;\" data-automation-id=\"form_last_name\"  placeholder=\"Nachname *\" aria-label=\"Nachname *\" data-parsley-errors-container=\".mailpoet_error_18r1f\" data-parsley-names='[&quot;Please specify a valid name.&quot;,&quot;Addresses in names are not permitted, please add your name instead.&quot;]' data-parsley-required=\"true\" required aria-required=\"true\" data-parsley-required-message=\"This field is required.\"\/><span class=\"mailpoet_error_18r1f\"><\/span><\/div>\n<div class=\"mailpoet_paragraph \"><input type=\"email\" autocomplete=\"email\" class=\"mailpoet_text\" id=\"form_email_5\" name=\"data[form_field_NTc4NDY4NjE5OTNjX2VtYWls]\" title=\"E-Mail\" value=\"\" style=\"padding:5px;margin: 0 auto 0 0;\" data-automation-id=\"form_email\"  placeholder=\"E-Mail *\" aria-label=\"E-Mail *\" data-parsley-errors-container=\".mailpoet_error_1evw8\" data-parsley-required=\"true\" required aria-required=\"true\" data-parsley-minlength=\"6\" data-parsley-maxlength=\"150\" data-parsley-type-message=\"This value should be a valid email.\" data-parsley-required-message=\"This field is required.\"\/><span class=\"mailpoet_error_1evw8\"><\/span><\/div>\n<div class=\"mailpoet_paragraph \"><input type=\"submit\" class=\"mailpoet_submit\" value=\"Abonnieren!\" data-automation-id=\"subscribe-submit-button\" style=\"padding:5px;margin: 0 auto 0 0;border-color:transparent;\" \/><span class=\"mailpoet_form_loading\"><span class=\"mailpoet_bounce1\"><\/span><span class=\"mailpoet_bounce2\"><\/span><span class=\"mailpoet_bounce3\"><\/span><\/span><\/div>\n\n      <div class=\"mailpoet_message\">\n        <p class=\"mailpoet_validate_success\"\n                style=\"display:none;\"\n                >Pr\u00fcfe deinen Posteingang oder Spam-Ordner, um dein Abonnement zu best\u00e4tigen.\n        <\/p>\n        <p class=\"mailpoet_validate_error\"\n                style=\"display:none;\"\n                >        <\/p>\n      <\/div>\n    <\/form>\n\n      <\/div>\n\n  <\/td>\n<td style=\"width: 50%; vertical-align: top; height: 14px;\">Schwerpunkt <strong>&#8222;F\u00f6rdergelder&#8220;<br \/>\n<\/strong>  \n  \n  <div class=\"\n    mailpoet_form_popup_overlay\n      \"><\/div>\n  <div\n    id=\"mailpoet_form_6\"\n    class=\"\n      mailpoet_form\n      mailpoet_form_shortcode\n      mailpoet_form_position_\n      mailpoet_form_animation_\n    \"\n      >\n\n    <style type=\"text\/css\">\n     #mailpoet_form_6 .mailpoet_form {  }\n#mailpoet_form_6 .mailpoet_paragraph { line-height: 20px; }\n#mailpoet_form_6 .mailpoet_segment_label, #mailpoet_form_6 .mailpoet_text_label, #mailpoet_form_6 .mailpoet_textarea_label, #mailpoet_form_6 .mailpoet_select_label, #mailpoet_form_6 .mailpoet_radio_label, #mailpoet_form_6 .mailpoet_checkbox_label, #mailpoet_form_6 .mailpoet_list_label, #mailpoet_form_6 .mailpoet_date_label { display: block; font-weight: bold; }\n#mailpoet_form_6 .mailpoet_text, #mailpoet_form_6 .mailpoet_textarea, #mailpoet_form_6 .mailpoet_select, #mailpoet_form_6 .mailpoet_date_month, #mailpoet_form_6 .mailpoet_date_day, #mailpoet_form_6 .mailpoet_date_year, #mailpoet_form_6 .mailpoet_date { display: block; }\n#mailpoet_form_6 .mailpoet_text, #mailpoet_form_6 .mailpoet_textarea { width: 200px; }\n#mailpoet_form_6 .mailpoet_checkbox {  }\n#mailpoet_form_6 .mailpoet_submit input {  }\n#mailpoet_form_6 .mailpoet_divider {  }\n#mailpoet_form_6 .mailpoet_message {  }\n#mailpoet_form_6 .mailpoet_validate_success { font-weight: 600; color: #468847; }\n#mailpoet_form_6 .mailpoet_validate_error { color: #b94a48; }\n#mailpoet_form_6 .mailpoet_form_loading { width: 30px; text-align: center; line-height: normal; }\n#mailpoet_form_6 .mailpoet_form_loading > span { width: 5px; height: 5px; background-color: #5b5b5b; }#mailpoet_form_6{border-radius: 0px;text-align: left;}#mailpoet_form_6 form.mailpoet_form {padding: 20px;}#mailpoet_form_6{width: 100%;}#mailpoet_form_6 .mailpoet_message {margin: 0; padding: 0 20px;}#mailpoet_form_6 .mailpoet_paragraph.last {margin-bottom: 0} @media (max-width: 500px) {#mailpoet_form_6 {background-image: none;}} @media (min-width: 500px) {#mailpoet_form_6 .last .mailpoet_paragraph:last-child {margin-bottom: 0}}  @media (max-width: 500px) {#mailpoet_form_6 .mailpoet_form_column:last-child .mailpoet_paragraph:last-child {margin-bottom: 0}} \n    <\/style>\n\n    <form\n      target=\"_self\"\n      method=\"post\"\n      action=\"https:\/\/sdg21.eu\/wp-admin\/admin-post.php?action=mailpoet_subscription_form\"\n      class=\"mailpoet_form mailpoet_form_form mailpoet_form_shortcode\"\n      novalidate\n      data-delay=\"\"\n      data-exit-intent-enabled=\"\"\n      data-font-family=\"\"\n      data-cookie-expiration-time=\"\"\n    >\n      <input type=\"hidden\" name=\"data[form_id]\" value=\"6\" \/>\n      <input type=\"hidden\" name=\"token\" value=\"21d0be2786\" \/>\n      <input type=\"hidden\" name=\"api_version\" value=\"v1\" \/>\n      <input type=\"hidden\" name=\"endpoint\" value=\"subscribers\" \/>\n      <input type=\"hidden\" name=\"mailpoet_method\" value=\"subscribe\" \/>\n\n      <label class=\"mailpoet_hp_email_label\" style=\"display: none !important;\">Please leave this field empty<input type=\"email\" name=\"data[email]\"\/><\/label><div class=\"mailpoet_paragraph \"><input type=\"text\" autocomplete=\"given-name\" class=\"mailpoet_text\" id=\"form_first_name_6\" name=\"data[form_field_NjkyNGY1M2M4NjUzX2ZpcnN0X25hbWU=]\" title=\"Vorname\" value=\"\" style=\"padding:5px;margin: 0 auto 0 0;\" data-automation-id=\"form_first_name\"  placeholder=\"Vorname\" aria-label=\"Vorname\" data-parsley-errors-container=\".mailpoet_error_a4tz9\" data-parsley-names='[&quot;Please specify a valid name.&quot;,&quot;Addresses in names are not permitted, please add your name instead.&quot;]'\/><span class=\"mailpoet_error_a4tz9\"><\/span><\/div>\n<div class=\"mailpoet_paragraph \"><input type=\"text\" autocomplete=\"family-name\" class=\"mailpoet_text\" id=\"form_last_name_6\" name=\"data[form_field_ODE3ZmM3ODgxMjUzX2xhc3RfbmFtZQ==]\" title=\"Nachname\" value=\"\" style=\"padding:5px;margin: 0 auto 0 0;\" data-automation-id=\"form_last_name\"  placeholder=\"Nachname *\" aria-label=\"Nachname *\" data-parsley-errors-container=\".mailpoet_error_sz881\" data-parsley-names='[&quot;Please specify a valid name.&quot;,&quot;Addresses in names are not permitted, please add your name instead.&quot;]' data-parsley-required=\"true\" required aria-required=\"true\" data-parsley-required-message=\"This field is required.\"\/><span class=\"mailpoet_error_sz881\"><\/span><\/div>\n<div class=\"mailpoet_paragraph \"><input type=\"email\" autocomplete=\"email\" class=\"mailpoet_text\" id=\"form_email_6\" name=\"data[form_field_NTc4NDY4NjE5OTNjX2VtYWls]\" title=\"E-Mail\" value=\"\" style=\"padding:5px;margin: 0 auto 0 0;\" data-automation-id=\"form_email\"  placeholder=\"E-Mail *\" aria-label=\"E-Mail *\" data-parsley-errors-container=\".mailpoet_error_14u2g\" data-parsley-required=\"true\" required aria-required=\"true\" data-parsley-minlength=\"6\" data-parsley-maxlength=\"150\" data-parsley-type-message=\"This value should be a valid email.\" data-parsley-required-message=\"This field is required.\"\/><span class=\"mailpoet_error_14u2g\"><\/span><\/div>\n<div class=\"mailpoet_paragraph \"><input type=\"submit\" class=\"mailpoet_submit\" value=\"Abonnieren!\" data-automation-id=\"subscribe-submit-button\" style=\"padding:5px;margin: 0 auto 0 0;border-color:transparent;\" \/><span class=\"mailpoet_form_loading\"><span class=\"mailpoet_bounce1\"><\/span><span class=\"mailpoet_bounce2\"><\/span><span class=\"mailpoet_bounce3\"><\/span><\/span><\/div>\n\n      <div class=\"mailpoet_message\">\n        <p class=\"mailpoet_validate_success\"\n                style=\"display:none;\"\n                >Pr\u00fcfe deinen Posteingang oder Spam-Ordner, um dein Abonnement zu best\u00e4tigen.\n        <\/p>\n        <p class=\"mailpoet_validate_error\"\n                style=\"display:none;\"\n                >        <\/p>\n      <\/div>\n    <\/form>\n\n      <\/div>\n\n  <\/td>\n<\/tr>\n<\/tbody>\n<\/table>\n<p><em>Die kostenfreie Abo-Funktion ist seit August 2020 in Betrieb. Bei Fragen oder Anregungen wenden Sich sich bitte an: <a href=\"mailto:abo@sdg21.eu\">abo@sdg21.eu<\/a><\/em><\/p>\n<p>&nbsp;<\/p>\n","protected":false},"excerpt":{"rendered":"<p>Interessierte k\u00f6nnen sich per Email informieren lassen, wenn es neue Beitr\u00e4ge auf sdg21.eu gibt. Die Email wird nur versendet, wenn seit der letzten Abo-Email neue Beitr\u00e4ge ver\u00f6ffentlicht wurden. W\u00f6chentliche Info-Email Wenn Sie lieber einmal die Woche etwas l\u00e4ngere Newsletter lesen. Abo mit Beitr\u00e4gen aller Kategorien 1 x w\u00f6chentlich Dienstag um 9:00 Uhr T\u00e4gliche Info-Email Abo [&hellip;]<\/p>\n","protected":false},"author":1,"featured_media":0,"parent":0,"menu_order":0,"comment_status":"closed","ping_status":"closed","template":"","meta":{"footnotes":""},"categories":[],"class_list":{"0":"post-23514","1":"page","2":"type-page","3":"status-publish","5":"gallery-content-unit","6":"czr-hentry"},"aioseo_notices":[],"_links":{"self":[{"href":"https:\/\/sdg21.eu\/en\/wp-json\/wp\/v2\/pages\/23514","targetHints":{"allow":["GET"]}}],"collection":[{"href":"https:\/\/sdg21.eu\/en\/wp-json\/wp\/v2\/pages"}],"about":[{"href":"https:\/\/sdg21.eu\/en\/wp-json\/wp\/v2\/types\/page"}],"author":[{"embeddable":true,"href":"https:\/\/sdg21.eu\/en\/wp-json\/wp\/v2\/users\/1"}],"replies":[{"embeddable":true,"href":"https:\/\/sdg21.eu\/en\/wp-json\/wp\/v2\/comments?post=23514"}],"version-history":[{"count":0,"href":"https:\/\/sdg21.eu\/en\/wp-json\/wp\/v2\/pages\/23514\/revisions"}],"wp:attachment":[{"href":"https:\/\/sdg21.eu\/en\/wp-json\/wp\/v2\/media?parent=23514"}],"wp:term":[{"taxonomy":"category","embeddable":true,"href":"https:\/\/sdg21.eu\/en\/wp-json\/wp\/v2\/categories?post=23514"}],"curies":[{"name":"wp","href":"https:\/\/api.w.org\/{rel}","templated":true}]}}