{"id":27219,"date":"2020-12-25T21:10:01","date_gmt":"2020-12-25T20:10:01","guid":{"rendered":"http:\/\/sdg21.eu\/?page_id=27219"},"modified":"2020-12-25T21:10:01","modified_gmt":"2020-12-25T20:10:01","slug":"view-thema-groesse-we-ge-nutzflaeche-ha","status":"publish","type":"page","link":"https:\/\/sdg21.eu\/en\/view-thema-groesse-we-ge-nutzflaeche-ha","title":{"rendered":"View: Thema Gr\u00f6\u00dfe [WE, GE, Nutzfl\u00e4che, ha]"},"content":{"rendered":"","protected":true},"excerpt":{"rendered":"","protected":true},"author":1,"featured_media":0,"parent":0,"menu_order":0,"comment_status":"closed","ping_status":"closed","template":"","meta":{"footnotes":""},"categories":[],"class_list":{"0":"post-27219","1":"page","2":"type-page","3":"status-publish","4":"post-password-required","6":"gallery-content-unit","7":"czr-hentry"},"aioseo_notices":[],"_links":{"self":[{"href":"https:\/\/sdg21.eu\/en\/wp-json\/wp\/v2\/pages\/27219","targetHints":{"allow":["GET"]}}],"collection":[{"href":"https:\/\/sdg21.eu\/en\/wp-json\/wp\/v2\/pages"}],"about":[{"href":"https:\/\/sdg21.eu\/en\/wp-json\/wp\/v2\/types\/page"}],"author":[{"embeddable":true,"href":"https:\/\/sdg21.eu\/en\/wp-json\/wp\/v2\/users\/1"}],"replies":[{"embeddable":true,"href":"https:\/\/sdg21.eu\/en\/wp-json\/wp\/v2\/comments?post=27219"}],"version-history":[{"count":0,"href":"https:\/\/sdg21.eu\/en\/wp-json\/wp\/v2\/pages\/27219\/revisions"}],"wp:attachment":[{"href":"https:\/\/sdg21.eu\/en\/wp-json\/wp\/v2\/media?parent=27219"}],"wp:term":[{"taxonomy":"category","embeddable":true,"href":"https:\/\/sdg21.eu\/en\/wp-json\/wp\/v2\/categories?post=27219"}],"curies":[{"name":"wp","href":"https:\/\/api.w.org\/{rel}","templated":true}]}}