{"id":5294,"date":"2016-07-31T11:59:32","date_gmt":"2016-07-31T11:59:32","guid":{"rendered":"https:\/\/www.siedlungen.eu\/?page_id=5294"},"modified":"2023-12-21T10:38:50","modified_gmt":"2023-12-21T09:38:50","slug":"best-practice","status":"publish","type":"page","link":"https:\/\/sdg21.eu\/en\/best-practice","title":{"rendered":"best practice"},"content":{"rendered":"<p><strong>Compilation of excellent, innovative settlement and neighbourhood projects<\/strong><\/p>\n<p>According to the Duden definition, \"best practice\" means the best possible method, measure or similar for carrying out and implementing something. In the glossary of <a href=\"https:\/\/www.projektmagazin.de\/glossarterm\/best-practice\">projectmagazine.com <\/a>the term is explained in more detail: \"In contrast to the best possible solution, the \"best practice\" is merely the best realized solution. Within a benchmarking process, the search is not for the theoretically or technically best option. Rather, the products or services actually offered on the market are compared with each other with regard to uniform quality criteria.\"<\/p>\n<p>The \"best practice\" approach is interesting in relation to the sustainability of settlements and urban quarters in that it provides concretely realisable concepts and approaches that can be applied in new planning.<\/p>\n<p>In the sdg21.web database you will find a selection of more than 400 projects that have been realised mainly in the last 30 years in Europe under sustainable objectives. Just over 200 projects are documented with further information and photo galleries. The documentation focus is on Germany and the German-speaking countries (D - A - CH).<\/p>\n<p>Settlement and neighbourhood projects that have been realised within the framework of building exhibitions are normally characterised by ambitious targets. They can be implemented via <a href=\"http:\/\/www.expo.siedlungen.eu\" target=\"_blank\" rel=\"noopener noreferrer\">www.expo.siedlungen.eu<\/a> can be called.<\/p>\n<p>In the article <a href=\"https:\/\/www.detail.de\/de_de\/\" target=\"_blank\" rel=\"noopener noreferrer\">Sustainable housing: standards and innovations<\/a>, in the book \"best of WOHNEN\" in the Edition Detail 2012, an overview of the best sustainable quarters and settlements in Europe at that time is given.<\/p>\n<p>The <a href=\"https:\/\/greenup.one\/db\/referenzen\/bauforschung\/\" target=\"_blank\" rel=\"noopener\"><strong>greenUP Building research <\/strong><\/a>has studied the success factors and experiences of sustainable neighbourhoods and settlements over the last few decades and can help to get settlement and neighbourhood projects, housing projects or research projects off the ground and provide professional support. Since 1995, the operator of this website, Holger Wolpensinger, has been presenting successful concepts for housing and neighbourhood projects in <a title=\"Presentations\" href=\"https:\/\/greenup.one\/ueber-uns\/wolpensinger\/vortraege\/\">Presentations<\/a> before and <a href=\"https:\/\/greenup.one\/ueber-uns\/wolpensinger\/veroeffentlichungen\/\" target=\"_blank\" rel=\"noopener noreferrer\">published<\/a> in addition. greenUP receives technical support from <strong>SWOT analyses during concept and project development<\/strong>.<\/p>","protected":false},"excerpt":{"rendered":"<p>Zusammenstellung ausgezeichneter, innovativer Siedlungs- und Quartiersprojekte Mit &#8222;Best Prac\u00adtice&#8220; wird nach der Definition des Duden die bestm\u00f6gliche Methode, Ma\u00dfnahme o. \u00c4. zur Durchf\u00fchrung und Umsetzung von etwas verstanden. Im Glossar von projektmagazin.de wird der Begriff ausf\u00fchrlicher erl\u00e4utert: &#8222;Im Gegensatz zur bestm\u00f6glichen L\u00f6sung ist der &#8222;Best Practice&#8220; lediglich die beste realisierte L\u00f6sung. Innerhalb eines Benchmarking-Prozesses wird [&hellip;]<\/p>\n","protected":false},"author":1,"featured_media":0,"parent":0,"menu_order":0,"comment_status":"closed","ping_status":"closed","template":"","meta":{"footnotes":""},"categories":[],"class_list":{"0":"post-5294","1":"page","2":"type-page","3":"status-publish","5":"gallery-content-unit","6":"czr-hentry"},"aioseo_notices":[],"_links":{"self":[{"href":"https:\/\/sdg21.eu\/en\/wp-json\/wp\/v2\/pages\/5294","targetHints":{"allow":["GET"]}}],"collection":[{"href":"https:\/\/sdg21.eu\/en\/wp-json\/wp\/v2\/pages"}],"about":[{"href":"https:\/\/sdg21.eu\/en\/wp-json\/wp\/v2\/types\/page"}],"author":[{"embeddable":true,"href":"https:\/\/sdg21.eu\/en\/wp-json\/wp\/v2\/users\/1"}],"replies":[{"embeddable":true,"href":"https:\/\/sdg21.eu\/en\/wp-json\/wp\/v2\/comments?post=5294"}],"version-history":[{"count":3,"href":"https:\/\/sdg21.eu\/en\/wp-json\/wp\/v2\/pages\/5294\/revisions"}],"predecessor-version":[{"id":29199,"href":"https:\/\/sdg21.eu\/en\/wp-json\/wp\/v2\/pages\/5294\/revisions\/29199"}],"wp:attachment":[{"href":"https:\/\/sdg21.eu\/en\/wp-json\/wp\/v2\/media?parent=5294"}],"wp:term":[{"taxonomy":"category","embeddable":true,"href":"https:\/\/sdg21.eu\/en\/wp-json\/wp\/v2\/categories?post=5294"}],"curies":[{"name":"wp","href":"https:\/\/api.w.org\/{rel}","templated":true}]}}