{"id":56,"date":"2016-07-29T10:53:01","date_gmt":"2016-07-29T10:53:01","guid":{"rendered":"https:\/\/www.siedlungen.eu\/?page_id=56"},"modified":"2021-02-16T21:06:49","modified_gmt":"2021-02-16T20:06:49","slug":"literatur","status":"publish","type":"page","link":"https:\/\/sdg21.eu\/en\/literatur","title":{"rendered":"Literature"},"content":{"rendered":"<h3><strong>Basic literature on sustainable housing and settlement construction<br \/>\n<\/strong><\/h3>\n<ul>\n<li>BUND Yearbook 2020 \"<a href=\"http:\/\/sdg21.eu\/blog\/bund-jahrbuch-oekologisch-bauen-und-renovieren-2020\" target=\"_blank\" rel=\"noopener noreferrer\">Ecological building and renovation<\/a>&#8222;<\/li>\n<li>ETH Housing Forum - ETH CASE, ecos (2016): <a href=\"http:\/\/vdf.ch\/leitfaden-und-checklisten-zur-nachhaltigen-arealentwicklung.html\" target=\"_blank\" rel=\"noopener noreferrer\">Guidelines and checklists for sustainable site development. <\/a>Zurich<br \/>\nfor cities and municipalities<\/li>\n<li>Jan Gehl (2015): Cities for People. Berlin (304 p.)<\/li>\n<li>BBSR (2015): <a href=\"https:\/\/www.zukunftbau.de\/projekte\/forschungsprojekte\/forschungsfoerderung\/1008187-1238\" target=\"_blank\" rel=\"noopener noreferrer\">best practice - Social factors of sustainable architecture. 17 Housing projects in operation<\/a>. Zukunft Bauen: Research for Practice, Volume 02, Bonn<\/li>\n<li>(2014): \"Modellvorhaben e% - Energieeffizienter Wohnungsbau: nachhaltig, sozial, zukunftsorientiert\" Wohnmodelle Bayern Band 6<\/li>\n<li>Bott, Grassl, Stephan Anders (2013): Nachhaltige Stadtplanung. Concepts for sustainable neighbourhoods.<\/li>\n<li><img loading=\"lazy\" decoding=\"async\" class=\"size-thumbnail wp-image-11620 alignright\" src=\"http:\/\/sdg21.eu\/wp-content\/uploads\/2016\/07\/urbaner-holzbau-160x151.jpg\" alt=\"urbaner-holzbau\" width=\"160\" height=\"151\" srcset=\"https:\/\/sdg21.eu\/wp-content\/uploads\/2016\/07\/urbaner-holzbau-160x151.jpg 160w, https:\/\/sdg21.eu\/wp-content\/uploads\/2016\/07\/urbaner-holzbau-250x236.jpg 250w, https:\/\/sdg21.eu\/wp-content\/uploads\/2016\/07\/urbaner-holzbau-144x136.jpg 144w, https:\/\/sdg21.eu\/wp-content\/uploads\/2016\/07\/urbaner-holzbau.jpg 273w\" sizes=\"auto, (max-width: 160px) 100vw, 160px\" \/>Peter Cheret, Kurt Schwaner, Arnim Seidel (2013): <a href=\"https:\/\/informationsdienst-holz.de\/urbaner-holzbau\/\" target=\"_blank\" rel=\"noopener noreferrer\">Urban timber construction. Opportunities and potentials for the city.<\/a> Berlin<\/li>\n<li>Manfred Hegger, Caroline Fafflok, Johannes Hegger and Isabell Passig (2013): Aktivhaus, das Grundlagenwerk: vom Passivhaus zum Energieplushaus (Active house, the basic work: from passive house to energy-plus house).<\/li>\n<li>Matthias Drilling, Olaf Schnur (2012): Nachhaltige Quartiersentwicklung. Positions, practical examples and perspectives<\/li>\n<li>Roland Burgard (2008): Standards of the future: housing rethought<\/li>\n<li>Dominique Gauzin-M\u00fcller (2002): Sustainability in Architecture and Urbanism. Concepts, technologies, examples<\/li>\n<li>D\u00f6rte Fuchs, Jutta Orth (2000): Bauen in der Gruppe. Cost-effective, innovative, ecological. Munich<\/li>\n<li><span style=\"font-family: verdana,arial,helvetica,sans-serif;\"><span class=\"Text\">&#8222;<\/span><\/span>Aesthetic Qualities of Ecological Building and Living\" Diss. Doris Haas-Arndt, 1999<\/li>\n<li>Carsten Sperling, \u00d6ko-Institut Freiburg, Forum Vauban (1999): Sustainable urban development begins in the neighbourhood. Download:<br \/>\n<a href=\"https:\/\/www.carstensperling.de\/pdf\/stadtentwicklung-quartier.pdf\" target=\"_blank\" rel=\"noopener\">www.carstensperling.de\/pdf\/stadtentwicklung-quartier.pdf<\/a><\/li>\n<li>Thomas Hafner (1998): Wohnsiedlungen. Designs, types, experiences from Germany, Austria and Switzerland. Basel\/Berlin\/Boston<\/li>\n<li>Holger K\u00f6nig (1997): Ways to healthy building, (1st edition 1987); \u00d6kobuch-Verlag Staufen bei Freiburg<\/li>\n<li>Margrit and Declan Kennedy (1996): \"Ecological settlement (re)construction\".<\/li>\n<li>Astrid Schneider (1996): Solar Architecture for Europe<\/li>\n<li>\"Guiding Principles for Ecological Building. Evaluation of realized settlements and individual houses.\" Published by Akademie f\u00fcr Bau\u00f6kologie e.V. and Hochschule f\u00fcr Technik und Wirtschaft, Saarbr\u00fccken. 1996<\/li>\n<li>Script \"Three basic principles of sustainable building\" by B\u00fcro Boom Delft\/ TU Delft, Prof. Kees Duijvestein, Netherlands<\/li>\n<li>Sambeth, Oed, Haefele (1996): \"Building materials and ecology - evaluation criteria for architects and builders.\"<\/li>\n<li>\"Ecological Planning and Building\". Position Paper International Building Exhibition Emscher Park. 1996<\/li>\n<li>\"Future-oriented ecological settlement construction in Europe - a field report\", 1993 Volumes I to III<\/li>\n<\/ul>\n<p>&nbsp;<\/p>\n<p>&nbsp;<\/p>\n<p>Dissertations:<br \/>\n<a href=\"http:\/\/sdg21.eu\/fachbeitraege\/hochschularbeiten-zur-nachhaltigen-stadt\">http:\/\/sdg21.eu\/fachbeitraege\/hochschularbeiten-zur-nachhaltigen-stadt<\/a><\/p>\n<p>Diploma theses and student research projects:<br \/>\n=&gt; <a href=\"https:\/\/oekosiedlungen.de\/_materialien\/diplomarbeiten\/index.html\">University papers<\/a><\/p>\n<p>&nbsp;<\/p>\n<p>Further literature references from 1970 to 2010<\/p>","protected":false},"excerpt":{"rendered":"<p>Grundlagenliteratur zum nachhaltigen Wohnungs- und Siedlungsbau BUND-Jahrbuch 2020 &#8222;\u00d6kologisch Bauen und Renovieren&#8222; ETH Wohnforum \u2013 ETH CASE, ecos (2016): Leitfaden und Checklisten zur nachhaltigen Arealentwicklung. Z\u00fcrich f\u00fcr St\u00e4dte und Gemeinden Jan Gehl (2015): St\u00e4dte f\u00fcr Menschen. Berlin (304 S.) BBSR (2015): best practice \u2013 Soziale Faktoren nachhaltiger Architektur. 17 Wohnungsbauprojekte im Betrieb. Zukunft Bauen: Forschung [&hellip;]<\/p>\n","protected":false},"author":1,"featured_media":0,"parent":0,"menu_order":0,"comment_status":"closed","ping_status":"closed","template":"","meta":{"footnotes":""},"categories":[],"class_list":{"0":"post-56","1":"page","2":"type-page","3":"status-publish","5":"gallery-content-unit","6":"czr-hentry"},"aioseo_notices":[],"_links":{"self":[{"href":"https:\/\/sdg21.eu\/en\/wp-json\/wp\/v2\/pages\/56","targetHints":{"allow":["GET"]}}],"collection":[{"href":"https:\/\/sdg21.eu\/en\/wp-json\/wp\/v2\/pages"}],"about":[{"href":"https:\/\/sdg21.eu\/en\/wp-json\/wp\/v2\/types\/page"}],"author":[{"embeddable":true,"href":"https:\/\/sdg21.eu\/en\/wp-json\/wp\/v2\/users\/1"}],"replies":[{"embeddable":true,"href":"https:\/\/sdg21.eu\/en\/wp-json\/wp\/v2\/comments?post=56"}],"version-history":[{"count":0,"href":"https:\/\/sdg21.eu\/en\/wp-json\/wp\/v2\/pages\/56\/revisions"}],"wp:attachment":[{"href":"https:\/\/sdg21.eu\/en\/wp-json\/wp\/v2\/media?parent=56"}],"wp:term":[{"taxonomy":"category","embeddable":true,"href":"https:\/\/sdg21.eu\/en\/wp-json\/wp\/v2\/categories?post=56"}],"curies":[{"name":"wp","href":"https:\/\/api.w.org\/{rel}","templated":true}]}}