{"id":6391,"date":"2016-08-09T17:41:59","date_gmt":"2016-08-09T17:41:59","guid":{"rendered":"https:\/\/www.siedlungen.eu\/?page_id=6391"},"modified":"2021-02-02T08:44:40","modified_gmt":"2021-02-02T07:44:40","slug":"europa","status":"publish","type":"page","link":"https:\/\/sdg21.eu\/en\/europa","title":{"rendered":"Europe"},"content":{"rendered":"<p>This website is also available via <a href=\"http:\/\/www.sustainable-settlements.net\">www.sustainable-settlements.net <\/a>available.<br \/>\nA filterable list of settlements and quarters in Europe can be displayed here:<br \/>\n<a href=\"http:\/\/sdg21.eu\/europa-ohne-de\">http:\/\/sdg21.eu\/europa-ohne-de<\/a><\/p>\n<p>&nbsp;<\/p>\n<p>* In Europe, not all settlement and neighbourhood projects with sustainability objectives are fully recorded or documented in the web database. While the German project directory should be relatively complete, the European countries have not been systematically updated since 2003. <img loading=\"lazy\" decoding=\"async\" class=\"alignleft\" src=\"http:\/\/sdg21.eu\/wp-content\/uploads\/2016\/07\/Europa.jpg?resize=300%2C261\" usemap=\"..\/..\/index.html#FrontPageMap\" ismap=\"ismap\" width=\"384\" height=\"333\" border=\"0\" \/><\/p>\n<map name=\"FrontPageMap\">\n<area coords=\"78,146,85,114,59,127,68,154\" shape=\"POLY\" href=\"https:\/\/siedlungen.eu\/nation\/schottland\" \/>\n<area title=\"Greece\" alt=\"Griechenland\" coords=\"222,307,218,275,200,262,179,282\" shape=\"POLY\" href=\"https:\/\/siedlungen.eu\/nation\/gr\" \/>\n<area title=\"Austria\" alt=\"\u00d6sterreich\" coords=\"156,220,159,216,159,211,159,209,156,209,153,208,149,208,145,210,141,212,138,216,134,217,128,218,125,216,124,217,125,222,134,223,140,223,146,226,152,\" shape=\"POLY\" href=\"https:\/\/siedlungen.eu\/nation\/at\" \/>\n<area title=\"Belgium\" alt=\"Belgien\" coords=\"110,198,107,186,100,185,94,187,101,195\" shape=\"POLY\" href=\"https:\/\/siedlungen.eu\/nation\/be\" \/>\n<area title=\"Switzerland\" alt=\"Schweiz\" coords=\"104,226,114,229,120,228,126,226,124,214,112,215\" shape=\"POLY\" href=\"https:\/\/siedlungen.eu\/nation\/ch\" target=\"_top\" \/>\n<area title=\"Germany\" alt=\"Deutschland\" coords=\"150,188,148,165,139,161,129,160,124,160,125,167,115,170,114,178,110,186,113,199,119,207,118,215,133,216,147,208,139,196\" shape=\"POLY\" href=\"https:\/\/siedlungen.eu\/nation\/de\" \/>\n<area title=\"Hungary\" alt=\"Ungarn\" coords=\"149,190,170,200,159,205,150,207,141,197,151,188,151,191\" shape=\"POLY\" href=\"https:\/\/siedlungen.eu\/nation\/hu\" \/>\n<area title=\"Denmark\" alt=\"D\u00e4nemark\" coords=\"120,164,120,144,130,137,134,151\" shape=\"POLY\" href=\"https:\/\/siedlungen.eu\/nation\/dk\" \/>\n<area title=\"France\" alt=\"Frankreich\" coords=\"108,244,108,224,105,217,116,204,89,188,55,199,63,241,89,255,111,243,109,241\" shape=\"POLY\" href=\"https:\/\/siedlungen.eu\/nation\/fr\" \/>\n<area coords=\"88,187,54,188,67,166,71,159,80,149,84,163\" shape=\"POLY\" href=\"https:\/\/siedlungen.eu\/nation\/gb\" \/>\n<area title=\"Sweden\" alt=\"Schweden\" coords=\"158,150,138,156,137,126,142,91,156,61,169,57,179,77,164,100,164,119,166,140\" shape=\"POLY\" href=\"https:\/\/siedlungen.eu\/nation\/se\" \/>\n<area coords=\"327,216,242,222,239,218,270,195,264,177,227,164,207,136,197,119,207,86,187,57,191,44,226,49,278,0,373,130\" shape=\"POLY\" \/>\n<area title=\"Netherlands\" alt=\"Niederlande\" coords=\"109,167,99,181,109,184,112,169\" shape=\"POLY\" href=\"https:\/\/siedlungen.eu\/nation\/nl\" \/>\n<area title=\"Spain\" alt=\"Spanien\" coords=\"24,244,24,233,62,241,96,261,97,275,28,296,24,281,37,250\" shape=\"POLY\" \/>\n<area coords=\"201,114,175,122,173,98,186,80,181,77,171,58,186,46,204,91\" shape=\"POLY\" href=\"https:\/\/siedlungen.eu\/nation\/fi\" \/>\n<area title=\"Hungary\" alt=\"Ungarn\" coords=\"179,224,184,208,160,213,157,222,170,228\" shape=\"POLY\" href=\"https:\/\/siedlungen.eu\/nation\/hu\" \/>\n<area coords=\"133,128,117,140,111,127,110,104,123,90,148,49,187,37,192,43,181,45,152,62\" shape=\"POLY\" href=\"https:\/\/siedlungen.eu\/nation\/no\" \/>\n<area title=\"Poland\" alt=\"Polen\" coords=\"173,201,184,204,189,188,186,176,183,162,171,164,163,161,149,167,151,189\" shape=\"POLY\" href=\"https:\/\/siedlungen.eu\/nation\/pl\" \/>\n<area coords=\"223,227,222,238,191,240,179,226,186,210,207,208,216,222\" shape=\"POLY\" \/>\n<area coords=\"53,171,60,154,45,150,35,172\" shape=\"POLY\" \/>\n<area coords=\"288,223,315,220,326,225,313,233,302,232\" shape=\"POLY\" \/>\n<area coords=\"223,223,217,221,223,215,215,201,204,201,186,204,192,182,216,179,226,170,259,183,261,196,244,210,232,213,224,212,223,212\" shape=\"POLY\" \/>\n<area coords=\"171,135,195,132,191,120\" shape=\"POLY\" \/>\n<area coords=\"196,148,192,133,174,136,172,145\" shape=\"POLY\" \/>\n<area coords=\"204,205,212,203,221,214,218,217\" shape=\"POLY\" \/> <\/map>\n<p>&nbsp;<\/p>\n<span id=\"tablepress-4-description\" class=\"tablepress-table-description tablepress-table-description-id-4\"><\/span>\n\n<table id=\"tablepress-4\" class=\"tablepress tablepress-id-4\" aria-describedby=\"tablepress-4-description\">\n<thead>\n<tr class=\"row-1\">\n\t<th class=\"column-1\"><img loading=\"lazy\" decoding=\"async\" src=\"http:\/\/sdg21.eu\/wp-content\/uploads\/2016\/08\/europa.gif\" alt=\"de\" width=\"24\" height=\"17\" class=\"alignnone size-full wp-image-6934\" \/><\/a> Country<\/th><th class=\"column-2\"><p style=\"text-align: right;\">Inhabitants<br \/>\n(2012)<\/p><\/th><th class=\"column-3\"><p style=\"text-align: right;\">Settlement<br \/>\nNumber<\/p><\/th>\n<\/tr>\n<\/thead>\n<tbody class=\"row-striping row-hover\">\n<tr class=\"row-2\">\n\t<td class=\"column-1\"><img loading=\"lazy\" decoding=\"async\" src=\"http:\/\/sdg21.eu\/wp-content\/uploads\/2016\/08\/belgien.gif\" alt=\"de\" width=\"24\" height=\"17\" class=\"alignnone size-full wp-image-6934\" \/><\/a><a href=\"http:\/\/sdg21.eu\/nation\/be\" >  Belgium<\/a><\/td><td class=\"column-2\"><p style=\"text-align: right;\">11.142.000<\/p><\/td><td class=\"column-3\"><p style=\"text-align: right;\">1<\/p><\/td>\n<\/tr>\n<tr class=\"row-3\">\n\t<td class=\"column-1\"><img loading=\"lazy\" decoding=\"async\" src=\"http:\/\/sdg21.eu\/wp-content\/uploads\/2016\/08\/daenemark.gif\" alt=\"de\" width=\"24\" height=\"17\" class=\"alignnone size-full wp-image-6934\" \/><\/a> <a href=\"http:\/\/sdg21.eu\/nation\/dk\" >  Denmark<\/a><\/td><td class=\"column-2\"><p style=\"text-align: right;\">5.590.000<\/p><\/td><td class=\"column-3\"><p style=\"text-align: right;\">19<\/p><\/td>\n<\/tr>\n<tr class=\"row-4\">\n\t<td class=\"column-1\"><img loading=\"lazy\" decoding=\"async\" src=\"http:\/\/sdg21.eu\/wp-content\/uploads\/2019\/08\/deutschland.gif\" alt=\"de\" width=\"24\" height=\"17\" class=\"alignnone size-full wp-image-6934\" \/><\/a><a href=\"http:\/\/sdg21.eu\/nation\/de\" >  Germany<\/a><\/td><td class=\"column-2\"><p style=\"text-align: right;\">81.890.000<\/p><\/td><td class=\"column-3\"><p style=\"text-align: right;\">250<\/p><\/td>\n<\/tr>\n<tr class=\"row-5\">\n\t<td class=\"column-1\"><img loading=\"lazy\" decoding=\"async\" src=\"http:\/\/sdg21.eu\/wp-content\/uploads\/2016\/08\/grossbritannien.gif\" alt=\"de\" width=\"24\" height=\"17\" class=\"alignnone size-full wp-image-6934\" \/><\/a> <a href=\"http:\/\/sdg21.eu\/nation\/gb\" >  United Kingdom<\/a><\/td><td class=\"column-2\"><p style=\"text-align: right;\">63.228.000<\/p><\/td><td class=\"column-3\"><p style=\"text-align: right;\">5<\/p><\/td>\n<\/tr>\n<tr class=\"row-6\">\n\t<td class=\"column-1\"><img loading=\"lazy\" decoding=\"async\" src=\"http:\/\/sdg21.eu\/wp-content\/uploads\/2016\/08\/finnland.gif\" alt=\"de\" width=\"24\" height=\"17\" class=\"alignnone size-full wp-image-6934\" \/><\/a><a href=\"http:\/\/sdg21.eu\/nation\/fi\" >  Finland<\/a><\/td><td class=\"column-2\"><p style=\"text-align: right;\">5.414.000<\/p><\/td><td class=\"column-3\"><p style=\"text-align: right;\">1<\/p><\/td>\n<\/tr>\n<tr class=\"row-7\">\n\t<td class=\"column-1\"><img loading=\"lazy\" decoding=\"async\" src=\"http:\/\/sdg21.eu\/wp-content\/uploads\/2016\/08\/frankreich.gif\" alt=\"de\" width=\"24\" height=\"17\" class=\"alignnone size-full wp-image-6934\" \/><\/a><a href=\"http:\/\/sdg21.eu\/nation\/fr\" >  France<\/a><\/td><td class=\"column-2\"><p style=\"text-align: right;\">65.697.000<\/p><\/td><td class=\"column-3\"><p style=\"text-align: right;\">2<\/p><\/td>\n<\/tr>\n<tr class=\"row-8\">\n\t<td class=\"column-1\"><img loading=\"lazy\" decoding=\"async\" src=\"http:\/\/sdg21.eu\/wp-content\/uploads\/2016\/08\/griechenland.gif\" alt=\"de\" width=\"24\" height=\"17\" class=\"alignnone size-full wp-image-6934\" \/><\/a><a href=\"http:\/\/sdg21.eu\/nation\/gr\" >  Greece<\/a><\/td><td class=\"column-2\"><p style=\"text-align: right;\">11.280.000<\/p><\/td><td class=\"column-3\"><p style=\"text-align: right;\">1<\/p><\/td>\n<\/tr>\n<tr class=\"row-9\">\n\t<td class=\"column-1\"><img loading=\"lazy\" decoding=\"async\" src=\"http:\/\/sdg21.eu\/wp-content\/uploads\/2016\/08\/italien.gif\" alt=\"de\" width=\"24\" height=\"17\" class=\"alignnone size-full wp-image-6934\" \/><\/a><a href=\"http:\/\/sdg21.eu\/nation\/it\" >  Italy<\/a>  <\/td><td class=\"column-2\"><p style=\"text-align: right;\">60.918.000<\/p><\/td><td class=\"column-3\"><p style=\"text-align: right;\">4<\/p><\/td>\n<\/tr>\n<tr class=\"row-10\">\n\t<td class=\"column-1\"><img loading=\"lazy\" decoding=\"async\" src=\"http:\/\/sdg21.eu\/wp-content\/uploads\/2016\/08\/niederlande.gif\" alt=\"de\" width=\"24\" height=\"17\" class=\"alignnone size-full wp-image-6934\" \/><\/a> <a href=\"http:\/\/sdg21.eu\/nation\/nl\" >  Netherlands<\/a><\/td><td class=\"column-2\"><p style=\"text-align: right;\">16.768.000<\/p><\/td><td class=\"column-3\"><p style=\"text-align: right;\">57<\/p><\/td>\n<\/tr>\n<tr class=\"row-11\">\n\t<td class=\"column-1\"><img loading=\"lazy\" decoding=\"async\" src=\"http:\/\/sdg21.eu\/wp-content\/uploads\/2016\/08\/norwegen.gif\" alt=\"de\" width=\"24\" height=\"17\" class=\"alignnone size-full wp-image-6934\" \/><\/a><a href=\"http:\/\/sdg21.eu\/nation\/no\" >  Norway<\/a><\/td><td class=\"column-2\"><p style=\"text-align: right;\">5.019.000<\/p><\/td><td class=\"column-3\"><p style=\"text-align: right;\">2<\/p><\/td>\n<\/tr>\n<tr class=\"row-12\">\n\t<td class=\"column-1\"><img loading=\"lazy\" decoding=\"async\" src=\"http:\/\/sdg21.eu\/wp-content\/uploads\/2016\/08\/oestereich.gif\" alt=\"de\" width=\"24\" height=\"17\" class=\"alignnone size-full wp-image-6934\" \/><\/a><a href=\"http:\/\/sdg21.eu\/nation\/at\" >  Austria<\/a><\/td><td class=\"column-2\"><p style=\"text-align: right;\">8.462.000<\/p><\/td><td class=\"column-3\"><p style=\"text-align: right;\">46<\/p><\/td>\n<\/tr>\n<tr class=\"row-13\">\n\t<td class=\"column-1\"><img loading=\"lazy\" decoding=\"async\" src=\"http:\/\/sdg21.eu\/wp-content\/uploads\/2016\/08\/polen.gif\" alt=\"de\" width=\"24\" height=\"17\" class=\"alignnone size-full wp-image-6934\" \/><\/a><a href=\"http:\/\/sdg21.eu\/nation\/pl\" >  Poland<\/a><\/td><td class=\"column-2\"><p style=\"text-align: right;\">38.543.000<\/p><\/td><td class=\"column-3\"><p style=\"text-align: right;\">1<\/p><\/td>\n<\/tr>\n<tr class=\"row-14\">\n\t<td class=\"column-1\"><img loading=\"lazy\" decoding=\"async\" src=\"http:\/\/sdg21.eu\/wp-content\/uploads\/2016\/08\/portugal.gif\" alt=\"de\" width=\"24\" height=\"17\" class=\"alignnone size-full wp-image-6934\" \/><\/a><a href=\"http:\/\/sdg21.eu\/nation\/pt\" >  Portugal<\/a>  <\/td><td class=\"column-2\"><p style=\"text-align: right;\">10.524.000<\/p><\/td><td class=\"column-3\"><p style=\"text-align: right;\">1<\/p><\/td>\n<\/tr>\n<tr class=\"row-15\">\n\t<td class=\"column-1\"><img loading=\"lazy\" decoding=\"async\" src=\"http:\/\/sdg21.eu\/wp-content\/uploads\/2016\/08\/schweiz02.gif\" alt=\"de\" width=\"24\" height=\"17\" class=\"alignnone size-full wp-image-6934\" \/><\/a><a href=\"http:\/\/sdg21.eu\/nation\/ch\" >  Switzerland<\/a><\/td><td class=\"column-2\"><p style=\"text-align: right;\">8.139.600<\/p><\/td><td class=\"column-3\"><p style=\"text-align: right;\">13<\/p><\/td>\n<\/tr>\n<tr class=\"row-16\">\n\t<td class=\"column-1\"><img loading=\"lazy\" decoding=\"async\" src=\"http:\/\/sdg21.eu\/wp-content\/uploads\/2016\/08\/schweden.gif\" alt=\"de\" width=\"24\" height=\"17\" class=\"alignnone size-full wp-image-6934\" \/><\/a><a href=\"http:\/\/sdg21.eu\/nation\/se\" >  Sweden<\/a>  <\/td><td class=\"column-2\"><p style=\"text-align: right;\">9.517.000<\/p><\/td><td class=\"column-3\"><p style=\"text-align: right;\">14<\/p><\/td>\n<\/tr>\n<tr class=\"row-17\">\n\t<td class=\"column-1\"><img loading=\"lazy\" decoding=\"async\" src=\"http:\/\/sdg21.eu\/wp-content\/uploads\/2016\/08\/ungarn.gif\" alt=\"de\" width=\"24\" height=\"17\" class=\"alignnone size-full wp-image-6934\" \/><\/a><a href=\"http:\/\/sdg21.eu\/nation\/hu\" >  Hungary<\/a>  <\/td><td class=\"column-2\"><p style=\"text-align: right;\">9.944.000<\/p><\/td><td class=\"column-3\"><p style=\"text-align: right;\">2<\/p><\/td>\n<\/tr>\n<\/tbody>\n<tfoot>\n<tr class=\"row-18\">\n\t<th class=\"column-1\">Sum*<br \/>\n<a href=\"http:\/\/sdg21.eu\/europa\" >  Europe<\/a><\/th><th class=\"column-2\"><p style=\"text-align: right;\">412.075.600<\/p><\/th><th class=\"column-3\"><p style=\"text-align: right;\">419<\/p><\/th>\n<\/tr>\n<\/tfoot>\n<\/table>\n<!-- #tablepress-4 from cache -->\nThe table has not been systematically updated for some time.<\/p>\n<aside id=\"combinedtaxonomiestagcloudwidget-18\" class=\"widget widget_tag_cloud amr_widget\">\n<h3 class=\"widget-title\">Projects in Europe (without DE)<\/h3>\n<div class=\"combinedtagcloud\"><a href=\"https:\/\/sdg21.eu\/nation\/ch\" style=\"font-size:1.4rem\" class=\"nation  larger\" title=\"11 projects\">Switzerland<\/a><a href=\"https:\/\/sdg21.eu\/nation\/nl\" style=\"font-size:1.32rem\" class=\"nation  larger\" title=\"10 projects\">Netherlands<\/a><a href=\"https:\/\/sdg21.eu\/nation\/at\" style=\"font-size:1.16rem\" class=\"nation  larger\" title=\"8 projects\">Austria<\/a><a href=\"https:\/\/sdg21.eu\/nation\/se\" style=\"font-size:0.76rem\" class=\"nation  smaller\" title=\"3 projects\">Sweden<\/a><a href=\"https:\/\/sdg21.eu\/nation\/dk\" style=\"font-size:0.76rem\" class=\"nation  smaller\" title=\"3 projects\">Denmark<\/a><a href=\"https:\/\/sdg21.eu\/nation\/no\" style=\"font-size:0.68rem\" class=\"nation  smaller\" title=\"2 projects\">Norway<\/a><a href=\"https:\/\/sdg21.eu\/nation\/fr\" style=\"font-size:0.68rem\" class=\"nation  smaller\" title=\"2 projects\">France<\/a><a href=\"https:\/\/sdg21.eu\/nation\/fi\" style=\"font-size:0.68rem\" class=\"nation  smaller\" title=\"2 projects\">Finland<\/a><a href=\"https:\/\/sdg21.eu\/nation\/hu\" style=\"font-size:0.6rem\" class=\"nation  smaller\" title=\"1 project\">Hungary<\/a><a href=\"https:\/\/sdg21.eu\/nation\/pt\" style=\"font-size:0.6rem\" class=\"nation  smaller\" title=\"1 project\">Portugal<\/a><a href=\"https:\/\/sdg21.eu\/nation\/pl\" style=\"font-size:0.6rem\" class=\"nation  smaller\" title=\"1 project\">Poland<\/a><a href=\"https:\/\/sdg21.eu\/nation\/it\" style=\"font-size:0.6rem\" class=\"nation  smaller\" title=\"1 project\">Italy<\/a><a href=\"https:\/\/sdg21.eu\/nation\/gb\" style=\"font-size:0.6rem\" class=\"nation  smaller\" title=\"1 project\">United Kingdom<\/a><a href=\"https:\/\/sdg21.eu\/nation\/gr\" style=\"font-size:0.6rem\" class=\"nation  smaller\" title=\"1 project\">Greece<\/a><a href=\"https:\/\/sdg21.eu\/nation\/be\" style=\"font-size:0.6rem\" class=\"nation  smaller\" title=\"1 project\">Belgium<\/a><\/div>\n<\/aside>\n\n<aside id=\"combinedtaxonomiestagcloudwidget-19\" class=\"widget widget_tag_cloud amr_widget\">\n<h3 class=\"widget-title\">Blog News Geographical<\/h3>\n<div class=\"combinedtagcloud\"><a href=\"https:\/\/sdg21.eu\/blog-kategorie\/bundesland\" style=\"font-size:1.4rem\" class=\"blog-kategorie  larger\" title=\"534 blog-beitr\u00e4ge\">DE-News<\/a><a href=\"https:\/\/sdg21.eu\/blog-kategorie\/europa-ohne-de\" style=\"font-size:0.77rem\" class=\"blog-kategorie  smaller\" title=\"112 blog-beitr\u00e4ge\">News Blog Europe (without DE)<\/a><a href=\"https:\/\/sdg21.eu\/blog-kategorie\/bundesland\/baden-wuerttemberg\" style=\"font-size:0.72rem\" class=\"blog-kategorie  smaller\" title=\"83 blog posts\">News Blog Baden-W\u00fcrttemberg<\/a><a href=\"https:\/\/sdg21.eu\/blog-kategorie\/bundesland\/nrw\" style=\"font-size:0.71rem\" class=\"blog-kategorie  smaller\" title=\"77 blog posts\">News Blog NRW<\/a><a href=\"https:\/\/sdg21.eu\/blog-kategorie\/bundesland\/bayern\" style=\"font-size:0.68rem\" class=\"blog-kategorie  smaller\" title=\"51 blog posts\">News Blog Bavaria<\/a><a href=\"https:\/\/sdg21.eu\/blog-kategorie\/bundesland\/berlin\" style=\"font-size:0.65rem\" class=\"blog-kategorie  smaller\" title=\"37 blog posts\">News Blog Berlin<\/a><a href=\"https:\/\/sdg21.eu\/blog-kategorie\/bundesland\/hamburg\" style=\"font-size:0.64rem\" class=\"blog-kategorie  smaller\" title=\"27 blog posts\">News Blog Hamburg<\/a><a href=\"https:\/\/sdg21.eu\/blog-kategorie\/bundesland\/rlp\" style=\"font-size:0.63rem\" class=\"blog-kategorie  smaller\" title=\"23 blog posts\">News Blog RLP<\/a><a href=\"https:\/\/sdg21.eu\/blog-kategorie\/bundesland\/hessen\" style=\"font-size:0.63rem\" class=\"blog-kategorie  smaller\" title=\"23 blog posts\">News Blog Hesse<\/a><a href=\"https:\/\/sdg21.eu\/blog-kategorie\/europa-ohne-de\/oesterreich\" style=\"font-size:0.63rem\" class=\"blog-kategorie  smaller\" title=\"22 blog posts\">News Blog Austria<\/a><a href=\"https:\/\/sdg21.eu\/blog-kategorie\/bundesland\/nrw\/bonn\" style=\"font-size:0.63rem\" class=\"blog-kategorie  smaller\" title=\"21 blog posts\">Bonn<\/a><a href=\"https:\/\/sdg21.eu\/blog-kategorie\/bundesland\/niedersachsen\" style=\"font-size:0.62rem\" class=\"blog-kategorie  smaller\" title=\"14 blog posts\">News Blog Lower Saxony<\/a><a href=\"https:\/\/sdg21.eu\/blog-kategorie\/bundesland\/nrw\/koeln\" style=\"font-size:0.62rem\" class=\"blog-kategorie  smaller\" title=\"14 blog posts\">Cologne<\/a><a href=\"https:\/\/sdg21.eu\/blog-kategorie\/bundesland\/schleswig-holstein\" style=\"font-size:0.62rem\" class=\"blog-kategorie  smaller\" title=\"13 blog posts\">News Blog Schleswig-Holstein<\/a><a href=\"https:\/\/sdg21.eu\/blog-kategorie\/europa-ohne-de\/frankreich\" style=\"font-size:0.62rem\" class=\"blog-kategorie  smaller\" title=\"12 blog posts\">News Blog France<\/a><a href=\"https:\/\/sdg21.eu\/blog-kategorie\/europa-ohne-de\/niederlande\" style=\"font-size:0.61rem\" class=\"blog-kategorie  smaller\" title=\"10 blog posts\">News Blog Netherlands<\/a><a href=\"https:\/\/sdg21.eu\/blog-kategorie\/bundesland\/bremen\" style=\"font-size:0.61rem\" class=\"blog-kategorie  smaller\" title=\"10 blog posts\">News Blog Bremen<\/a><a href=\"https:\/\/sdg21.eu\/blog-kategorie\/europa-ohne-de\/schweiz\" style=\"font-size:0.61rem\" class=\"blog-kategorie  smaller\" title=\"9 blog posts\">News Blog Switzerland<\/a><a href=\"https:\/\/sdg21.eu\/blog-kategorie\/europa-ohne-de\/oesterreich\/wien\" style=\"font-size:0.61rem\" class=\"blog-kategorie  smaller\" title=\"7 blog posts\">Vienna<\/a><a href=\"https:\/\/sdg21.eu\/blog-kategorie\/europa-ohne-de\/grossbritannien\" style=\"font-size:0.61rem\" class=\"blog-kategorie  smaller\" title=\"7 blog posts\">News Blog Great Britain<\/a><a href=\"https:\/\/sdg21.eu\/blog-kategorie\/bundesland\/sachsen-anhalt\" style=\"font-size:0.61rem\" class=\"blog-kategorie  smaller\" title=\"5 blog posts\">News Blog Saxony-Anhalt<\/a><a href=\"https:\/\/sdg21.eu\/blog-kategorie\/europa-ohne-de\/schweden\" style=\"font-size:0.6rem\" class=\"blog-kategorie  smaller\" title=\"4 blog posts\">News Blog Sweden<\/a><a href=\"https:\/\/sdg21.eu\/blog-kategorie\/europa-ohne-de\/norwegen\" style=\"font-size:0.6rem\" class=\"blog-kategorie  smaller\" title=\"4 blog posts\">News Blog Norway<\/a><a href=\"https:\/\/sdg21.eu\/blog-kategorie\/bundesland\/thueringen\" style=\"font-size:0.6rem\" class=\"blog-kategorie  smaller\" title=\"3 blog posts\">News Blog Thuringia<\/a><a href=\"https:\/\/sdg21.eu\/blog-kategorie\/bundesland\/sachsen\" style=\"font-size:0.6rem\" class=\"blog-kategorie  smaller\" title=\"3 blog posts\">News Blog Saxony<\/a><a href=\"https:\/\/sdg21.eu\/blog-kategorie\/bundesland\/saarland\" style=\"font-size:0.6rem\" class=\"blog-kategorie  smaller\" title=\"3 blog posts\">News Blog Saarland<\/a><a href=\"https:\/\/sdg21.eu\/blog-kategorie\/bundesland\/mecklenburg-vorpommern\" style=\"font-size:0.6rem\" class=\"blog-kategorie  smaller\" title=\"3 blog posts\">News Blog Mecklenburg-Western Pomerania<\/a><a href=\"https:\/\/sdg21.eu\/blog-kategorie\/europa-ohne-de\/daenemark\" style=\"font-size:0.6rem\" class=\"blog-kategorie  smaller\" title=\"3 blog posts\">News Blog Denmark<\/a><a href=\"https:\/\/sdg21.eu\/blog-kategorie\/bundesland\/brandenburg\" style=\"font-size:0.6rem\" class=\"blog-kategorie  smaller\" title=\"3 blog posts\">News Blog Brandenburg<\/a><a href=\"https:\/\/sdg21.eu\/blog-kategorie\/international\" style=\"font-size:0.6rem\" class=\"blog-kategorie  smaller\" title=\"2 blog posts\">International<\/a><a href=\"https:\/\/sdg21.eu\/blog-kategorie\/bundesland\/baden-wuerttemberg\/freiburg\" style=\"font-size:0.6rem\" class=\"blog-kategorie  smaller\" title=\"2 blog posts\">Freiburg<\/a><a href=\"https:\/\/sdg21.eu\/blog-kategorie\/europa-ohne-de\/oesterreich\/vorarlberg\" style=\"font-size:0.6rem\" class=\"blog-kategorie  smaller\" title=\"1 blog post\">Vorarlberg<\/a><a href=\"https:\/\/sdg21.eu\/blog-kategorie\/europa-ohne-de\/news-blog-spanien\" style=\"font-size:0.6rem\" class=\"blog-kategorie  smaller\" title=\"1 blog post\">News Blog Spain<\/a><a href=\"https:\/\/sdg21.eu\/blog-kategorie\/europa-ohne-de\/news-blog-griechenland\" style=\"font-size:0.6rem\" class=\"blog-kategorie  smaller\" title=\"1 blog post\">News Blog Greece<\/a><\/div>\n<\/aside>\n\n<h2><strong>More<\/strong>s<\/h2>\n<p><img loading=\"lazy\" decoding=\"async\" class=\"alignnone size-full wp-image-6934\" src=\"http:\/\/sdg21.eu\/wp-content\/uploads\/2016\/08\/europa.gif\" alt=\"de\" width=\"24\" height=\"17\" \/>Further links to EU research programmes, publication references, as well as links to institutions and networks.<\/p>\n<p align=\"left\"><a class=\"Text\" href=\"http:\/\/www.ecocity-project.eu\/\" target=\"_blank\" rel=\"noopener noreferrer\">www.ecocity-project.eu<\/a><\/p>\n<p align=\"left\"><span class=\"Text\">EUKN - European Urban Knowledge Network<\/span><br \/>\n<a class=\"Text\" href=\"https:\/\/www.eukn.eu\/\" target=\"_blank\" rel=\"noopener noreferrer\">eukn.org<\/a><\/p>\n<p class=\"Text\" align=\"left\">International Nuclear Power Fact File Poster Campaign from IPPNW and Eurosolar:<a href=\"http:\/\/www.facts-on-nuclear-energy.info\/\" target=\"_blank\" rel=\"noopener noreferrer\"> www.facts-on-nuclear-energy.info<\/a><\/p>\n<p align=\"left\"><strong><a href=\"https:\/\/eurotopia.de\/\" target=\"_blank\" rel=\"noopener noreferrer\">eurotopia.com.<\/a> - Book and internet directory of European ecovillages and communities. <\/strong>Projects with a communal orientation, partly with a spiritual background. Among others also ecological settlements.<\/p>\n<p>Kosha Anja Joubert and Leila Dregger (2015): Ecovillages worldwide: local solutions to global problems.<\/p>\n<p>&nbsp;<\/p>\n<p>Global Ecovillage Network Europe<br \/>\n<a class=\"Text\" href=\"https:\/\/gen-europe.org\/\" target=\"_blank\" rel=\"noopener noreferrer\">www.gen-europe.org<\/a><\/p>\n<p>Global Ecovillage Network Worldwide<br \/>\n<a href=\"https:\/\/gen-europe.org\/\" target=\"_blank\" rel=\"noopener noreferrer\">https:\/\/gen-europe.org<\/a><\/p>\n<p align=\"left\">30 European Intentional Communities<br \/>\n<a href=\"https:\/\/www.ic.org\/\" target=\"_blank\" rel=\"noopener noreferrer\">ic.org<\/a><\/p>\n<p>&nbsp;<\/p>","protected":false},"excerpt":{"rendered":"<p>Diese Webseite ist auch \u00fcber www.sustainable-settlements.net abrufbar. Eine filterbare Liste der Siedlungen und Quartiere in Europa l\u00e4sst sich hier anzeigen: http:\/\/sdg21.eu\/europa-ohne-de &nbsp; * In der Webdatenbank sind in Europa nicht vollst\u00e4ndig alle Siedlungs- und Quartiersprojekte mit Nachhaltigkeitszielsetzungen erfasst bzw. dokumentiert. W\u00e4hrend das deutsche Projektverzeichnis relativ vollst\u00e4ndig sein sollte, wurden die europ\u00e4ischen L\u00e4nder seit 2003 nicht [&hellip;]<\/p>\n","protected":false},"author":1,"featured_media":0,"parent":0,"menu_order":0,"comment_status":"closed","ping_status":"closed","template":"","meta":{"footnotes":""},"categories":[],"class_list":{"0":"post-6391","1":"page","2":"type-page","3":"status-publish","5":"gallery-content-unit","6":"czr-hentry"},"aioseo_notices":[],"_links":{"self":[{"href":"https:\/\/sdg21.eu\/en\/wp-json\/wp\/v2\/pages\/6391","targetHints":{"allow":["GET"]}}],"collection":[{"href":"https:\/\/sdg21.eu\/en\/wp-json\/wp\/v2\/pages"}],"about":[{"href":"https:\/\/sdg21.eu\/en\/wp-json\/wp\/v2\/types\/page"}],"author":[{"embeddable":true,"href":"https:\/\/sdg21.eu\/en\/wp-json\/wp\/v2\/users\/1"}],"replies":[{"embeddable":true,"href":"https:\/\/sdg21.eu\/en\/wp-json\/wp\/v2\/comments?post=6391"}],"version-history":[{"count":0,"href":"https:\/\/sdg21.eu\/en\/wp-json\/wp\/v2\/pages\/6391\/revisions"}],"wp:attachment":[{"href":"https:\/\/sdg21.eu\/en\/wp-json\/wp\/v2\/media?parent=6391"}],"wp:term":[{"taxonomy":"category","embeddable":true,"href":"https:\/\/sdg21.eu\/en\/wp-json\/wp\/v2\/categories?post=6391"}],"curies":[{"name":"wp","href":"https:\/\/api.w.org\/{rel}","templated":true}]}}