{"id":77,"date":"2016-07-29T16:15:01","date_gmt":"2016-07-29T16:15:01","guid":{"rendered":"https:\/\/www.siedlungen.eu\/?page_id=77"},"modified":"2024-02-18T08:36:04","modified_gmt":"2024-02-18T07:36:04","slug":"impressum","status":"publish","type":"page","link":"https:\/\/sdg21.eu\/en\/impressum","title":{"rendered":"Contact \/ Imprint"},"content":{"rendered":"<p><strong>Contact<\/strong><br \/>\ngreenUP Architecture &amp; Building Consultancy<br \/>\nc\/o Dipl.-Ing. Holger Wolpensinger<\/p>\n<p>Adolfstrasse 39<br \/>\n53111 Bonn<\/p>\n<p>Tel.: +49 (0)228- 5344 9198<br \/>\nE-mail:\u00a0<a href=\"mailto:wolpensinger@sdg21.eu\">wolpensinger@sdg21.eu<\/a><br \/>\n<a href=\"https:\/\/greenup.one\/ueber-uns\/#Team\" target=\"_blank\" rel=\"noopener noreferrer\">https:\/\/greenup.one\/ueber-uns\/#Team<\/a><\/p>\n<p>&nbsp;<\/p>\n<div class=\"su-spacer\" style=\"height:20px\"><\/div>\n<p>Impressum f\u00fcr die Homepage sdg21.eu von Holger Wolpensinger<\/p>\n<div align=\"left\">\n<p>According to \u00a7 28 BDSG I contradict every commercial use and passing on of my data.<\/p>\n<p><strong>See also the <a href=\"http:\/\/sdg21.eu\/haftungsausschluss\">Disclaimer<\/a><\/strong><\/p>\n<p><em>Holger Wolpensinger, Dipl.-Ing.<br \/>\nLetzte Aktualisierung: 18. February 2024\n<\/em><\/p>\n<\/div>\n<p><strong>Area of responsibility<\/strong>The imprint applies to the Internet presence at the address: <a href=\"http:\/\/sdg21.eu\">www.sdg21.eu<\/a> as well as all other domains and subdomains listed here: <a href=\"http:\/\/sdg21.eu\/domains-und-subdomains\" target=\"_blank\" rel=\"noopener\">http:\/\/sdg21.eu\/domains-und-subdomains<\/a><\/p>\n<p><strong>Demarcation:<\/strong> The web presence is part of the WWW and accordingly linked to external websites that can change at any time, which are therefore not subject to this area of responsibility and to which the following information does not apply. That the links do not violate morals or laws was checked exactly once: before they were included here. Such links, which lead to external web projects, can be recognized by the following: A new browser window opens.<\/p>\n<p><strong>Responsible contact person<\/strong>: Holger Wolpensinger<br \/>\n<strong>Address<\/strong>Adolfstra\u00dfe 39, 53111 Bonn<\/p>\n<p><strong>Electronic mail address: <\/strong><a href=\"mailto:wolpensinger@sdg21.eu\">wolpensinger@sdg21.eu<\/a><\/p>\n<p><strong>Journalistic and editorial responsibility<\/strong>Holger Wolpensinger, Adolfstra\u00dfe 39, 53111 Bonn, Germany<\/p>\n<p><strong>Copyright and use<\/strong><br \/>\nThe author specifically grants you the right of use to make a private copy for personal purposes. However, you are not entitled to change and\/or pass on the materials or even to publish them yourself. If not explicitly stated otherwise, the copyrights for <strong>Texts<\/strong> with: Holger Wolpensinger<\/p>\n<p>The <strong>Illustrations<\/strong> are subject to the copyrights of: Holger Wolpensinger<\/p>\n<p><strong>Data protection<\/strong> Personal data is only collected with your knowledge and consent. Upon request, you will receive free information about the personal data stored about you. Please contact us for this purpose: <a href=\"mailto:wolpensinger@sdg21.eu\">wolpensinger@sdg21.eu<\/a><\/p>\n<p><strong>no liability<\/strong>The contents of this web project have been carefully checked and created to the best of our knowledge. But for the information presented here is no claim to completeness, timeliness, quality and accuracy. No responsibility can be accepted for damage caused by reliance on the contents of this website or its use.<\/p>\n<p><strong>Infringement of property rights<\/strong>If you suspect that any of your intellectual property rights have been infringed by this website, please notify us immediately by electronic mail to <a href=\"mailto:wolpensinger@sdg21.eu\">wolpensinger@sdg21.eu<\/a> so that a remedy can be found quickly. Please note: The more time-consuming involvement of a lawyer for the service provider's costly warning does not correspond to its real or presumed will.<\/p>","protected":false},"excerpt":{"rendered":"<p>Kontakt greenUP Architektur &amp; Bauberatung c\/o Dipl.-Ing. Holger Wolpensinger Adolfstra\u00dfe 39 53111 Bonn Tel.: +49 (0)228- 5344 9198 E-mail:\u00a0wolpensinger@sdg21.eu https:\/\/greenup.one\/ueber-uns\/#Team &nbsp; Impressum f\u00fcr die Homepage sdg21.eu von Holger Wolpensinger Gem\u00e4\u00df \u00a7 28 BDSG widerspreche ich jeder kommerziellen Verwendung und Weitergabe meiner Daten. Siehe hierzu auch den Haftungsausschluss Holger Wolpensinger, Dipl.-Ing. Letzte Aktualisierung: Verantwortungsbereich: Das Impressum [&hellip;]<\/p>\n","protected":false},"author":1,"featured_media":0,"parent":0,"menu_order":0,"comment_status":"closed","ping_status":"closed","template":"","meta":{"footnotes":""},"categories":[],"class_list":{"0":"post-77","1":"page","2":"type-page","3":"status-publish","5":"gallery-content-unit","6":"czr-hentry"},"aioseo_notices":[],"_links":{"self":[{"href":"https:\/\/sdg21.eu\/en\/wp-json\/wp\/v2\/pages\/77","targetHints":{"allow":["GET"]}}],"collection":[{"href":"https:\/\/sdg21.eu\/en\/wp-json\/wp\/v2\/pages"}],"about":[{"href":"https:\/\/sdg21.eu\/en\/wp-json\/wp\/v2\/types\/page"}],"author":[{"embeddable":true,"href":"https:\/\/sdg21.eu\/en\/wp-json\/wp\/v2\/users\/1"}],"replies":[{"embeddable":true,"href":"https:\/\/sdg21.eu\/en\/wp-json\/wp\/v2\/comments?post=77"}],"version-history":[{"count":4,"href":"https:\/\/sdg21.eu\/en\/wp-json\/wp\/v2\/pages\/77\/revisions"}],"predecessor-version":[{"id":29343,"href":"https:\/\/sdg21.eu\/en\/wp-json\/wp\/v2\/pages\/77\/revisions\/29343"}],"wp:attachment":[{"href":"https:\/\/sdg21.eu\/en\/wp-json\/wp\/v2\/media?parent=77"}],"wp:term":[{"taxonomy":"category","embeddable":true,"href":"https:\/\/sdg21.eu\/en\/wp-json\/wp\/v2\/categories?post=77"}],"curies":[{"name":"wp","href":"https:\/\/api.w.org\/{rel}","templated":true}]}}