{"id":7843,"date":"2016-08-26T17:20:13","date_gmt":"2016-08-26T16:20:13","guid":{"rendered":"https:\/\/www.siedlungen.eu\/?page_id=7843"},"modified":"2020-05-23T10:11:48","modified_gmt":"2020-05-23T09:11:48","slug":"dekade","status":"publish","type":"page","link":"https:\/\/sdg21.eu\/en\/dekade","title":{"rendered":"Chronological assignment"},"content":{"rendered":"<table id=\"tablepress-6\" class=\"tablepress tablepress-id-6\">\n<thead>\n<tr class=\"row-1\">\n\t<th class=\"column-1\">Decade<\/th><th class=\"column-2\"><p style=\"text-align: right;\">Number of projects<br class=\"clear\" \/>(Stand: 23. April 2026)<\/th><th class=\"column-3\"><p style=\"text-align: right;\">Residential units<br class=\"clear\" \/> (total)<\/th>\n<\/tr>\n<\/thead>\n<tbody class=\"row-striping row-hover\">\n<tr class=\"row-2\">\n\t<td class=\"column-1\"><a href=\"http:\/\/sdg21.eu\/dekade\/in-entstehung\" target=\"_blank\" rel=\"noopener noreferrer\">In the making<\/a><\/td><td class=\"column-2\"><p style=\"text-align: right;\">39<\/td><td class=\"column-3\"><p style=\"text-align: right;\"><\/td>\n<\/tr>\n<tr class=\"row-3\">\n\t<td class=\"column-1\"><a href=\"http:\/\/sdg21.eu\/dekade\/2020-2029\" target=\"_blank\" rel=\"noopener noreferrer\">2020-2029<\/a><\/td><td class=\"column-2\"><p style=\"text-align: right;\">22<\/td><td class=\"column-3\"><p style=\"text-align: right;\"><\/td>\n<\/tr>\n<tr class=\"row-4\">\n\t<td class=\"column-1\"><a href=\"http:\/\/sdg21.eu\/dekade\/2010-2019\" target=\"_blank\" rel=\"noopener noreferrer\">2010-2019<\/a><\/td><td class=\"column-2\"><p style=\"text-align: right;\">75<\/td><td class=\"column-3\"><p style=\"text-align: right;\"><\/td>\n<\/tr>\n<tr class=\"row-5\">\n\t<td class=\"column-1\"><a href=\"http:\/\/sdg21.eu\/dekade\/2000-2009\" target=\"_blank\" rel=\"noopener noreferrer\">2000-2009<\/a><\/td><td class=\"column-2\"><p style=\"text-align: right;\">87<\/td><td class=\"column-3\"><p style=\"text-align: right;\"><\/td>\n<\/tr>\n<tr class=\"row-6\">\n\t<td class=\"column-1\"><a href=\"http:\/\/sdg21.eu\/dekade\/1990-1999\" target=\"_blank\" rel=\"noopener noreferrer\">1990-1999<\/a><\/td><td class=\"column-2\"><p style=\"text-align: right;\">113<\/td><td class=\"column-3\"><p style=\"text-align: right;\"><\/td>\n<\/tr>\n<tr class=\"row-7\">\n\t<td class=\"column-1\"><a href=\"http:\/\/sdg21.eu\/dekade\/1980-1989\" target=\"_blank\" rel=\"noopener noreferrer\">1980-1989<\/a><\/td><td class=\"column-2\"><p style=\"text-align: right;\">29<\/td><td class=\"column-3\"><p style=\"text-align: right;\"><\/td>\n<\/tr>\n<tr class=\"row-8\">\n\t<td class=\"column-1\"><a href=\"http:\/\/sdg21.eu\/dekade\/realisierung-vor-1980\" target=\"_blank\" rel=\"noopener noreferrer\">Realization before 1980<\/a><\/td><td class=\"column-2\"><p style=\"text-align: right;\">9<\/td><td class=\"column-3\"><p style=\"text-align: right;\"><\/td>\n<\/tr>\n<tr class=\"row-9\">\n\t<td class=\"column-1\"><a href=\"http:\/\/sdg21.eu\/dekade\/nicht-realisiert\" target=\"_blank\" rel=\"noopener noreferrer\">Not realized<\/a><\/td><td class=\"column-2\"><p style=\"text-align: right;\">9<\/td><td class=\"column-3\"><p style=\"text-align: right;\"><\/td>\n<\/tr>\n<\/tbody>\n<tfoot>\n<tr class=\"row-10\">\n\t<th class=\"column-1\">Total<br class=\"clear\" \/>(without \"Not realized\"); Note 1)<\/th><th class=\"column-2\"><p style=\"text-align: right;\">325<\/th><th class=\"column-3\"><p style=\"text-align: right;\"><\/th>\n<\/tr>\n<\/tfoot>\n<\/table>\n<!-- #tablepress-6 from cache -->\nNote 1) While the settlements and neighbourhoods with ecological objectives from 1980 to 2010 and above 20 dwellings in size are fairly complete, there may be some gaps in the period of the last 10 years. One issue here is that due to the normality of the measures, many of the projects no longer explicitly refer to themselves as 'eco-settlements' or 'eco-neighbourhoods'. They are also no longer published in the media because there are few innovations compared to earlier projects. In this respect, it can be assumed that the realised housing units of sustainable settlements and quarters will be about 10 to 20 % higher from 2010.<br \/>\n<div class=\"su-spacer\" style=\"height:20px\"><\/div>\n<div class=\"su-spacer\" style=\"height:20px\"><\/div>\n<!- View not found ->","protected":false},"excerpt":{"rendered":"<p>Anmerkung 1) W\u00e4hrend die Siedlungen und Quartiere mit \u00f6kologischen Zielsetzungen ab 1980 bis 2010 und ab einer Gr\u00f6\u00dfe von \u00fcber 20 Wohnungen ziemlich vollst\u00e4ndig sind, k\u00f6nnte es im Zeitraum der letzten 10 Jahre einige L\u00fccken geben. Eine Problematik dabei ist, dass sich aufgrund der Normalit\u00e4t der Ma\u00dfnahmen viele der Projekte nicht mehr explizit als \u201e\u00d6kologische [&hellip;]<\/p>\n","protected":false},"author":1,"featured_media":0,"parent":0,"menu_order":0,"comment_status":"closed","ping_status":"closed","template":"","meta":{"footnotes":""},"categories":[],"class_list":{"0":"post-7843","1":"page","2":"type-page","3":"status-publish","5":"gallery-content-unit","6":"czr-hentry"},"aioseo_notices":[],"_links":{"self":[{"href":"https:\/\/sdg21.eu\/en\/wp-json\/wp\/v2\/pages\/7843","targetHints":{"allow":["GET"]}}],"collection":[{"href":"https:\/\/sdg21.eu\/en\/wp-json\/wp\/v2\/pages"}],"about":[{"href":"https:\/\/sdg21.eu\/en\/wp-json\/wp\/v2\/types\/page"}],"author":[{"embeddable":true,"href":"https:\/\/sdg21.eu\/en\/wp-json\/wp\/v2\/users\/1"}],"replies":[{"embeddable":true,"href":"https:\/\/sdg21.eu\/en\/wp-json\/wp\/v2\/comments?post=7843"}],"version-history":[{"count":0,"href":"https:\/\/sdg21.eu\/en\/wp-json\/wp\/v2\/pages\/7843\/revisions"}],"wp:attachment":[{"href":"https:\/\/sdg21.eu\/en\/wp-json\/wp\/v2\/media?parent=7843"}],"wp:term":[{"taxonomy":"category","embeddable":true,"href":"https:\/\/sdg21.eu\/en\/wp-json\/wp\/v2\/categories?post=7843"}],"curies":[{"name":"wp","href":"https:\/\/api.w.org\/{rel}","templated":true}]}}