{"id":9191,"date":"2016-09-03T17:57:42","date_gmt":"2016-09-03T17:57:42","guid":{"rendered":"https:\/\/www.siedlungen.eu\/?page_id=9191"},"modified":"2020-12-08T18:56:10","modified_gmt":"2020-12-08T17:56:10","slug":"mitwirken-helfen","status":"publish","type":"page","link":"https:\/\/sdg21.eu\/en\/mitwirken-helfen","title":{"rendered":"Help - Participate"},"content":{"rendered":"<div class=\"entry-content\">\n<p>This website is maintained non-commercially since the year 2000 by <a href=\"https:\/\/baufachberatung.net\/wolpensinger\/\" target=\"_blank\" rel=\"noopener noreferrer\">Holger Wolpensinger<\/a> and offered without advertising. If you like the website, you support the operation and its further development<em>.<\/em> You can do this in a number of ways:<\/p>\n<ul>\n<li>Report on the sdg21.web database or individual sustainable settlements and urban districts in your blog, trade journal or newspaper and link to www.sdg21.eu. You can request rights of use for photos.<\/li>\n<\/ul>\n<ul>\n<li>a link from your website to www.sdg21.eu, a subdomain or a so-called \"deep link\" help to find the website via search engines. I will gladly link back accordingly. <a href=\"http:\/\/sdg21.eu\/linktausch-textvorlagen\">Here are text suggestions<\/a> in different lengths, which you can use as a template.<\/li>\n<\/ul>\n<ul>\n<li>Tell me the web address to (current) <strong>Photos or a photo gallery<\/strong> to one of the projects listed in the portal or provide photos for publication. Of course, you will be named as a photographer and linked to your website if you wish.<\/li>\n<\/ul>\n<ul>\n<li>Particularly interesting are references to new <strong>Sustainable settlements and neighbourhoods<\/strong>that are currently being created. They are then displayed on the page \"<a href=\"http:\/\/sdg21.eu\/projekte-in-entstehung\">Projects in development<\/a>\"or in the list views in the portal. This helps to raise awareness of the projects, which in turn helps to find new contributors. Condition: at least 10 apartments in at least 3 houses with minimum standards for sustainable construction.<\/li>\n<\/ul>\n<ul>\n<li>But you are also welcome to share with me <strong>Realised sustainable settlements<\/strong> <strong>or quarters<\/strong> in Europe, which are still missing in the previous collection (E-mail: <a href=\"mailto:wolpensinger@sdg21.eu\">wolpensinger@sdg21.eu<\/a>). I am grateful for the report of incorrect project data, which can arise despite conscientious research.<\/li>\n<\/ul>\n<ul>\n<li>If you have your <strong>book or slide collection<\/strong> on the topics of \"Housing and <strong>Housing development, architecture and urban planning\". <\/strong>you're welcome to write to me. It gives you space and completes my collection. Some technical books are no longer available in stores, so I am happy about book donations. Also old slide collections can be interesting for archive purposes. Please understand that I only accept books and pictures that are missing in my already extensive collection.<\/li>\n<\/ul>\n<div class=\"su-spacer\" style=\"height:40px\"><\/div>\n<div class=\"su-box su-box-style-soft\" id=\"\" style=\"border-color:#6a8335;border-radius:5px;max-width:none\"><div class=\"su-box-title\" style=\"background-color:#9db668;color:#040505;border-top-left-radius:3px;border-top-right-radius:3px\">Donate money to sdg21<\/div><div class=\"su-box-content su-u-clearfix su-u-trim\" style=\"border-bottom-left-radius:3px;border-bottom-right-radius:3px\">\nIf you would like to support the web project financially, you will find on this<strong> <a href=\"http:\/\/sdg21.eu\/spenden\">Website<\/a> <\/strong>further details<br \/>\n<\/div><\/div>\n<\/div>","protected":false},"excerpt":{"rendered":"<p>Diese Webseite wird seit dem Jahr 2000 nichtkommerziell von Holger Wolpensinger betrieben und ohne Werbung angeboten. Wenn Ihnen die Webseite gef\u00e4llt, unterst\u00fctzen Sie den Betrieb und deren Weiterentwicklung. Dies k\u00f6nnen Sie auf verschiedene Weise tun: berichten Sie \u00fcber die sdg21.Webdatenbank oder einzelne Nachhaltige Siedlungen und Stadtquartiere in ihrem Blog, Ihrer Fachzeitschrift oder Ihrer Zeitung und [&hellip;]<\/p>\n","protected":false},"author":1,"featured_media":0,"parent":0,"menu_order":0,"comment_status":"closed","ping_status":"closed","template":"","meta":{"footnotes":""},"categories":[],"class_list":{"0":"post-9191","1":"page","2":"type-page","3":"status-publish","5":"gallery-content-unit","6":"czr-hentry"},"aioseo_notices":[],"_links":{"self":[{"href":"https:\/\/sdg21.eu\/en\/wp-json\/wp\/v2\/pages\/9191","targetHints":{"allow":["GET"]}}],"collection":[{"href":"https:\/\/sdg21.eu\/en\/wp-json\/wp\/v2\/pages"}],"about":[{"href":"https:\/\/sdg21.eu\/en\/wp-json\/wp\/v2\/types\/page"}],"author":[{"embeddable":true,"href":"https:\/\/sdg21.eu\/en\/wp-json\/wp\/v2\/users\/1"}],"replies":[{"embeddable":true,"href":"https:\/\/sdg21.eu\/en\/wp-json\/wp\/v2\/comments?post=9191"}],"version-history":[{"count":0,"href":"https:\/\/sdg21.eu\/en\/wp-json\/wp\/v2\/pages\/9191\/revisions"}],"wp:attachment":[{"href":"https:\/\/sdg21.eu\/en\/wp-json\/wp\/v2\/media?parent=9191"}],"wp:term":[{"taxonomy":"category","embeddable":true,"href":"https:\/\/sdg21.eu\/en\/wp-json\/wp\/v2\/categories?post=9191"}],"curies":[{"name":"wp","href":"https:\/\/api.w.org\/{rel}","templated":true}]}}