{"id":9942,"date":"2016-09-28T14:43:55","date_gmt":"2016-09-28T14:43:55","guid":{"rendered":"https:\/\/www.siedlungen.eu\/?page_id=9942"},"modified":"2025-06-17T12:36:51","modified_gmt":"2025-06-17T10:36:51","slug":"planungs-und-praxisleitfaeden","status":"publish","type":"page","link":"https:\/\/sdg21.eu\/en\/planungs-und-praxisleitfaeden","title":{"rendered":"Guides and manuals"},"content":{"rendered":"<div class=\"entry-content\">\n<p><a href=\"http:\/\/sdg21.eu\/planungs-und-praxisleitfaeden#sdg2030\">SDG 2030<\/a> &#8211; <a href=\"http:\/\/sdg21.eu\/planungs-und-praxisleitfaeden#transformation\">Transformation<\/a> &#8211; <a href=\"http:\/\/sdg21.eu\/planungs-und-praxisleitfaeden#stadtplanung\">Urban planning<\/a> &#8211; <a href=\"http:\/\/sdg21.eu\/planungs-und-praxisleitfaeden#ee\">Climate protection \/ Renewables<\/a> &#8211; <a href=\"http:\/\/sdg21.eu\/planungs-und-praxisleitfaeden#mobilitaet\">Mobility<\/a> &#8211; <a href=\"http:\/\/sdg21.eu\/planungs-und-praxisleitfaeden#nachhaltig-bauen-holzbau\">Sustainable building \/ timber construction<\/a> &#8211; <a href=\"http:\/\/sdg21.eu\/planungs-und-praxisleitfaeden#bestand\">Renovation of existing buildings<\/a> &#8211; <a href=\"http:\/\/sdg21.eu\/planungs-und-praxisleitfaeden#wasser-und-klimaanpassung\">Water and climate adaptation<\/a> &#8211; <a href=\"http:\/\/sdg21.eu\/planungs-und-praxisleitfaeden#stadtnatur-und-stadtoekologie\">Urban nature and ecology<\/a> &#8211; <a href=\"http:\/\/sdg21.eu\/planungs-und-praxisleitfaeden#soziales\">Social, community building and housing<\/a> &#8211; <a href=\"http:\/\/sdg21.eu\/planungs-und-praxisleitfaeden#baukultur\">Building culture<\/a><br \/>\n<div class=\"su-spacer\" style=\"height:20px\"><\/div>\n<p><strong><a id=\"sdg2030\"><\/a>Sustainable Development Goals (SDG 2030)<\/strong><\/p>\n<ul>\n<li>ICLEI Europe (2019) 15 pathways to localise the Sustainable Development Goals. Guidance for towns and cities. Freiburg<\/li>\n<\/ul>\n<p><strong><a id=\"transformation\"><\/a>Great Transformation \/ Transition Town<br \/>\n<\/strong><\/p>\n<ul>\n<li>Franziska Ehnert, Markus Egermann, Anna Betsch (2021): <a href=\"https:\/\/www.vhw.de\/fileadmin\/user_upload\/08_publikationen\/vhw-schriftenreihe-tagungsband\/PDFs\/vhw_Schriftenreihe_Nr._23_Transition_Town_Initiativen.pdf\" target=\"_blank\" rel=\"noopener\">New partnerships in sustainable urban development? Potentials of<\/a><br \/>\n<a href=\"https:\/\/www.vhw.de\/fileadmin\/user_upload\/08_publikationen\/vhw-schriftenreihe-tagungsband\/PDFs\/vhw_Schriftenreihe_Nr._23_Transition_Town_Initiativen.pdf\" target=\"_blank\" rel=\"noopener\">Transition Town initiatives.<\/a> Final report. vhw publication series. Federal Association for Housing and Urban Development e. V., Berlin<\/li>\n<li>Susanne Sch\u00f6n, Christian Eismann, Helke Wendt-Schwarzburg, David Kuhn (2020): Effectively Implementing Sustainability Projects - Transdisciplinary Innovation Management. The authors show how elements of corporate innovation management can be used for planning and managing sustainability projects. In addition, they show instruments and ways that help to successfully implement the developed solution(s).<br \/>\nGo to <a href=\"https:\/\/www.wbv.de\/shop\/Transdisziplinaeres-Innovationsmanagement-6004698\" target=\"_blank\" rel=\"noopener noreferrer\">free pdf download<\/a><\/li>\n<\/ul>\n<p><strong><a id=\"stadtplanung\"><\/a>Urban planning<br \/>\n<\/strong><\/p>\n<ul>\n<li>BUND (2012): Guide to ecological urban land use planning<strong><br \/>\n<\/strong><a href=\"https:\/\/www.bund-berlin.de\/service\/wegweiser\/\" target=\"_blank\" rel=\"noopener noreferrer\">www.bund-berlin.de\/service\/wegweiser<\/a><\/li>\n<\/ul>\n<p><strong>Nachhaltiges Gewerbegebiet<\/strong><\/p>\n<ul style=\"list-style-type: disc;\">\n<li>Hessisches Ministerium f\u00fcr Wirtschaft, Energie, Verkehr, Wohnen und l\u00e4ndlichen Raum, Referat Raumordnung und Regionalplanung (2024):\u00a0 <a href=\"https:\/\/wirtschaft.hessen.de\/sites\/wirtschaft.hessen.de\/files\/2025-01\/241125_veroeff_nge_gebiete_web.pdf\" target=\"_blank\" rel=\"noopener\">Nachhaltige Gewerbegebiete. Thematischer \u00dcberblick und Praxisleitfaden f\u00fcr Kommunen<\/a>. Wiesbaden<\/li>\n<li>Energieagentur Rheinland-Pfalz (2022): Wege zur Planung eines nachhaltigen Gewerbegebietes: <a href=\"https:\/\/www.energieagentur.rlp.de\/fileadmin\/user_upload\/Unternehmen\/Fahrplan_nachhaltige_Gewerbegebiete.pdf\" target=\"_blank\" rel=\"noopener\">Planungs- und Entscheidungshilfe f\u00fcr die Entwicklung von nachhaltigen und klimaresilienten Gewerbegebieten<\/a>. Kaiserslautern<\/li>\n<li>WILA Bonn (2017): <a href=\"https:\/\/www.gewerbegebiete-im-wandel.de\/images\/PDF\/Wila_Gewerbegebiete_Broschuere_Web.pdf\" target=\"_blank\" rel=\"noopener\">Nachhaltige Gewerbegebiete. Empfehlungen f\u00fcr Kommunen.<\/a> Bonn<\/li>\n<\/ul>\n<p><strong><a id=\"ee\"><\/a>Climate protection and renewable energies<br \/>\n<\/strong><\/p>\n<ul>\n<li>German Institute of Urban Affairs (2023): <a href=\"https:\/\/leitfaden.kommunaler-klimaschutz.de\/\" target=\"_blank\" rel=\"noopener noreferrer\">Practical guide <\/a><a href=\"https:\/\/leitfaden.kommunaler-klimaschutz.de\/\" target=\"_blank\" rel=\"noopener noreferrer\">Climate protection in municipalities. <\/a>4th edition. Berlin<\/li>\n<li>Initiative for Building-Integrated PV Systems Baden-W\u00fcrttemberg (2022): <a href=\"https:\/\/bipv-bw.de\/\" target=\"_blank\" rel=\"noopener\">Guide to building-integrated photovoltaics<\/a> (BIPV). Stuttgart<\/li>\n<li><span dir=\"ltr\">Ministry for the Environment, Climate and Energy Management Baden-W\u00fcrttemberg (ed.)(2022): Kommunale W\u00e4rmeplanung. Guidelines for action. Stuttgart <a href=\"https:\/\/um.baden-wuerttemberg.de\/de\/presse-service\/publikation\/did\/handlungsleitfaden-kommunale-waermeplanung\/\" target=\"_blank\" rel=\"noopener\">https:\/\/um.baden-wuerttemberg.de\/&#8230;handlungsleitfaden-kommunale-waermeplanung\/<\/a><\/span><\/li>\n<li>Climate Protection Agency Bremen (2019):<a href=\"https:\/\/energiekonsens.de\/media\/pages\/media\/408511ea87-1584436314\/leitfaden-klimaschutzsiedlungen-bremen-und-bremerhaven-web.pdf\" target=\"_blank\" rel=\"noopener noreferrer\"> Guidelines for the creation of climate protection settlements in Bremen and Bremerhaven<\/a>. Bremen<\/li>\n<li>Guide for joint photovoltaic projects of Naturstrom AG (2019)<br \/>\n<a href=\"https:\/\/www.naturstrom.de\/Kraftwerksbetreiber\/Buergerenergie\/kraftwerksbetreiber_buergerenergie_leitfaden_solar_dach.pdf\" target=\"_blank\" rel=\"noopener noreferrer\">www.naturstrom.de\/...buergerenergie_leitfaden_solar_dach.pdf<\/a><\/li>\n<li>Hessische Landgesellschaft mbH (2018): Leitfaden Baulandentwicklung - Wege zum Plus-Energie-Standard. An orientation guide for municipalities. Kassel<strong><br \/>\n<\/strong><a href=\"https:\/\/www.hlg.org\/fileadmin\/user_upload\/_test\/180926_0000_HLG_Broschuere_Plus_Energie_Siedlungen_web.pdf\" target=\"_blank\" rel=\"noopener noreferrer\">www.hlg.org\/...Broschuere_Plus_Energie_Siedlungen....pdf<\/a><\/li>\n<li>German Solar Industry Association (2017): <a href=\"http:\/\/www.sonneteilen.de\" target=\"_blank\" rel=\"noopener noreferrer\">Guide \"Business Models with PV Tenant Electricity<\/a>.<\/li>\n<li>Heinrich B\u00f6ll Foundation \/ ifeu Heidelberg (2015): <a href=\"https:\/\/www.ifeu.de\/projekt\/leitfaden-waermewende-in-kommunen\/\" target=\"_blank\" rel=\"noopener noreferrer\">Guide \"Heat Turnaround in Municipalities<\/a>. Berlin<\/li>\n<li>Federal Ministry of Transport, Building and Urban Affairs (2011): Handlungsleitfaden zur Energetischen Stadterneuerung. Berlin<\/li>\n<li>Dagmar Everding (2007): Solar urban design. Stuttgart<\/li>\n<\/ul>\n<p><strong><a id=\"mobilitaet\"><\/a>Sustainable mobility<\/strong><\/p>\n<ul>\n<li>VCD (2019): Handlungsleitfaden \"<a href=\"https:\/\/intelligentmobil.de\/fileadmin\/user_upload\/Redaktion\/Publikationsdatenbank\/Handlungsleitfaden_Wohnen_leitet_Mobilitaet_2019.pdf\" target=\"_blank\" rel=\"noopener\">Intelligent mobility in the residential quarter<\/a>\". Berlin<\/li>\n<li>BSW - Bundesverband Solarwirtschaft e.V. (2019): Photovoltaik und Elektromobilit\u00e4t sinnvoll kombinieren. A guide for commercial enterprises in Germany. Berlin.<br \/>\nAvailable in 8 languages: <a href=\"https:\/\/www.pvp4grid.eu\/guidelines-policy-papers\/\" target=\"_blank\" rel=\"noopener noreferrer\">www.pvp4grid.eu\/guidelines-policy-papers<\/a><\/li>\n<li>Baden-W\u00fcrttemberg Stiftung \/ BUND (2017): <a href=\"https:\/\/www.bund-bawue.de\/service\/publikationen\/detail\/publication\/bund-broschuere-mobiles-baden-wuerttemberg\/\" target=\"_blank\" rel=\"noopener noreferrer\">Mobile Baden-W\u00fcrttemberg. Study\/Guide.<\/a> Stuttgart<\/li>\n<li>Federal Ministry of Transport and Digital Infrastructure - BMVI (2014): <em>Guidelines for action on electromobility in municipalities. Building blocks for the development of municipal strategies for planners and decision-makers. <\/em>Berlin. <a href=\"https:\/\/edocs.tib.eu\/files\/e01fn16\/87166965X.pdf\" target=\"_blank\" rel=\"noopener noreferrer\">Download<\/a> (pdf 12 MB)<\/li>\n<\/ul>\n<p><strong><a id=\"nachhaltig-bauen-holzbau\"><\/a>Sustainable and ecological building \/ timber construction<br \/>\n<\/strong><\/p>\n<ul>\n<li>Federal Ministry of Transport, Building and Urban Affairs (2015): Leitfaden Nachhaltiges Bauen. Berlin<\/li>\n<li>Federal Ministry of Transport, Building and Urban Affairs (2013): Praxisratgeber Milit\u00e4rkonversionen. Berlin<\/li>\n<li>Agency for Renewable Resources (2013): Holzhauskonzepte. G\u00fclzow<\/li>\n<li>indeland (2012): Guide \"The <a href=\"https:\/\/www.neue-hoefe-duerwiss.de\/images\/Broschuere_Faktor-X_Siedlung-Eschweiler-Duerwiss-2012.pdf\" target=\"_blank\" rel=\"noopener noreferrer\">Factor X settlement Eschweiler-D\u00fcrwiss<\/a>\u201c<\/li>\n<li>Landkreis Barnim (2009): Leitfaden \"Nachhaltigkeit f\u00fcr Neubau und Bauneuerung\". Sub-concept in the context of the implementation of the zero-emissions strategy of the Barnim district. Eberswalde<\/li>\n<li>European Natural Heritage Foundation (2006): <a href=\"https:\/\/www.nabu.de\/imperia\/md\/content\/nabude\/nachbarnatur\/living2010\/2.pdf\" target=\"_blank\" rel=\"noopener noreferrer\">Guidelines for sustainable settlement development<\/a>. Rheinbach\/Bonn, published by 15 environmental associations<\/li>\n<li>Bernhard Kolb (2005): Nachhaltiges Bauen f\u00fcr die Praxis. Munich<\/li>\n<li>Umweltbundesamt (1997): Leitfaden zum \u00f6kologisch orientierten Bauen. Berlin<\/li>\n<\/ul>\n<p>An <a href=\"https:\/\/www.nachhaltigesbauen.de\/publikationen\/\" target=\"_blank\" rel=\"noopener noreferrer\">Overview of the guidelines, working aids and publications on sustainable building of the Federal Ministry of Transport, Building and Urban Affairs<\/a><\/p>\n<p>The website of the <strong>Information service wood<\/strong> offers specialist brochures, working aids, documentation and much more on the subject of timber construction, usually free of charge:<br \/>\n<a href=\"https:\/\/informationsdienst-holz.de\/\" target=\"_blank\" rel=\"noopener noreferrer\">https:\/\/informationsdienst-holz.de<\/a><\/p>\n<p><strong><a id=\"bestand\"><\/a>Renovation of existing buildings<\/strong><\/p>\n<ul>\n<li>\n<div>Klimab\u00fcndnis Gelsenkirchen-Herten e.V.. (2017): Leitfaden zur energetischen Sanierung von Zechenh\u00e4usern.<\/div>\n<\/li>\n<li>Fachagentur Nachwachsende Rohstoffe (2014): Altbausanierung mit nachwachsenden Rohstoffen. G\u00fclzow<\/li>\n<li>Fachagentur Nachwachsende Rohstoffe (2014): Markt\u00fcbersicht D\u00e4mmstoffe aus nachwachsenden Rohstoffen. G\u00fclzow<\/li>\n<li>Landesinstitut f\u00fcr Bauwesen des Landes NRW (2001): Leitfaden zur \u00f6kologischen Altbausanierung. Aachen<\/li>\n<\/ul>\n<p><strong><a id=\"wasser-und-klimaanpassung\"><\/a>Water and climate adaptation<br \/>\n<\/strong><\/p>\n<ul>\n<li>Green City of the Future - Climate-Resilient Neighbourhoods in a Growing City (TUM \/ ZSK 2021)<br \/>\n<a href=\"https:\/\/www.ioew.de\/projekt\/gruene_stadt_der_zukunft_klimaresiliente_quartiere_in_einer_wachsenden_stadt\" target=\"_blank\" rel=\"noopener\">www.ioew.de\/projekt\/gruene_stadt_der_zukunft_klimaresiliente_quartiere_in_einer_wachsenden_stadt<\/a><\/li>\n<li>Climate Adaptation in Bavaria - Handbook for Implementation (StMUV, LfU 2021)<br \/>\n<a href=\"https:\/\/www.umweltpakt.bayern.de\/energie_klima\/publikationen\/1691\/klimaanpassung-in-bayern-handbuch-zur-umsetzung\" target=\"_blank\" rel=\"noopener\">www.umweltpakt.bayern.de\/energie_klima\/publikationen\/1691\/klimaanpassung-in-bayern-handbuch-zur-umsetzung<\/a><\/li>\n<li>Guidelines for climate-oriented municipalities in Bavaria (TUM \/ ZSK 2020)<br \/>\n<a href=\"https:\/\/www.zsk.tum.de\/fileadmin\/w00bqp\/www\/PDFs\/Berichte\/180207_Leitfaden_ONLINE.pdf\" target=\"_blank\" rel=\"noopener\">www.zsk.tum.de\/fileadmin\/w00bqp\/www\/PDFs\/Berichte\/180207_Leitfaden_ONLINE.pdf<\/a><\/li>\n<li>Instruments for local climate adaptation - A working aid for municipalities in Bavaria<br \/>\n<a href=\"https:\/\/www.stadtklimanatur.bayern.de\/werkzeuge\/arbeitshilfen\/index.html\" target=\"_blank\" rel=\"noopener\">www.stadtklimanatur.bayern.de\/werkzeuge\/arbeitshilfen\/index.html<\/a><\/li>\n<li>Biodiversity Toolkit (StMB)<br \/>\n<a href=\"https:\/\/www.bestellen.bayern.de\/shoplink\/03500267.htm\" target=\"_blank\" rel=\"noopener\">www.bestellen.bayern.de\/shoplink\/03500267.htm<\/a><\/li>\n<li>BUND (2020): <a href=\"http:\/\/sdg21.eu\/blog\/bund-klimakrise-beschleunigt-menschengemachte-wasserkrise\">BUND water paper: Impacts of climate change on the water balanceA background dossier on the impacts of climate change on the status of and threats to water bodies in Germany and the consequences for land uses<\/a>. Berlin<\/li>\n<li>Adaptation to climate change in cities and regions (BBSR 2016)<br \/>\n<a href=\"https:\/\/www.bbsr.bund.de\/BBSR\/DE\/veroeffentlichungen\/sonderveroeffentlichungen\/2016\/anpassung-klimawandel.html\" target=\"_blank\" rel=\"noopener\">www.bbsr.bund.de\/BBSR\/DE\/veroeffentlichungen\/sonderveroeffentlichungen\/2016\/anpassung-klimawandel.html<\/a><\/li>\n<li>City of Cologne and StEB K\u00f6ln (2016): Leitfaden f\u00fcr eine wassersensible Stadt- und Freiraumplanung in K\u00f6ln. Guide to heavy rainfall prevention for homeowners,<br \/>\nBuilding enthusiasts and architects. 44 pages<br \/>\n<a href=\"https:\/\/www.steb-koeln.de\/Redaktionell\/ABLAGE\/Downloads\/Brosch%C3%BCren-Ver%C3%B6ffentlichungen\/Geb%C3%A4udeschutz\/FirstSpirit_1489560439762LeitfadenPlanung_ES_140217_web.pdf\" target=\"_blank\" rel=\"noopener noreferrer\">download pdf<\/a><\/li>\n<\/ul>\n<p><strong><a id=\"stadtnatur-und-stadtoekologie\"><\/a>Urban nature and ecology<\/strong><\/p>\n<ul>\n<li>Federal Agency for Nature Conservation (2019): <a href=\"https:\/\/www.bfn.de\/fileadmin\/BfN\/service\/Dokumente\/skripten\/Skript538.pdf\" target=\"_blank\" rel=\"noopener\">Green roofs and facades - new habitats in residential areas.<\/a> Facts, arguments and recommendations. Bonn<\/li>\n<li>International Transition Network (2018): Shaping the future together - A guide for Transition initiatives. Totnes<br \/>\n<a href=\"https:\/\/transitionnetwork.org\/resources\/der-grundlagen-leitfaden-zum-umsetzen\/\" target=\"_blank\" rel=\"noopener noreferrer\">download pdf<\/a><\/li>\n<li>Forschungsgesellschaft Landschaftsentwicklung Landschaftsbau FLL e.V. (Ed.), 2018: Guide \"<a href=\"https:\/\/shop.fll.de\/de\/leitfaden-nachhaltige-freianlagen-2018-broschuere.html\" target=\"_blank\" rel=\"noopener noreferrer\">Sustainable open spaces 2018<\/a>\u201e. Bonn<\/li>\n<li>Bund f\u00fcr Umwelt und Naturschutz Deutschland e.V. (2017): <a href=\"https:\/\/www.bund.net\/service\/publikationen\/detail\/publication\/perspektive-2030-suffizienz-in-der-praxis\/\" target=\"_blank\" rel=\"noopener noreferrer\">Perspective 2030: Sufficiency in practice. How local and federal policy can shape sustainable development in the areas of mobility, material consumption, energy, agriculture and food.<\/a> An impulse paper. Berlin<\/li>\n<li>Bund f\u00fcr Umwelt und Naturschutz Deutschland e.V. Kreisgruppe M\u00f6nchengladbach (2017): Stadt\u00f6kologisches Konzept: Gr\u00fcne Zukunft f\u00fcr ein lebenswertes M\u00f6nchengladbach 2030. M\u00f6nchengladbach<br \/>\n<a href=\"https:\/\/bund-mg.de\/wp-content\/uploads\/2018\/12\/Stadt%c3%b6kologisches-Konzept.pdf\" target=\"_blank\" rel=\"noopener noreferrer\">download pdf<\/a><\/li>\n<\/ul>\n<p>Numerous guides on urban nature are available from the Federal Agency for Nature Conservation:<br \/>\n<a href=\"https:\/\/www.bfn.de\/themen\/planung\/siedlungsbereich\/veroeffentlichungen.html\" target=\"_blank\" rel=\"noopener\">www.bfn.de\/themen\/planung\/siedlungsbereich\/veroeffentlichungen.html<\/a><\/p>\n<p><strong><a id=\"soziales\"><\/a>Social, community building and housing<\/strong><\/p>\n<ul>\n<li>Stattbau Berlin, Stadt Berlin, Wohnbund e.V.. (2019): Gemeinschaftliches Wohnen im Cluster. A practical guide to planning, building and living. Berlin<\/li>\n<\/ul>\n<p><strong><a id=\"baukultur\"><\/a>Building culture<\/strong><\/p>\n<ul>\n<li>Bundesstiftung Baukultur (2018): <a href=\"https:\/\/www.bundesstiftung-baukultur.de\/publikationen\/besser-bauen-handbuch\" target=\"_blank\" rel=\"noopener noreferrer\">Better building in the middle. Handbook for inner development.<\/a> Potsdam<\/li>\n<li>Federal Ministry of Transport, Building and Urban Affairs (2012): Kommunale Kompetenz Baukultur. Toolbox of quality assurance. Berlin<\/li>\n<\/ul>\n<\/div>","protected":false},"excerpt":{"rendered":"<p>SDG 2030 &#8211; Transformation &#8211; Stadtplanung &#8211; Klimaschutz \/ Erneuerbare &#8211; Mobilit\u00e4t &#8211; Nachhaltig Bauen \/ Holzbau &#8211; Bestandssanierung &#8211; Wasser und Klimaanpassung &#8211; Stadtnatur und Stadt\u00f6kologie &#8211; Soziales, gemeinschaftliches Bauen und Wohnen &#8211; Baukultur Sustainable Development Goals (SDG 2030) ICLEI Europe (2019) 15 pathways to localise the Sustainable Development Goals. Guidance for towns and [&hellip;]<\/p>\n","protected":false},"author":1,"featured_media":0,"parent":0,"menu_order":0,"comment_status":"closed","ping_status":"closed","template":"","meta":{"footnotes":""},"categories":[],"class_list":{"0":"post-9942","1":"page","2":"type-page","3":"status-publish","5":"gallery-content-unit","6":"czr-hentry"},"aioseo_notices":[],"_links":{"self":[{"href":"https:\/\/sdg21.eu\/en\/wp-json\/wp\/v2\/pages\/9942","targetHints":{"allow":["GET"]}}],"collection":[{"href":"https:\/\/sdg21.eu\/en\/wp-json\/wp\/v2\/pages"}],"about":[{"href":"https:\/\/sdg21.eu\/en\/wp-json\/wp\/v2\/types\/page"}],"author":[{"embeddable":true,"href":"https:\/\/sdg21.eu\/en\/wp-json\/wp\/v2\/users\/1"}],"replies":[{"embeddable":true,"href":"https:\/\/sdg21.eu\/en\/wp-json\/wp\/v2\/comments?post=9942"}],"version-history":[{"count":3,"href":"https:\/\/sdg21.eu\/en\/wp-json\/wp\/v2\/pages\/9942\/revisions"}],"predecessor-version":[{"id":29548,"href":"https:\/\/sdg21.eu\/en\/wp-json\/wp\/v2\/pages\/9942\/revisions\/29548"}],"wp:attachment":[{"href":"https:\/\/sdg21.eu\/en\/wp-json\/wp\/v2\/media?parent=9942"}],"wp:term":[{"taxonomy":"category","embeddable":true,"href":"https:\/\/sdg21.eu\/en\/wp-json\/wp\/v2\/categories?post=9942"}],"curies":[{"name":"wp","href":"https:\/\/api.w.org\/{rel}","templated":true}]}}